{"id":981,"date":"2015-10-08T06:49:09","date_gmt":"2015-10-08T05:49:09","guid":{"rendered":"http:\/\/electro-strasbourg.eu\/blog\/?page_id=981"},"modified":"2016-03-17T22:13:36","modified_gmt":"2016-03-17T21:13:36","slug":"musique-mixte-1-ressources","status":"publish","type":"page","link":"http:\/\/electro-strasbourg.eu\/blog\/ressources\/musique-mixte-1-ressources\/","title":{"rendered":"Musique Mixte 1 \u2013 ressources"},"content":{"rendered":"<h1><\/h1>\n<hr \/>\n<h2>A \u00e9couter<\/h2>\n<h4>Musique Mixte temps r\u00e9el<\/h4>\n<p style=\"padding-left: 30px;\"><a href=\"http:\/\/wp.me\/P3WkX1-fl\" target=\"_blank\">Musique Mixte &#8211; quelques pi\u00e8ces<\/a><\/p>\n<p style=\"padding-left: 30px;\"><a href=\"http:\/\/wp.me\/P3WkX1-eO\" target=\"_blank\">Cinquante ans d\u2019\u00e9lectro dans la musique 1950 \u2013 2000<\/a><\/p>\n<p>&nbsp;<\/p>\n<hr \/>\n<h2>A lire<\/h2>\n<h4>Bases de l&rsquo;acoustique<\/h4>\n<p style=\"padding-left: 30px;\">\ufffc\ufffc<br \/>\nDidier Pietquin (<a href=\"http:\/\/www.techniquesduson.com\" target=\"_blank\">http:\/\/www.techniquesduson.com<\/a>)<\/p>\n<p style=\"padding-left: 60px;\"><a href=\"http:\/\/www.techniquesduson.com\/acoustique1.pdf\" target=\"_blank\">Notions fondamentales d\u2019acoustique<\/a><\/p>\n<p style=\"padding-left: 60px;\"><a href=\"http:\/\/www.techniquesduson.com\/acoustique2.pdf\" target=\"_blank\">Timbre et fr\u00e9quence : fondamentale et harmoniques<\/a><\/p>\n<h4>Bases des Microphones et la cha\u00eene \u00e9lectroacoustique<\/h4>\n<p style=\"padding-left: 30px;\">Les 24 Heures du Son (<a href=\"http:\/\/www.24hduson.com\" target=\"_blank\">http:\/\/www.24hduson.com<\/a>) \u2013\u00a0 (Bien simplifi\u00e9, le minimum)<\/p>\n<p style=\"padding-left: 60px;\"><a href=\"http:\/\/electro-strasbourg.eu\/blog\/wp-content\/uploads\/2015\/10\/techchaineea.pdf\" target=\"_blank\">La cha\u00eene \u00e9lectroacoustique<\/a><\/p>\n<p style=\"padding-left: 60px;\"><a href=\"http:\/\/electro-strasbourg.eu\/blog\/wp-content\/uploads\/2015\/10\/techmicro.pdf\" target=\"_blank\">Le Microphone<\/a><\/p>\n<p style=\"padding-left: 60px;\"><a href=\"http:\/\/electro-strasbourg.eu\/blog\/wp-content\/uploads\/2015\/10\/techampli.pdf\" target=\"_blank\">L\u2019amplificateur<\/a><\/p>\n<h4>Bases de l&rsquo;audionum\u00e9rique<\/h4>\n<p style=\"padding-left: 30px;\">Universit\u00e9 de Montr\u00e9al,\u00a0Caroline A. Traube et Olivier B\u00e9langer (un peu technique mais complet)<\/p>\n<p style=\"padding-left: 60px;\"><a href=\"http:\/\/electro-strasbourg.eu\/blog\/wp-content\/uploads\/2015\/10\/MUS1321_Intro_theorique.pdf\" target=\"_blank\">Introduction \u00e0 l&rsquo;audionum\u00e9rique<\/a><\/p>\n<h4><\/h4>\n<h4>Un tr\u00e8s bon site sur \u00ab\u00a0l&rsquo;acoustique et prise de sons\u00a0\u00bb<\/h4>\n<p style=\"padding-left: 30px;\">Site de \u00a0<a href=\"http:\/\/voyard.free.fr\/Plan.htm\" target=\"_blank\">Pierre Voyard<\/a>\u00a0(<a href=\"http:\/\/electro-strasbourg.eu\/blog\/ressources\/acoustique-et-prise-de-sons-ressources\/\" target=\"_blank\">voir page de liens sur ce site<\/a>)<\/p>\n","protected":false},"excerpt":{"rendered":"<p>A \u00e9couter Musique Mixte temps r\u00e9el Musique Mixte &#8211; quelques pi\u00e8ces Cinquante ans d\u2019\u00e9lectro dans la musique 1950 \u2013 2000 &nbsp; A lire Bases de l&rsquo;acoustique \ufffc\ufffc Didier Pietquin (http:\/\/www.techniquesduson.com) Notions fondamentales d\u2019acoustique Timbre et fr\u00e9quence : fondamentale et harmoniques Bases des Microphones et la cha\u00eene \u00e9lectroacoustique Les 24 Heures du Son (http:\/\/www.24hduson.com) \u2013\u00a0 (Bien &hellip; <a href=\"http:\/\/electro-strasbourg.eu\/blog\/ressources\/musique-mixte-1-ressources\/\" class=\"more-link\">Continuer la lecture de <span class=\"screen-reader-text\">Musique Mixte 1 \u2013 ressources<\/span>  <span class=\"meta-nav\">&rarr;<\/span><\/a><\/p>\n","protected":false},"author":1,"featured_media":0,"parent":920,"menu_order":0,"comment_status":"closed","ping_status":"closed","template":"","meta":{"jetpack_post_was_ever_published":false,"footnotes":""},"class_list":["post-981","page","type-page","status-publish","hentry"],"jetpack_shortlink":"https:\/\/wp.me\/P3WkX1-fP","jetpack_sharing_enabled":true,"_links":{"self":[{"href":"http:\/\/electro-strasbourg.eu\/blog\/wp-json\/wp\/v2\/pages\/981","targetHints":{"allow":["GET"]}}],"collection":[{"href":"http:\/\/electro-strasbourg.eu\/blog\/wp-json\/wp\/v2\/pages"}],"about":[{"href":"http:\/\/electro-strasbourg.eu\/blog\/wp-json\/wp\/v2\/types\/page"}],"author":[{"embeddable":true,"href":"http:\/\/electro-strasbourg.eu\/blog\/wp-json\/wp\/v2\/users\/1"}],"replies":[{"embeddable":true,"href":"http:\/\/electro-strasbourg.eu\/blog\/wp-json\/wp\/v2\/comments?post=981"}],"version-history":[{"count":9,"href":"http:\/\/electro-strasbourg.eu\/blog\/wp-json\/wp\/v2\/pages\/981\/revisions"}],"predecessor-version":[{"id":1271,"href":"http:\/\/electro-strasbourg.eu\/blog\/wp-json\/wp\/v2\/pages\/981\/revisions\/1271"}],"up":[{"embeddable":true,"href":"http:\/\/electro-strasbourg.eu\/blog\/wp-json\/wp\/v2\/pages\/920"}],"wp:attachment":[{"href":"http:\/\/electro-strasbourg.eu\/blog\/wp-json\/wp\/v2\/media?parent=981"}],"curies":[{"name":"wp","href":"https:\/\/api.w.org\/{rel}","templated":true}]}}