{"id":951,"date":"2015-09-29T18:57:07","date_gmt":"2015-09-29T17:57:07","guid":{"rendered":"http:\/\/electro-strasbourg.eu\/blog\/?page_id=951"},"modified":"2015-10-04T06:33:56","modified_gmt":"2015-10-04T05:33:56","slug":"musique-mixte-quelques-pieces","status":"publish","type":"page","link":"http:\/\/electro-strasbourg.eu\/blog\/ressources\/audio-video\/musique-mixte-quelques-pieces\/","title":{"rendered":"Musique mixte &#8211; quelques pi\u00e8ces"},"content":{"rendered":"<blockquote><p>Quelques oeuvres et compositeurs\u00a0de musique mixte :<\/p>\n<p>&nbsp;<\/p>\n<p><strong style=\"color: #2b2b2b; font-size: 16px; line-height: 1.5;\">Karlheinz Stockhausen<\/strong><\/p><\/blockquote>\n<ul>\n<li><b><i>Kontakte,<\/i><\/b>\u00a0pour son \u00e9lectronique, piano et percussion (1959 &#8211; 1960)<\/li>\n<\/ul>\n<p style=\"padding-left: 30px;\"><a href=\"http:\/\/www.youtube.com\/watch?v=ZZyFXbb8izM&amp;feature=share&amp;list=PLhpQrGZaTdHqzxrYnXKKcgJAxlCfA8NVZ&amp;index=9\" target=\"_blank\">http:\/\/www.youtube.com\/watch?v=ZZyFXbb8izM&amp;feature=share&amp;list=PLhpQrGZaTdHqzxrYnXKKcgJAxlCfA8NVZ&amp;index=9<\/a><\/p>\n<ul>\n<li><b><i>Mantra<\/i><\/b>, pour deux pianos et modulateurs en anneau (1969-1970), environ 1h10<\/li>\n<\/ul>\n<p style=\"padding-left: 30px;\"><a href=\"http:\/\/www.youtube.com\/watch?v=831CmEITXdI\" target=\"_blank\">http:\/\/www.youtube.com\/watch?v=831CmEITXdI<\/a><\/p>\n<p>&nbsp;<\/p>\n<p><strong>Pierre Boulez<\/strong><\/p>\n<ul>\n<li><b><i>R\u00e9pons<\/i><\/b>, pour six solistes, ensemble de chambre, sons \u00e9lectroniques et \u00e9lectronique en direct (1981-1984, 1982, 1984), 45 minutes<\/li>\n<\/ul>\n<p style=\"padding-left: 30px;\"><a href=\"http:\/\/www.youtube.com\/watch?v=pF-F6-VFCWM\" target=\"_blank\">http:\/\/www.youtube.com\/watch?v=pF-F6-VFCWM<\/a><\/p>\n<ul>\n<li><b><i>Dialogue de l\u2019ombre double<\/i><\/b>, pour clarinette et dispositif \u00e9lectroacoustique<\/li>\n<\/ul>\n<p style=\"padding-left: 30px;\"><a href=\"pt1: http:\/\/www.youtube.com\/watch?v=6OlQcXzuqf0\" target=\"_blank\">pt1: http:\/\/www.youtube.com\/watch?v=6OlQcXzuqf0<\/a><br \/>\n<a href=\"pt2: http:\/\/www.youtube.com\/watch?v=KyCv00WhsPU\" target=\"_blank\">pt2: http:\/\/www.youtube.com\/watch?v=KyCv00WhsPU<\/a><\/p>\n<ul>\n<li class=\"yt watch-title-container\"><span id=\"eow-title\" class=\"watch-title \" dir=\"ltr\" title=\"Pierre Boulez - Anth\u00e8mes II (1997) pour violon et dispositif \u00e9lectronique\"><em><strong>Anth\u00e8mes II,<\/strong><\/em> pour violon et dispositif \u00e9lectronique (1997)<\/span><\/li>\n<\/ul>\n<p style=\"padding-left: 30px;\">lien:\u00a0<a href=\"https:\/\/youtu.be\/znTVodLx1fE\" target=\"_blank\">https:\/\/youtu.be\/znTVodLx1fE<\/a><\/p>\n<p>&nbsp;<\/p>\n<p><strong>Philippe Manoury<\/strong><\/p>\n<ul>\n<li><b><i>Jupiter<\/i><\/b>, pour fl\u00fbte et dispositif \u00e9lectronique temps r\u00e9el (1987, r\u00e9v. 1992)<\/li>\n<\/ul>\n<ul>\n<li><b><i>Neptune<\/i><\/b>,\u00a0pour deux vibraphones Midi, tam-tam, marimba et syst\u00e8me \u00e9lectronique en temps r\u00e9el (1991)<\/li>\n<\/ul>\n<ul>\n<li><b><i>Pluton<\/i><\/b>, pour piano et \u00e9lectronique temps r\u00e9el (1992)<\/li>\n<\/ul>\n<p style=\"padding-left: 30px;\">extrait:\u00a0<a href=\"http:\/\/www.youtube.com\/watch?v=NWxX7tP3Z3A\" target=\"_blank\">http:\/\/www.youtube.com\/watch?v=NWxX7tP3Z3A<\/a><\/p>\n<ul>\n<li><b><i>En Echo<\/i><\/b>, pour soprano et \u00e9lectronique (1993-1994), 35 minutes<\/li>\n<\/ul>\n<p style=\"padding-left: 30px;\">extrait : Mea Lux,\u00a0<a href=\"http:\/\/www.youtube.com\/watch?v=XA4PbPKZuwk\" target=\"_blank\">http:\/\/www.youtube.com\/watch?v=XA4PbPKZuwk<\/a><\/p>\n<p>&nbsp;<\/p>\n<p><strong>Jean-Claude Risset<\/strong><\/p>\n<ul>\n<li><b><i>Huit esquisses en duo pour un pianiste<\/i><\/b>, pour piano interactif de type Disklavier de Yamaha (1989), 15 minutes<\/li>\n<\/ul>\n<p style=\"padding-left: 30px;\"><a href=\"pt 1: http:\/\/www.youtube.com\/watch?v=do7iE9vTgLw\" target=\"_blank\">pt 1: http:\/\/www.youtube.com\/watch?v=do7iE9vTgLw<\/a><br \/>\n<a href=\"pt 2 : http:\/\/www.youtube.com\/watch?v=xmhDaaHRKJI\" target=\"_blank\">pt 2 : http:\/\/www.youtube.com\/watch?v=xmhDaaHRKJI<\/a><\/p>\n<p>&nbsp;<\/p>\n<p><strong>Kajia Saariaho<\/strong><\/p>\n<ul>\n<li><b><i>NoaNoa<\/i><\/b>, pour fl\u00fbte et \u00e9lectronique (1992), 10 minutes<\/li>\n<\/ul>\n<p style=\"padding-left: 30px;\">extrait :\u00a0<a href=\"http:\/\/www.youtube.com\/watch?v=wWlXPrCM8bQ\" target=\"_blank\">http:\/\/www.youtube.com\/watch?v=wWlXPrCM8bQ<\/a><\/p>\n<p>&nbsp;<\/p>\n<p><strong>Yan Maresz<\/strong><\/p>\n<ul>\n<li><b><i>Metallics<\/i><\/b>, pour trompette et dispositif \u00e9lectronique (1995), 11 minutes<\/li>\n<\/ul>\n<p style=\"padding-left: 30px;\"><a href=\"http:\/\/www.youtube.com\/watch?v=2lHhpBLk_eU\" target=\"_blank\">http:\/\/www.youtube.com\/watch?v=2lHhpBLk_eU<\/a><\/p>\n<p>&nbsp;<\/p>\n<p><strong>Emmanuel Nunes<\/strong><\/p>\n<ul>\n<li><b><i>Lichtung II<\/i><\/b>, pour ensemble et \u00e9lectronique temps r\u00e9el (1994-1996\/2000), 11\u201930\u201d<\/li>\n<\/ul>\n<p style=\"padding-left: 30px;\"><a href=\"http:\/\/www.youtube.com\/watch?v=x9p1gja6Uqg\" target=\"_blank\">http:\/\/www.youtube.com\/watch?v=x9p1gja6Uqg<\/a><\/p>\n","protected":false},"excerpt":{"rendered":"<p>Quelques oeuvres et compositeurs\u00a0de musique mixte : &nbsp; Karlheinz Stockhausen Kontakte,\u00a0pour son \u00e9lectronique, piano et percussion (1959 &#8211; 1960) http:\/\/www.youtube.com\/watch?v=ZZyFXbb8izM&amp;feature=share&amp;list=PLhpQrGZaTdHqzxrYnXKKcgJAxlCfA8NVZ&amp;index=9 Mantra, pour deux pianos et modulateurs en anneau (1969-1970), environ 1h10 http:\/\/www.youtube.com\/watch?v=831CmEITXdI &nbsp; Pierre Boulez R\u00e9pons, pour six solistes, ensemble de chambre, sons \u00e9lectroniques et \u00e9lectronique en direct (1981-1984, 1982, 1984), 45 minutes http:\/\/www.youtube.com\/watch?v=pF-F6-VFCWM Dialogue &hellip; <a href=\"http:\/\/electro-strasbourg.eu\/blog\/ressources\/audio-video\/musique-mixte-quelques-pieces\/\" class=\"more-link\">Continuer la lecture de <span class=\"screen-reader-text\">Musique mixte &#8211; quelques pi\u00e8ces<\/span>  <span class=\"meta-nav\">&rarr;<\/span><\/a><\/p>\n","protected":false},"author":1,"featured_media":0,"parent":922,"menu_order":0,"comment_status":"closed","ping_status":"closed","template":"","meta":{"jetpack_post_was_ever_published":false,"footnotes":""},"class_list":["post-951","page","type-page","status-publish","hentry"],"jetpack_shortlink":"https:\/\/wp.me\/P3WkX1-fl","jetpack_sharing_enabled":true,"_links":{"self":[{"href":"http:\/\/electro-strasbourg.eu\/blog\/wp-json\/wp\/v2\/pages\/951","targetHints":{"allow":["GET"]}}],"collection":[{"href":"http:\/\/electro-strasbourg.eu\/blog\/wp-json\/wp\/v2\/pages"}],"about":[{"href":"http:\/\/electro-strasbourg.eu\/blog\/wp-json\/wp\/v2\/types\/page"}],"author":[{"embeddable":true,"href":"http:\/\/electro-strasbourg.eu\/blog\/wp-json\/wp\/v2\/users\/1"}],"replies":[{"embeddable":true,"href":"http:\/\/electro-strasbourg.eu\/blog\/wp-json\/wp\/v2\/comments?post=951"}],"version-history":[{"count":6,"href":"http:\/\/electro-strasbourg.eu\/blog\/wp-json\/wp\/v2\/pages\/951\/revisions"}],"predecessor-version":[{"id":960,"href":"http:\/\/electro-strasbourg.eu\/blog\/wp-json\/wp\/v2\/pages\/951\/revisions\/960"}],"up":[{"embeddable":true,"href":"http:\/\/electro-strasbourg.eu\/blog\/wp-json\/wp\/v2\/pages\/922"}],"wp:attachment":[{"href":"http:\/\/electro-strasbourg.eu\/blog\/wp-json\/wp\/v2\/media?parent=951"}],"curies":[{"name":"wp","href":"https:\/\/api.w.org\/{rel}","templated":true}]}}