{"id":937,"date":"2015-09-20T19:21:47","date_gmt":"2015-09-20T18:21:47","guid":{"rendered":"http:\/\/electro-strasbourg.eu\/blog\/?page_id=937"},"modified":"2016-02-22T13:24:25","modified_gmt":"2016-02-22T12:24:25","slug":"cours-2015-2016","status":"publish","type":"page","link":"http:\/\/electro-strasbourg.eu\/blog\/cours-par-annee\/cours-2015-2016\/","title":{"rendered":"Cours 2015-2016"},"content":{"rendered":"<h3 style=\"text-align: left;\">Cours de Cr\u00e9ation et Interpr\u00e9tation Electroacoustique\u00a0(2015-2016)<\/h3>\n<p>&nbsp;<\/p>\n<h4><span lang=\"FR\">Cours de composition et dominante Electro<\/span><\/h4>\n<hr \/>\n<h5>Cr\u00e9ation \u2013 suivi de projets<\/h5>\n<p style=\"padding-left: 30px;\"><span style=\"line-height: 1.5;\">Cours de la dominante (chaque ann\u00e9e DNSPM et Master)<\/span><br \/>\nNiveaux : DNSPM-Master<br \/>\n1h\/semaine (cours collectif ou individuel selon besoins)<br \/>\nSalle 156<br \/>\nProf :\u00a0<strong>Tom Mays<\/strong><\/p>\n<h6 style=\"text-align: justify; padding-left: 30px;\"><span lang=\"FR\">Descriptif\u00a0:<\/span><\/h6>\n<p class=\"texte\" style=\"text-align: justify; padding-left: 30px;\"><span lang=\"FR\">Suivi de projets de cr\u00e9ation l\u2019\u00e9lectroacoustique ou incluant l\u2019\u00e9lectronique. Destin\u00e9 aux \u00e9l\u00e8ves en dominante Cr\u00e9ation et Interpr\u00e9tation Electroacoustique, ainsi qu\u2019aux compositeurs instrumentaux et instrumentistes selon leur niveau qui souhaitent r\u00e9aliser un projet d\u2019envergure avec \u00e9lectronique. Il faut suivre en parall\u00e8le Electroacoustique et Informatique Musicale (initiation ou Licence\/Master). Concert public de fin d\u2019ann\u00e9e de la classe \u00e9lectroacoustique avec les \u0153uvres s\u00e9lectionn\u00e9s.<\/span><\/p>\n<h6 style=\"text-align: justify; padding-left: 30px;\"><span lang=\"FR\">Evaluation :<\/span><\/h6>\n<p class=\"texte\" style=\"text-align: justify; padding-left: 30px;\"><span lang=\"FR\">Qualit\u00e9, musicalit\u00e9 et originalit\u00e9 du travail de r\u00e9alisation des projets et exercices, participation aux auditions et concerts de la classe, assiduit\u00e9.<\/span><\/p>\n<h5><\/h5>\n<h5>Electroacoustique et Informatique Musicale \u2013\u00a0compo 1, 2, 3<\/h5>\n<p style=\"padding-left: 30px;\">Cours pour Etudiants de la classe de composition (1 ann\u00e9e minimum)<br \/>\nNiveaux : CRR, Licence-Master<br \/>\n4h\/semaine (2h cours, 2h TD)<br \/>\nSalle 156<br \/>\nProf :\u00a0<strong>Tom Mays, S\u00e9bastien Clara<\/strong><\/p>\n<h6 style=\"text-align: justify; padding-left: 30px;\">Descriptif\u00a0:<\/h6>\n<p style=\"text-align: justify; padding-left: 30px;\">Initiation aux outils de l\u2019\u00e9lectroacoustique et de l\u2019informatique Musicale. Destin\u00e9 principalement aux \u00e9tudiants de la classe de composition instrumental ayant peu ou pas d\u2019exp\u00e9rience avec l\u2019\u00e9lectroacoustique. Les bases de l\u2019\u00e9lectroacoustique, enregistrement, montage, mixage, traitements temps diff\u00e9r\u00e9 (AudioSculpt, Spear), techniques de synth\u00e8se sonores, traitements temps r\u00e9el, initiation \u00e0 la programmation MaxMSP\/PureData et d\u2019autres environnements, interfaces et contr\u00f4leurs, suivi de param\u00e8tres musicaux, initiation au suivi de partition, r\u00e9alisation de plusieurs exercices et \u00e9tudes, ainsi qu\u2019un projet de fin d\u2019ann\u00e9e.<\/p>\n<h6 style=\"text-align: justify; padding-left: 30px;\">Evaluation :<\/h6>\n<p style=\"text-align: justify; padding-left: 30px;\">Qualit\u00e9, musicalit\u00e9 et originalit\u00e9 du travail de r\u00e9alisation des projets et exercices, maitrise technique, participation aux auditions et concerts de la classe, assiduit\u00e9.<\/p>\n<h5 style=\"text-align: justify;\"><\/h5>\n<h5 style=\"text-align: justify;\">Electroacoustique et Informatique Musicale \u2013 (Dominante Electro)<\/h5>\n<p style=\"padding-left: 30px;\">Cours de la dominante (chaque ann\u00e9e DNSPM et Master)<br \/>\nNiveaux : cour principal de la dominante Cr\u00e9ation et Interpr\u00e9tation Electroacoustique.<br \/>\n3h\/semaine<br \/>\nSalle 156<br \/>\nProf :\u00a0<strong>Tom Mays<\/strong><\/p>\n<h6 style=\"text-align: justify; padding-left: 30px;\">Descriptif\u00a0:<\/h6>\n<p style=\"text-align: justify; padding-left: 30px;\">Trois ann\u00e9es d\u2019outils de l\u2019\u00e9lectroacoustique et de l\u2019informatique Musicale. Destin\u00e9 aux \u00e9l\u00e8ves en dominante Cr\u00e9ation et Interpr\u00e9tation Electroacoustique, ainsi qu\u2019aux compositeurs instrumentaux et instrumentistes ayant d\u00e9j\u00e0 de l\u2019exp\u00e9rience avec l\u2019\u00e9lectroacoustique (ayant suivi le niveau d\u2019Initiation ou l\u2019\u00e9quivalent). Programmation Max\/PureData, Traitements avanc\u00e9s avec AudioSculpt de l\u2019Ircam, environnements et programmations des synth\u00e8ses sonores, manipulations avanc\u00e9es de samples et de fichiers sons, contr\u00f4les gestuels avec surfaces \u2013 cam\u00e9ras \u2013 Karlax \u2013 capteurs, suivi de param\u00e8tres musicaux avanc\u00e9, suivi de partition avanc\u00e9, conception\/r\u00e9alisation de dispositifs live \u2013 temps r\u00e9el \u2013 interactifs, r\u00e9alisation d\u2019exercices et de projets d\u2019envergure, participation \u00e0 des concours nationaux et internationaux. A suivre en parall\u00e8le \u00ab Cr\u00e9ation \u2013 suivi de projets \u00bb.<\/p>\n<h6 style=\"text-align: justify; padding-left: 30px;\">Evaluation :<\/h6>\n<p style=\"text-align: justify; padding-left: 30px;\">Qualit\u00e9, musicalit\u00e9 et originalit\u00e9 du travail de r\u00e9alisation des projets et exercices, maitrise technique, participation aux auditions et concerts de la classe, participations aux concours ext\u00e9rieurs, assiduit\u00e9.<\/p>\n<h5 style=\"text-align: justify;\"><\/h5>\n<h5 style=\"text-align: justify;\">Culture Contemporaine et Electronique<\/h5>\n<p style=\"padding-left: 30px;\">(1 ann\u00e9e)<br \/>\nNiveaux : CRR, Licence-Master<br \/>\n2h\/bihebdomadaire<br \/>\nSalle 156<br \/>\nProfs :\u00a0<strong>Tom Mays et Philippe Manoury<\/strong><\/p>\n<h6 style=\"text-align: justify; padding-left: 30px;\">Descriptif\u00a0:<\/h6>\n<p style=\"text-align: justify; padding-left: 30px;\">Culture de la musique contemporaine, \u00e9lectroacoustique et mixte par \u00e9coutes et explorations des musiques depuis les pionniers de l\u2019\u00e9lectroacoustique jusqu\u2019\u00e0 nos jours. Les musiques seront pr\u00e9sent\u00e9es de fa\u00e7on dynamique avec d\u00e9monstrations des principes par \u00ab patches \u00bb de concert autant que possible en plus des documents audio-visuels. Destin\u00e9 \u00e0 tous les profils : Dominante, compositeurs instrumentaux, instrumentistes avec ou sans exp\u00e9rience en \u00e9lectroacoustique. Profs: Philippe Manoury et Tom Mays.<\/p>\n<h6 style=\"text-align: justify; padding-left: 30px;\">Evaluation :<\/h6>\n<p style=\"text-align: justify; padding-left: 30px;\">Examen\/Commentaire d\u2019\u00e9coute chaque semestre, assiduit\u00e9.<\/p>\n<h5 style=\"text-align: justify;\"><\/h5>\n<h5 style=\"text-align: justify;\">Lutherie\/Ensemble Electronique<\/h5>\n<p style=\"padding-left: 30px;\">Cours de la dominante (chaque ann\u00e9e DNSPM et Master)<br \/>\nNiveaux : CRR, Licence-Master<br \/>\n2h\/semaine<br \/>\nSalle 156<br \/>\nProf :\u00a0<strong>Tom Mays<\/strong><\/p>\n<h6 style=\"text-align: justify; padding-left: 30px;\">Descriptif\u00a0:<\/h6>\n<p style=\"text-align: justify; padding-left: 30px;\">Lutherie\/programmations d\u2019instruments \u00e9lectroniques et participation dans le pratique collective Ensemble Electronique de Strasbourg. Destin\u00e9 aux \u00e9l\u00e8ves ayant d\u00e9j\u00e0 de l\u2019exp\u00e9rience dans la musique \u00e9lectroacoustique, et ayant fait au moins un semestre de Electroacoustique et Informatique Musicale Initiation. Utilisation de Max, Pd, Live et d\u2019autres environnements pour cr\u00e9er et jouer des sons \u00e0 l\u2019aide de contr\u00f4leurs comme Karlax, Zil, wiimotes, t\u00e9l\u00e9phones, cam\u00e9ras, etc. Nous allons travailler musicalement l\u2019interpr\u00e9tation ou la r\u00e9interpr\u00e9tation d\u2019\u0153uvres existantes et des cr\u00e9ations sp\u00e9cifiques pour l\u2019ensemble dans le contexte de la classe de cr\u00e9ation Electroacoustique. Concert public de fin d\u2019ann\u00e9e de la classe \u00e9lectroacoustique avec les \u0153uvres s\u00e9lectionn\u00e9s.<\/p>\n<h6 style=\"text-align: justify; padding-left: 30px;\">Evaluation :<\/h6>\n<p style=\"text-align: justify; padding-left: 30px;\">Qualit\u00e9, musicalit\u00e9 et originalit\u00e9 du travail de r\u00e9alisation, maitrise technique, participation aux auditions et concerts de la classe, assiduit\u00e9.<\/p>\n<hr \/>\n<h4>Cours transversaux<\/h4>\n<p>(Ouverts aux \u00e9tudiants HEAR) \u00a0:<\/p>\n<hr \/>\n<h5 style=\"text-align: justify;\">Culture Contemporaine et Electronique<\/h5>\n<p>(Voir plus haut)<\/p>\n<h5 style=\"text-align: justify;\"><\/h5>\n<h5 style=\"text-align: justify;\">Introduction \u00e0 la Musique Electroacoustique et\u00a0Live-Electronique<\/h5>\n<p>(Enregistrement et MAO)<\/p>\n<p style=\"padding-left: 30px;\">(1 ann\u00e9e)<br \/>\nNiveaux : L1 ou M1, cycle 3 sous r\u00e9serve<br \/>\n2h\/semaine (3 cours propos\u00e9s par semaine)<br \/>\nSalle 156<br \/>\nProf :\u00a0<strong>Antoine Spindler<\/strong><\/p>\n<h6 style=\"text-align: justify; padding-left: 30px;\">Descriptif semestre 1 :<\/h6>\n<p style=\"text-align: justify; padding-left: 30px;\">Introduction et bases de l\u2019enregistrement et de l\u2019\u00e9lectroacoustique. Logiciels : Reaper. Culture \u00e9lectroacoustique \u2013 technique\u00a0micro, c\u00e2bles, branchements, connexion et utilisation d\u2019une carte son \u2013 enregistrement st\u00e9r\u00e9o et\u00a0multipostes \u2013 montage multipostes \u2013 mixages \u2013 notions de la cr\u00e9ation sonore \u2013 introduction aux traitements du son\u00a0(filtres, r\u00e9verb\u00e9ration, d\u00e9lai, panoramique) \u2013 r\u00e9alisation d\u2019exercices et d\u2019un projet d\u2019\u00e9tude\u00a0\u00e9lectroacoustique ou mixte.<\/p>\n<p style=\"text-align: justify; padding-left: 30px;\">Pr\u00e9requis\u00a0: Formation\u00a0<em>musicale<\/em>\u00a0(ou\u00a0<em>art<\/em>) niveau sup\u00e9rieur (cycle 3 sous r\u00e9serve)<\/p>\n<h6 style=\"text-align: justify; padding-left: 30px;\">Descriptif semestre 2 :<\/h6>\n<p style=\"text-align: justify; padding-left: 30px;\">Introduction aux traitements temps r\u00e9el, live \u00e9lectronique et au MIDI. Logiciels : Ableton\u00a0Live. Culture temps r\u00e9el et \u00e9lectronique \u2013 d\u00e9couverte des traitements temps r\u00e9el en rapport au jeu\u00a0musical (d\u00e9lai, harmoniseur, filtre, modulation, r\u00e9verb\u00e9ration, panoramique) \u2013 les bases du MIDI\u00a0(clavier, p\u00e9dale, synth\u00e9tiseur, sampleur) \u2013 dispositifs du jeu \u00ab live \u00bb, \u00e9lectronique ou mixte \u2013 r\u00e9alisation\u00a0d\u2019exercices et d\u2019un projet d\u2019\u00e9tude temps r\u00e9el ou live \u00e9lectronique.<\/p>\n<p style=\"text-align: justify; padding-left: 30px;\">Pr\u00e9requis\u00a0: semestre 1<\/p>\n<h6 style=\"text-align: justify; padding-left: 30px;\">Evaluation :<\/h6>\n<p style=\"text-align: justify; padding-left: 30px;\">Qualit\u00e9, musicalit\u00e9 et originalit\u00e9 du travail de r\u00e9alisation, participation aux auditions de la classe, assiduit\u00e9.<\/p>\n<h5 style=\"text-align: justify;\"><\/h5>\n<h5 style=\"text-align: justify;\"><span style=\"line-height: 1.3333333333;\">Musique Mixte 1<\/span><\/h5>\n<p style=\"padding-left: 30px;\">(1 semestre)<br \/>\nNiveaux : L2 ou L3, M1 ou M2<br \/>\n2h\/semaine (1 \u00e0 2 cours propos\u00e9s par semestre)<br \/>\nSalle 156<br \/>\nProf :\u00a0<strong>Tom Mays, S\u00e9bastien Clara<\/strong><\/p>\n<h6 style=\"text-align: justify; padding-left: 30px;\">Descriptif\u00a0:<\/h6>\n<p style=\"text-align: justify; padding-left: 30px;\">Musique Mixte pour instrumentistes, initiation. Logiciel : Integra Live. Un semestre destin\u00e9 aux\u00a0instrumentistes cherchant avoir un aper\u00e7u de la musique mixte et les traitements temps r\u00e9el n\u2019ayant\u00a0peu ou pas d\u2019exp\u00e9rience au pr\u00e9alable. Nous allons couvrir les bases minimums de l\u2019\u00e9lectroacoustique\u00a0vis-\u00e0-vis de l\u2019interpr\u00e8te \u2013 l\u2019amplification, microphones, l\u2019entr\u00e9e son, la cha\u00eene \u00e9lectroacoustique, et les\u00a0traitements temps r\u00e9el et leurs rapports \u00e0 la musique. Il\u00a0faut r\u00e9aliser un projet de musique mixte temps r\u00e9el pour la fin du\u00a0semestre qui sera jou\u00e9 en audition publique, ainsi\u00a0qu\u2019un dossier\/rapport de\u00a0projet.<\/p>\n<h6 style=\"text-align: justify; padding-left: 30px;\">Evaluation :<\/h6>\n<p style=\"text-align: justify; padding-left: 30px;\">Qualit\u00e9, musicalit\u00e9, originalit\u00e9 et maitrise technique de la r\u00e9alisation du projet, \u00e9valuation du dossier, participation \u00e0 l\u2019audition, assiduit\u00e9.<\/p>\n<h5 style=\"text-align: justify;\"><\/h5>\n<h5 style=\"text-align: justify;\"><span style=\"line-height: 1.3333333333;\">Musique Mixte 2<\/span><\/h5>\n<p style=\"padding-left: 30px;\">(1 semestre)<br \/>\nNiveaux : L2 ou L3, M1 ou M2<br \/>\n2h\/semaine (1 \u00e0 2 cours propos\u00e9s par semestre)<br \/>\nSalle 156 ou Studio<br \/>\nProf :\u00a0<strong>Tom Mays<\/strong><\/p>\n<h6 style=\"text-align: justify; padding-left: 30px;\">Descriptif\u00a0:<\/h6>\n<p style=\"text-align: justify; padding-left: 30px;\">Musique Mixte pour instrumentistes, 2e niveau. Logiciels : Integra\u00a0Live, introduction \u00e0 Max par le patch temps r\u00e9el\u00a0\u201cCRT\u201d, aper\u00e7u d\u2019Usine, et\/ou reprise Reaper ou\u00a0Abelton Live. D\u00e9couverte du r\u00e9pertoire mixte, traitements temps r\u00e9el et leurs\u00a0qualit\u00e9s musicales, et interactions. Destin\u00e9 aux instrumentistes ayant suivi\u00a0soit \u00ab Introduction \u00e0 la Musique\u00a0Electroacoustique et Mixte \u00bb en L1,\u00a0soit \u00ab Musique Mixte 1 \u00bb. Il faut r\u00e9aliser un projet de musique mixte\u00a0temps r\u00e9el\u00a0pour la fin du semestre qui sera jou\u00e9 en audition publique, ainsi qu\u2019un\u00a0dossier\/rapport de projet.<\/p>\n<h6 style=\"text-align: justify; padding-left: 30px;\">Evaluation :<\/h6>\n<p style=\"text-align: justify; padding-left: 30px;\">Qualit\u00e9, musicalit\u00e9, originalit\u00e9 et maitrise technique de la r\u00e9alisation du projet, \u00e9valuation du dossier, participation \u00e0 l\u2019audition, assiduit\u00e9.<\/p>\n<h5 style=\"text-align: justify;\"><\/h5>\n<h5 style=\"text-align: justify;\"><span style=\"line-height: 1.3333333333;\">Musique Mixte \u2013 Projet<\/span><\/h5>\n<p style=\"padding-left: 30px;\">(1 semestre, 2e\u00a0semestre en option)<br \/>\nNiveaux :\u00a0Pour les \u00e9tudiants ayant suivi l\u2019Introduction \u00e9lectroacoustique ou mixte 1&amp;2, ou justifiant d\u2019un niveau \u00e9quivalent.<br \/>\nHoraires \u00e0 d\u00e9terminer<br \/>\nSalle 156 ou Studio<br \/>\nProf :\u00a0<strong>Tom Mays<\/strong><\/p>\n<h6 style=\"padding-left: 30px;\">Descriptif\u00a0:<\/h6>\n<p style=\"padding-left: 30px;\">Travail et approfondissement de la cr\u00e9ation et de l\u2019interpr\u00e9tation de la musique mixte temps r\u00e9el par le biais d\u2019un projet personnel. Les \u00e9tudiants doivent d\u00e9finir et r\u00e9aliser en public un projet de cr\u00e9ation\/improvisation mixte ou d\u2019interpr\u00e9tation du r\u00e9pertoire mixte d\u2019envergure par semestre, ainsi qu\u2019un\u00a0dossier\/rapport de projet. Cours bas\u00e9 sur du suivi d&rsquo;un \u00e9tudiant plut\u00f4t autonome.<\/p>\n<h6 style=\"padding-left: 30px;\">Evaluation :<\/h6>\n<p style=\"padding-left: 30px;\">Qualit\u00e9, musicalit\u00e9, originalit\u00e9 et maitrise technique de la r\u00e9alisation du projet, \u00e9valuation du dossier, participation \u00e0 l\u2019audition, assiduit\u00e9.<\/p>\n<h5 style=\"text-align: justify;\"><\/h5>\n<hr \/>\n<h4 style=\"text-align: justify;\">Cours suppl\u00e9mentaires<\/h4>\n<p style=\"text-align: justify;\">(Le temps et les \u00e9tudiants permettant) \u00a0:<\/p>\n<hr \/>\n<h5>Pratique Collective Musique Electronique Junior<\/h5>\n<p style=\"padding-left: 30px;\">(1 ann\u00e9e)<br \/>\nEl\u00e8ves de fin de II cycle<br \/>\n2h\/semaine (1 cours propos\u00e9 par semaine)<br \/>\nSalle 156<br \/>\nProf :\u00a0<strong>Antoine Spindler<\/strong><\/p>\n<h6 style=\"padding-left: 30px;\">Descriptif\u00a0:<\/h6>\n<p style=\"padding-left: 30px;\">Dans un environnement de musiques amplifi\u00e9es et par la pratique collective, les \u00e9l\u00e8ves devront :<\/p>\n<p style=\"padding-left: 30px;\">acqu\u00e9rir la capacit\u00e9 d&rsquo;adapter leur jeu instrumental \u00e0 une modification de leur son (jouer avec un d\u00e9lai, une r\u00e9verb\u00e9ration, etc.), \u00eatre capables de modifier un son et qu&rsquo;il s&rsquo;int\u00e8gre \u00e0 un espace sonore coh\u00e9rent et \u00e9quilibr\u00e9, jouer avec les timbres, d\u00e9couvrir les modes de jeu propres \u00e0 son instrument, fabriquer collectivement un objet sonore pr\u00e9sentable en concert o\u00f9 l&rsquo;accent sera mis sur l&rsquo;\u00e9coute et la pr\u00e9cision d&rsquo;un jeu collectif, travailler sur des supports de partitions int\u00e9grant des notations contemporaines.<\/p>\n<h5 style=\"text-align: justify;\">Outils Informatiques P\u00e9dagogiques<\/h5>\n<p style=\"padding-left: 30px;\">1 ou 2 sessions dans l&rsquo;ann\u00e9e<br \/>\nEtudiants D.E<br \/>\nProfs : Tom Mays, Antoine Spindler, Philippe Geiss&#8230;..<\/p>\n<h6 style=\"text-align: justify; padding-left: 30px;\">Objectifs\u00a0:<\/h6>\n<p style=\"text-align: justify; padding-left: 30px;\">Que les \u00e9tudiants pr\u00e9parant un dipl\u00f4me d&rsquo;enseignement prennent connaissance des nombreux outils qu&rsquo;offre l&rsquo;informatique musicale .<\/p>\n<h6 style=\"text-align: justify; padding-left: 30px;\">Descriptif\u00a0:<\/h6>\n<p style=\"text-align: justify; padding-left: 30px;\">D\u00e9couverte et initiation de base \u00e0 un maximum de logiciels open source ou freeware et d&rsquo;applications permettant une tr\u00e8s large utilisation pour des objectifs p\u00e9dagogiques allant de la cr\u00e9ation de partition \u00e0 la cr\u00e9ation de modules pour traiter un probl\u00e8me sp\u00e9cifique (travail du rythme, de l&rsquo;oreille, th\u00e9orique etc)<\/p>\n<h6 style=\"text-align: justify; padding-left: 30px;\">Logiciels\u00a0:<\/h6>\n<p style=\"text-align: justify; padding-left: 30px;\">Integra Live \u2013 Audacity \u2013 MuseScore \u2013 Partifi \u2013 Applications (+Reaper et Ableton si besoin) etc&#8230;<\/p>\n","protected":false},"excerpt":{"rendered":"<p>Cours de Cr\u00e9ation et Interpr\u00e9tation Electroacoustique\u00a0(2015-2016) &nbsp; Cours de composition et dominante Electro Cr\u00e9ation \u2013 suivi de projets Cours de la dominante (chaque ann\u00e9e DNSPM et Master) Niveaux : DNSPM-Master 1h\/semaine (cours collectif ou individuel selon besoins) Salle 156 Prof :\u00a0Tom Mays Descriptif\u00a0: Suivi de projets de cr\u00e9ation l\u2019\u00e9lectroacoustique ou incluant l\u2019\u00e9lectronique. Destin\u00e9 aux \u00e9l\u00e8ves &hellip; <a href=\"http:\/\/electro-strasbourg.eu\/blog\/cours-par-annee\/cours-2015-2016\/\" class=\"more-link\">Continuer la lecture de <span class=\"screen-reader-text\">Cours 2015-2016<\/span>  <span class=\"meta-nav\">&rarr;<\/span><\/a><\/p>\n","protected":false},"author":1,"featured_media":0,"parent":451,"menu_order":0,"comment_status":"closed","ping_status":"closed","template":"","meta":{"jetpack_post_was_ever_published":false,"footnotes":""},"class_list":["post-937","page","type-page","status-publish","hentry"],"jetpack_shortlink":"https:\/\/wp.me\/P3WkX1-f7","jetpack_sharing_enabled":true,"_links":{"self":[{"href":"http:\/\/electro-strasbourg.eu\/blog\/wp-json\/wp\/v2\/pages\/937","targetHints":{"allow":["GET"]}}],"collection":[{"href":"http:\/\/electro-strasbourg.eu\/blog\/wp-json\/wp\/v2\/pages"}],"about":[{"href":"http:\/\/electro-strasbourg.eu\/blog\/wp-json\/wp\/v2\/types\/page"}],"author":[{"embeddable":true,"href":"http:\/\/electro-strasbourg.eu\/blog\/wp-json\/wp\/v2\/users\/1"}],"replies":[{"embeddable":true,"href":"http:\/\/electro-strasbourg.eu\/blog\/wp-json\/wp\/v2\/comments?post=937"}],"version-history":[{"count":10,"href":"http:\/\/electro-strasbourg.eu\/blog\/wp-json\/wp\/v2\/pages\/937\/revisions"}],"predecessor-version":[{"id":1218,"href":"http:\/\/electro-strasbourg.eu\/blog\/wp-json\/wp\/v2\/pages\/937\/revisions\/1218"}],"up":[{"embeddable":true,"href":"http:\/\/electro-strasbourg.eu\/blog\/wp-json\/wp\/v2\/pages\/451"}],"wp:attachment":[{"href":"http:\/\/electro-strasbourg.eu\/blog\/wp-json\/wp\/v2\/media?parent=937"}],"curies":[{"name":"wp","href":"https:\/\/api.w.org\/{rel}","templated":true}]}}