{"id":842,"date":"2015-04-20T07:37:40","date_gmt":"2015-04-20T06:37:40","guid":{"rendered":"http:\/\/electro-strasbourg.eu\/blog\/?page_id=842"},"modified":"2016-05-29T14:07:24","modified_gmt":"2016-05-29T13:07:24","slug":"inauguration-shadok-10-11-avril-2015","status":"publish","type":"page","link":"http:\/\/electro-strasbourg.eu\/blog\/audiovideo-archives\/inauguration-shadok-10-11-avril-2015\/","title":{"rendered":"Inauguration Shadok 10-11 avril 2015"},"content":{"rendered":"<h1>L&rsquo;inauguration Shadok 10-11 avril 2015<\/h1>\n<p>Enregistrements t\u00e9moins des concerts de l&rsquo;Acad\u00e9mie Sup\u00e9rieure de Musique \u00e0 l&rsquo;inauguration du Shadok :<\/p>\n<p><span style=\"color: #ff0000;\">(Ne pas t\u00e9l\u00e9charger sauf avec la permission des auteurs et interpr\u00e8tes concern\u00e9s.)<\/span><\/p>\n<div class=\"wp-playlist wp-audio-playlist wp-playlist-light\">\n\t\t\t<div class=\"wp-playlist-current-item\"><\/div>\n\t\t<audio controls=\"controls\" preload=\"none\" width=\"452\"\n\t\t\t><\/audio>\n\t<div class=\"wp-playlist-next\"><\/div>\n\t<div class=\"wp-playlist-prev\"><\/div>\n\t<noscript>\n\t<ol>\n\t\t<li><a href='http:\/\/electro-strasbourg.eu\/blog\/wp-content\/uploads\/2015\/04\/EES-1-1-synth.mp3'>EES-1-1-synth<\/a><\/li><li><a href='http:\/\/electro-strasbourg.eu\/blog\/wp-content\/uploads\/2015\/04\/EES-1-2-gran.mp3'>EES-1-2-gran<\/a><\/li><li><a href='http:\/\/electro-strasbourg.eu\/blog\/wp-content\/uploads\/2015\/04\/EES-2-1-synth.mp3'>EES-2-1-synth<\/a><\/li><li><a href='http:\/\/electro-strasbourg.eu\/blog\/wp-content\/uploads\/2015\/04\/EES-2-2-gran.mp3'>EES-2-2-gran<\/a><\/li><li><a href='http:\/\/electro-strasbourg.eu\/blog\/wp-content\/uploads\/2015\/04\/1-1-1-Javier-Andres1.mp3'>1-1-1-Javier+Andres1<\/a><\/li><li><a href='http:\/\/electro-strasbourg.eu\/blog\/wp-content\/uploads\/2015\/04\/1-1-2-Guido1.mp3'>1-1-2-Guido1<\/a><\/li><li><a href='http:\/\/electro-strasbourg.eu\/blog\/wp-content\/uploads\/2015\/04\/2-1-1-Antoine-junior.mp3'>2-1-1-Antoine-junior<\/a><\/li><li><a href='http:\/\/electro-strasbourg.eu\/blog\/wp-content\/uploads\/2015\/04\/2-1-2-Enrico1.mp3'>2-1-2-Enrico1<\/a><\/li><li><a href='http:\/\/electro-strasbourg.eu\/blog\/wp-content\/uploads\/2015\/04\/2-1-3-Antoine-Emile.mp3'>2-1-3-Antoine-Emile<\/a><\/li><li><a href='http:\/\/electro-strasbourg.eu\/blog\/wp-content\/uploads\/2015\/04\/2-2-1-Guido2.mp3'>2-2-1-Guido2<\/a><\/li><li><a href='http:\/\/electro-strasbourg.eu\/blog\/wp-content\/uploads\/2015\/04\/2-2-2-S\u00e9bastien.mp3'>2-2-2-S\u00e9bastien<\/a><\/li><li><a href='http:\/\/electro-strasbourg.eu\/blog\/wp-content\/uploads\/2015\/04\/2-3-1-Javier-Andres2.mp3'>2-3-1-Javier+Andres2<\/a><\/li><li><a href='http:\/\/electro-strasbourg.eu\/blog\/wp-content\/uploads\/2015\/04\/2-3-2-Enrico2.mp3'>2-3-2-Enrico2<\/a><\/li><li><a href='http:\/\/electro-strasbourg.eu\/blog\/wp-content\/uploads\/2015\/04\/2-3-3-Tom.mp3'>2-3-3-Tom<\/a><\/li><li><a href='http:\/\/electro-strasbourg.eu\/blog\/wp-content\/uploads\/2015\/04\/EES-3-1-gran.mp3'>EES-3-1-gran<\/a><\/li><li><a href='http:\/\/electro-strasbourg.eu\/blog\/wp-content\/uploads\/2015\/04\/EES-3-2-synth.mp3'>EES-3-2-synth<\/a><\/li><li><a href='http:\/\/electro-strasbourg.eu\/blog\/wp-content\/uploads\/2015\/04\/EES-4-1-gran.mp3'>EES-4-1-gran<\/a><\/li><li><a href='http:\/\/electro-strasbourg.eu\/blog\/wp-content\/uploads\/2015\/04\/EES-4-2-granfou.mp3'>EES-4-2-granfou<\/a><\/li>\t<\/ol>\n\t<\/noscript>\n\t<script type=\"application\/json\" class=\"wp-playlist-script\">{\"type\":\"audio\",\"tracklist\":true,\"tracknumbers\":true,\"images\":true,\"artists\":true,\"tracks\":[{\"src\":\"http:\/\/electro-strasbourg.eu\/blog\/wp-content\/uploads\/2015\/04\/EES-1-1-synth.mp3\",\"type\":\"audio\/mpeg\",\"title\":\"EES-1-1-synth\",\"caption\":\"\",\"description\":\"\\u003Ci\\u003EEES-1-1-synth\\u003C\/i\\u003E.\",\"meta\":{\"length_formatted\":\"7:45\"},\"image\":{\"src\":\"http:\/\/electro-strasbourg.eu\/blog\/wp-includes\/images\/media\/audio.svg\",\"width\":48,\"height\":64},\"thumb\":{\"src\":\"http:\/\/electro-strasbourg.eu\/blog\/wp-includes\/images\/media\/audio.svg\",\"width\":48,\"height\":64}},{\"src\":\"http:\/\/electro-strasbourg.eu\/blog\/wp-content\/uploads\/2015\/04\/EES-1-2-gran.mp3\",\"type\":\"audio\/mpeg\",\"title\":\"EES-1-2-gran\",\"caption\":\"\",\"description\":\"\\u003Ci\\u003EEES-1-2-gran\\u003C\/i\\u003E.\",\"meta\":{\"length_formatted\":\"6:51\"},\"image\":{\"src\":\"http:\/\/electro-strasbourg.eu\/blog\/wp-includes\/images\/media\/audio.svg\",\"width\":48,\"height\":64},\"thumb\":{\"src\":\"http:\/\/electro-strasbourg.eu\/blog\/wp-includes\/images\/media\/audio.svg\",\"width\":48,\"height\":64}},{\"src\":\"http:\/\/electro-strasbourg.eu\/blog\/wp-content\/uploads\/2015\/04\/EES-2-1-synth.mp3\",\"type\":\"audio\/mpeg\",\"title\":\"EES-2-1-synth\",\"caption\":\"\",\"description\":\"\\u003Ci\\u003EEES-2-1-synth\\u003C\/i\\u003E.\",\"meta\":{\"length_formatted\":\"9:34\"},\"image\":{\"src\":\"http:\/\/electro-strasbourg.eu\/blog\/wp-includes\/images\/media\/audio.svg\",\"width\":48,\"height\":64},\"thumb\":{\"src\":\"http:\/\/electro-strasbourg.eu\/blog\/wp-includes\/images\/media\/audio.svg\",\"width\":48,\"height\":64}},{\"src\":\"http:\/\/electro-strasbourg.eu\/blog\/wp-content\/uploads\/2015\/04\/EES-2-2-gran.mp3\",\"type\":\"audio\/mpeg\",\"title\":\"EES-2-2-gran\",\"caption\":\"\",\"description\":\"\\u003Ci\\u003EEES-2-2-gran\\u003C\/i\\u003E.\",\"meta\":{\"length_formatted\":\"8:12\"},\"image\":{\"src\":\"http:\/\/electro-strasbourg.eu\/blog\/wp-includes\/images\/media\/audio.svg\",\"width\":48,\"height\":64},\"thumb\":{\"src\":\"http:\/\/electro-strasbourg.eu\/blog\/wp-includes\/images\/media\/audio.svg\",\"width\":48,\"height\":64}},{\"src\":\"http:\/\/electro-strasbourg.eu\/blog\/wp-content\/uploads\/2015\/04\/1-1-1-Javier-Andres1.mp3\",\"type\":\"audio\/mpeg\",\"title\":\"1-1-1-Javier+Andres1\",\"caption\":\"\",\"description\":\"\\u003Ci\\u003E1-1-1-Javier+Andres1\\u003C\/i\\u003E.\",\"meta\":{\"length_formatted\":\"8:37\"},\"image\":{\"src\":\"http:\/\/electro-strasbourg.eu\/blog\/wp-includes\/images\/media\/audio.svg\",\"width\":48,\"height\":64},\"thumb\":{\"src\":\"http:\/\/electro-strasbourg.eu\/blog\/wp-includes\/images\/media\/audio.svg\",\"width\":48,\"height\":64}},{\"src\":\"http:\/\/electro-strasbourg.eu\/blog\/wp-content\/uploads\/2015\/04\/1-1-2-Guido1.mp3\",\"type\":\"audio\/mpeg\",\"title\":\"1-1-2-Guido1\",\"caption\":\"\",\"description\":\"\\u003Ci\\u003E1-1-2-Guido1\\u003C\/i\\u003E.\",\"meta\":{\"length_formatted\":\"8:14\"},\"image\":{\"src\":\"http:\/\/electro-strasbourg.eu\/blog\/wp-includes\/images\/media\/audio.svg\",\"width\":48,\"height\":64},\"thumb\":{\"src\":\"http:\/\/electro-strasbourg.eu\/blog\/wp-includes\/images\/media\/audio.svg\",\"width\":48,\"height\":64}},{\"src\":\"http:\/\/electro-strasbourg.eu\/blog\/wp-content\/uploads\/2015\/04\/2-1-1-Antoine-junior.mp3\",\"type\":\"audio\/mpeg\",\"title\":\"2-1-1-Antoine-junior\",\"caption\":\"\",\"description\":\"\\u003Ci\\u003E2-1-1-Antoine-junior\\u003C\/i\\u003E.\",\"meta\":{\"length_formatted\":\"5:57\"},\"image\":{\"src\":\"http:\/\/electro-strasbourg.eu\/blog\/wp-includes\/images\/media\/audio.svg\",\"width\":48,\"height\":64},\"thumb\":{\"src\":\"http:\/\/electro-strasbourg.eu\/blog\/wp-includes\/images\/media\/audio.svg\",\"width\":48,\"height\":64}},{\"src\":\"http:\/\/electro-strasbourg.eu\/blog\/wp-content\/uploads\/2015\/04\/2-1-2-Enrico1.mp3\",\"type\":\"audio\/mpeg\",\"title\":\"2-1-2-Enrico1\",\"caption\":\"\",\"description\":\"\\u003Ci\\u003E2-1-2-Enrico1\\u003C\/i\\u003E.\",\"meta\":{\"length_formatted\":\"6:03\"},\"image\":{\"src\":\"http:\/\/electro-strasbourg.eu\/blog\/wp-includes\/images\/media\/audio.svg\",\"width\":48,\"height\":64},\"thumb\":{\"src\":\"http:\/\/electro-strasbourg.eu\/blog\/wp-includes\/images\/media\/audio.svg\",\"width\":48,\"height\":64}},{\"src\":\"http:\/\/electro-strasbourg.eu\/blog\/wp-content\/uploads\/2015\/04\/2-1-3-Antoine-Emile.mp3\",\"type\":\"audio\/mpeg\",\"title\":\"2-1-3-Antoine-Emile\",\"caption\":\"\",\"description\":\"\\u003Ci\\u003E2-1-3-Antoine-Emile\\u003C\/i\\u003E.\",\"meta\":{\"length_formatted\":\"5:23\"},\"image\":{\"src\":\"http:\/\/electro-strasbourg.eu\/blog\/wp-includes\/images\/media\/audio.svg\",\"width\":48,\"height\":64},\"thumb\":{\"src\":\"http:\/\/electro-strasbourg.eu\/blog\/wp-includes\/images\/media\/audio.svg\",\"width\":48,\"height\":64}},{\"src\":\"http:\/\/electro-strasbourg.eu\/blog\/wp-content\/uploads\/2015\/04\/2-2-1-Guido2.mp3\",\"type\":\"audio\/mpeg\",\"title\":\"2-2-1-Guido2\",\"caption\":\"\",\"description\":\"\\u003Ci\\u003E2-2-1-Guido2\\u003C\/i\\u003E.\",\"meta\":{\"length_formatted\":\"8:16\"},\"image\":{\"src\":\"http:\/\/electro-strasbourg.eu\/blog\/wp-includes\/images\/media\/audio.svg\",\"width\":48,\"height\":64},\"thumb\":{\"src\":\"http:\/\/electro-strasbourg.eu\/blog\/wp-includes\/images\/media\/audio.svg\",\"width\":48,\"height\":64}},{\"src\":\"http:\/\/electro-strasbourg.eu\/blog\/wp-content\/uploads\/2015\/04\/2-2-2-S\\u00e9bastien.mp3\",\"type\":\"audio\/mpeg\",\"title\":\"2-2-2-S\\u00e9bastien\",\"caption\":\"\",\"description\":\"\\u003Ci\\u003E2-2-2-S\\u00e9bastien\\u003C\/i\\u003E.\",\"meta\":{\"length_formatted\":\"10:42\"},\"image\":{\"src\":\"http:\/\/electro-strasbourg.eu\/blog\/wp-includes\/images\/media\/audio.svg\",\"width\":48,\"height\":64},\"thumb\":{\"src\":\"http:\/\/electro-strasbourg.eu\/blog\/wp-includes\/images\/media\/audio.svg\",\"width\":48,\"height\":64}},{\"src\":\"http:\/\/electro-strasbourg.eu\/blog\/wp-content\/uploads\/2015\/04\/2-3-1-Javier-Andres2.mp3\",\"type\":\"audio\/mpeg\",\"title\":\"2-3-1-Javier+Andres2\",\"caption\":\"\",\"description\":\"\\u003Ci\\u003E2-3-1-Javier+Andres2\\u003C\/i\\u003E.\",\"meta\":{\"length_formatted\":\"8:29\"},\"image\":{\"src\":\"http:\/\/electro-strasbourg.eu\/blog\/wp-includes\/images\/media\/audio.svg\",\"width\":48,\"height\":64},\"thumb\":{\"src\":\"http:\/\/electro-strasbourg.eu\/blog\/wp-includes\/images\/media\/audio.svg\",\"width\":48,\"height\":64}},{\"src\":\"http:\/\/electro-strasbourg.eu\/blog\/wp-content\/uploads\/2015\/04\/2-3-2-Enrico2.mp3\",\"type\":\"audio\/mpeg\",\"title\":\"2-3-2-Enrico2\",\"caption\":\"\",\"description\":\"\\u003Ci\\u003E2-3-2-Enrico2\\u003C\/i\\u003E.\",\"meta\":{\"length_formatted\":\"6:04\"},\"image\":{\"src\":\"http:\/\/electro-strasbourg.eu\/blog\/wp-includes\/images\/media\/audio.svg\",\"width\":48,\"height\":64},\"thumb\":{\"src\":\"http:\/\/electro-strasbourg.eu\/blog\/wp-includes\/images\/media\/audio.svg\",\"width\":48,\"height\":64}},{\"src\":\"http:\/\/electro-strasbourg.eu\/blog\/wp-content\/uploads\/2015\/04\/2-3-3-Tom.mp3\",\"type\":\"audio\/mpeg\",\"title\":\"2-3-3-Tom\",\"caption\":\"\",\"description\":\"\\u003Ci\\u003E2-3-3-Tom\\u003C\/i\\u003E.\",\"meta\":{\"length_formatted\":\"11:34\"},\"image\":{\"src\":\"http:\/\/electro-strasbourg.eu\/blog\/wp-includes\/images\/media\/audio.svg\",\"width\":48,\"height\":64},\"thumb\":{\"src\":\"http:\/\/electro-strasbourg.eu\/blog\/wp-includes\/images\/media\/audio.svg\",\"width\":48,\"height\":64}},{\"src\":\"http:\/\/electro-strasbourg.eu\/blog\/wp-content\/uploads\/2015\/04\/EES-3-1-gran.mp3\",\"type\":\"audio\/mpeg\",\"title\":\"EES-3-1-gran\",\"caption\":\"\",\"description\":\"\\u003Ci\\u003EEES-3-1-gran\\u003C\/i\\u003E.\",\"meta\":{\"length_formatted\":\"6:00\"},\"image\":{\"src\":\"http:\/\/electro-strasbourg.eu\/blog\/wp-includes\/images\/media\/audio.svg\",\"width\":48,\"height\":64},\"thumb\":{\"src\":\"http:\/\/electro-strasbourg.eu\/blog\/wp-includes\/images\/media\/audio.svg\",\"width\":48,\"height\":64}},{\"src\":\"http:\/\/electro-strasbourg.eu\/blog\/wp-content\/uploads\/2015\/04\/EES-3-2-synth.mp3\",\"type\":\"audio\/mpeg\",\"title\":\"EES-3-2-synth\",\"caption\":\"\",\"description\":\"\\u003Ci\\u003EEES-3-2-synth\\u003C\/i\\u003E.\",\"meta\":{\"length_formatted\":\"5:42\"},\"image\":{\"src\":\"http:\/\/electro-strasbourg.eu\/blog\/wp-includes\/images\/media\/audio.svg\",\"width\":48,\"height\":64},\"thumb\":{\"src\":\"http:\/\/electro-strasbourg.eu\/blog\/wp-includes\/images\/media\/audio.svg\",\"width\":48,\"height\":64}},{\"src\":\"http:\/\/electro-strasbourg.eu\/blog\/wp-content\/uploads\/2015\/04\/EES-4-1-gran.mp3\",\"type\":\"audio\/mpeg\",\"title\":\"EES-4-1-gran\",\"caption\":\"\",\"description\":\"\\u003Ci\\u003EEES-4-1-gran\\u003C\/i\\u003E.\",\"meta\":{\"length_formatted\":\"6:04\"},\"image\":{\"src\":\"http:\/\/electro-strasbourg.eu\/blog\/wp-includes\/images\/media\/audio.svg\",\"width\":48,\"height\":64},\"thumb\":{\"src\":\"http:\/\/electro-strasbourg.eu\/blog\/wp-includes\/images\/media\/audio.svg\",\"width\":48,\"height\":64}},{\"src\":\"http:\/\/electro-strasbourg.eu\/blog\/wp-content\/uploads\/2015\/04\/EES-4-2-granfou.mp3\",\"type\":\"audio\/mpeg\",\"title\":\"EES-4-2-granfou\",\"caption\":\"\",\"description\":\"\\u003Ci\\u003EEES-4-2-granfou\\u003C\/i\\u003E.\",\"meta\":{\"length_formatted\":\"4:24\"},\"image\":{\"src\":\"http:\/\/electro-strasbourg.eu\/blog\/wp-includes\/images\/media\/audio.svg\",\"width\":48,\"height\":64},\"thumb\":{\"src\":\"http:\/\/electro-strasbourg.eu\/blog\/wp-includes\/images\/media\/audio.svg\",\"width\":48,\"height\":64}}]}<\/script>\n<\/div>\n\t\n","protected":false},"excerpt":{"rendered":"<p>L&rsquo;inauguration Shadok 10-11 avril 2015 Enregistrements t\u00e9moins des concerts de l&rsquo;Acad\u00e9mie Sup\u00e9rieure de Musique \u00e0 l&rsquo;inauguration du Shadok : (Ne pas t\u00e9l\u00e9charger sauf avec la permission des auteurs et interpr\u00e8tes concern\u00e9s.)<\/p>\n","protected":false},"author":1,"featured_media":836,"parent":584,"menu_order":0,"comment_status":"closed","ping_status":"closed","template":"","meta":{"jetpack_post_was_ever_published":false,"footnotes":""},"class_list":["post-842","page","type-page","status-publish","has-post-thumbnail","hentry"],"jetpack_shortlink":"https:\/\/wp.me\/P3WkX1-dA","jetpack_sharing_enabled":false,"_links":{"self":[{"href":"http:\/\/electro-strasbourg.eu\/blog\/wp-json\/wp\/v2\/pages\/842","targetHints":{"allow":["GET"]}}],"collection":[{"href":"http:\/\/electro-strasbourg.eu\/blog\/wp-json\/wp\/v2\/pages"}],"about":[{"href":"http:\/\/electro-strasbourg.eu\/blog\/wp-json\/wp\/v2\/types\/page"}],"author":[{"embeddable":true,"href":"http:\/\/electro-strasbourg.eu\/blog\/wp-json\/wp\/v2\/users\/1"}],"replies":[{"embeddable":true,"href":"http:\/\/electro-strasbourg.eu\/blog\/wp-json\/wp\/v2\/comments?post=842"}],"version-history":[{"count":4,"href":"http:\/\/electro-strasbourg.eu\/blog\/wp-json\/wp\/v2\/pages\/842\/revisions"}],"predecessor-version":[{"id":863,"href":"http:\/\/electro-strasbourg.eu\/blog\/wp-json\/wp\/v2\/pages\/842\/revisions\/863"}],"up":[{"embeddable":true,"href":"http:\/\/electro-strasbourg.eu\/blog\/wp-json\/wp\/v2\/pages\/584"}],"wp:featuredmedia":[{"embeddable":true,"href":"http:\/\/electro-strasbourg.eu\/blog\/wp-json\/wp\/v2\/media\/836"}],"wp:attachment":[{"href":"http:\/\/electro-strasbourg.eu\/blog\/wp-json\/wp\/v2\/media?parent=842"}],"curies":[{"name":"wp","href":"https:\/\/api.w.org\/{rel}","templated":true}]}}