{"id":7,"date":"2013-09-22T16:13:59","date_gmt":"2013-09-22T15:13:59","guid":{"rendered":"http:\/\/electro-strasbourg.eu\/blog\/?page_id=7"},"modified":"2015-09-20T19:23:04","modified_gmt":"2015-09-20T18:23:04","slug":"cours-2013-2014","status":"publish","type":"page","link":"http:\/\/electro-strasbourg.eu\/blog\/cours-par-annee\/cours-2013-2014\/","title":{"rendered":"Cours 2013-2014"},"content":{"rendered":"<h3 style=\"text-align: justify;\">Description des cours (2013-2014)<\/h3>\n<p style=\"text-align: justify;\">\n<p style=\"text-align: justify;\">Voir aussi :\u00a0<a title=\"Choix de cours par discipline\" href=\"http:\/\/electro-strasbourg.eu\/blog\/cours-2013-2014\/choix-de-cours-par-discipline\/\">Choix de cours par discipline<\/a><\/p>\n<p style=\"text-align: justify;\"><em><strong><a id=\"creation-suiviprojets\"><\/a>Cr\u00e9ation &#8211; suivi projets<\/strong><\/em><br \/>\n(toute l&rsquo;ann\u00e9e.\u00a0Prof: Tom Mays)<\/p>\n<p style=\"text-align: justify; padding-left: 30px;\">Suivi de projets de cr\u00e9ation l&rsquo;\u00e9lectroacoustique ou\u00a0incluant l&rsquo;\u00e9lectronique. Destin\u00e9 aux \u00e9l\u00e8ves en dominante Cr\u00e9ation et Interpr\u00e9tation Electroacoustique, ainsi qu&rsquo;aux compositeurs instrumentaux et instrumentistes selon leur niveau qui souhaitent r\u00e9aliser un projet d&rsquo;envergure avec \u00e9lectronique. Il faut suivre en parall\u00e8le Electroacoustique et Informatique Musicale (initiation ou Licence\/Master).\u00a0Concert public de fin d\u2019ann\u00e9e de la classe \u00e9lectroacoustique avec les \u0153uvres s\u00e9lectionn\u00e9s.<\/p>\n<p style=\"text-align: justify;\"><em><strong><a id=\"electroinfomusinitiation\"><\/a>Electroacoustique et Informatique Musicale &#8211; initiation<\/strong><\/em><br \/>\n(toute l&rsquo;ann\u00e9e.\u00a0Prof: Tom Mays)<\/p>\n<p style=\"text-align: justify; padding-left: 30px;\">Initiation aux outils de l&rsquo;\u00e9lectroacoustique et de l&rsquo;informatique Musicale. Destin\u00e9 aux compositeurs instrumentaux et instrumentistes ayant peu ou pas d&rsquo;exp\u00e9rience avec l&rsquo;\u00e9lectroacoustique. Les bases de l&rsquo;\u00e9lectroacoustique, enregistrement, montage, mixage, traitements temps diff\u00e9r\u00e9, techniques de synth\u00e8se sonores, traitements temps r\u00e9el, initiation \u00e0 la programmation MaxMSP\/PureData et d&rsquo;autres environnements, interfaces et contr\u00f4leurs, suivi de param\u00e8tres musicaux, initiation au suivi de partition, r\u00e9alisation de plusieurs exercices ainsi qu&rsquo;un projet de fin d&rsquo;ann\u00e9e.<\/p>\n<p style=\"text-align: justify;\"><em><strong><a id=\"electroinfomusL1\"><\/a>Electroacoustique et Informatique Musicale &#8211; (Licence, Master)<\/strong><\/em><br \/>\n(toute l&rsquo;ann\u00e9e.\u00a0Prof: Tom Mays)<\/p>\n<p style=\"text-align: justify; padding-left: 30px;\">Trois ann\u00e9es d&rsquo;outils de l&rsquo;\u00e9lectroacoustique et de l&rsquo;informatique Musicale. Destin\u00e9 aux \u00e9l\u00e8ves en dominante Cr\u00e9ation et Interpr\u00e9tation Electroacoustique, ainsi qu&rsquo;aux compositeurs instrumentaux et instrumentistes ayant d\u00e9j\u00e0 de l&rsquo;exp\u00e9rience avec l&rsquo;\u00e9lectroacoustique (ayant suivi le niveau d&rsquo;Initiation ou l&rsquo;\u00e9quivalent). Programmation Max\/PureData, Traitements avec AudioSculpt de l&rsquo;Ircam, environnements et programmations des synth\u00e8ses sonores, manipulations avanc\u00e9es de samples et de fichiers sons, contr\u00f4les gestuels avec surfaces &#8211; cam\u00e9ras &#8211; Karlax &#8211; capteurs, suivi de param\u00e8tres musicaux avanc\u00e9, suivi de partition avanc\u00e9, conception\/r\u00e9alisation de dispositifs live &#8211; temps r\u00e9el &#8211; interactifs, r\u00e9alisation d&rsquo;exercices et de projets d&rsquo;envergure, participation \u00e0 des concours nationaux et internationaux. A suivre en parall\u00e8le \u00ab\u00a0Cr\u00e9ation &#8211; suivi de projets\u00a0\u00bb.<\/p>\n<p style=\"text-align: justify;\"><em><strong><a id=\"culture\"><\/a>Culture Contemporaine et Electronique<\/strong><\/em><br \/>\n(toute l&rsquo;ann\u00e9e.\u00a0Profs: Philippe Manoury et Tom Mays)<\/p>\n<p style=\"text-align: justify; padding-left: 30px;\">D\u00e9couverte de la musique contemporaine, \u00e9lectroacoustique et mixte par \u00e9coutes et explorations des musiques depuis les pionniers de l&rsquo;\u00e9lectroacoustique jusqu&rsquo;\u00e0 nos jours. Les musiques seront pr\u00e9sent\u00e9es de fa\u00e7on dynamique avec d\u00e9monstrations des principes par \u00ab\u00a0patches\u00a0\u00bb de concert autant que possible en plus des documents audio-visuels. Destin\u00e9 \u00e0 tous les profils : Dominante, compositeurs instrumentaux, instrumentistes avec ou sans exp\u00e9rience en \u00e9lectroacoustique. Profs: Philippe Manoury et Tom Mays.<\/p>\n<p style=\"text-align: justify;\"><em><strong><a id=\"musiquemixte1\"><\/a>Musique Mixte 1<\/strong><\/em><br \/>\n(toute l&rsquo;ann\u00e9e.\u00a0Prof: Tom Mays)<\/p>\n<p style=\"text-align: justify; padding-left: 30px;\">Musique Mixte pour instrumentistes, niveau 1. Destin\u00e9 aux instrumentistes qui cherchent \u00e0 explorer l&rsquo;interpr\u00e9tation et la cr\u00e9ation des musiques mixtes, n&rsquo;ayant peu ou pas d&rsquo;exp\u00e9rience au pr\u00e9alable. Seront abord\u00e9s (du point de vue de l&rsquo;interpr\u00e8te) les bases de l&rsquo;\u00e9lectroacoustique et l&rsquo;amplification, des techniques micro, l&rsquo;entr\u00e9e son dans l&rsquo;informatique et la cha\u00eene \u00e9lectroacoustique, la d\u00e9tection de param\u00e8tres musicaux, le d\u00e9clenchement de fichiers son, le traitements temps r\u00e9els et leurs rapports \u00e0 la musique, les bases de l&rsquo;interactivit\u00e9. Il faut r\u00e9aliser plusieurs exercices ainsi qu&rsquo;un projet de musique mixte d&rsquo;envergure pour la fin de l&rsquo;ann\u00e9e.\u00a0Concert public de fin d\u2019ann\u00e9e de la classe \u00e9lectroacoustique avec les \u0153uvres s\u00e9lectionn\u00e9s.<\/p>\n<p style=\"text-align: justify;\"><em><strong><a id=\"musiquemixte2\"><\/a>Musique Mixte 2<\/strong><\/em><br \/>\n(toute l&rsquo;ann\u00e9e.\u00a0Prof: Tom Mays)<\/p>\n<p style=\"text-align: justify; padding-left: 30px;\">Musique Mixte pour instrumentistes, niveau 2. Destin\u00e9 aux instrumentistes qui cherchent \u00e0 compl\u00e9ter leurs connaissances dans l&rsquo;interpr\u00e9tation et la cr\u00e9ation des musiques mixtes, ayant suivi niveau 1 ou des exp\u00e9riences \u00e9quivalentes. Nous allons approfondir la d\u00e9tection de param\u00e8tres musicaux, les traitements temps r\u00e9els et leurs rapports \u00e0 la musique, l&rsquo;interactivit\u00e9 plus avanc\u00e9, le suivi de partition. Il faut r\u00e9aliser des exercices ainsi qu&rsquo;un projet de musique mixte d&rsquo;envergure pour la fin de l&rsquo;ann\u00e9e.\u00a0Concert public de fin d\u2019ann\u00e9e de la classe \u00e9lectroacoustique avec les \u0153uvres s\u00e9lectionn\u00e9s.<\/p>\n<p style=\"text-align: justify;\"><em><strong><a id=\"prisedesonmontage\"><\/a>Initiation Musique Electronique<\/strong><\/em><br \/>\n(1 an au niveau dnspm, et 1 semestre en master, une heure par semaine. Prof: Antoine Spindler)<\/p>\n<p style=\"text-align: justify; padding-left: 30px;\">Initiation en prise de son, montage et mixage d\u00e9sign\u00e9e aux instrumentistes. R\u00e9alisation d&rsquo;un projet pour la fin du semestre.<\/p>\n<p style=\"text-align: justify;\"><em><strong><a id=\"acoustique\"><\/a>Acoustique et \u00e9lectroacoustique pour le musicien<\/strong><\/em><br \/>\n(toute l&rsquo;ann\u00e9e. Prof: Yves Kayser)<\/p>\n<p style=\"text-align: justify; padding-left: 30px;\">Familiariser les musiciens aux probl\u00e8mes acoustiques et \u00e9lectroacoustiques en les \u00e9tudiant par quelques d\u00e9monstrations th\u00e9oriques, mais surtout par des exp\u00e9riences pratiques. Cette UE d&rsquo;initiation doit permettre, en plus de la formation de base qu&rsquo;elle propose, un acc\u00e8s \u00e0 des cours de niveaux sup\u00e9rieurs. Diff\u00e9rentes sp\u00e9cialisations pourraient alors \u00eatre envisag\u00e9es : acoustique de salle, \u00e9lectroacoustique, prise de son, sonorisation etc.<\/p>\n<p style=\"text-align: justify;\"><em><strong><a id=\"pratiquecollective\"><\/a>Pratique collective pour enfants<\/strong><\/em><br \/>\n(toute l&rsquo;ann\u00e9e. Prof: Philippe Aubry)<\/p>\n<p style=\"padding-left: 30px;\">Pratique collective \u00e9lectroacoustique interactive pour enfants.<\/p>\n<p style=\"text-align: justify;\"><em><strong><a id=\"musiquemixteinitiation\"><\/a>Musique Mixte &#8211; initiation minimum<\/strong><\/em><br \/>\n(2e semestre. Prof: Tom Mays)<\/p>\n<p style=\"text-align: justify; padding-left: 30px;\">Musique Mixte pour instrumentistes, initiation. Un module r\u00e9duite d&rsquo;un semestre destin\u00e9 aux instrumentistes cherchant avoir un aper\u00e7u de la musique mixte n&rsquo;ayant peu ou pas d&rsquo;exp\u00e9rience au pr\u00e9alable. Nous allons couvrir les bases minimum de l&rsquo;\u00e9lectroacoustique vis-\u00e0-vis de l&rsquo;interpr\u00e8te &#8211; l&rsquo;amplification, microphones, l&rsquo;entr\u00e9e son, la cha\u00eene \u00e9lectroacoustique, le d\u00e9clenchement de fichiers son, des traitements temps r\u00e9els et leurs rapports \u00e0 la musique. Il faut r\u00e9aliser un projet de musique mixte pour la fin du semestre, probablement une pi\u00e8ce du r\u00e9pertoire, en r\u00e9cital ou devant la classe.<\/p>\n<p style=\"text-align: justify;\"><em><strong><a id=\"lutherieensembleelectronique\"><\/a>Lutherie\/Ensemble Electronique<\/strong><\/em><br \/>\n(2e semestre.\u00a0Prof: Tom Mays)<\/p>\n<p style=\"text-align: justify; padding-left: 30px;\">Lutherie\/programmations d&rsquo;instruments \u00e9lectroniques et participation dans le pratique collective Ensemble Electronique de Strasbourg. Destin\u00e9 aux \u00e9l\u00e8ves ayant d\u00e9j\u00e0 de l&rsquo;exp\u00e9rience dans la musique \u00e9lectroacoustique, et ayant fait au moins un semestre de Electroacoustique et Informatique Musicale &#8211; L1. Utilisation de Max, Pd, Live et d&rsquo;autres environnements pour cr\u00e9er et jouer des sons \u00e0 l&rsquo;aide de contr\u00f4leurs comme Karlax, Zil, wiimotes, t\u00e9l\u00e9phones, cam\u00e9ras, etc. Nous allons travailler musicalement l&rsquo;interpr\u00e9tation ou la r\u00e9interpr\u00e9tation d&rsquo;\u0153uvres existantes et des cr\u00e9ations sp\u00e9cifiques pour l&rsquo;ensemble dans le contexte de la classe de cr\u00e9ation Electroacoustique.\u00a0Concert public de fin d\u2019ann\u00e9e de la classe \u00e9lectroacoustique avec les \u0153uvres s\u00e9lectionn\u00e9s.<\/p>\n<p style=\"text-align: justify;\">Voir aussi : <a title=\"Choix de cours par discipline\" href=\"http:\/\/electro-strasbourg.eu\/blog\/cours-2013-2014\/choix-de-cours-par-discipline\/\">Choix de cours par discipline<\/a><\/p>\n","protected":false},"excerpt":{"rendered":"<p>Description des cours (2013-2014) Voir aussi :\u00a0Choix de cours par discipline Cr\u00e9ation &#8211; suivi projets (toute l&rsquo;ann\u00e9e.\u00a0Prof: Tom Mays) Suivi de projets de cr\u00e9ation l&rsquo;\u00e9lectroacoustique ou\u00a0incluant l&rsquo;\u00e9lectronique. Destin\u00e9 aux \u00e9l\u00e8ves en dominante Cr\u00e9ation et Interpr\u00e9tation Electroacoustique, ainsi qu&rsquo;aux compositeurs instrumentaux et instrumentistes selon leur niveau qui souhaitent r\u00e9aliser un projet d&rsquo;envergure avec \u00e9lectronique. Il faut &hellip; <a href=\"http:\/\/electro-strasbourg.eu\/blog\/cours-par-annee\/cours-2013-2014\/\" class=\"more-link\">Continuer la lecture de <span class=\"screen-reader-text\">Cours 2013-2014<\/span>  <span class=\"meta-nav\">&rarr;<\/span><\/a><\/p>\n","protected":false},"author":1,"featured_media":0,"parent":451,"menu_order":0,"comment_status":"closed","ping_status":"closed","template":"","meta":{"jetpack_post_was_ever_published":false,"footnotes":""},"class_list":["post-7","page","type-page","status-publish","hentry"],"jetpack_shortlink":"https:\/\/wp.me\/P3WkX1-7","jetpack_sharing_enabled":false,"_links":{"self":[{"href":"http:\/\/electro-strasbourg.eu\/blog\/wp-json\/wp\/v2\/pages\/7","targetHints":{"allow":["GET"]}}],"collection":[{"href":"http:\/\/electro-strasbourg.eu\/blog\/wp-json\/wp\/v2\/pages"}],"about":[{"href":"http:\/\/electro-strasbourg.eu\/blog\/wp-json\/wp\/v2\/types\/page"}],"author":[{"embeddable":true,"href":"http:\/\/electro-strasbourg.eu\/blog\/wp-json\/wp\/v2\/users\/1"}],"replies":[{"embeddable":true,"href":"http:\/\/electro-strasbourg.eu\/blog\/wp-json\/wp\/v2\/comments?post=7"}],"version-history":[{"count":16,"href":"http:\/\/electro-strasbourg.eu\/blog\/wp-json\/wp\/v2\/pages\/7\/revisions"}],"predecessor-version":[{"id":504,"href":"http:\/\/electro-strasbourg.eu\/blog\/wp-json\/wp\/v2\/pages\/7\/revisions\/504"}],"up":[{"embeddable":true,"href":"http:\/\/electro-strasbourg.eu\/blog\/wp-json\/wp\/v2\/pages\/451"}],"wp:attachment":[{"href":"http:\/\/electro-strasbourg.eu\/blog\/wp-json\/wp\/v2\/media?parent=7"}],"curies":[{"name":"wp","href":"https:\/\/api.w.org\/{rel}","templated":true}]}}