{"id":613,"date":"2015-02-01T12:20:45","date_gmt":"2015-02-01T11:20:45","guid":{"rendered":"http:\/\/electro-strasbourg.eu\/blog\/?page_id=613"},"modified":"2015-07-17T17:02:53","modified_gmt":"2015-07-17T16:02:53","slug":"philippe-manoury-recherches","status":"publish","type":"page","link":"http:\/\/electro-strasbourg.eu\/blog\/ressources\/ecrits\/philippe-manoury-recherches\/","title":{"rendered":"Philippe Manoury &#8211; Recherches"},"content":{"rendered":"<h1>Philippe Manoury<\/h1>\n<p>Le\u00a0<a href=\"http:\/\/www.philippemanoury.com\" target=\"_blank\">Blog<\/a>\u00a0de Philippe Manoury contient\u00a0beaucoup d&rsquo;info sur sa musique et les processus temps r\u00e9el employ\u00e9s.<\/p>\n<p style=\"padding-left: 30px;\">articles sur ses recherches:<\/p>\n<ul>\n<li style=\"padding-left: 30px;\"><a href=\"http:\/\/www.philippemanoury.com\/?p=5685\" target=\"_blank\">Les cha\u00eenes de Markov\u2026 \u00e0 l\u2019infini<\/a>. (2015)<\/li>\n<li style=\"padding-left: 30px;\"><a href=\"http:\/\/www.philippemanoury.com\/?p=5025\" target=\"_blank\">Les Grammaires G\u00e9n\u00e9ratives Musicales<\/a>. (2012)<\/li>\n<li style=\"padding-left: 30px;\"><a href=\"http:\/\/www.philippemanoury.com\/?p=4786\" target=\"_blank\">Sur quelques th\u00e8mes de recherches musicales actuelles<\/a>\u00a0(2011)<\/li>\n<li style=\"padding-left: 30px;\"><a href=\"http:\/\/www.philippemanoury.com\/?p=319\" target=\"_blank\">Consid\u00e9rations (toujours actuelles) sur l\u2019\u00e9tat de la musique en temps r\u00e9el<\/a>\u00a0(2007)<\/li>\n<\/ul>\n","protected":false},"excerpt":{"rendered":"<p>Philippe Manoury Le\u00a0Blog\u00a0de Philippe Manoury contient\u00a0beaucoup d&rsquo;info sur sa musique et les processus temps r\u00e9el employ\u00e9s. articles sur ses recherches: Les cha\u00eenes de Markov\u2026 \u00e0 l\u2019infini. (2015) Les Grammaires G\u00e9n\u00e9ratives Musicales. (2012) Sur quelques th\u00e8mes de recherches musicales actuelles\u00a0(2011) Consid\u00e9rations (toujours actuelles) sur l\u2019\u00e9tat de la musique en temps r\u00e9el\u00a0(2007)<\/p>\n","protected":false},"author":1,"featured_media":0,"parent":609,"menu_order":2,"comment_status":"closed","ping_status":"closed","template":"","meta":{"jetpack_post_was_ever_published":false,"footnotes":""},"class_list":["post-613","page","type-page","status-publish","hentry"],"jetpack_shortlink":"https:\/\/wp.me\/P3WkX1-9T","jetpack_sharing_enabled":false,"_links":{"self":[{"href":"http:\/\/electro-strasbourg.eu\/blog\/wp-json\/wp\/v2\/pages\/613","targetHints":{"allow":["GET"]}}],"collection":[{"href":"http:\/\/electro-strasbourg.eu\/blog\/wp-json\/wp\/v2\/pages"}],"about":[{"href":"http:\/\/electro-strasbourg.eu\/blog\/wp-json\/wp\/v2\/types\/page"}],"author":[{"embeddable":true,"href":"http:\/\/electro-strasbourg.eu\/blog\/wp-json\/wp\/v2\/users\/1"}],"replies":[{"embeddable":true,"href":"http:\/\/electro-strasbourg.eu\/blog\/wp-json\/wp\/v2\/comments?post=613"}],"version-history":[{"count":1,"href":"http:\/\/electro-strasbourg.eu\/blog\/wp-json\/wp\/v2\/pages\/613\/revisions"}],"predecessor-version":[{"id":616,"href":"http:\/\/electro-strasbourg.eu\/blog\/wp-json\/wp\/v2\/pages\/613\/revisions\/616"}],"up":[{"embeddable":true,"href":"http:\/\/electro-strasbourg.eu\/blog\/wp-json\/wp\/v2\/pages\/609"}],"wp:attachment":[{"href":"http:\/\/electro-strasbourg.eu\/blog\/wp-json\/wp\/v2\/media?parent=613"}],"curies":[{"name":"wp","href":"https:\/\/api.w.org\/{rel}","templated":true}]}}