{"id":581,"date":"2015-01-18T09:49:57","date_gmt":"2015-01-18T08:49:57","guid":{"rendered":"http:\/\/electro-strasbourg.eu\/blog\/?page_id=581"},"modified":"2017-05-30T16:25:10","modified_gmt":"2017-05-30T14:25:10","slug":"auditions-du-15-16-janvier-audio","status":"publish","type":"page","link":"http:\/\/electro-strasbourg.eu\/blog\/audiovideo-archives\/auditions-du-15-16-janvier-audio\/","title":{"rendered":"Auditions du 15-16 janvier 2015"},"content":{"rendered":"<h1>Les auditions du 15-16 janvier 2015<\/h1>\n<p>fin du semestre 1<\/p>\n<p><span style=\"color: #ff0000;\">(Ne pas t\u00e9l\u00e9charger sauf avec la permission des auteurs et interpr\u00e8tes concern\u00e9s.)<\/span><\/p>\n<div class=\"wp-playlist wp-audio-playlist wp-playlist-light\">\n\t\t\t<div class=\"wp-playlist-current-item\"><\/div>\n\t\t<audio controls=\"controls\" preload=\"none\" width=\"452\"\n\t\t\t><\/audio>\n\t<div class=\"wp-playlist-next\"><\/div>\n\t<div class=\"wp-playlist-prev\"><\/div>\n\t<noscript>\n\t<ol>\n\t\t<li><a href='http:\/\/electro-strasbourg.eu\/blog\/wp-content\/uploads\/2015\/01\/150115_01-Clara.mp3'>150115_01-Clara<\/a><\/li><li><a href='http:\/\/electro-strasbourg.eu\/blog\/wp-content\/uploads\/2015\/01\/150115_02-LeoAlicia.mp3'>150115_02-Leo&Alicia<\/a><\/li><li><a href='http:\/\/electro-strasbourg.eu\/blog\/wp-content\/uploads\/2015\/01\/150115_03-Clemence.mp3'>150115_03-Clemence<\/a><\/li><li><a href='http:\/\/electro-strasbourg.eu\/blog\/wp-content\/uploads\/2015\/01\/150115_04-Benoist.mp3'>150115_04-Benoist<\/a><\/li><li><a href='http:\/\/electro-strasbourg.eu\/blog\/wp-content\/uploads\/2015\/01\/150115_05-Briana.mp3'>150115_05-Briana<\/a><\/li><li><a href='http:\/\/electro-strasbourg.eu\/blog\/wp-content\/uploads\/2015\/01\/150115_06-Graciela.mp3'>150115_06-Graciela<\/a><\/li><li><a href='http:\/\/electro-strasbourg.eu\/blog\/wp-content\/uploads\/2015\/01\/150115_07-Zoe.mp3'>150115_07-Zoe<\/a><\/li><li><a href='http:\/\/electro-strasbourg.eu\/blog\/wp-content\/uploads\/2015\/01\/150116_01-Guido.mp3'>150116_01-Guido<\/a><\/li><li><a href='http:\/\/electro-strasbourg.eu\/blog\/wp-content\/uploads\/2015\/01\/150116_02-Etienne.mp3'>150116_02-Etienne<\/a><\/li><li><a href='http:\/\/electro-strasbourg.eu\/blog\/wp-content\/uploads\/2015\/01\/150116_03-Emmanuel.mp3'>150116_03-Emmanuel<\/a><\/li><li><a href='http:\/\/electro-strasbourg.eu\/blog\/wp-content\/uploads\/2015\/01\/150116_04-Nacer.mp3'>150116_04-Nacer<\/a><\/li><li><a href='http:\/\/electro-strasbourg.eu\/blog\/wp-content\/uploads\/2015\/01\/150116_05-Javier.mp3'>150116_05-Javier<\/a><\/li><li><a href='http:\/\/electro-strasbourg.eu\/blog\/wp-content\/uploads\/2015\/01\/150116_06-Enrico.mp3'>150116_06-Enrico<\/a><\/li><li><a href='http:\/\/electro-strasbourg.eu\/blog\/wp-content\/uploads\/2015\/01\/150116_07-Daphne.mp3'>150116_07-Daphne<\/a><\/li><li><a href='http:\/\/electro-strasbourg.eu\/blog\/wp-content\/uploads\/2015\/01\/150116_08-David.mp3'>150116_08-David<\/a><\/li><li><a href='http:\/\/electro-strasbourg.eu\/blog\/wp-content\/uploads\/2015\/01\/150116_09-EES.mp3'>150116_09-EES<\/a><\/li>\t<\/ol>\n\t<\/noscript>\n\t<script type=\"application\/json\" class=\"wp-playlist-script\">{\"type\":\"audio\",\"tracklist\":true,\"tracknumbers\":true,\"images\":true,\"artists\":true,\"tracks\":[{\"src\":\"http:\/\/electro-strasbourg.eu\/blog\/wp-content\/uploads\/2015\/01\/150115_01-Clara.mp3\",\"type\":\"audio\/mpeg\",\"title\":\"150115_01-Clara\",\"caption\":\"\",\"description\":\"\\u003Ci\\u003E150115_01-Clara\\u003C\/i\\u003E.\",\"meta\":{\"length_formatted\":\"1:59\"},\"image\":{\"src\":\"http:\/\/electro-strasbourg.eu\/blog\/wp-includes\/images\/media\/audio.svg\",\"width\":48,\"height\":64},\"thumb\":{\"src\":\"http:\/\/electro-strasbourg.eu\/blog\/wp-includes\/images\/media\/audio.svg\",\"width\":48,\"height\":64}},{\"src\":\"http:\/\/electro-strasbourg.eu\/blog\/wp-content\/uploads\/2015\/01\/150115_02-LeoAlicia.mp3\",\"type\":\"audio\/mpeg\",\"title\":\"150115_02-Leo&Alicia\",\"caption\":\"\",\"description\":\"\\u003Ci\\u003E150115_02-Leo&Alicia\\u003C\/i\\u003E.\",\"meta\":{\"length_formatted\":\"5:09\"},\"image\":{\"src\":\"http:\/\/electro-strasbourg.eu\/blog\/wp-includes\/images\/media\/audio.svg\",\"width\":48,\"height\":64},\"thumb\":{\"src\":\"http:\/\/electro-strasbourg.eu\/blog\/wp-includes\/images\/media\/audio.svg\",\"width\":48,\"height\":64}},{\"src\":\"http:\/\/electro-strasbourg.eu\/blog\/wp-content\/uploads\/2015\/01\/150115_03-Clemence.mp3\",\"type\":\"audio\/mpeg\",\"title\":\"150115_03-Clemence\",\"caption\":\"\",\"description\":\"\\u003Ci\\u003E150115_03-Clemence\\u003C\/i\\u003E.\",\"meta\":{\"length_formatted\":\"8:58\"},\"image\":{\"src\":\"http:\/\/electro-strasbourg.eu\/blog\/wp-includes\/images\/media\/audio.svg\",\"width\":48,\"height\":64},\"thumb\":{\"src\":\"http:\/\/electro-strasbourg.eu\/blog\/wp-includes\/images\/media\/audio.svg\",\"width\":48,\"height\":64}},{\"src\":\"http:\/\/electro-strasbourg.eu\/blog\/wp-content\/uploads\/2015\/01\/150115_04-Benoist.mp3\",\"type\":\"audio\/mpeg\",\"title\":\"150115_04-Benoist\",\"caption\":\"\",\"description\":\"\\u003Ci\\u003E150115_04-Benoist\\u003C\/i\\u003E.\",\"meta\":{\"length_formatted\":\"4:57\"},\"image\":{\"src\":\"http:\/\/electro-strasbourg.eu\/blog\/wp-includes\/images\/media\/audio.svg\",\"width\":48,\"height\":64},\"thumb\":{\"src\":\"http:\/\/electro-strasbourg.eu\/blog\/wp-includes\/images\/media\/audio.svg\",\"width\":48,\"height\":64}},{\"src\":\"http:\/\/electro-strasbourg.eu\/blog\/wp-content\/uploads\/2015\/01\/150115_05-Briana.mp3\",\"type\":\"audio\/mpeg\",\"title\":\"150115_05-Briana\",\"caption\":\"\",\"description\":\"\\u003Ci\\u003E150115_05-Briana\\u003C\/i\\u003E.\",\"meta\":{\"length_formatted\":\"2:10\"},\"image\":{\"src\":\"http:\/\/electro-strasbourg.eu\/blog\/wp-includes\/images\/media\/audio.svg\",\"width\":48,\"height\":64},\"thumb\":{\"src\":\"http:\/\/electro-strasbourg.eu\/blog\/wp-includes\/images\/media\/audio.svg\",\"width\":48,\"height\":64}},{\"src\":\"http:\/\/electro-strasbourg.eu\/blog\/wp-content\/uploads\/2015\/01\/150115_06-Graciela.mp3\",\"type\":\"audio\/mpeg\",\"title\":\"150115_06-Graciela\",\"caption\":\"\",\"description\":\"\\u003Ci\\u003E150115_06-Graciela\\u003C\/i\\u003E.\",\"meta\":{\"length_formatted\":\"2:24\"},\"image\":{\"src\":\"http:\/\/electro-strasbourg.eu\/blog\/wp-includes\/images\/media\/audio.svg\",\"width\":48,\"height\":64},\"thumb\":{\"src\":\"http:\/\/electro-strasbourg.eu\/blog\/wp-includes\/images\/media\/audio.svg\",\"width\":48,\"height\":64}},{\"src\":\"http:\/\/electro-strasbourg.eu\/blog\/wp-content\/uploads\/2015\/01\/150115_07-Zoe.mp3\",\"type\":\"audio\/mpeg\",\"title\":\"150115_07-Zoe\",\"caption\":\"\",\"description\":\"\\u003Ci\\u003E150115_07-Zoe\\u003C\/i\\u003E.\",\"meta\":{\"length_formatted\":\"5:32\"},\"image\":{\"src\":\"http:\/\/electro-strasbourg.eu\/blog\/wp-includes\/images\/media\/audio.svg\",\"width\":48,\"height\":64},\"thumb\":{\"src\":\"http:\/\/electro-strasbourg.eu\/blog\/wp-includes\/images\/media\/audio.svg\",\"width\":48,\"height\":64}},{\"src\":\"http:\/\/electro-strasbourg.eu\/blog\/wp-content\/uploads\/2015\/01\/150116_01-Guido.mp3\",\"type\":\"audio\/mpeg\",\"title\":\"150116_01-Guido\",\"caption\":\"\",\"description\":\"\\u003Ci\\u003E150116_01-Guido\\u003C\/i\\u003E.\",\"meta\":{\"length_formatted\":\"8:57\"},\"image\":{\"src\":\"http:\/\/electro-strasbourg.eu\/blog\/wp-includes\/images\/media\/audio.svg\",\"width\":48,\"height\":64},\"thumb\":{\"src\":\"http:\/\/electro-strasbourg.eu\/blog\/wp-includes\/images\/media\/audio.svg\",\"width\":48,\"height\":64}},{\"src\":\"http:\/\/electro-strasbourg.eu\/blog\/wp-content\/uploads\/2015\/01\/150116_02-Etienne.mp3\",\"type\":\"audio\/mpeg\",\"title\":\"150116_02-Etienne\",\"caption\":\"\",\"description\":\"\\u003Ci\\u003E150116_02-Etienne\\u003C\/i\\u003E.\",\"meta\":{\"length_formatted\":\"3:38\"},\"image\":{\"src\":\"http:\/\/electro-strasbourg.eu\/blog\/wp-includes\/images\/media\/audio.svg\",\"width\":48,\"height\":64},\"thumb\":{\"src\":\"http:\/\/electro-strasbourg.eu\/blog\/wp-includes\/images\/media\/audio.svg\",\"width\":48,\"height\":64}},{\"src\":\"http:\/\/electro-strasbourg.eu\/blog\/wp-content\/uploads\/2015\/01\/150116_03-Emmanuel.mp3\",\"type\":\"audio\/mpeg\",\"title\":\"150116_03-Emmanuel\",\"caption\":\"\",\"description\":\"\\u003Ci\\u003E150116_03-Emmanuel\\u003C\/i\\u003E.\",\"meta\":{\"length_formatted\":\"5:20\"},\"image\":{\"src\":\"http:\/\/electro-strasbourg.eu\/blog\/wp-includes\/images\/media\/audio.svg\",\"width\":48,\"height\":64},\"thumb\":{\"src\":\"http:\/\/electro-strasbourg.eu\/blog\/wp-includes\/images\/media\/audio.svg\",\"width\":48,\"height\":64}},{\"src\":\"http:\/\/electro-strasbourg.eu\/blog\/wp-content\/uploads\/2015\/01\/150116_04-Nacer.mp3\",\"type\":\"audio\/mpeg\",\"title\":\"150116_04-Nacer\",\"caption\":\"\",\"description\":\"\\u003Ci\\u003E150116_04-Nacer\\u003C\/i\\u003E.\",\"meta\":{\"length_formatted\":\"4:59\"},\"image\":{\"src\":\"http:\/\/electro-strasbourg.eu\/blog\/wp-includes\/images\/media\/audio.svg\",\"width\":48,\"height\":64},\"thumb\":{\"src\":\"http:\/\/electro-strasbourg.eu\/blog\/wp-includes\/images\/media\/audio.svg\",\"width\":48,\"height\":64}},{\"src\":\"http:\/\/electro-strasbourg.eu\/blog\/wp-content\/uploads\/2015\/01\/150116_05-Javier.mp3\",\"type\":\"audio\/mpeg\",\"title\":\"150116_05-Javier\",\"caption\":\"\",\"description\":\"\\u003Ci\\u003E150116_05-Javier\\u003C\/i\\u003E.\",\"meta\":{\"length_formatted\":\"4:06\"},\"image\":{\"src\":\"http:\/\/electro-strasbourg.eu\/blog\/wp-includes\/images\/media\/audio.svg\",\"width\":48,\"height\":64},\"thumb\":{\"src\":\"http:\/\/electro-strasbourg.eu\/blog\/wp-includes\/images\/media\/audio.svg\",\"width\":48,\"height\":64}},{\"src\":\"http:\/\/electro-strasbourg.eu\/blog\/wp-content\/uploads\/2015\/01\/150116_06-Enrico.mp3\",\"type\":\"audio\/mpeg\",\"title\":\"150116_06-Enrico\",\"caption\":\"\",\"description\":\"\\u003Ci\\u003E150116_06-Enrico\\u003C\/i\\u003E.\",\"meta\":{\"length_formatted\":\"6:08\"},\"image\":{\"src\":\"http:\/\/electro-strasbourg.eu\/blog\/wp-includes\/images\/media\/audio.svg\",\"width\":48,\"height\":64},\"thumb\":{\"src\":\"http:\/\/electro-strasbourg.eu\/blog\/wp-includes\/images\/media\/audio.svg\",\"width\":48,\"height\":64}},{\"src\":\"http:\/\/electro-strasbourg.eu\/blog\/wp-content\/uploads\/2015\/01\/150116_07-Daphne.mp3\",\"type\":\"audio\/mpeg\",\"title\":\"150116_07-Daphne\",\"caption\":\"\",\"description\":\"\\u003Ci\\u003E150116_07-Daphne\\u003C\/i\\u003E.\",\"meta\":{\"length_formatted\":\"3:05\"},\"image\":{\"src\":\"http:\/\/electro-strasbourg.eu\/blog\/wp-includes\/images\/media\/audio.svg\",\"width\":48,\"height\":64},\"thumb\":{\"src\":\"http:\/\/electro-strasbourg.eu\/blog\/wp-includes\/images\/media\/audio.svg\",\"width\":48,\"height\":64}},{\"src\":\"http:\/\/electro-strasbourg.eu\/blog\/wp-content\/uploads\/2015\/01\/150116_08-David.mp3\",\"type\":\"audio\/mpeg\",\"title\":\"150116_08-David\",\"caption\":\"\",\"description\":\"\\u003Ci\\u003E150116_08-David\\u003C\/i\\u003E.\",\"meta\":{\"length_formatted\":\"5:38\"},\"image\":{\"src\":\"http:\/\/electro-strasbourg.eu\/blog\/wp-includes\/images\/media\/audio.svg\",\"width\":48,\"height\":64},\"thumb\":{\"src\":\"http:\/\/electro-strasbourg.eu\/blog\/wp-includes\/images\/media\/audio.svg\",\"width\":48,\"height\":64}},{\"src\":\"http:\/\/electro-strasbourg.eu\/blog\/wp-content\/uploads\/2015\/01\/150116_09-EES.mp3\",\"type\":\"audio\/mpeg\",\"title\":\"150116_09-EES\",\"caption\":\"\",\"description\":\"\\u003Ci\\u003E150116_09-EES\\u003C\/i\\u003E.\",\"meta\":{\"length_formatted\":\"7:16\"},\"image\":{\"src\":\"http:\/\/electro-strasbourg.eu\/blog\/wp-includes\/images\/media\/audio.svg\",\"width\":48,\"height\":64},\"thumb\":{\"src\":\"http:\/\/electro-strasbourg.eu\/blog\/wp-includes\/images\/media\/audio.svg\",\"width\":48,\"height\":64}}]}<\/script>\n<\/div>\n\t\n<p>&nbsp;<\/p>\n","protected":false},"excerpt":{"rendered":"<p>Les auditions du 15-16 janvier 2015 fin du semestre 1 (Ne pas t\u00e9l\u00e9charger sauf avec la permission des auteurs et interpr\u00e8tes concern\u00e9s.) &nbsp;<\/p>\n","protected":false},"author":1,"featured_media":577,"parent":584,"menu_order":0,"comment_status":"closed","ping_status":"closed","template":"","meta":{"jetpack_post_was_ever_published":false,"footnotes":""},"class_list":["post-581","page","type-page","status-publish","has-post-thumbnail","hentry"],"jetpack_shortlink":"https:\/\/wp.me\/P3WkX1-9n","jetpack_sharing_enabled":false,"_links":{"self":[{"href":"http:\/\/electro-strasbourg.eu\/blog\/wp-json\/wp\/v2\/pages\/581","targetHints":{"allow":["GET"]}}],"collection":[{"href":"http:\/\/electro-strasbourg.eu\/blog\/wp-json\/wp\/v2\/pages"}],"about":[{"href":"http:\/\/electro-strasbourg.eu\/blog\/wp-json\/wp\/v2\/types\/page"}],"author":[{"embeddable":true,"href":"http:\/\/electro-strasbourg.eu\/blog\/wp-json\/wp\/v2\/users\/1"}],"replies":[{"embeddable":true,"href":"http:\/\/electro-strasbourg.eu\/blog\/wp-json\/wp\/v2\/comments?post=581"}],"version-history":[{"count":9,"href":"http:\/\/electro-strasbourg.eu\/blog\/wp-json\/wp\/v2\/pages\/581\/revisions"}],"predecessor-version":[{"id":2036,"href":"http:\/\/electro-strasbourg.eu\/blog\/wp-json\/wp\/v2\/pages\/581\/revisions\/2036"}],"up":[{"embeddable":true,"href":"http:\/\/electro-strasbourg.eu\/blog\/wp-json\/wp\/v2\/pages\/584"}],"wp:featuredmedia":[{"embeddable":true,"href":"http:\/\/electro-strasbourg.eu\/blog\/wp-json\/wp\/v2\/media\/577"}],"wp:attachment":[{"href":"http:\/\/electro-strasbourg.eu\/blog\/wp-json\/wp\/v2\/media?parent=581"}],"curies":[{"name":"wp","href":"https:\/\/api.w.org\/{rel}","templated":true}]}}