{"id":552,"date":"2014-12-16T14:38:18","date_gmt":"2014-12-16T13:38:18","guid":{"rendered":"http:\/\/electro-strasbourg.eu\/blog\/?page_id=552"},"modified":"2015-08-09T11:05:08","modified_gmt":"2015-08-09T10:05:08","slug":"etudes-a-letranger","status":"publish","type":"page","link":"http:\/\/electro-strasbourg.eu\/blog\/ressources\/etudes-a-letranger\/","title":{"rendered":"Etudes \u00e0 l&rsquo;\u00e9tranger"},"content":{"rendered":"<p>Pour d&rsquo;\u00e9ventuelles \u00e9changes, quelques tr\u00e8s bonnes \u00e9coles pour la composition \u00e9lectroacoustique, la\u00a0composition mixte et l&rsquo;informatique musicale \u00e0 l&rsquo;\u00e9tranger :<\/p>\n<h6>Europe :<\/h6>\n<ul>\n<li><a href=\"#HEM\">Haute Ecole de Musique de Gen\u00e8ve<\/a><\/li>\n<li><a href=\"#Sonology\">Institute of Sonology of the Royal Conservatory At the Hague<\/a><\/li>\n<li><a href=\"#SARC\">Sonic Arts Research Centre at Queen&rsquo;s University in Belfast<\/a><\/li>\n<li><a href=\"#Brunel\">Sonic Arts at Brunel University in London<\/a><\/li>\n<\/ul>\n<h6>USA\u00a0:<\/h6>\n<ul>\n<li><a href=\"#CNMAT\">CNMAT &#8211; Universit\u00e9 de Berkeley en Californie<\/a><\/li>\n<li><a href=\"#CCRMA\">CCRMA &#8211; Universit\u00e9 de Stanford en Californie<\/a><\/li>\n<li><a href=\"#CMC\">Computer Music Center at Columbia University, New York<\/a><\/li>\n<\/ul>\n<h6>Canada\u00a0:<\/h6>\n<ul>\n<li><a href=\"#CIRMMT\">CIRMMT &#8211; Centre for Interdisciplinary Research in Music Media and Technology, \u00a0McGill University, Montr\u00e9al<\/a><\/li>\n<li><a href=\"#EUDM\">La composition \u00e9lectroacoustique \u00e0 l\u2019Universit\u00e9 de Montr\u00e9al<\/a><\/li>\n<li><a href=\"#MUDM\">La composition mixte \u00e0 l\u2019Universit\u00e9 de Montr\u00e9al<\/a><\/li>\n<\/ul>\n<h3><strong>Europe :<\/strong><\/h3>\n<p><strong><a id=\"HEM\">Haute Ecole de Musique de Gen\u00e8ve<\/a><\/strong><\/p>\n<p style=\"padding-left: 30px;\">h<a href=\"http:\/\/www.hemge.ch\/Departements\/Departement-de-composition-et-theorie.aspx\" target=\"_blank\">ttp:\/\/www.hemge.ch\/Departements\/Departement-de-composition-et-theorie.aspx<\/a><\/p>\n<p style=\"padding-left: 30px;\">Michael Jarrell, Luis Naon, Eric Daubresse<\/p>\n<p style=\"padding-left: 30px;\">liens avec\u00a0l\u2019ircam, tr\u00e8s bon niveau, bien \u00e9quip\u00e9<\/p>\n<blockquote>\n<p style=\"padding-left: 30px;\">Le d\u00e9partement est un p\u00f4le de cr\u00e9ation et d&rsquo;exp\u00e9rimentation dans le domaine de la composition et de la composition mixte (acoustique et \u00e9lectro-acoustique). Il abrite le Centre de musique \u00e9lectronique (CME), infrastructure d\u00e9velopp\u00e9e dans le domaine de la technologie musicale, de la prise de son, de la composition assist\u00e9e.<br \/>\nC&rsquo;est \u00e9galement le centre de comp\u00e9tence de la HEM dans le domaine de la th\u00e9orie de la musique, avec une expertise centr\u00e9e sur le langage musical occidental, mais s&rsquo;\u00e9largissant \u00e9galement aux traditions non-europ\u00e9ennes (ethnomusicologie, musiques du monde).<\/p>\n<\/blockquote>\n<p>&nbsp;<\/p>\n<p><strong><a id=\"Sonology\">Institute of Sonology of the Royal Conservatory At the Hague<\/a><\/strong><\/p>\n<p style=\"padding-left: 30px;\"><a href=\"http:\/\/www.koncon.nl\/en\/Departments%20%26%20Study%20Programmes\/Sonology\/\" target=\"_blank\">http:\/\/www.koncon.nl\/en\/Departments%20%26%20Study%20Programmes\/Sonology\/<\/a><\/p>\n<blockquote>\n<p style=\"padding-left: 30px;\" align=\"LEFT\">In the context of the lengthy history of Western music, electro-acoustic music is still in its infancy. But the importance and potential of this new music practice is growing rapidly with the advances being made in (computer) technology and electronics. Electro-acoustic music is therefore experimental by nature, and teachers, students and alumni of the Institute of Sonology are at the forefront of its development. As sonologists they make an important contribution to the development of electro-acoustic and computer music, for example by giving prestigious concerts, building equipment and interfaces and developing computer programmes.<\/p>\n<p style=\"padding-left: 30px;\" align=\"LEFT\">Some sonologists concentrate mainly on the practical aspects of electroacoustic music; rather than composing \u2018with\u2019 sounds as in instrumental music, they compose the sounds themselves in such a way that they express the form. This can be done on the basis of physical principles of sound, on the basis of perception or on the basis of purely compositional motives. Other sonologists focus mainly on theoretical\u00a0 research in the field of sonology, resulting in publications or computer programmes.<\/p>\n<p style=\"padding-left: 30px;\" align=\"LEFT\">The Institute of Sonology maintains an extensive network of contacts with institutions such as the Technische Universit\u00e4t Berlin, Groupe de Recherches Musicales in Paris, Studio for Electro Instrumental Music (STEIM), the Hochschule f\u00fcr K\u00fcnste in Bremen, the Folkwang Hochschule in Essen, the musical theatre ensemble Veenfabriek, V2, the Nederlands Filmmuseum, TAG Amsterdam \/ The Hague, DNK Amsterdam, Lokaal 01 Breda and the Netherlands Music Institute.<\/p>\n<\/blockquote>\n<p>&nbsp;<\/p>\n<p><strong><a id=\"SARC\">Sonic Arts Research Centre at Queen&rsquo;s University in Belfast<\/a><\/strong><\/p>\n<p style=\"padding-left: 30px;\"><a href=\"http:\/\/www.sarc.qub.ac.uk\" target=\"_blank\">http:\/\/www.sarc.qub.ac.uk\/main.php<\/a><\/p>\n<blockquote>\n<div style=\"padding-left: 30px;\">Since its founding in 2001 the Sonic Arts Research Centre (SARC), Queen\u2019s University Belfast has become a leading institute for research and creative practice in sonic arts. A purpose designed building with state-of-the-art\u00a0<a href=\"http:\/\/www.sarc.qub.ac.uk\/sites\/sarc\/AboutUs\/TheSARCBuildingandFacilities\/\">facilities<\/a>\u00a0was opened by Karlheinz Stockhausen in 2004 during the\u00a0<a href=\"http:\/\/sonorities.org.uk\/\">Sonorities Festival of Contemporary Music<\/a>\u00a0which is hosted annually by SARC.<\/div>\n<div style=\"padding-left: 30px;\"><\/div>\n<div style=\"padding-left: 30px;\">Key areas of interest include: composition and performance; improvisation, virtual instruments; interactivity and interaction design; spatial audio; hearing and perception; distributed performance; site-specific sound art, critical and cultural theories of sonic arts; history of sonic arts, community engagement in sonic arts; and relationships to the creative industries in local, regional and international contexts.<\/div>\n<\/blockquote>\n<p>&nbsp;<\/p>\n<p><strong><a id=\"Brunel\">Sonic Arts at Brunel University in London<\/a><\/strong><\/p>\n<p style=\"padding-left: 30px;\"><a href=\"http:\/\/www.brunel.ac.uk\/courses\/undergraduate\/sonic-arts-ba\" target=\"_blank\">http:\/\/www.brunel.ac.uk\/courses\/undergraduate\/sonic-arts-ba<\/a><\/p>\n<blockquote>\n<p style=\"padding-left: 30px;\">This programme is designed for students who wish to extend their understanding of music technology as a creative tool. Starting from a foundation in sound software and hardware and recording techniques, you will progress towards advanced study of sonic arts composition and live interaction. You will also be free to pursue interests in composition, performance, improvisation, and musicology.<\/p>\n<p style=\"padding-left: 30px;\">For their first year, Sonic Arts students join other music students in a range of studies aimed at establishing a rounded 21st-century musicianship, including both music technology and a broader perspective on music theory and practice. You should therefore be studying Music at A-level or have a pass at least Grade 5 theory to apply for this programme. If not, we will require you to take our online music admissions test.<\/p>\n<p style=\"padding-left: 30px;\">Facilities include a computer suite fully equipped for sound design and notation, studios for individual work, individual practice rooms and larger spaces for group rehearsals.<\/p>\n<p style=\"padding-left: 30px;\">There is a vibrant student performance culture on campus comprising several ensembles performing contemporary and classical music, improvisation, jazz, and live electronics.<\/p>\n<p style=\"padding-left: 30px;\">You will be part of a highly dynamic music department with a strong profile in the Greater London area. The University hosts many recitals and concerts, including new performance work by students, staff and visiting artists, in the newly refurbished Antonin Artaud building.<\/p>\n<\/blockquote>\n<p>&nbsp;<\/p>\n<h3>USA\u00a0:<\/h3>\n<p>&nbsp;<\/p>\n<p><strong><a id=\"CNMAT\">CNMAT (Center for New Music and Audio Technologies), Univ of Berkeley, California<\/a><\/strong><\/p>\n<p style=\"padding-left: 30px;\"><a href=\"http:\/\/cnmat.berkeley.edu\" target=\"_blank\">http:\/\/cnmat.berkeley.edu<\/a><\/p>\n<blockquote>\n<p style=\"padding-left: 30px;\">Mission:<br \/>\nThe UC Berkeley Center for New Music and Audio Technologies (CNMAT) was conceived and established by composer and Professor Emeritus Richard Felciano in the late 1980s \u2014 the operating budget officially commenced on July 1, 1989. CNMAT houses a dynamic group of educational, performance and research programs focused on the creative interaction between music and technology. CNMAT\u2019s research program is highly interdisciplinary, linking all of UC Berkeley\u2019s disciplines dedicated to the study or creative use of sound (such as music, architecture, mathematics, statistics, mechanical engineering, computer science, electrical engineering, psychology, physics, space sciences, the Center for New Media, and the Department of Theater, Dance, and Performance Studies). CNMAT\u2019s educational program integrates a Music and Technology component into the Department of Music\u2019s graduate program in music composition &#8211; it also supports the undergraduate curriculum in music\/technology for music majors and non-music majors.<\/p>\n<p style=\"padding-left: 30px;\">Outreach:<br \/>\nCNMAT\u2019s events program offers a range of concerts, lectures and other events informed by our research and pedagogy efforts. In our Sound Spatialization Theater, we present concerts that cross cultural and musical barriers and provide a forum for diverse lectures and demonstrations for students, faculty and the community.<\/p>\n<\/blockquote>\n<p>&nbsp;<\/p>\n<p><strong><a id=\"CCRMA\">CCRMA (Center for Computer Research in Music and Acoustics) at Stanford University in California<\/a><\/strong><\/p>\n<p style=\"padding-left: 30px;\"><a href=\"https:\/\/ccrma.stanford.edu\" target=\"_blank\">https:\/\/ccrma.stanford.edu<\/a><\/p>\n<blockquote>\n<p style=\"padding-left: 30px;\">Pronouncing \u00ab\u00a0CCRMA\u00a0\u00bb:<br \/>\nCCRMA is an acronym for the Center for Computer Research in Music and Acoustics it is pronounced \u00ab\u00a0karma\u00a0\u00bb (the first \u00ab\u00a0c\u00a0\u00bb is silent).<\/p>\n<p style=\"padding-left: 30px;\">Areas of ongoing interest:<br \/>\nComposition, Applications Hardware, Applications Software, Synthesis Techniques and Algorithms, Physical Modeling, Music and Mobile Devices, Sensors, Real-Time Controllers, Signal Processing, Digital Recording and Editing, Psychoacoustics and Musical Acoustics, Perceptual Audio Coding, Music Information Retrieval, Audio Networking, Auditory Display of Multidimensional Data (Data Sonification), and Real-Time Applications.<\/p>\n<\/blockquote>\n<p>&nbsp;<\/p>\n<p><strong><a id=\"CMC\">The CMC (Computer Music Center) at Columbia University in New York City<\/a><\/strong><\/p>\n<p style=\"padding-left: 30px;\"><a href=\"http:\/\/music.columbia.edu\/cmc\/\" target=\"_blank\">http:\/\/music.columbia.edu\/cmc\/<\/a><\/p>\n<blockquote>\n<p style=\"padding-left: 30px;\">The Computer Music Center at Columbia University is an innovative and exciting music and arts technology facility with a long history of creative excellence. The center is housed in two separate facilities: one in Dodge Hall on the main Columbia campus (1 train to 116th St.), and another, larger facility on the third floor of Prentis Hall at 632 W 125th St. (1 train to 125th St.).<\/p>\n<p style=\"padding-left: 30px;\">There are many opportunities for involvement in CMC activities. Students, researchers and creative artists working at the Center come from many different divisions within Columbia University. The primary mission of the CMC is to operate at the intersection of musical expression and technological development, and as a result the Center has become involved in a broad range of interesting projects. The CMC has also produced events aimed at reaching out to a wider community, both locally in New York and globally in a number of different international venues.<\/p>\n<p style=\"padding-left: 30px;\">The CMC\u2019s classes are open to qualified undergraduate and graduate students in all departments of the University. In addition, a number of guest composers and researchers have come to the CMC from all over the world to take advantage of our unique expertise and facilities.<\/p>\n<\/blockquote>\n<p>&nbsp;<\/p>\n<h3>Canada :<\/h3>\n<p>&nbsp;<\/p>\n<p><strong><a id=\"CIRMMT\">CIRMMT &#8211; Centre for Interdisciplinary Research in Music Media and Technology, \u00a0McGill University, Montr\u00e9al<\/a><\/strong><\/p>\n<p style=\"padding-left: 30px;\"><a href=\"http:\/\/www.cirmmt.org\/\" target=\"_blank\">http:\/\/www.cirmmt.org\/<\/a><\/p>\n<blockquote>\n<p style=\"padding-left: 30px;\"><strong>CIRMMT<\/strong>\u00a0is a multi-disciplinary research group centred at the Schulich School of Music of McGill University. It unites researchers and their students from several Quebec institutions &#8211; McGill University, l\u2019Universit\u00e9 de Montr\u00e9al, l\u2019Universit\u00e9 de Sherbrooke Concordia University, Ecole de technologie sup\u00e9rieure, INRS and Marianopolis College. The CIRMMT community also includes administrative and technical staff, research associates, visiting scholars, musicians, and industrial associates. \u00a0CIRMMT occupies a unique position on the international stage having developed intense research partnerships with other academic and research institutions, as well as diverse industry partners throughout the world.<\/p>\n<p style=\"padding-left: 30px;\"><strong>The CIRMMT community<\/strong>\u00a0is interested in interdisciplinary research related to the creation of music in the composer&rsquo;s or performer&rsquo;s mind, the performance of music, its recording and\/or transmission, and the reception of music by the listener. It is also interested in the ways in which vision, haptics and touch interact with music and sound. \u00a0CIRMMT seeks to develop innovative approaches to the scientific study of music media and technology, to promote the application of newer technologies in science and the creative arts, and to provide an advanced research training environment.<\/p>\n<\/blockquote>\n<p>&nbsp;<\/p>\n<p><strong><a id=\"EUDM\">La composition \u00e9lectroacoustique \u00e0 l\u2019Universit\u00e9 de Montr\u00e9al<\/a><\/strong><br \/>\n<strong><\/strong><\/p>\n<p style=\"padding-left: 30px;\"><a href=\"http:\/\/www.musique.umontreal.ca\/disciplines_profs\/composition_ea.html\" target=\"_blank\">http:\/\/www.musique.umontreal.ca\/disciplines_profs\/composition_ea.html<\/a><\/p>\n<blockquote>\n<p style=\"padding-left: 30px;\">Depuis sa cr\u00e9ation en 1980, le programme de composition \u00e9lectroacoustique est l&rsquo;un des secteurs qui ont fait la renomm\u00e9e de la Facult\u00e9 de musique. Au fil des ans, plusieurs de ses \u00e9tudiants sont devenus des compositeurs professionnels qui ont jou\u00e9 un r\u00f4le important dans ce qu&rsquo;on a appel\u00e9 \u00ab l&rsquo;\u00c9cole de Montr\u00e9al \u00bb, ici et \u00e0 l&rsquo;\u00e9tranger.<\/p>\n<p style=\"padding-left: 30px;\">Le r\u00e9put\u00e9 compositeur et p\u00e9dagogue Jean Pich\u00e9 est aujourd&rsquo;hui le responsable de ce programme unique au Canada qui attire des \u00e9tudiants venus d&rsquo;Europe et de toute l&rsquo;Am\u00e9rique qui remportent r\u00e9guli\u00e8rement des prix sur les sc\u00e8nes nationales et internationales.<\/p>\n<p style=\"padding-left: 30px;\">L&rsquo;un des atouts du programme r\u00e9side dans le fait qu&rsquo;il vise non seulement \u00e0 rendre les \u00e9tudiants comp\u00e9tents et autonomes sur le plan technique, mais aussi \u00e0 les encourager \u00e0 d\u00e9velopper une pens\u00e9e artistique personnelle.<\/p>\n<p style=\"padding-left: 30px;\">En outre, la Facult\u00e9 dispose d&rsquo;un laboratoire de cr\u00e9ation m\u00e9diatique \u2013 le Laboratoire Art &amp; D \u2013 qui permet \u00e0 ses \u00e9tudiants d&rsquo;effectuer de la recherche de pointe en composition \u00e9lectroacoustique. Ce projet de recherche explore deux axes majeurs : la spatialisation sonore et la vid\u00e9omusique.<\/p>\n<\/blockquote>\n<p>&nbsp;<\/p>\n<p><strong><a id=\"MUDM\">La composition mixte \u00e0 l\u2019Universit\u00e9 de Montr\u00e9al<\/a><\/strong><\/p>\n<p style=\"padding-left: 30px;\"><a href=\"http:\/\/www.musique.umontreal.ca\/disciplines_profs\/composition_mixte.html\" target=\"_blank\">http:\/\/www.musique.umontreal.ca\/disciplines_profs\/composition_mixte.html<\/a><\/p>\n<blockquote>\n<p style=\"padding-left: 30px;\">Depuis les ann\u00e9es 1930, de nombreux compositeurs-chercheurs ont explor\u00e9 l&rsquo;univers de la musique mixte en alliant les sons acoustiques des instruments aux sons \u00e9lectroacoustiques projet\u00e9s par des haut-parleurs. Au cours des derni\u00e8res d\u00e9cennies, la conception d&rsquo;outils informatiques sophistiqu\u00e9s a permis un d\u00e9veloppement extraordinaire de cette nouvelle branche de la cr\u00e9ation musicale, faisant \u00e9voluer toute la pens\u00e9e du sonore \u00e0 travers des \u0153uvres in\u00e9dites et audacieuses.<\/p>\n<p style=\"padding-left: 30px;\">\u00c0 la fine pointe de la recherche, la Facult\u00e9 de musique a mis sur pied, d\u00e8s 1999, un programme de composition mixte qui permet aux \u00e9tudiants de d\u00e9couvrir et d&rsquo;exp\u00e9rimenter ces deux univers pour les fusionner dans leur travail de composition. La banque de cours offre un environnement privil\u00e9gi\u00e9 qui s&rsquo;appuie, entre autres, sur l&rsquo;apprentissage des logiciels les plus r\u00e9cents d&rsquo;analyse et de synth\u00e8se du son, et d&rsquo;assistance \u00e0 la composition. Les \u00e9tudiants ont en outre acc\u00e8s \u00e0 des syst\u00e8mes de diffusion, \u00e0 des studios et \u00e0 des salles de concerts de haut niveau sur le plan acoustique.<\/p>\n<p style=\"padding-left: 30px;\">\u00c0 la Facult\u00e9 de musique, les professeurs de composition \u00e9lectroacoustique, de composition instrumentale et de composition mixte font \u00e9quipe pour offrir une formation aussi compl\u00e8te et rigoureuse que possible aux \u00e9tudiants.<\/p>\n<\/blockquote>\n","protected":false},"excerpt":{"rendered":"<p>Pour d&rsquo;\u00e9ventuelles \u00e9changes, quelques tr\u00e8s bonnes \u00e9coles pour la composition \u00e9lectroacoustique, la\u00a0composition mixte et l&rsquo;informatique musicale \u00e0 l&rsquo;\u00e9tranger : Europe : Haute Ecole de Musique de Gen\u00e8ve Institute of Sonology of the Royal Conservatory At the Hague Sonic Arts Research Centre at Queen&rsquo;s University in Belfast Sonic Arts at Brunel University in London USA\u00a0: CNMAT &hellip; <a href=\"http:\/\/electro-strasbourg.eu\/blog\/ressources\/etudes-a-letranger\/\" class=\"more-link\">Continuer la lecture de <span class=\"screen-reader-text\">Etudes \u00e0 l&rsquo;\u00e9tranger<\/span>  <span class=\"meta-nav\">&rarr;<\/span><\/a><\/p>\n","protected":false},"author":1,"featured_media":0,"parent":920,"menu_order":0,"comment_status":"closed","ping_status":"closed","template":"","meta":{"jetpack_post_was_ever_published":false,"footnotes":""},"class_list":["post-552","page","type-page","status-publish","hentry"],"jetpack_shortlink":"https:\/\/wp.me\/P3WkX1-8U","jetpack_sharing_enabled":true,"_links":{"self":[{"href":"http:\/\/electro-strasbourg.eu\/blog\/wp-json\/wp\/v2\/pages\/552","targetHints":{"allow":["GET"]}}],"collection":[{"href":"http:\/\/electro-strasbourg.eu\/blog\/wp-json\/wp\/v2\/pages"}],"about":[{"href":"http:\/\/electro-strasbourg.eu\/blog\/wp-json\/wp\/v2\/types\/page"}],"author":[{"embeddable":true,"href":"http:\/\/electro-strasbourg.eu\/blog\/wp-json\/wp\/v2\/users\/1"}],"replies":[{"embeddable":true,"href":"http:\/\/electro-strasbourg.eu\/blog\/wp-json\/wp\/v2\/comments?post=552"}],"version-history":[{"count":13,"href":"http:\/\/electro-strasbourg.eu\/blog\/wp-json\/wp\/v2\/pages\/552\/revisions"}],"predecessor-version":[{"id":567,"href":"http:\/\/electro-strasbourg.eu\/blog\/wp-json\/wp\/v2\/pages\/552\/revisions\/567"}],"up":[{"embeddable":true,"href":"http:\/\/electro-strasbourg.eu\/blog\/wp-json\/wp\/v2\/pages\/920"}],"wp:attachment":[{"href":"http:\/\/electro-strasbourg.eu\/blog\/wp-json\/wp\/v2\/media?parent=552"}],"curies":[{"name":"wp","href":"https:\/\/api.w.org\/{rel}","templated":true}]}}