{"id":5065,"date":"2024-09-22T16:10:48","date_gmt":"2024-09-22T14:10:48","guid":{"rendered":"http:\/\/electro-strasbourg.eu\/blog\/?page_id=5065"},"modified":"2024-09-22T16:11:22","modified_gmt":"2024-09-22T14:11:22","slug":"videos-les-origines-pierre-schaeffer","status":"publish","type":"page","link":"http:\/\/electro-strasbourg.eu\/blog\/ressources\/audio-video\/videos-les-origines-pierre-schaeffer\/","title":{"rendered":"Vid\u00e9os : Les origines \u2013 Pierre Schaeffer"},"content":{"rendered":"\n<p>Des vid\u00e9os int\u00e9ressante \u00e0 voir et \u00e0 \u00e9tudier \u2013\u00a0autour de Pierre Schaeffer<\/p>\n\n\n\n<hr class=\"wp-block-separator has-alpha-channel-opacity\"\/>\n\n\n\n<p>La Fresque Arts Sonores de l&rsquo;INA\/GRM \u2013 ressources in\u00e9puisable de document audiovisuels de toute l&rsquo;histoire de la musique \u00e9lectroacoustique \u00e0 parcourir pas ann\u00e9e sur une jolie \u00ab\u00a0fresque\u00a0\u00bb du temps&#8230;<br><a href=\"http:\/\/fresques.ina.fr\/artsonores\/fresque\" target=\"_blank\" rel=\"noopener\">http:\/\/fresques.ina.fr\/artsonores\/fresque<\/a><\/p>\n\n\n\n<hr class=\"wp-block-separator has-alpha-channel-opacity\"\/>\n\n\n\n<div class=\"wp-block-group\"><div class=\"wp-block-group__inner-container is-layout-constrained wp-block-group-is-layout-constrained\">\n<h1 class=\"wp-block-heading\">Trait\u00e9 des Objets Musicaux<\/h1>\n\n\n\n<p>Pierre Schaeffer commente la parution du Trait\u00e9 des Objets musicaux dans l&rsquo;\u00e9mission Lectures pour tous. Les fondamentaux de l&rsquo;exp\u00e9rimentation musicale.<br>Entretien, 01 janvier 1967<br><iframe loading=\"lazy\" src=\"https:\/\/fresques.ina.fr\/artsonores\/export\/player\/InaGrm00204\/512x384\" width=\"512\" height=\"434\" frameborder=\"0\" marginwidth=\"0\" marginheight=\"0\" scrolling=\"no\" allowfullscreen=\"allowfullscreen\"><\/iframe><\/p>\n\n\n\n<hr class=\"wp-block-separator has-alpha-channel-opacity\"\/>\n<\/div><\/div>\n\n\n\n<div class=\"wp-block-group\"><div class=\"wp-block-group__inner-container is-layout-constrained wp-block-group-is-layout-constrained\">\n<h1 class=\"wp-block-heading\">La naissance de la musique concr\u00e8te et \u00e9lectro-acoustique<\/h1>\n\n\n\n<p>Pierre Schaeffer reproduit son exp\u00e9rience de d\u00e9couverte de la musique concr\u00e8te. Le sillon ferm\u00e9 pr\u00e9figure les technologies de l&rsquo;\u00e9chantillonnage.<br>Date de diffusion : 01 janvier 1971<br>Date d&rsquo;\u00e9v\u00e9nement : 1948<br>Personnalit\u00e9(s) : Guy Reibel \/ Pierre Schaeffer \/ Fran\u00e7ois Bayle<br><iframe loading=\"lazy\" src=\"https:\/\/fresques.ina.fr\/artsonores\/export\/player\/InaGrm00208\/512x384\" width=\"512\" height=\"434\" frameborder=\"0\" marginwidth=\"0\" marginheight=\"0\" scrolling=\"no\" allowfullscreen=\"allowfullscreen\"><\/iframe><\/p>\n<\/div><\/div>\n","protected":false},"excerpt":{"rendered":"<p>Des vid\u00e9os int\u00e9ressante \u00e0 voir et \u00e0 \u00e9tudier \u2013\u00a0autour de Pierre Schaeffer La Fresque Arts Sonores de l&rsquo;INA\/GRM \u2013 ressources in\u00e9puisable de document audiovisuels de toute l&rsquo;histoire de la musique \u00e9lectroacoustique \u00e0 parcourir pas ann\u00e9e sur une jolie \u00ab\u00a0fresque\u00a0\u00bb du temps&#8230;http:\/\/fresques.ina.fr\/artsonores\/fresque Trait\u00e9 des Objets Musicaux Pierre Schaeffer commente la parution du Trait\u00e9 des Objets musicaux &hellip; <a href=\"http:\/\/electro-strasbourg.eu\/blog\/ressources\/audio-video\/videos-les-origines-pierre-schaeffer\/\" class=\"more-link\">Continuer la lecture de <span class=\"screen-reader-text\">Vid\u00e9os : Les origines \u2013 Pierre Schaeffer<\/span>  <span class=\"meta-nav\">&rarr;<\/span><\/a><\/p>\n","protected":false},"author":1,"featured_media":0,"parent":922,"menu_order":0,"comment_status":"closed","ping_status":"closed","template":"","meta":{"jetpack_post_was_ever_published":false,"footnotes":""},"class_list":["post-5065","page","type-page","status-publish","hentry"],"jetpack_shortlink":"https:\/\/wp.me\/P3WkX1-1jH","jetpack_sharing_enabled":true,"_links":{"self":[{"href":"http:\/\/electro-strasbourg.eu\/blog\/wp-json\/wp\/v2\/pages\/5065","targetHints":{"allow":["GET"]}}],"collection":[{"href":"http:\/\/electro-strasbourg.eu\/blog\/wp-json\/wp\/v2\/pages"}],"about":[{"href":"http:\/\/electro-strasbourg.eu\/blog\/wp-json\/wp\/v2\/types\/page"}],"author":[{"embeddable":true,"href":"http:\/\/electro-strasbourg.eu\/blog\/wp-json\/wp\/v2\/users\/1"}],"replies":[{"embeddable":true,"href":"http:\/\/electro-strasbourg.eu\/blog\/wp-json\/wp\/v2\/comments?post=5065"}],"version-history":[{"count":1,"href":"http:\/\/electro-strasbourg.eu\/blog\/wp-json\/wp\/v2\/pages\/5065\/revisions"}],"predecessor-version":[{"id":5066,"href":"http:\/\/electro-strasbourg.eu\/blog\/wp-json\/wp\/v2\/pages\/5065\/revisions\/5066"}],"up":[{"embeddable":true,"href":"http:\/\/electro-strasbourg.eu\/blog\/wp-json\/wp\/v2\/pages\/922"}],"wp:attachment":[{"href":"http:\/\/electro-strasbourg.eu\/blog\/wp-json\/wp\/v2\/media?parent=5065"}],"curies":[{"name":"wp","href":"https:\/\/api.w.org\/{rel}","templated":true}]}}