{"id":5061,"date":"2024-09-22T16:05:40","date_gmt":"2024-09-22T14:05:40","guid":{"rendered":"http:\/\/electro-strasbourg.eu\/blog\/?page_id=5061"},"modified":"2024-09-22T16:42:53","modified_gmt":"2024-09-22T14:42:53","slug":"documents-acousmatique-acousmonium","status":"publish","type":"page","link":"http:\/\/electro-strasbourg.eu\/blog\/ressources\/audio-video\/documents-acousmatique-acousmonium\/","title":{"rendered":"Documents : Acousmatique \/ Acousmonium"},"content":{"rendered":"\n<p>Des documents int\u00e9ressants \u00e0 voir et \u00e0 lire sur la musique acousmatique et l&rsquo;acousmonium&#8230;<\/p>\n\n\n\n<hr class=\"wp-block-separator has-alpha-channel-opacity\"\/>\n\n\n\n<div class=\"wp-block-group\"><div class=\"wp-block-group__inner-container is-layout-constrained wp-block-group-is-layout-constrained\">\n<h1 class=\"wp-block-heading title style-scope ytd-video-primary-info-renderer\">Entretien avec Fran\u00e7ois BAYLE : l&rsquo;Acousmonium<\/h1>\n\n\n\n<p>Ina GRM<br>Published on Oct 24, 2017<\/p>\n\n\n\n<p>Entretien : Evelyne Gayou.<br>Traduction : David Vaughn<br>R\u00e9alisation : Jean-Baptiste Garcia<\/p>\n\n\n\n<figure class=\"wp-block-embed is-type-video is-provider-youtube wp-block-embed-youtube wp-embed-aspect-16-9 wp-has-aspect-ratio\"><div class=\"wp-block-embed__wrapper\">\n<span class=\"embed-youtube\" style=\"text-align:center; display: block;\"><iframe loading=\"lazy\" class=\"youtube-player\" width=\"474\" height=\"267\" src=\"https:\/\/www.youtube.com\/embed\/1tsEdyw0s8c?version=3&#038;rel=1&#038;showsearch=0&#038;showinfo=1&#038;iv_load_policy=1&#038;fs=1&#038;hl=fr-FR&#038;autohide=2&#038;wmode=transparent\" allowfullscreen=\"true\" style=\"border:0;\" sandbox=\"allow-scripts allow-same-origin allow-popups allow-presentation allow-popups-to-escape-sandbox\"><\/iframe><\/span>\n<\/div><\/figure>\n\n\n\n<hr class=\"wp-block-separator has-alpha-channel-opacity\"\/>\n<\/div><\/div>\n\n\n\n<div class=\"wp-block-group\"><div class=\"wp-block-group__inner-container is-layout-constrained wp-block-group-is-layout-constrained\">\n<h1 class=\"wp-block-heading\">L&rsquo;acousmonium, comment \u00e7a marche ?<\/h1>\n\n\n\n<p>Vid\u00e9o de France Musique par le compositeur et interpr\u00e8te en acousmonium, Armando Balice<br>publi\u00e9 le 11 Ao\u00fbt 2024<\/p>\n\n\n\n<p>D\u00e9fini comme un \u201corchestre de haut-parleurs\u00a0\u00bb, l&rsquo;acousmonium spatialise le son. Musicien \u00e9lectroacoustique et compositeur, Armando Balice nous pr\u00e9sente cet instrument hors du commun.<\/p>\n\n\n\n<p>Cr\u00e9dits<br>Vid\u00e9o : Matt\u00e9o Iachkine, Alexandra James Le Liepvre<br>Prise de vues : Camille L&rsquo;hermite<br>Musique : Armando Balice, Pierre Henry<br>Archives vid\u00e9o : INA<br>Images : Getty, AFP, MaxPPP, Wikimedia Commons<br>Musique additionnelle : Cezame<br>Remerciements : CRR Paris, Alc\u00f4me<\/p>\n\n\n\n<figure class=\"wp-block-embed is-type-video is-provider-youtube wp-block-embed-youtube wp-embed-aspect-16-9 wp-has-aspect-ratio\"><div class=\"wp-block-embed__wrapper\">\n<span class=\"embed-youtube\" style=\"text-align:center; display: block;\"><iframe loading=\"lazy\" class=\"youtube-player\" width=\"474\" height=\"267\" src=\"https:\/\/www.youtube.com\/embed\/7CecNPZ5sks?version=3&#038;rel=1&#038;showsearch=0&#038;showinfo=1&#038;iv_load_policy=1&#038;fs=1&#038;hl=fr-FR&#038;autohide=2&#038;wmode=transparent\" allowfullscreen=\"true\" style=\"border:0;\" sandbox=\"allow-scripts allow-same-origin allow-popups allow-presentation allow-popups-to-escape-sandbox\"><\/iframe><\/span>\n<\/div><\/figure>\n\n\n\n<hr class=\"wp-block-separator has-alpha-channel-opacity\"\/>\n<\/div><\/div>\n\n\n\n<div class=\"wp-block-group\"><div class=\"wp-block-group__inner-container is-layout-constrained wp-block-group-is-layout-constrained\">\n<h1 class=\"wp-block-heading\">Une introduction \u00e0 la musique acousmatique<\/h1>\n\n\n\n<p>Un film r\u00e9alis\u00e9 dans le cadre de m\u00e9moire d&rsquo;\u00e9tude au conservatoire \u00e0 rayonnement r\u00e9gional de Paris, sous la direction de Denis Dufour.<\/p>\n\n\n\n<figure class=\"wp-block-embed is-type-video is-provider-youtube wp-block-embed-youtube wp-embed-aspect-4-3 wp-has-aspect-ratio\"><div class=\"wp-block-embed__wrapper\">\n<span class=\"embed-youtube\" style=\"text-align:center; display: block;\"><iframe loading=\"lazy\" class=\"youtube-player\" width=\"474\" height=\"267\" src=\"https:\/\/www.youtube.com\/embed\/J2vNNW60yY8?version=3&#038;rel=1&#038;showsearch=0&#038;showinfo=1&#038;iv_load_policy=1&#038;fs=1&#038;hl=fr-FR&#038;autohide=2&#038;wmode=transparent\" allowfullscreen=\"true\" style=\"border:0;\" sandbox=\"allow-scripts allow-same-origin allow-popups allow-presentation allow-popups-to-escape-sandbox\"><\/iframe><\/span>\n<\/div><\/figure>\n\n\n\n<hr class=\"wp-block-separator has-alpha-channel-opacity\"\/>\n<\/div><\/div>\n\n\n\n<div class=\"wp-block-group\"><div class=\"wp-block-group__inner-container is-layout-constrained wp-block-group-is-layout-constrained\">\n<h1 class=\"wp-block-heading\">Jonathan Prager<\/h1>\n\n\n\n<p class=\"has-small-font-size\"><span style=\"text-decoration: underline;\"><strong><a href=\"http:\/\/electro-strasbourg.eu\/blog\/wp-content\/uploads\/2016\/04\/Interpretation-acousmatique_0.pdf\" target=\"_blank\" rel=\"noopener noreferrer\">l&rsquo;Interpr\u00e9tation Acousmatique<\/a><\/strong><\/span><strong>&nbsp;\u2013&nbsp;<\/strong>fondements artistiques et techniques de l\u2019interpretation des \u0153uvres acousmatiques en concert. Jonathan Prager. 2002-2012.<\/p>\n\n\n\n<hr class=\"wp-block-separator has-alpha-channel-opacity\"\/>\n<\/div><\/div>\n\n\n\n<p><\/p>\n","protected":false},"excerpt":{"rendered":"<p>Des documents int\u00e9ressants \u00e0 voir et \u00e0 lire sur la musique acousmatique et l&rsquo;acousmonium&#8230; Entretien avec Fran\u00e7ois BAYLE : l&rsquo;Acousmonium Ina GRMPublished on Oct 24, 2017 Entretien : Evelyne Gayou.Traduction : David VaughnR\u00e9alisation : Jean-Baptiste Garcia L&rsquo;acousmonium, comment \u00e7a marche ? Vid\u00e9o de France Musique par le compositeur et interpr\u00e8te en acousmonium, Armando Balicepubli\u00e9 le &hellip; <a href=\"http:\/\/electro-strasbourg.eu\/blog\/ressources\/audio-video\/documents-acousmatique-acousmonium\/\" class=\"more-link\">Continuer la lecture de <span class=\"screen-reader-text\">Documents : Acousmatique \/ Acousmonium<\/span>  <span class=\"meta-nav\">&rarr;<\/span><\/a><\/p>\n","protected":false},"author":1,"featured_media":0,"parent":922,"menu_order":0,"comment_status":"closed","ping_status":"closed","template":"","meta":{"jetpack_post_was_ever_published":false,"footnotes":""},"class_list":["post-5061","page","type-page","status-publish","hentry"],"jetpack_shortlink":"https:\/\/wp.me\/P3WkX1-1jD","jetpack_sharing_enabled":true,"_links":{"self":[{"href":"http:\/\/electro-strasbourg.eu\/blog\/wp-json\/wp\/v2\/pages\/5061","targetHints":{"allow":["GET"]}}],"collection":[{"href":"http:\/\/electro-strasbourg.eu\/blog\/wp-json\/wp\/v2\/pages"}],"about":[{"href":"http:\/\/electro-strasbourg.eu\/blog\/wp-json\/wp\/v2\/types\/page"}],"author":[{"embeddable":true,"href":"http:\/\/electro-strasbourg.eu\/blog\/wp-json\/wp\/v2\/users\/1"}],"replies":[{"embeddable":true,"href":"http:\/\/electro-strasbourg.eu\/blog\/wp-json\/wp\/v2\/comments?post=5061"}],"version-history":[{"count":4,"href":"http:\/\/electro-strasbourg.eu\/blog\/wp-json\/wp\/v2\/pages\/5061\/revisions"}],"predecessor-version":[{"id":5077,"href":"http:\/\/electro-strasbourg.eu\/blog\/wp-json\/wp\/v2\/pages\/5061\/revisions\/5077"}],"up":[{"embeddable":true,"href":"http:\/\/electro-strasbourg.eu\/blog\/wp-json\/wp\/v2\/pages\/922"}],"wp:attachment":[{"href":"http:\/\/electro-strasbourg.eu\/blog\/wp-json\/wp\/v2\/media?parent=5061"}],"curies":[{"name":"wp","href":"https:\/\/api.w.org\/{rel}","templated":true}]}}