{"id":4800,"date":"2023-09-25T16:37:53","date_gmt":"2023-09-25T14:37:53","guid":{"rendered":"http:\/\/electro-strasbourg.eu\/blog\/?page_id=4800"},"modified":"2025-02-28T16:06:25","modified_gmt":"2025-02-28T15:06:25","slug":"electro-1-ressources","status":"publish","type":"page","link":"http:\/\/electro-strasbourg.eu\/blog\/electro-1-ressources\/","title":{"rendered":"Electro 1 ressources"},"content":{"rendered":"\n<h5 class=\"wp-block-heading\">Pour d\u00e9marrer<\/h5>\n\n\n\n<p>quelques liens<\/p>\n\n\n\n<div class=\"wp-block-group\"><div class=\"wp-block-group__inner-container is-layout-constrained wp-block-group-is-layout-constrained\">\n<ul class=\"wp-block-list\">\n<li>SITE : <strong>SoNHoRS<\/strong><\/li>\n<\/ul>\n\n\n\n<p class=\"has-small-font-size\">Histoire de l&rsquo;\u00e9lectronique dans la musique au travers des innovations technologiques de l&rsquo;instrumentarium et des nouvelles approches du sonore.<\/p>\n\n\n\n<p class=\"has-small-font-size\"><a href=\"http:\/\/sonhors.free.fr\/overview_panorama.htm\">http:\/\/sonhors.free.fr\/overview_panorama.htm<\/a><\/p>\n\n\n\n<hr class=\"wp-block-separator has-alpha-channel-opacity\"\/>\n<\/div><\/div>\n\n\n\n<div class=\"wp-block-group\"><div class=\"wp-block-group__inner-container is-layout-constrained wp-block-group-is-layout-constrained\">\n<ul class=\"wp-block-list\">\n<li>SITE : <strong>Artsonores &#8211; l\u2019aventure \u00e9lectroacoustique<\/strong><\/li>\n<\/ul>\n\n\n\n<p class=\"has-small-font-size\">INA \/ GRM &#8211; Fresque chronologique \u2013 \u00e9norme ressources d&rsquo;archives audio-visuelles tra\u00e7ant l&rsquo;histoire de la musique \u00e9lectroacoustique et les arts sonores<\/p>\n\n\n\n<p class=\"has-small-font-size\"><a href=\"https:\/\/fresques.ina.fr\/artsonores\/accueil\">https:\/\/fresques.ina.fr\/artsonores\/accueil<\/a><\/p>\n\n\n\n<hr class=\"wp-block-separator has-alpha-channel-opacity\"\/>\n<\/div><\/div>\n\n\n\n<div class=\"wp-block-group\"><div class=\"wp-block-group__inner-container is-layout-constrained wp-block-group-is-layout-constrained\">\n<ul class=\"wp-block-list\">\n<li>SITE : <strong>Trait\u00e9 d\u2019\u00e9criture sur support \u2013 Annette Vande Gorne<\/strong><\/li>\n<\/ul>\n\n\n\n<p class=\"has-small-font-size\">Fruit de nombreuses ann\u00e9es d&rsquo;enseignement, il s&rsquo;adresse, bien \u00e9videmment, aux \u00e9tudiants en com\u00adposition \u00e9lectroacoustique auxquels il rappellera, en les d\u00e9taillant, les multiples techniques qu&rsquo;ils doivent ma\u00eetriser pour parler couramment le langage acousmatique. Il offrira \u00e9galement aux musicologues de pr\u00e9cieux outils d&rsquo;analyse ainsi qu&rsquo;au simple m\u00e9lomane des cl\u00e9s d&rsquo;\u00e9coute qui lui permettront d&rsquo;entrer dans des \u0153uvres rest\u00e9es pour lui, jusque-l\u00e0, imp\u00e9n\u00e9trables.<\/p>\n\n\n\n<p class=\"has-small-font-size\"><a href=\"https:\/\/sites.inagrm.com\/avdg\/\">https:\/\/sites.inagrm.com\/avdg\/<\/a><\/p>\n\n\n\n<p class=\"has-small-font-size\"><strong>Soundcloud<\/strong> : \u201cpodcasts\u201d des premier 3 chapitres du trait\u00e9 :<\/p>\n\n\n\n<p class=\"wp-embed-aspect-4-3 wp-has-aspect-ratio has-small-font-size\"><a href=\"https:\/\/soundcloud.com\/influx-acousmatic\/sets\/techniques-decriture-saison-1\">https:\/\/soundcloud.com\/influx-acousmatic\/sets\/techniques-decriture-saison-1<\/a><\/p>\n\n\n\n<p class=\"wp-embed-aspect-4-3 wp-has-aspect-ratio has-small-font-size\"><a href=\"https:\/\/soundcloud.com\/influx-acousmatic\/sets\/techniques-decritures-saison-2\">https:\/\/soundcloud.com\/influx-acousmatic\/sets\/techniques-decritures-saison-2<\/a><\/p>\n\n\n\n<p class=\"wp-embed-aspect-4-3 wp-has-aspect-ratio has-small-font-size\"><a href=\"https:\/\/soundcloud.com\/influx-acousmatic\/sets\/techniques-decriture-saison-3\">https:\/\/soundcloud.com\/influx-acousmatic\/sets\/techniques-decriture-saison-3<\/a><\/p>\n\n\n\n<hr class=\"wp-block-separator has-alpha-channel-opacity\"\/>\n<\/div><\/div>\n\n\n\n<div class=\"wp-block-group\"><div class=\"wp-block-group__inner-container is-layout-constrained wp-block-group-is-layout-constrained\">\n<ul class=\"wp-block-list\">\n<li>LIVRE \u2013&nbsp;<strong>Les Musiques Electroacoustiques &#8211; Michel Chion, Guy Reibel, 1976<\/strong><\/li>\n<\/ul>\n\n\n\n<p class=\"has-small-font-size\">Excellent livre pour perspectives historique sur la diversit\u00e9s des musiques \u00e9lectroacoustiques.<\/p>\n\n\n\n<p class=\"has-small-font-size\">Particuli\u00e8rement int\u00e9ressants : \u00ab\u00a0Chapitre I, Pr\u00e9c\u00e9dents, pr\u00e9monitions, pr\u00e9curseurs\u00a0\u00bb; \u00ab\u00a0Chapitre V, Techniques de r\u00e9alisation\u00a0\u00bb; etc.<\/p>\n\n\n\n<div class=\"wp-block-columns is-layout-flex wp-container-core-columns-is-layout-9d6595d7 wp-block-columns-is-layout-flex\">\n<div class=\"wp-block-column is-layout-flow wp-block-column-is-layout-flow\" style=\"flex-basis:33.33%\"><div class=\"wp-block-image\">\n<figure class=\"aligncenter size-full is-resized\"><a href=\"http:\/\/electro-strasbourg.eu\/blog\/wp-content\/uploads\/2016\/04\/les_musiques_electroacoustiques.pdf\" target=\"_blank\" rel=\"attachment wp-att-1334 noopener noreferrer\"><img data-recalc-dims=\"1\" loading=\"lazy\" decoding=\"async\" width=\"474\" height=\"690\" data-attachment-id=\"1334\" data-permalink=\"http:\/\/electro-strasbourg.eu\/blog\/ressources\/ecrits\/ecrits-electroacoustique-acousmatique-acousmonium\/1976_les_musiques_electroacoustiques-b8c4c22e3205c5c77479d07eb6bca011\/\" data-orig-file=\"https:\/\/i0.wp.com\/electro-strasbourg.eu\/blog\/wp-content\/uploads\/2016\/04\/1976_les_musiques_electroacoustiques-b8c4c22e3205c5c77479d07eb6bca011.jpg?fit=703%2C1024\" data-orig-size=\"703,1024\" data-comments-opened=\"0\" data-image-meta=\"{&quot;aperture&quot;:&quot;0&quot;,&quot;credit&quot;:&quot;&quot;,&quot;camera&quot;:&quot;&quot;,&quot;caption&quot;:&quot;&quot;,&quot;created_timestamp&quot;:&quot;0&quot;,&quot;copyright&quot;:&quot;&quot;,&quot;focal_length&quot;:&quot;0&quot;,&quot;iso&quot;:&quot;0&quot;,&quot;shutter_speed&quot;:&quot;0&quot;,&quot;title&quot;:&quot;&quot;,&quot;orientation&quot;:&quot;0&quot;}\" data-image-title=\"1976_les_musiques_electroacoustiques-b8c4c22e3205c5c77479d07eb6bca011\" data-image-description=\"\" data-image-caption=\"\" data-medium-file=\"https:\/\/i0.wp.com\/electro-strasbourg.eu\/blog\/wp-content\/uploads\/2016\/04\/1976_les_musiques_electroacoustiques-b8c4c22e3205c5c77479d07eb6bca011.jpg?fit=206%2C300\" data-large-file=\"https:\/\/i0.wp.com\/electro-strasbourg.eu\/blog\/wp-content\/uploads\/2016\/04\/1976_les_musiques_electroacoustiques-b8c4c22e3205c5c77479d07eb6bca011.jpg?fit=474%2C690\" src=\"https:\/\/i0.wp.com\/electro-strasbourg.eu\/blog\/wp-content\/uploads\/2016\/04\/1976_les_musiques_electroacoustiques-b8c4c22e3205c5c77479d07eb6bca011.jpg?resize=474%2C690\" alt=\"1976_les_musiques_electroacoustiques-b8c4c22e3205c5c77479d07eb6bca011\" class=\"wp-image-1334\" style=\"object-fit:cover;width:64px;height:96px\" srcset=\"https:\/\/i0.wp.com\/electro-strasbourg.eu\/blog\/wp-content\/uploads\/2016\/04\/1976_les_musiques_electroacoustiques-b8c4c22e3205c5c77479d07eb6bca011.jpg?w=703 703w, https:\/\/i0.wp.com\/electro-strasbourg.eu\/blog\/wp-content\/uploads\/2016\/04\/1976_les_musiques_electroacoustiques-b8c4c22e3205c5c77479d07eb6bca011.jpg?resize=206%2C300 206w\" sizes=\"auto, (max-width: 474px) 100vw, 474px\" \/><\/a><\/figure>\n<\/div><\/div>\n\n\n\n<div class=\"wp-block-column is-vertically-aligned-center is-layout-flow wp-block-column-is-layout-flow\" style=\"flex-basis:66.66%\">\n<p class=\"has-small-font-size\"><a href=\"http:\/\/electro-strasbourg.eu\/blog\/wp-content\/uploads\/2016\/04\/les_musiques_electroacoustiques.pdf\">http:\/\/electro-strasbourg.eu\/blog\/wp-content\/uploads\/2016\/04\/les_musiques_electroacoustiques.pdf<\/a><\/p>\n<\/div>\n<\/div>\n\n\n\n<hr class=\"wp-block-separator has-alpha-channel-opacity\"\/>\n<\/div><\/div>\n\n\n\n<div class=\"wp-block-group\"><div class=\"wp-block-group__inner-container is-layout-constrained wp-block-group-is-layout-constrained\">\n<ul class=\"wp-block-list\">\n<li>LIVRE \u2013&nbsp;<strong>La Musique Electroacoustique (Que sais-je) &#8211; Michel Chion, 1982<\/strong><\/li>\n<\/ul>\n\n\n\n<p class=\"has-small-font-size\">Excellent \u00ab\u00a0survol\u00a0\u00bb de la musique \u00e9lectroacoustique dans la s\u00e9rie culte d&rsquo;information sur tout, \u00ab\u00a0Que sais-je?\u00a0\u00bb&#8230;<\/p>\n\n\n\n<p class=\"has-small-font-size\">Particuli\u00e8rement int\u00e9ressants : \u00ab\u00a0Chapitre Premier &#8211; Les mots et les genres\u00a0\u00bb, discussion sur tous les domaines de la musique \u00e9lectroacoustique vu de 1982; \u00ab\u00a0Chapitre III, Cr\u00e9er des sons\u00a0\u00bb; \u00ab\u00a0Chapitre IV, Manipuler\u00a0\u00bb; etc&#8230;<\/p>\n\n\n\n<div class=\"wp-block-columns is-layout-flex wp-container-core-columns-is-layout-9d6595d7 wp-block-columns-is-layout-flex\">\n<div class=\"wp-block-column is-layout-flow wp-block-column-is-layout-flow\" style=\"flex-basis:33.33%\"><div class=\"wp-block-image\">\n<figure class=\"aligncenter size-full is-resized\"><a href=\"http:\/\/electro-strasbourg.eu\/blog\/wp-content\/uploads\/2020\/09\/michel_chion_la_musique_electroacoustique.pdf\" target=\"_blank\" rel=\"attachment wp-att-1336 noopener noreferrer\"><img data-recalc-dims=\"1\" loading=\"lazy\" decoding=\"async\" width=\"474\" height=\"747\" data-attachment-id=\"1336\" data-permalink=\"http:\/\/electro-strasbourg.eu\/blog\/ressources\/ecrits\/ecrits-electroacoustique-acousmatique-acousmonium\/1982_la_musique_electroacoustique-3d66f2e39155c3be8af4349bbe280222\/\" data-orig-file=\"https:\/\/i0.wp.com\/electro-strasbourg.eu\/blog\/wp-content\/uploads\/2016\/04\/1982_la_musique_electroacoustique-3d66f2e39155c3be8af4349bbe280222.jpg?fit=648%2C1021\" data-orig-size=\"648,1021\" data-comments-opened=\"0\" data-image-meta=\"{&quot;aperture&quot;:&quot;0&quot;,&quot;credit&quot;:&quot;&quot;,&quot;camera&quot;:&quot;&quot;,&quot;caption&quot;:&quot;&quot;,&quot;created_timestamp&quot;:&quot;0&quot;,&quot;copyright&quot;:&quot;&quot;,&quot;focal_length&quot;:&quot;0&quot;,&quot;iso&quot;:&quot;0&quot;,&quot;shutter_speed&quot;:&quot;0&quot;,&quot;title&quot;:&quot;&quot;,&quot;orientation&quot;:&quot;0&quot;}\" data-image-title=\"1982_la_musique_electroacoustique-3d66f2e39155c3be8af4349bbe280222\" data-image-description=\"\" data-image-caption=\"\" data-medium-file=\"https:\/\/i0.wp.com\/electro-strasbourg.eu\/blog\/wp-content\/uploads\/2016\/04\/1982_la_musique_electroacoustique-3d66f2e39155c3be8af4349bbe280222.jpg?fit=190%2C300\" data-large-file=\"https:\/\/i0.wp.com\/electro-strasbourg.eu\/blog\/wp-content\/uploads\/2016\/04\/1982_la_musique_electroacoustique-3d66f2e39155c3be8af4349bbe280222.jpg?fit=474%2C747\" src=\"https:\/\/i0.wp.com\/electro-strasbourg.eu\/blog\/wp-content\/uploads\/2016\/04\/1982_la_musique_electroacoustique-3d66f2e39155c3be8af4349bbe280222.jpg?resize=474%2C747\" alt=\"1982_la_musique_electroacoustique-3d66f2e39155c3be8af4349bbe280222\" class=\"wp-image-1336\" style=\"object-fit:cover;width:64px;height:100px\" srcset=\"https:\/\/i0.wp.com\/electro-strasbourg.eu\/blog\/wp-content\/uploads\/2016\/04\/1982_la_musique_electroacoustique-3d66f2e39155c3be8af4349bbe280222.jpg?w=648 648w, https:\/\/i0.wp.com\/electro-strasbourg.eu\/blog\/wp-content\/uploads\/2016\/04\/1982_la_musique_electroacoustique-3d66f2e39155c3be8af4349bbe280222.jpg?resize=190%2C300 190w\" sizes=\"auto, (max-width: 474px) 100vw, 474px\" \/><\/a><\/figure>\n<\/div><\/div>\n\n\n\n<div class=\"wp-block-column is-vertically-aligned-center is-layout-flow wp-block-column-is-layout-flow\" style=\"flex-basis:66.66%\">\n<p class=\"has-small-font-size\"><a href=\"http:\/\/electro-strasbourg.eu\/blog\/wp-content\/uploads\/2020\/09\/michel_chion_la_musique_electroacoustique.pdf\">http:\/\/electro-strasbourg.eu\/blog\/wp-content\/uploads\/2020\/09\/michel_chion_la_musique_electroacoustique.pdf<\/a><\/p>\n<\/div>\n<\/div>\n\n\n\n<hr class=\"wp-block-separator has-alpha-channel-opacity\"\/>\n<\/div><\/div>\n","protected":false},"excerpt":{"rendered":"<p>Pour d\u00e9marrer quelques liens Histoire de l&rsquo;\u00e9lectronique dans la musique au travers des innovations technologiques de l&rsquo;instrumentarium et des nouvelles approches du sonore. http:\/\/sonhors.free.fr\/overview_panorama.htm INA \/ GRM &#8211; Fresque chronologique \u2013 \u00e9norme ressources d&rsquo;archives audio-visuelles tra\u00e7ant l&rsquo;histoire de la musique \u00e9lectroacoustique et les arts sonores https:\/\/fresques.ina.fr\/artsonores\/accueil Fruit de nombreuses ann\u00e9es d&rsquo;enseignement, il s&rsquo;adresse, bien \u00e9videmment, &hellip; <a href=\"http:\/\/electro-strasbourg.eu\/blog\/electro-1-ressources\/\" class=\"more-link\">Continuer la lecture de <span class=\"screen-reader-text\">Electro 1 ressources<\/span>  <span class=\"meta-nav\">&rarr;<\/span><\/a><\/p>\n","protected":false},"author":1,"featured_media":0,"parent":0,"menu_order":0,"comment_status":"closed","ping_status":"closed","template":"","meta":{"jetpack_post_was_ever_published":false,"footnotes":""},"class_list":["post-4800","page","type-page","status-publish","hentry"],"jetpack_shortlink":"https:\/\/wp.me\/P3WkX1-1fq","jetpack_sharing_enabled":true,"_links":{"self":[{"href":"http:\/\/electro-strasbourg.eu\/blog\/wp-json\/wp\/v2\/pages\/4800","targetHints":{"allow":["GET"]}}],"collection":[{"href":"http:\/\/electro-strasbourg.eu\/blog\/wp-json\/wp\/v2\/pages"}],"about":[{"href":"http:\/\/electro-strasbourg.eu\/blog\/wp-json\/wp\/v2\/types\/page"}],"author":[{"embeddable":true,"href":"http:\/\/electro-strasbourg.eu\/blog\/wp-json\/wp\/v2\/users\/1"}],"replies":[{"embeddable":true,"href":"http:\/\/electro-strasbourg.eu\/blog\/wp-json\/wp\/v2\/comments?post=4800"}],"version-history":[{"count":8,"href":"http:\/\/electro-strasbourg.eu\/blog\/wp-json\/wp\/v2\/pages\/4800\/revisions"}],"predecessor-version":[{"id":5087,"href":"http:\/\/electro-strasbourg.eu\/blog\/wp-json\/wp\/v2\/pages\/4800\/revisions\/5087"}],"wp:attachment":[{"href":"http:\/\/electro-strasbourg.eu\/blog\/wp-json\/wp\/v2\/media?parent=4800"}],"curies":[{"name":"wp","href":"https:\/\/api.w.org\/{rel}","templated":true}]}}