{"id":4402,"date":"2021-12-31T13:23:15","date_gmt":"2021-12-31T12:23:15","guid":{"rendered":"http:\/\/electro-strasbourg.eu\/blog\/?page_id=4402"},"modified":"2022-01-24T19:27:35","modified_gmt":"2022-01-24T18:27:35","slug":"events-2020-2021","status":"publish","type":"page","link":"http:\/\/electro-strasbourg.eu\/blog\/events\/events-2020-2021\/","title":{"rendered":"Events 2020-2021"},"content":{"rendered":"\n<h3 class=\"wp-block-heading\">Une s\u00e9lection d&rsquo;\u00e9v\u00e9nements et projets :<br>cr\u00e9ation&nbsp;et interpr\u00e9tation \u00e9lectroacoustique \/ composition mixte<\/h3>\n\n\n\n<h4 class=\"wp-block-heading\">2020-2021<\/h4>\n\n\n\n<h5 class=\"wp-block-heading\">Ev\u00e9nements :<\/h5>\n\n\n\n<p>Pas mal d&rsquo;\u00e9v\u00e9nements, mais cette page n&rsquo;est pas \u00e0 jour&#8230;<\/p>\n","protected":false},"excerpt":{"rendered":"<p>Une s\u00e9lection d&rsquo;\u00e9v\u00e9nements et projets :cr\u00e9ation&nbsp;et interpr\u00e9tation \u00e9lectroacoustique \/ composition mixte 2020-2021 Ev\u00e9nements : Pas mal d&rsquo;\u00e9v\u00e9nements, mais cette page n&rsquo;est pas \u00e0 jour&#8230;<\/p>\n","protected":false},"author":1,"featured_media":0,"parent":283,"menu_order":0,"comment_status":"closed","ping_status":"closed","template":"","meta":{"jetpack_post_was_ever_published":false,"footnotes":""},"class_list":["post-4402","page","type-page","status-publish","hentry"],"jetpack_shortlink":"https:\/\/wp.me\/P3WkX1-190","jetpack_sharing_enabled":true,"_links":{"self":[{"href":"http:\/\/electro-strasbourg.eu\/blog\/wp-json\/wp\/v2\/pages\/4402","targetHints":{"allow":["GET"]}}],"collection":[{"href":"http:\/\/electro-strasbourg.eu\/blog\/wp-json\/wp\/v2\/pages"}],"about":[{"href":"http:\/\/electro-strasbourg.eu\/blog\/wp-json\/wp\/v2\/types\/page"}],"author":[{"embeddable":true,"href":"http:\/\/electro-strasbourg.eu\/blog\/wp-json\/wp\/v2\/users\/1"}],"replies":[{"embeddable":true,"href":"http:\/\/electro-strasbourg.eu\/blog\/wp-json\/wp\/v2\/comments?post=4402"}],"version-history":[{"count":4,"href":"http:\/\/electro-strasbourg.eu\/blog\/wp-json\/wp\/v2\/pages\/4402\/revisions"}],"predecessor-version":[{"id":4422,"href":"http:\/\/electro-strasbourg.eu\/blog\/wp-json\/wp\/v2\/pages\/4402\/revisions\/4422"}],"up":[{"embeddable":true,"href":"http:\/\/electro-strasbourg.eu\/blog\/wp-json\/wp\/v2\/pages\/283"}],"wp:attachment":[{"href":"http:\/\/electro-strasbourg.eu\/blog\/wp-json\/wp\/v2\/media?parent=4402"}],"curies":[{"name":"wp","href":"https:\/\/api.w.org\/{rel}","templated":true}]}}