{"id":4329,"date":"2021-09-08T19:41:19","date_gmt":"2021-09-08T17:41:19","guid":{"rendered":"http:\/\/electro-strasbourg.eu\/blog\/?page_id=4329"},"modified":"2021-09-08T19:51:40","modified_gmt":"2021-09-08T17:51:40","slug":"musique-mixte","status":"publish","type":"page","link":"http:\/\/electro-strasbourg.eu\/blog\/ressources\/ecrits\/musique-mixte\/","title":{"rendered":"Musique mixte"},"content":{"rendered":"\n<p><\/p>\n\n\n\n<p>Page : <\/p>\n\n\n<p><a href=\"http:\/\/electro-strasbourg.eu\/blog\/ressources\/ecrits\/selection-doeuvres-mixte-vincent-tiffon\/\">S\u00e9lection d\u2019oeuvres mixte \u2013 Vincent Tiffon<\/a><\/p>\n\n\n<hr class=\"wp-block-separator\"\/>\n\n\n\n<p>Document : Th\u00e8se de doctorat Ana Dall\u2019Ara-Majek \u2013 <em>La pens\u00e9e mixte : une approche de la composition par l\u2019interaction des pens\u00e9es instrumentale, \u00e9lectroacoustique et informatique<\/em>, Universit\u00e9 de Montr\u00e9al, 2016<\/p>\n\n\n\n<div class=\"wp-block-file\"><a href=\"http:\/\/electro-strasbourg.eu\/blog\/wp-content\/uploads\/2021\/09\/DallAra-Majek_Ana_2016_these.pdf\">DallAra-Majek_Ana_2016_these<\/a><a href=\"http:\/\/electro-strasbourg.eu\/blog\/wp-content\/uploads\/2021\/09\/DallAra-Majek_Ana_2016_these.pdf\" class=\"wp-block-file__button\" download>T\u00e9l\u00e9charger<\/a><\/div>\n\n\n\n<p><\/p>\n","protected":false},"excerpt":{"rendered":"<p>Page : S\u00e9lection d\u2019oeuvres mixte \u2013 Vincent Tiffon Document : Th\u00e8se de doctorat Ana Dall\u2019Ara-Majek \u2013 La pens\u00e9e mixte : une approche de la composition par l\u2019interaction des pens\u00e9es instrumentale, \u00e9lectroacoustique et informatique, Universit\u00e9 de Montr\u00e9al, 2016<\/p>\n","protected":false},"author":1,"featured_media":0,"parent":609,"menu_order":0,"comment_status":"closed","ping_status":"closed","template":"page-templates\/full-width.php","meta":{"jetpack_post_was_ever_published":false,"footnotes":""},"class_list":["post-4329","page","type-page","status-publish","hentry"],"jetpack_shortlink":"https:\/\/wp.me\/P3WkX1-17P","jetpack_sharing_enabled":true,"_links":{"self":[{"href":"http:\/\/electro-strasbourg.eu\/blog\/wp-json\/wp\/v2\/pages\/4329","targetHints":{"allow":["GET"]}}],"collection":[{"href":"http:\/\/electro-strasbourg.eu\/blog\/wp-json\/wp\/v2\/pages"}],"about":[{"href":"http:\/\/electro-strasbourg.eu\/blog\/wp-json\/wp\/v2\/types\/page"}],"author":[{"embeddable":true,"href":"http:\/\/electro-strasbourg.eu\/blog\/wp-json\/wp\/v2\/users\/1"}],"replies":[{"embeddable":true,"href":"http:\/\/electro-strasbourg.eu\/blog\/wp-json\/wp\/v2\/comments?post=4329"}],"version-history":[{"count":4,"href":"http:\/\/electro-strasbourg.eu\/blog\/wp-json\/wp\/v2\/pages\/4329\/revisions"}],"predecessor-version":[{"id":4335,"href":"http:\/\/electro-strasbourg.eu\/blog\/wp-json\/wp\/v2\/pages\/4329\/revisions\/4335"}],"up":[{"embeddable":true,"href":"http:\/\/electro-strasbourg.eu\/blog\/wp-json\/wp\/v2\/pages\/609"}],"wp:attachment":[{"href":"http:\/\/electro-strasbourg.eu\/blog\/wp-json\/wp\/v2\/media?parent=4329"}],"curies":[{"name":"wp","href":"https:\/\/api.w.org\/{rel}","templated":true}]}}