{"id":4234,"date":"2021-03-16T09:03:33","date_gmt":"2021-03-16T08:03:33","guid":{"rendered":"http:\/\/electro-strasbourg.eu\/blog\/?page_id=4234"},"modified":"2021-03-16T09:03:33","modified_gmt":"2021-03-16T08:03:33","slug":"workshops-acroe","status":"publish","type":"page","link":"http:\/\/electro-strasbourg.eu\/blog\/ressources\/workshops-acroe\/","title":{"rendered":"Workshops ACROE"},"content":{"rendered":"\n<p>Nous avons une s\u00e9rie de workshops dans le contexte notre projet recherche-cr\u00e9ation \u201cmusique mixte\u201d soutenu par le minist\u00e8re de la culture, qui aboutira \u00e0 un concert et une journ\u00e9e d\u2019\u00e9tude en mai 2022. <\/p>\n\n\n\n<h2 class=\"wp-block-heading\">Workshop 1 \u2013 jeudi 11 et vendredi 12 mars<\/h2>\n\n\n\n<p>Le premier workshop a eu lieu jeudi 11 et vendredi 12 mars 2021, du centre\u00a0ACROE\u00a0(Grenoble) avec Claude Cadoz, Nicolas Castagne et Annie Luciani pour vous former sur le logiciel de synth\u00e8se par mod\u00e8les physique GENESIS et son interface de programmation graphique 3D :<\/p>\n\n\n\n<p><em>GENESIS est un logiciel qui permet de construire de mani\u00e8re conviviale et interactive des mod\u00e8les CORDIS &#8211; ANIMA d\u00e9di\u00e9s aux applications musicales et acoustiques. Il permet au musicien ou \u00e0 l&rsquo;acousticien de construire exp\u00e9rimentalement et empiriquement des mod\u00e8les de corps sonores et des instruments de musique ainsi que de d\u00e9finir des modes de jeux quelconques sur ces objets ou instruments.<\/em><\/p>\n\n\n\n<p><em>Avec GENESIS :<\/em><\/p>\n\n\n\n<ul class=\"wp-block-list\"><li><em>Le musicien construit un instrument en pla\u00e7ant sur un tableau noir des \u00e9l\u00e9ments physiques \u00e9l\u00e9mentaires qu&rsquo;il choisit dans une palette : inerties, \u00e9lasticit\u00e9s, viscosit\u00e9s&#8230;, selon un agencement propre \u00e0 l&rsquo;effet sonore d\u00e9sir\u00e9.<\/em><\/li><li><em>Il fixe les param\u00e8tres physiques de cet instrument qui d\u00e9terminent ses propri\u00e9t\u00e9s timbrales ou dynamiques.<\/em><\/li><li><em>Il d\u00e9finit les modes de mise en vibration de cet instrument : pincement, percussion, frottement&#8230; Il observe ses d\u00e9formations acoustiques sur une image tridimensionnelle.<\/em><\/li><li><em>Il d\u00e9finit les modalit\u00e9s d&rsquo;\u00e9coute.<\/em><\/li><li><em>Enfin, il enregistre et \u00e9coute les sons produits.<\/em><\/li><\/ul>\n\n\n\n<p>Voici les vid\u00e9os des 4 s\u00e9ances du workshop 1, matin et apr\u00e8s-midi les deux jours.<\/p>\n\n\n\n<figure class=\"wp-block-embed is-type-video is-provider-youtube wp-block-embed-youtube wp-embed-aspect-16-9 wp-has-aspect-ratio\"><div class=\"wp-block-embed__wrapper\">\n<span class=\"embed-youtube\" style=\"text-align:center; display: block;\"><iframe loading=\"lazy\" class=\"youtube-player\" width=\"474\" height=\"267\" src=\"https:\/\/www.youtube.com\/embed\/dw_LsGLbbfQ?version=3&#038;rel=1&#038;showsearch=0&#038;showinfo=1&#038;iv_load_policy=1&#038;fs=1&#038;hl=fr-FR&#038;autohide=2&#038;wmode=transparent\" allowfullscreen=\"true\" style=\"border:0;\" sandbox=\"allow-scripts allow-same-origin allow-popups allow-presentation allow-popups-to-escape-sandbox\"><\/iframe><\/span>\n<\/div><figcaption>partie 1 : jour 1, matin<\/figcaption><\/figure>\n\n\n\n<figure class=\"wp-block-embed is-type-video is-provider-youtube wp-block-embed-youtube wp-embed-aspect-16-9 wp-has-aspect-ratio\"><div class=\"wp-block-embed__wrapper\">\n<span class=\"embed-youtube\" style=\"text-align:center; display: block;\"><iframe loading=\"lazy\" class=\"youtube-player\" width=\"474\" height=\"267\" src=\"https:\/\/www.youtube.com\/embed\/eCLGtnaxYfQ?version=3&#038;rel=1&#038;showsearch=0&#038;showinfo=1&#038;iv_load_policy=1&#038;fs=1&#038;hl=fr-FR&#038;autohide=2&#038;wmode=transparent\" allowfullscreen=\"true\" style=\"border:0;\" sandbox=\"allow-scripts allow-same-origin allow-popups allow-presentation allow-popups-to-escape-sandbox\"><\/iframe><\/span>\n<\/div><figcaption><em>partie 2 : jour 1, apr\u00e8s-midi<\/em><\/figcaption><\/figure>\n\n\n\n<figure class=\"wp-block-embed is-type-video is-provider-youtube wp-block-embed-youtube wp-embed-aspect-16-9 wp-has-aspect-ratio\"><div class=\"wp-block-embed__wrapper\">\n<span class=\"embed-youtube\" style=\"text-align:center; display: block;\"><iframe loading=\"lazy\" class=\"youtube-player\" width=\"474\" height=\"267\" src=\"https:\/\/www.youtube.com\/embed\/rcuFlRefy58?version=3&#038;rel=1&#038;showsearch=0&#038;showinfo=1&#038;iv_load_policy=1&#038;fs=1&#038;hl=fr-FR&#038;autohide=2&#038;wmode=transparent\" allowfullscreen=\"true\" style=\"border:0;\" sandbox=\"allow-scripts allow-same-origin allow-popups allow-presentation allow-popups-to-escape-sandbox\"><\/iframe><\/span>\n<\/div><figcaption>partie 3 : jour 2, matin<\/figcaption><\/figure>\n\n\n\n<figure class=\"wp-block-embed is-type-video is-provider-youtube wp-block-embed-youtube wp-embed-aspect-16-9 wp-has-aspect-ratio\"><div class=\"wp-block-embed__wrapper\">\n<span class=\"embed-youtube\" style=\"text-align:center; display: block;\"><iframe loading=\"lazy\" class=\"youtube-player\" width=\"474\" height=\"267\" src=\"https:\/\/www.youtube.com\/embed\/wRkH5mxUyFA?version=3&#038;rel=1&#038;showsearch=0&#038;showinfo=1&#038;iv_load_policy=1&#038;fs=1&#038;hl=fr-FR&#038;autohide=2&#038;wmode=transparent\" allowfullscreen=\"true\" style=\"border:0;\" sandbox=\"allow-scripts allow-same-origin allow-popups allow-presentation allow-popups-to-escape-sandbox\"><\/iframe><\/span>\n<\/div><figcaption>partie 4 : jour 2, apr\u00e8s-midi<\/figcaption><\/figure>\n\n\n\n<hr class=\"wp-block-separator\"\/>\n\n\n\n<p><\/p>\n","protected":false},"excerpt":{"rendered":"<p>Nous avons une s\u00e9rie de workshops dans le contexte notre projet recherche-cr\u00e9ation \u201cmusique mixte\u201d soutenu par le minist\u00e8re de la culture, qui aboutira \u00e0 un concert et une journ\u00e9e d\u2019\u00e9tude en mai 2022. Workshop 1 \u2013 jeudi 11 et vendredi 12 mars Le premier workshop a eu lieu jeudi 11 et vendredi 12 mars 2021, &hellip; <a href=\"http:\/\/electro-strasbourg.eu\/blog\/ressources\/workshops-acroe\/\" class=\"more-link\">Continuer la lecture de <span class=\"screen-reader-text\">Workshops ACROE<\/span>  <span class=\"meta-nav\">&rarr;<\/span><\/a><\/p>\n","protected":false},"author":1,"featured_media":0,"parent":920,"menu_order":0,"comment_status":"closed","ping_status":"closed","template":"","meta":{"jetpack_post_was_ever_published":false,"footnotes":""},"class_list":["post-4234","page","type-page","status-publish","hentry"],"jetpack_shortlink":"https:\/\/wp.me\/P3WkX1-16i","jetpack_sharing_enabled":true,"_links":{"self":[{"href":"http:\/\/electro-strasbourg.eu\/blog\/wp-json\/wp\/v2\/pages\/4234","targetHints":{"allow":["GET"]}}],"collection":[{"href":"http:\/\/electro-strasbourg.eu\/blog\/wp-json\/wp\/v2\/pages"}],"about":[{"href":"http:\/\/electro-strasbourg.eu\/blog\/wp-json\/wp\/v2\/types\/page"}],"author":[{"embeddable":true,"href":"http:\/\/electro-strasbourg.eu\/blog\/wp-json\/wp\/v2\/users\/1"}],"replies":[{"embeddable":true,"href":"http:\/\/electro-strasbourg.eu\/blog\/wp-json\/wp\/v2\/comments?post=4234"}],"version-history":[{"count":1,"href":"http:\/\/electro-strasbourg.eu\/blog\/wp-json\/wp\/v2\/pages\/4234\/revisions"}],"predecessor-version":[{"id":4235,"href":"http:\/\/electro-strasbourg.eu\/blog\/wp-json\/wp\/v2\/pages\/4234\/revisions\/4235"}],"up":[{"embeddable":true,"href":"http:\/\/electro-strasbourg.eu\/blog\/wp-json\/wp\/v2\/pages\/920"}],"wp:attachment":[{"href":"http:\/\/electro-strasbourg.eu\/blog\/wp-json\/wp\/v2\/media?parent=4234"}],"curies":[{"name":"wp","href":"https:\/\/api.w.org\/{rel}","templated":true}]}}