{"id":4186,"date":"2021-01-11T17:11:16","date_gmt":"2021-01-11T16:11:16","guid":{"rendered":"http:\/\/electro-strasbourg.eu\/blog\/?page_id=4186"},"modified":"2021-01-11T17:23:40","modified_gmt":"2021-01-11T16:23:40","slug":"inscriptions-auditions-15-janvier-2021","status":"publish","type":"page","link":"http:\/\/electro-strasbourg.eu\/blog\/projets\/auditions-15-janvier-2021\/inscriptions-auditions-15-janvier-2021\/","title":{"rendered":"Inscriptions Auditions 15 janvier 2021"},"content":{"rendered":"<div class=\"frm_forms  with_frm_style frm_style_formidable-style\" id=\"frm_form_10_container\" >\n<form enctype=\"multipart\/form-data\" method=\"post\" class=\"frm-show-form \" id=\"form_qs86f9a605b553\" >\n<div class=\"frm_form_fields \">\n<fieldset>\n<legend class=\"frm_hidden\">Auditions Electroacoustique 15 janvier 2021<\/legend>\r\n<h3 class=\"frm_form_title\">Auditions Electroacoustique 15 janvier 2021<\/h3>\r\n<div class=\"frm_description\"><p>Ces auditions sont pour tous les cours d\u2019\u00e9lectroacoustique (dominante \u00e9lectro, composition instrumentale, cours \u00e9lectronique et mixte pour instrumentistes\u2026).<br \/>\nLa participation \u00e0 l\u2019audition est obligatoire et sert \u00e0 l'\u00e9valuation.<\/p>\n<p>Lieu : salle 30<\/p>\n<p>audition : vendredi 15 janvier, 16h<\/p>\n<p>Chacun doit \u00eatre pr\u00e9sent pour l'installation et le d\u00e9montage PLUS une \"balance\/r\u00e9p\u00e8te\". Pr\u00e9sent autant que possible en public durant l'audition.<\/p>\n<\/div><div class=\"frm_fields_container\">\n<input type=\"hidden\" name=\"frm_action\" value=\"create\" \/>\n<input type=\"hidden\" name=\"form_id\" value=\"10\" \/>\n<input type=\"hidden\" name=\"frm_hide_fields_10\" id=\"frm_hide_fields_10\" value=\"\" \/>\n<input type=\"hidden\" name=\"form_key\" value=\"qs86f9a605b553\" \/>\n<input type=\"hidden\" name=\"item_meta[0]\" value=\"\" \/>\n<input type=\"hidden\" id=\"frm_submit_entry_10\" name=\"frm_submit_entry_10\" value=\"80f9259517\" \/><input type=\"hidden\" name=\"_wp_http_referer\" value=\"\/blog\/wp-json\/wp\/v2\/pages\/4186\" \/><div id=\"frm_field_119_container\" class=\"frm_form_field form-field  frm_required_field frm_top_container\">\r\n    <label for=\"field_ayr9fa0d264f677\" class=\"frm_primary_label\">Nom complet de l'\u00e9tudiant\r\n        <span class=\"frm_required\">*<\/span>\r\n    <\/label>\r\n    <input type=\"text\" id=\"field_ayr9fa0d264f677\" name=\"item_meta[119]\" value=\"\"  data-reqmsg=\"Nom complet de l&#039;\u00e9tudiant cannot be blank.\" aria-required=\"true\" data-invmsg=\"Nom complet de l&#039;\u00e9tudiant est non valide\" aria-invalid=\"false\"   aria-describedby=\"frm_desc_field_ayr9fa0d264f677\"\/>\r\n    <div id=\"frm_desc_field_ayr9fa0d264f677\" class=\"frm_description\">Nom ou liste de noms si projet tandem ou groupe<\/div>\r\n    \r\n<\/div>\n<div id=\"frm_field_120_container\" class=\"frm_form_field form-field  frm_required_field frm_top_container vertical_radio\">\r\n    <label  class=\"frm_primary_label\">Classe d'appartenance (dominante)\r\n        <span class=\"frm_required\">*<\/span>\r\n    <\/label>\r\n    <div class=\"frm_opt_container\">\t\t<div class=\"frm_radio\" id=\"frm_radio_120-0\">\t\t\t<label  for=\"field_bvel3ba3713b10f-0\">\n\t\t\t\t\t<input type=\"radio\" name=\"item_meta[120]\" id=\"field_bvel3ba3713b10f-0\" value=\"Cr\u00e9ation \u00e9lectroacoustique\"\n\t\t   data-reqmsg=\"Classe d&#039;appartenance (dominante) cannot be blank.\" data-invmsg=\"Classe d&#039;appartenance (dominante) est non valide\"  \/> Cr\u00e9ation \u00e9lectroacoustique<\/label><\/div>\n\t\t<div class=\"frm_radio\" id=\"frm_radio_120-1\">\t\t\t<label  for=\"field_bvel3ba3713b10f-1\">\n\t\t\t\t\t<input type=\"radio\" name=\"item_meta[120]\" id=\"field_bvel3ba3713b10f-1\" value=\"Composition instrumentale, vocale et mixte\"\n\t\t   data-reqmsg=\"Classe d&#039;appartenance (dominante) cannot be blank.\" data-invmsg=\"Classe d&#039;appartenance (dominante) est non valide\"  \/> Composition instrumentale, vocale et mixte<\/label><\/div>\n\t\t<div class=\"frm_radio\" id=\"frm_radio_120-2\">\t\t\t<label  for=\"field_bvel3ba3713b10f-2\">\n\t\t\t\t\t<input type=\"radio\" name=\"item_meta[120]\" id=\"field_bvel3ba3713b10f-2\" value=\"Instrument\"\n\t\t   data-reqmsg=\"Classe d&#039;appartenance (dominante) cannot be blank.\" data-invmsg=\"Classe d&#039;appartenance (dominante) est non valide\"  \/> Instrument<\/label><\/div>\n\t\t<div class=\"frm_radio\" id=\"frm_radio_120-3\">\t\t\t<label  for=\"field_bvel3ba3713b10f-3\">\n\t\t\t\t\t<input type=\"radio\" name=\"item_meta[120]\" id=\"field_bvel3ba3713b10f-3\" value=\"Art (HEAR)\"\n\t\t   data-reqmsg=\"Classe d&#039;appartenance (dominante) cannot be blank.\" data-invmsg=\"Classe d&#039;appartenance (dominante) est non valide\"  \/> Art (HEAR)<\/label><\/div>\n<\/div>\r\n    \r\n    \r\n<\/div>\n<div id=\"frm_field_121_container\" class=\"frm_form_field form-field  frm_top_container\">\r\n    <label for=\"field_a5te1a858cabf17\" class=\"frm_primary_label\">Si classe d'instrument, laquelle ?\r\n        <span class=\"frm_required\"><\/span>\r\n    <\/label>\r\n    <input type=\"text\" id=\"field_a5te1a858cabf17\" name=\"item_meta[121]\" value=\"\"  data-invmsg=\"Si classe d&#039;instrument, laquelle ? est non valide\" aria-invalid=\"false\"   aria-describedby=\"frm_desc_field_a5te1a858cabf17\"\/>\r\n    <div id=\"frm_desc_field_a5te1a858cabf17\" class=\"frm_description\">Si tandem ou groupe, indiquer qui est dans quelle classe<\/div>\r\n    \r\n<\/div>\n<div id=\"frm_field_122_container\" class=\"frm_form_field form-field  frm_required_field frm_top_container vertical_radio\">\r\n    <label  class=\"frm_primary_label\">Cours \u00e9lectroacoustique inscrit\r\n        <span class=\"frm_required\">*<\/span>\r\n    <\/label>\r\n    <div class=\"frm_opt_container\">\t\t<div class=\"frm_radio\" id=\"frm_radio_122-0\">\t\t\t<label  for=\"field_wb6zbb4ebaff2cd-0\">\n\t\t\t\t\t<input type=\"radio\" name=\"item_meta[122]\" id=\"field_wb6zbb4ebaff2cd-0\" value=\"\u00e9lectroacoustique et Informatique musicale (Tom : dominante \u00e9lectro et composition)\"\n\t\t   data-reqmsg=\"Cours \u00e9lectroacoustique inscrit cannot be blank.\" data-invmsg=\"Cours \u00e9lectroacoustique inscrit est non valide\"  \/> \u00e9lectroacoustique et Informatique musicale (Tom : dominante \u00e9lectro et composition)<\/label><\/div>\n\t\t<div class=\"frm_radio\" id=\"frm_radio_122-1\">\t\t\t<label  for=\"field_wb6zbb4ebaff2cd-1\">\n\t\t\t\t\t<input type=\"radio\" name=\"item_meta[122]\" id=\"field_wb6zbb4ebaff2cd-1\" value=\"musique mixte ou musique \u00e9lectronique (Antoine)\"\n\t\t   data-reqmsg=\"Cours \u00e9lectroacoustique inscrit cannot be blank.\" data-invmsg=\"Cours \u00e9lectroacoustique inscrit est non valide\"  \/> musique mixte ou musique \u00e9lectronique (Antoine)<\/label><\/div>\n<\/div>\r\n    \r\n    \r\n<\/div>\n<div id=\"frm_field_123_container\" class=\"frm_form_field form-field  frm_required_field frm_top_container vertical_radio\">\r\n    <label  class=\"frm_primary_label\">Disponibilit\u00e9 - audition\r\n        <span class=\"frm_required\">*<\/span>\r\n    <\/label>\r\n    <div class=\"frm_opt_container\">\t\t<div class=\"frm_checkbox\" id=\"frm_checkbox_123-0\">\t\t\t<label  for=\"field_895hjf3b34f87d1-0\">\n\t\t\t<input type=\"checkbox\" name=\"item_meta[123][]\" id=\"field_895hjf3b34f87d1-0\" value=\"audition 1 : vendredi 15 janvier (16h-18h)\"  data-reqmsg=\"Disponibilit\u00e9 - audition cannot be blank.\" data-invmsg=\"Disponibilit\u00e9 - audition est non valide\"   aria-required=\"true\"  \/> audition 1 : vendredi 15 janvier (16h-18h)<\/label><\/div>\n<\/div>\r\n    \r\n    \r\n<\/div>\n<div id=\"frm_field_124_container\" class=\"frm_form_field form-field  frm_required_field frm_top_container vertical_radio\">\r\n    <label  class=\"frm_primary_label\">Disponibilit\u00e9 - installation et montage\r\n        <span class=\"frm_required\">*<\/span>\r\n    <\/label>\r\n    <div class=\"frm_opt_container\">\t\t<div class=\"frm_checkbox\" id=\"frm_checkbox_124-0\">\t\t\t<label  for=\"field_hp4l83eea3f07ea-0\">\n\t\t\t<input type=\"checkbox\" name=\"item_meta[124][]\" id=\"field_hp4l83eea3f07ea-0\" value=\"installation jeudi 14 janvier matin (d\u00e8s 9h)\"  data-reqmsg=\"Disponibilit\u00e9 - installation et montage cannot be blank.\" data-invmsg=\"Disponibilit\u00e9 - installation et montage est non valide\"   aria-required=\"true\"  \/> installation jeudi 14 janvier matin (d\u00e8s 9h)<\/label><\/div>\n\t\t<div class=\"frm_checkbox\" id=\"frm_checkbox_124-1\">\t\t\t<label  for=\"field_hp4l83eea3f07ea-1\">\n\t\t\t<input type=\"checkbox\" name=\"item_meta[124][]\" id=\"field_hp4l83eea3f07ea-1\" value=\"d\u00e9montage vendredi 15 janvier apr\u00e8s l\u2019audition (environ 1h)\"  data-reqmsg=\"Disponibilit\u00e9 - installation et montage cannot be blank.\" data-invmsg=\"Disponibilit\u00e9 - installation et montage est non valide\"   \/> d\u00e9montage vendredi 15 janvier apr\u00e8s l\u2019audition (environ 1h)<\/label><\/div>\n<\/div>\r\n    <div id=\"frm_desc_field_hp4l83eea3f07ea\" class=\"frm_description\">(Indiquer votre disponibilit\u00e9 pour l\u2019installation et le d\u00e9montage. Il faudrait au moins participer soit \u00e0 l'une, soit \u00e0 l'autre, mais c'est mieux d'\u00eatre au deux si possible.)<\/div>\r\n    \r\n<\/div>\n<div id=\"frm_field_125_container\" class=\"frm_form_field form-field  frm_top_container\">\r\n    <label for=\"field_qbz7g3cf5ea3fc7\" class=\"frm_primary_label\">Contraintes sp\u00e9cifiques\r\n        <span class=\"frm_required\"><\/span>\r\n    <\/label>\r\n    <textarea name=\"item_meta[125]\" id=\"field_qbz7g3cf5ea3fc7\" rows=\"5\"  data-invmsg=\"Contraintes sp\u00e9cifiques est non valide\" aria-invalid=\"false\"   aria-describedby=\"frm_desc_field_qbz7g3cf5ea3fc7\"><\/textarea>\r\n    <div id=\"frm_desc_field_qbz7g3cf5ea3fc7\" class=\"frm_description\">(i.e. pas dispo matin, ou bien je dois partir \u00e0 19h car concert le soir, etc.)<\/div>\r\n    \r\n<\/div>\n<div id=\"frm_field_126_container\" class=\"frm_form_field form-field  frm_required_field frm_top_container vertical_radio\">\r\n    <label  class=\"frm_primary_label\">Type de projet\r\n        <span class=\"frm_required\">*<\/span>\r\n    <\/label>\r\n    <div class=\"frm_opt_container\">\t\t<div class=\"frm_radio\" id=\"frm_radio_126-0\">\t\t\t<label  for=\"field_y7ov02fb746cd45-0\">\n\t\t\t\t\t<input type=\"radio\" name=\"item_meta[126]\" id=\"field_y7ov02fb746cd45-0\" value=\"composition\/cr\u00e9ation\"\n\t\t   data-reqmsg=\"Type de projet cannot be blank.\" data-invmsg=\"Type de projet est non valide\"  \/> composition\/cr\u00e9ation<\/label><\/div>\n\t\t<div class=\"frm_radio\" id=\"frm_radio_126-1\">\t\t\t<label  for=\"field_y7ov02fb746cd45-1\">\n\t\t\t\t\t<input type=\"radio\" name=\"item_meta[126]\" id=\"field_y7ov02fb746cd45-1\" value=\"arrangement d\u2019une oeuvre existante\"\n\t\t   data-reqmsg=\"Type de projet cannot be blank.\" data-invmsg=\"Type de projet est non valide\"  \/> arrangement d\u2019une oeuvre existante<\/label><\/div>\n\t\t<div class=\"frm_radio\" id=\"frm_radio_126-2\">\t\t\t<label  for=\"field_y7ov02fb746cd45-2\">\n\t\t\t\t\t<input type=\"radio\" name=\"item_meta[126]\" id=\"field_y7ov02fb746cd45-2\" value=\"improvisation structur\u00e9e\"\n\t\t   data-reqmsg=\"Type de projet cannot be blank.\" data-invmsg=\"Type de projet est non valide\"  \/> improvisation structur\u00e9e<\/label><\/div>\n<\/div>\r\n    \r\n    \r\n<\/div>\n<div id=\"frm_field_127_container\" class=\"frm_form_field form-field  frm_required_field frm_top_container vertical_radio\">\r\n    <label  class=\"frm_primary_label\">Format de projet\r\n        <span class=\"frm_required\">*<\/span>\r\n    <\/label>\r\n    <div class=\"frm_opt_container\">\t\t<div class=\"frm_radio\" id=\"frm_radio_127-0\">\t\t\t<label  for=\"field_zx1mz953b4bf757-0\">\n\t\t\t\t\t<input type=\"radio\" name=\"item_meta[127]\" id=\"field_zx1mz953b4bf757-0\" value=\"mixte - instrument acoustique avec \u00e9lectronique\"\n\t\t   data-reqmsg=\"Format de projet cannot be blank.\" data-invmsg=\"Format de projet est non valide\"  \/> mixte - instrument acoustique avec \u00e9lectronique<\/label><\/div>\n\t\t<div class=\"frm_radio\" id=\"frm_radio_127-1\">\t\t\t<label  for=\"field_zx1mz953b4bf757-1\">\n\t\t\t\t\t<input type=\"radio\" name=\"item_meta[127]\" id=\"field_zx1mz953b4bf757-1\" value=\"acousmatique - sur support\"\n\t\t   data-reqmsg=\"Format de projet cannot be blank.\" data-invmsg=\"Format de projet est non valide\"  \/> acousmatique - sur support<\/label><\/div>\n\t\t<div class=\"frm_radio\" id=\"frm_radio_127-2\">\t\t\t<label  for=\"field_zx1mz953b4bf757-2\">\n\t\t\t\t\t<input type=\"radio\" name=\"item_meta[127]\" id=\"field_zx1mz953b4bf757-2\" value=\"\u00e9lectronique live - instrument \u00e9lectronique\"\n\t\t   data-reqmsg=\"Format de projet cannot be blank.\" data-invmsg=\"Format de projet est non valide\"  \/> \u00e9lectronique live - instrument \u00e9lectronique<\/label><\/div>\n\t\t<div class=\"frm_radio\" id=\"frm_radio_127-3\">\t\t\t<label  for=\"field_zx1mz953b4bf757-3\">\n\t\t\t\t\t<input type=\"radio\" name=\"item_meta[127]\" id=\"field_zx1mz953b4bf757-3\" value=\"version esquisse acousmatique d&#039;une pi\u00e8ce mixte en cours\"\n\t\t   data-reqmsg=\"Format de projet cannot be blank.\" data-invmsg=\"Format de projet est non valide\"  \/> version esquisse acousmatique d'une pi\u00e8ce mixte en cours<\/label><\/div>\n<\/div>\r\n    \r\n    \r\n<\/div>\n<div id=\"frm_field_136_container\" class=\"frm_form_field form-field  frm_required_field frm_top_container vertical_radio\">\r\n    <label  class=\"frm_primary_label\">Dispositon sc\u00e9nique\r\n        <span class=\"frm_required\">*<\/span>\r\n    <\/label>\r\n    <div class=\"frm_opt_container\">\t\t<div class=\"frm_radio\" id=\"frm_radio_136-0\">\t\t\t<label  for=\"field_csry4-0\">\n\t\t\t\t\t<input type=\"radio\" name=\"item_meta[136]\" id=\"field_csry4-0\" value=\"ordinateur et console en r\u00e9gie\"\n\t\t   data-reqmsg=\"Dispositon sc\u00e9nique cannot be blank.\" data-invmsg=\"Dispositon sc\u00e9nique est non valide\"  \/> ordinateur et console en r\u00e9gie<\/label><\/div>\n\t\t<div class=\"frm_radio\" id=\"frm_radio_136-1\">\t\t\t<label  for=\"field_csry4-1\">\n\t\t\t\t\t<input type=\"radio\" name=\"item_meta[136]\" id=\"field_csry4-1\" value=\"musicien sur sc\u00e8ne ordinateur en regie\"\n\t\t   data-reqmsg=\"Dispositon sc\u00e9nique cannot be blank.\" data-invmsg=\"Dispositon sc\u00e9nique est non valide\"  \/> musicien sur sc\u00e8ne ordinateur en regie<\/label><\/div>\n\t\t<div class=\"frm_radio\" id=\"frm_radio_136-2\">\t\t\t<label  for=\"field_csry4-2\">\n\t\t\t\t\t<input type=\"radio\" name=\"item_meta[136]\" id=\"field_csry4-2\" value=\"musicien sur sc\u00e8ne ordinateur sur sc\u00e8ne\"\n\t\t   data-reqmsg=\"Dispositon sc\u00e9nique cannot be blank.\" data-invmsg=\"Dispositon sc\u00e9nique est non valide\"  \/> musicien sur sc\u00e8ne ordinateur sur sc\u00e8ne<\/label><\/div>\n\t\t<div class=\"frm_radio\" id=\"frm_radio_136-3\">\t\t\t<label  for=\"field_csry4-3\">\n\t\t\t\t\t<input type=\"radio\" name=\"item_meta[136]\" id=\"field_csry4-3\" value=\"ordinateur seul sur sc\u00e8ne\"\n\t\t   data-reqmsg=\"Dispositon sc\u00e9nique cannot be blank.\" data-invmsg=\"Dispositon sc\u00e9nique est non valide\"  \/> ordinateur seul sur sc\u00e8ne<\/label><\/div>\n<\/div>\r\n    \r\n    \r\n<\/div>\n<div id=\"frm_field_128_container\" class=\"frm_form_field form-field  frm_required_field frm_top_container\">\r\n    <label for=\"field_zrsxrb9685f0d8e\" class=\"frm_primary_label\">Titre\r\n        <span class=\"frm_required\">*<\/span>\r\n    <\/label>\r\n    <input type=\"text\" id=\"field_zrsxrb9685f0d8e\" name=\"item_meta[128]\" value=\"\"  data-reqmsg=\"Titre cannot be blank.\" aria-required=\"true\" data-invmsg=\"Titre est non valide\" aria-invalid=\"false\"  \/>\r\n    \r\n    \r\n<\/div>\n<div id=\"frm_field_129_container\" class=\"frm_form_field form-field  frm_required_field frm_top_container\">\r\n    <label for=\"field_8ykcvdbe8c6d285\" class=\"frm_primary_label\">Instrumentation\r\n        <span class=\"frm_required\">*<\/span>\r\n    <\/label>\r\n    <input type=\"text\" id=\"field_8ykcvdbe8c6d285\" name=\"item_meta[129]\" value=\"\"  data-reqmsg=\"Instrumentation cannot be blank.\" aria-required=\"true\" data-invmsg=\"Instrumentation est non valide\" aria-invalid=\"false\"   aria-describedby=\"frm_desc_field_8ykcvdbe8c6d285\"\/>\r\n    <div id=\"frm_desc_field_8ykcvdbe8c6d285\" class=\"frm_description\">(i.e. \"pour trombone et dispositif temps r\u00e9el\", ou \"pour fl\u00fbte \u00e0 bec et \u00e9lectronique live\", etc.)<\/div>\r\n    \r\n<\/div>\n<div id=\"frm_field_130_container\" class=\"frm_form_field form-field  frm_top_container\">\r\n    <label for=\"field_8oz2t84234f8730\" class=\"frm_primary_label\">Compositeur\r\n        <span class=\"frm_required\"><\/span>\r\n    <\/label>\r\n    <input type=\"text\" id=\"field_8oz2t84234f8730\" name=\"item_meta[130]\" value=\"\"  data-invmsg=\"Compositeur est non valide\" aria-invalid=\"false\"   aria-describedby=\"frm_desc_field_8oz2t84234f8730\"\/>\r\n    <div id=\"frm_desc_field_8oz2t84234f8730\" class=\"frm_description\">S'il s'agit d'une composition<\/div>\r\n    \r\n<\/div>\n<div id=\"frm_field_137_container\" class=\"frm_form_field form-field  frm_top_container\">\n    <label for=\"field_20gsp\" id=\"field_20gsp_label\" class=\"frm_primary_label\">Nom de l'instrumentiste (si pi\u00e8ce mixte)\n        <span class=\"frm_required\"><\/span>\n    <\/label>\n    <input type=\"text\" id=\"field_20gsp\" name=\"item_meta[137]\" value=\"\"  data-invmsg=\"texte est non valide\" aria-invalid=\"false\"  \/>\n    \n    \n<\/div>\n<div id=\"frm_field_131_container\" class=\"frm_form_field form-field  frm_required_field frm_top_container\">\r\n    <label for=\"field_3kslp3eff1356d9\" class=\"frm_primary_label\">Dur\u00e9e approximative\r\n        <span class=\"frm_required\">*<\/span>\r\n    <\/label>\r\n    <input type=\"text\" id=\"field_3kslp3eff1356d9\" name=\"item_meta[131]\" value=\"\"  data-reqmsg=\"Dur\u00e9e approximative cannot be blank.\" aria-required=\"true\" data-invmsg=\"Dur\u00e9e estim\u00e9e est non valide\" aria-invalid=\"false\"  \/>\r\n    \r\n    \r\n<\/div>\n<div id=\"frm_field_132_container\" class=\"frm_form_field form-field  frm_required_field frm_top_container\">\r\n    <label for=\"field_hlksz90309edbd1\" class=\"frm_primary_label\">Nombre d'ordinateurs n\u00e9cessaires\r\n        <span class=\"frm_required\">*<\/span>\r\n    <\/label>\r\n    <input type=\"text\" id=\"field_hlksz90309edbd1\" name=\"item_meta[132]\" value=\"1\"  data-frmval=\"1\" data-reqmsg=\"Nombre d&#039;ordinateurs n\u00e9cessaires cannot be blank.\" aria-required=\"true\" data-invmsg=\"Nombre d&#039;ordinateurs n\u00e9cessaires est non valide\" aria-invalid=\"false\"   aria-describedby=\"frm_desc_field_hlksz90309edbd1\"\/>\r\n    <div id=\"frm_desc_field_hlksz90309edbd1\" class=\"frm_description\">Pour les duos ou groupes, nous dire si tout se passe dans un ordi, ou bien dans plusieurs et combien.<\/div>\r\n    \r\n<\/div>\n<div id=\"frm_field_133_container\" class=\"frm_form_field form-field  frm_required_field frm_top_container vertical_radio\">\r\n    <label  class=\"frm_primary_label\">Canaux de sortie\r\n        <span class=\"frm_required\">*<\/span>\r\n    <\/label>\r\n    <div class=\"frm_opt_container\">\t\t<div class=\"frm_radio\" id=\"frm_radio_133-0\">\t\t\t<label  for=\"field_ycxkl0c53e0fc92-0\">\n\t\t\t\t\t<input type=\"radio\" name=\"item_meta[133]\" id=\"field_ycxkl0c53e0fc92-0\" value=\"st\u00e9r\u00e9o (temps r\u00e9el 2 hp ou fichier st\u00e9r\u00e9o acousmatique)\"\n\t\tchecked=\"checked\"   data-frmval=\"st\u00e9r\u00e9o (temps r\u00e9el 2 hp ou fichier st\u00e9r\u00e9o acousmatique)\" data-reqmsg=\"Canaux de sortie cannot be blank.\" data-invmsg=\"Canaux de sortie est non valide\"  \/> st\u00e9r\u00e9o (temps r\u00e9el 2 hp ou fichier st\u00e9r\u00e9o acousmatique)<\/label><\/div>\n\t\t<div class=\"frm_radio\" id=\"frm_radio_133-1\">\t\t\t<label  for=\"field_ycxkl0c53e0fc92-1\">\n\t\t\t\t\t<input type=\"radio\" name=\"item_meta[133]\" id=\"field_ycxkl0c53e0fc92-1\" value=\"4 canaux (temps r\u00e9el 4 hp ou fichier 4 canaux acousmatique)\"\n\t\t   data-frmval=\"st\u00e9r\u00e9o (temps r\u00e9el 2 hp ou fichier st\u00e9r\u00e9o acousmatique)\" data-reqmsg=\"Canaux de sortie cannot be blank.\" data-invmsg=\"Canaux de sortie est non valide\"  \/> 4 canaux (temps r\u00e9el 4 hp ou fichier 4 canaux acousmatique)<\/label><\/div>\n\t\t<div class=\"frm_radio\" id=\"frm_radio_133-2\">\t\t\t<label  for=\"field_ycxkl0c53e0fc92-2\">\n\t\t\t\t\t<input type=\"radio\" name=\"item_meta[133]\" id=\"field_ycxkl0c53e0fc92-2\" value=\"5.1\"\n\t\t   data-frmval=\"st\u00e9r\u00e9o (temps r\u00e9el 2 hp ou fichier st\u00e9r\u00e9o acousmatique)\" data-reqmsg=\"Canaux de sortie cannot be blank.\" data-invmsg=\"Canaux de sortie est non valide\"  \/> 5.1<\/label><\/div>\n\t\t<div class=\"frm_radio\" id=\"frm_radio_133-3\">\t\t\t<label  for=\"field_ycxkl0c53e0fc92-3\">\n\t\t\t\t\t<input type=\"radio\" name=\"item_meta[133]\" id=\"field_ycxkl0c53e0fc92-3\" value=\"8 canaux\"\n\t\t   data-frmval=\"st\u00e9r\u00e9o (temps r\u00e9el 2 hp ou fichier st\u00e9r\u00e9o acousmatique)\" data-reqmsg=\"Canaux de sortie cannot be blank.\" data-invmsg=\"Canaux de sortie est non valide\"  \/> 8 canaux<\/label><\/div>\n<\/div>\r\n    \r\n    \r\n<\/div>\n<div id=\"frm_field_134_container\" class=\"frm_form_field form-field  frm_required_field frm_top_container vertical_radio\">\r\n    <label  class=\"frm_primary_label\">P\u00e9dale de d\u00e9clenchement\r\n        <span class=\"frm_required\">*<\/span>\r\n    <\/label>\r\n    <div class=\"frm_opt_container\">\t\t<div class=\"frm_radio\" id=\"frm_radio_134-0\">\t\t\t<label  for=\"field_fo2r1e36911d5ee-0\">\n\t\t\t\t\t<input type=\"radio\" name=\"item_meta[134]\" id=\"field_fo2r1e36911d5ee-0\" value=\"sustain\"\n\t\t   data-reqmsg=\"P\u00e9dale de d\u00e9clenchement cannot be blank.\" data-invmsg=\"P\u00e9dale de d\u00e9clenchement est non valide\"  \/> sustain<\/label><\/div>\n\t\t<div class=\"frm_radio\" id=\"frm_radio_134-1\">\t\t\t<label  for=\"field_fo2r1e36911d5ee-1\">\n\t\t\t\t\t<input type=\"radio\" name=\"item_meta[134]\" id=\"field_fo2r1e36911d5ee-1\" value=\"3 boutons (Logidy)\"\n\t\t   data-reqmsg=\"P\u00e9dale de d\u00e9clenchement cannot be blank.\" data-invmsg=\"P\u00e9dale de d\u00e9clenchement est non valide\"  \/> 3 boutons (Logidy)<\/label><\/div>\n\t\t<div class=\"frm_radio\" id=\"frm_radio_134-2\">\t\t\t<label  for=\"field_fo2r1e36911d5ee-2\">\n\t\t\t\t\t<input type=\"radio\" name=\"item_meta[134]\" id=\"field_fo2r1e36911d5ee-2\" value=\"type indiff\u00e9rent\"\n\t\t   data-reqmsg=\"P\u00e9dale de d\u00e9clenchement cannot be blank.\" data-invmsg=\"P\u00e9dale de d\u00e9clenchement est non valide\"  \/> type indiff\u00e9rent<\/label><\/div>\n\t\t<div class=\"frm_radio\" id=\"frm_radio_134-3\">\t\t\t<label  for=\"field_fo2r1e36911d5ee-3\">\n\t\t\t\t\t<input type=\"radio\" name=\"item_meta[134]\" id=\"field_fo2r1e36911d5ee-3\" value=\"pas de p\u00e9dale\"\n\t\t   data-reqmsg=\"P\u00e9dale de d\u00e9clenchement cannot be blank.\" data-invmsg=\"P\u00e9dale de d\u00e9clenchement est non valide\"  \/> pas de p\u00e9dale<\/label><\/div>\n<\/div>\r\n    \r\n    \r\n<\/div>\n<div id=\"frm_field_135_container\" class=\"frm_form_field form-field  frm_top_container\">\r\n    <label for=\"field_h2t0s015a776c69\" class=\"frm_primary_label\">Autres contr\u00f4leurs\r\n        <span class=\"frm_required\"><\/span>\r\n    <\/label>\r\n    <input type=\"text\" id=\"field_h2t0s015a776c69\" name=\"item_meta[135]\" value=\"\"  data-invmsg=\"Autres contr\u00f4leurs est non valide\" aria-invalid=\"false\"   aria-describedby=\"frm_desc_field_h2t0s015a776c69\"\/>\r\n    <div id=\"frm_desc_field_h2t0s015a776c69\" class=\"frm_description\">(lister d'autres contr\u00f4leurs si vous en avez besoin)<\/div>\r\n    \r\n<\/div>\n\t<input type=\"hidden\" name=\"item_key\" value=\"\" \/>\n\t\t\t<div id=\"frm_field_143_container\">\n\t\t\t<label for=\"field_79o18\" >\n\t\t\t\tSi vous \u00eates un humain, ne remplissez pas ce champ.\t\t\t<\/label>\n\t\t\t<input  id=\"field_79o18\" type=\"text\" class=\"frm_form_field form-field frm_verify\" name=\"item_meta[143]\" value=\"\"  \/>\n\t\t<\/div>\n\t\t<input name=\"frm_state\" type=\"hidden\" value=\"Fbc5J6hxyOQZiCGF2TLnkRt7px8w5QZX+nHCR2mlfgE=\" \/><div class=\"frm_submit\">\r\n\r\n<input type=\"submit\" value=\"Envoyer\"  \/>\r\n<img data-recalc-dims=\"1\" decoding=\"async\" class=\"frm_ajax_loading\" src=\"https:\/\/i0.wp.com\/electro-strasbourg.eu\/blog\/wp-content\/plugins\/formidable\/images\/ajax_loader.gif?w=474\" alt=\"Envoi\"\/>\r\n\r\n<\/div><\/div>\n<\/fieldset>\n<\/div>\n\n<p style=\"display: none !important;\" class=\"akismet-fields-container\" data-prefix=\"ak_\"><label>&#916;<textarea name=\"ak_hp_textarea\" cols=\"45\" rows=\"8\" maxlength=\"100\"><\/textarea><\/label><input type=\"hidden\" id=\"ak_js_1\" name=\"ak_js\" value=\"233\"\/><script>document.getElementById( \"ak_js_1\" ).setAttribute( \"value\", ( new Date() ).getTime() );<\/script><\/p><\/form>\n<\/div>\n\n","protected":false},"excerpt":{"rendered":"","protected":false},"author":1,"featured_media":0,"parent":4183,"menu_order":0,"comment_status":"closed","ping_status":"closed","template":"","meta":{"jetpack_post_was_ever_published":false,"footnotes":""},"class_list":["post-4186","page","type-page","status-publish","hentry"],"jetpack_shortlink":"https:\/\/wp.me\/P3WkX1-15w","jetpack_sharing_enabled":true,"_links":{"self":[{"href":"http:\/\/electro-strasbourg.eu\/blog\/wp-json\/wp\/v2\/pages\/4186","targetHints":{"allow":["GET"]}}],"collection":[{"href":"http:\/\/electro-strasbourg.eu\/blog\/wp-json\/wp\/v2\/pages"}],"about":[{"href":"http:\/\/electro-strasbourg.eu\/blog\/wp-json\/wp\/v2\/types\/page"}],"author":[{"embeddable":true,"href":"http:\/\/electro-strasbourg.eu\/blog\/wp-json\/wp\/v2\/users\/1"}],"replies":[{"embeddable":true,"href":"http:\/\/electro-strasbourg.eu\/blog\/wp-json\/wp\/v2\/comments?post=4186"}],"version-history":[{"count":6,"href":"http:\/\/electro-strasbourg.eu\/blog\/wp-json\/wp\/v2\/pages\/4186\/revisions"}],"predecessor-version":[{"id":4192,"href":"http:\/\/electro-strasbourg.eu\/blog\/wp-json\/wp\/v2\/pages\/4186\/revisions\/4192"}],"up":[{"embeddable":true,"href":"http:\/\/electro-strasbourg.eu\/blog\/wp-json\/wp\/v2\/pages\/4183"}],"wp:attachment":[{"href":"http:\/\/electro-strasbourg.eu\/blog\/wp-json\/wp\/v2\/media?parent=4186"}],"curies":[{"name":"wp","href":"https:\/\/api.w.org\/{rel}","templated":true}]}}