{"id":3936,"date":"2020-04-23T17:01:07","date_gmt":"2020-04-23T15:01:07","guid":{"rendered":"http:\/\/electro-strasbourg.eu\/blog\/?page_id=3936"},"modified":"2020-04-23T19:09:26","modified_gmt":"2020-04-23T17:09:26","slug":"patches-puredata","status":"publish","type":"page","link":"http:\/\/electro-strasbourg.eu\/blog\/ressources\/logiciels\/patches-puredata\/","title":{"rendered":"patches PureData"},"content":{"rendered":"<p>Voici une progression p\u00e9dagogique de patches PureData avec beaucoup de commentaires et explications.<\/p>\n<p>t\u00e9l\u00e9charger le .zip : <a href=\"http:\/\/electro-strasbourg.eu\/blog\/wp-content\/uploads\/2020\/04\/PureData-tutorial-progression01_tmays.zip\">PureData-tutorial-progression01_tmays<\/a><\/p>\n<hr \/>\n<p>contenu :<\/p>\n<ul>\n<li>01-bases-osc-amp-notes<\/li>\n<li style=\"list-style-type: none;\">\n<ul>\n<li>101-oscamp.pd<\/li>\n<li>102-oscamp-num.pd<\/li>\n<li>103-oscamp-line.pd<\/li>\n<li>104-oscamp-slider.pd<\/li>\n<li>105-oscamp-slider2.pd<\/li>\n<li>106-oscamp-slider-lissage2.pd<\/li>\n<li>107-oscamp-notes.pd<\/li>\n<li>108-enveloppes.pd<\/li>\n<li>109-oscenv-notes.pd<\/li>\n<li>110-oscenv-notes-keys.pd<\/li>\n<li>111-oscenv-notes-seq.pd<\/li>\n<li>112-oscenv-notes-rnd.pd<\/li>\n<li>113-metroseqenv.pd<\/li>\n<li>114-oscenv-notes-rnd2.pd<\/li>\n<li>115-oscenv-notes-rnd3.pd<\/li>\n<li>116-phasor-filtre.pd<\/li>\n<li>117-oscenv-notes-rnd4.pd<\/li>\n<\/ul>\n<\/li>\n<li>02-adc-pan-del-filtres\n<ul>\n<li>201-adc-vu-dac.pd<\/li>\n<li>202-panoramique-lin.pd<\/li>\n<li>203-panoramique-sqrt.pd<\/li>\n<li>204-panoramique-sin.pd<\/li>\n<li>205-panoramique-souspatch.pd<\/li>\n<li>206-delwritedelread.pd<\/li>\n<li>207-simple_feedback.pd<\/li>\n<li>208-filtres.pd<\/li>\n<li>209-del+fb+filtres.pd<\/li>\n<\/ul>\n<\/li>\n<li>03-MIDI-synth\n<ul>\n<li>301-midi1.pd<\/li>\n<li>302-midisynth1.pd<\/li>\n<li>303-midisynth2.pd<\/li>\n<li>304-midisynth2-bend.pd<\/li>\n<\/ul>\n<\/li>\n<li>04-fichier-son\n<ul>\n<li>401-writesf-readsf.pd<\/li>\n<li>402-writesf-readsf-trig.pd<\/li>\n<li>403-recplay-miditrig.pd<\/li>\n<li>404-recplay-miditrig-env.pd<\/li>\n<li>405-recplay-miditrig-envX3.pd<\/li>\n<li>406-miditrig-methode2.pd<\/li>\n<\/ul>\n<\/li>\n<li>05-sampleur\n<ul>\n<li>501-sampleur1.pd<\/li>\n<li>502-sampleur1+.pd<\/li>\n<li>503-sampleur2.pd<\/li>\n<li>504-samptable1.pd<\/li>\n<li>505-samptable1-trsp.pd<\/li>\n<li>506-samptable1-split.pd<\/li>\n<li>507-sampleur2-midi.pd<\/li>\n<li>508-sampleur3-midi.pd<\/li>\n<li>509-sampleur4-poly.pd<\/li>\n<li>510-pack-unpack.pd<\/li>\n<li>511-split-ou-moses.pd<\/li>\n<li>512-split-clavier.pd<\/li>\n<li>513-sampleur5-split-poly.pd<\/li>\n<\/ul>\n<\/li>\n<li>06-synth-subpatch-poly\n<ul>\n<li>601-synth-sub.pd<\/li>\n<li>602-synth-sub-poly.pd<\/li>\n<li>603-synth-abs-poly.pd<\/li>\n<li>604-synth-abs-poly-canal.pd<\/li>\n<\/ul>\n<\/li>\n<li>07-detection-hauteur\n<ul>\n<li>701-detection-hauteur1.pd<\/li>\n<\/ul>\n<\/li>\n<li>08-Gem-basic\n<ul>\n<li>801-simple_carr\u00e9(lib_GEM).pd<\/li>\n<li>802-carre+film(lib_GEM).pd<\/li>\n<li>803-carre+pict(lib_GEM).pd<\/li>\n<li>804-cube+pict(lib_GEM).pd<\/li>\n<li>805-contr\u00f4le_par_son(lib_GEM).pd<\/li>\n<\/ul>\n<\/li>\n<\/ul>\n","protected":false},"excerpt":{"rendered":"<p>Voici une progression p\u00e9dagogique de patches PureData avec beaucoup de commentaires et explications. t\u00e9l\u00e9charger le .zip : PureData-tutorial-progression01_tmays contenu : 01-bases-osc-amp-notes 101-oscamp.pd 102-oscamp-num.pd 103-oscamp-line.pd 104-oscamp-slider.pd 105-oscamp-slider2.pd 106-oscamp-slider-lissage2.pd 107-oscamp-notes.pd 108-enveloppes.pd 109-oscenv-notes.pd 110-oscenv-notes-keys.pd 111-oscenv-notes-seq.pd 112-oscenv-notes-rnd.pd 113-metroseqenv.pd 114-oscenv-notes-rnd2.pd 115-oscenv-notes-rnd3.pd 116-phasor-filtre.pd 117-oscenv-notes-rnd4.pd 02-adc-pan-del-filtres 201-adc-vu-dac.pd 202-panoramique-lin.pd 203-panoramique-sqrt.pd 204-panoramique-sin.pd 205-panoramique-souspatch.pd 206-delwritedelread.pd 207-simple_feedback.pd 208-filtres.pd 209-del+fb+filtres.pd 03-MIDI-synth 301-midi1.pd 302-midisynth1.pd 303-midisynth2.pd 304-midisynth2-bend.pd 04-fichier-son 401-writesf-readsf.pd &hellip; <a href=\"http:\/\/electro-strasbourg.eu\/blog\/ressources\/logiciels\/patches-puredata\/\" class=\"more-link\">Continuer la lecture de <span class=\"screen-reader-text\">patches PureData<\/span>  <span class=\"meta-nav\">&rarr;<\/span><\/a><\/p>\n","protected":false},"author":1,"featured_media":0,"parent":3934,"menu_order":0,"comment_status":"closed","ping_status":"closed","template":"","meta":{"jetpack_post_was_ever_published":false,"footnotes":""},"class_list":["post-3936","page","type-page","status-publish","hentry"],"jetpack_shortlink":"https:\/\/wp.me\/P3WkX1-11u","jetpack_sharing_enabled":true,"_links":{"self":[{"href":"http:\/\/electro-strasbourg.eu\/blog\/wp-json\/wp\/v2\/pages\/3936","targetHints":{"allow":["GET"]}}],"collection":[{"href":"http:\/\/electro-strasbourg.eu\/blog\/wp-json\/wp\/v2\/pages"}],"about":[{"href":"http:\/\/electro-strasbourg.eu\/blog\/wp-json\/wp\/v2\/types\/page"}],"author":[{"embeddable":true,"href":"http:\/\/electro-strasbourg.eu\/blog\/wp-json\/wp\/v2\/users\/1"}],"replies":[{"embeddable":true,"href":"http:\/\/electro-strasbourg.eu\/blog\/wp-json\/wp\/v2\/comments?post=3936"}],"version-history":[{"count":2,"href":"http:\/\/electro-strasbourg.eu\/blog\/wp-json\/wp\/v2\/pages\/3936\/revisions"}],"predecessor-version":[{"id":3939,"href":"http:\/\/electro-strasbourg.eu\/blog\/wp-json\/wp\/v2\/pages\/3936\/revisions\/3939"}],"up":[{"embeddable":true,"href":"http:\/\/electro-strasbourg.eu\/blog\/wp-json\/wp\/v2\/pages\/3934"}],"wp:attachment":[{"href":"http:\/\/electro-strasbourg.eu\/blog\/wp-json\/wp\/v2\/media?parent=3936"}],"curies":[{"name":"wp","href":"https:\/\/api.w.org\/{rel}","templated":true}]}}