{"id":3332,"date":"2020-01-19T14:31:27","date_gmt":"2020-01-19T13:31:27","guid":{"rendered":"http:\/\/electro-strasbourg.eu\/blog\/?page_id=3332"},"modified":"2022-01-24T19:27:57","modified_gmt":"2022-01-24T18:27:57","slug":"events-2019-2020","status":"publish","type":"page","link":"http:\/\/electro-strasbourg.eu\/blog\/events\/events-2019-2020\/","title":{"rendered":"Events 2019-2020"},"content":{"rendered":"<h3>Une s\u00e9lection d&rsquo;\u00e9v\u00e9nements et projets :<br \/>cr\u00e9ation\u00a0et interpr\u00e9tation \u00e9lectroacoustique \/ composition mixte<\/h3>\n<h4>2019-2020<\/h4>\n<h5>Ev\u00e9nements :<\/h5>\n\n\n<p>Pas mal d&rsquo;\u00e9v\u00e9nements, mais cette page n&rsquo;est pas \u00e0 jour&#8230;<\/p>\n","protected":false},"excerpt":{"rendered":"<p>Une s\u00e9lection d&rsquo;\u00e9v\u00e9nements et projets :cr\u00e9ation\u00a0et interpr\u00e9tation \u00e9lectroacoustique \/ composition mixte 2019-2020 Ev\u00e9nements : Pas mal d&rsquo;\u00e9v\u00e9nements, mais cette page n&rsquo;est pas \u00e0 jour&#8230;<\/p>\n","protected":false},"author":1,"featured_media":0,"parent":283,"menu_order":0,"comment_status":"closed","ping_status":"closed","template":"","meta":{"jetpack_post_was_ever_published":false,"footnotes":""},"class_list":["post-3332","page","type-page","status-publish","hentry"],"jetpack_shortlink":"https:\/\/wp.me\/P3WkX1-RK","jetpack_sharing_enabled":true,"_links":{"self":[{"href":"http:\/\/electro-strasbourg.eu\/blog\/wp-json\/wp\/v2\/pages\/3332","targetHints":{"allow":["GET"]}}],"collection":[{"href":"http:\/\/electro-strasbourg.eu\/blog\/wp-json\/wp\/v2\/pages"}],"about":[{"href":"http:\/\/electro-strasbourg.eu\/blog\/wp-json\/wp\/v2\/types\/page"}],"author":[{"embeddable":true,"href":"http:\/\/electro-strasbourg.eu\/blog\/wp-json\/wp\/v2\/users\/1"}],"replies":[{"embeddable":true,"href":"http:\/\/electro-strasbourg.eu\/blog\/wp-json\/wp\/v2\/comments?post=3332"}],"version-history":[{"count":4,"href":"http:\/\/electro-strasbourg.eu\/blog\/wp-json\/wp\/v2\/pages\/3332\/revisions"}],"predecessor-version":[{"id":4423,"href":"http:\/\/electro-strasbourg.eu\/blog\/wp-json\/wp\/v2\/pages\/3332\/revisions\/4423"}],"up":[{"embeddable":true,"href":"http:\/\/electro-strasbourg.eu\/blog\/wp-json\/wp\/v2\/pages\/283"}],"wp:attachment":[{"href":"http:\/\/electro-strasbourg.eu\/blog\/wp-json\/wp\/v2\/media?parent=3332"}],"curies":[{"name":"wp","href":"https:\/\/api.w.org\/{rel}","templated":true}]}}