{"id":3091,"date":"2019-01-01T19:24:00","date_gmt":"2019-01-01T18:24:00","guid":{"rendered":"http:\/\/electro-strasbourg.eu\/blog\/?page_id=3091"},"modified":"2020-01-27T05:22:52","modified_gmt":"2020-01-27T04:22:52","slug":"events-2018-2019","status":"publish","type":"page","link":"http:\/\/electro-strasbourg.eu\/blog\/events\/events-2018-2019\/","title":{"rendered":"Events 2018-2019"},"content":{"rendered":"<h3>Ev\u00e9nements et projets :<br \/>\ncr\u00e9ation\u00a0et interpr\u00e9tation \u00e9lectroacoustique \/ composition mixte<\/h3>\n<h4>2018-2019<\/h4>\n<h6>Concert Musica \u2013 Var\u00e8se<\/h6>\n<p>22 septembre 2018 :<\/p>\n<p style=\"padding-left: 40px;\">Musica 2018 &#8211; Strasbourg. <a href=\"http:\/\/electro-strasbourg.eu\/blog\/portfolio\/concert-musica-varese\/\" target=\"_blank\" rel=\"noopener noreferrer\">L&rsquo;ensemble de musique contemporaine de la HEAR joue Var\u00e8se &#8211; D\u00e9serts<\/a>. Spatialisation des bandes, Guido Pedicone.<\/p>\n<h6>Acad\u00e9mie de Composition<\/h6>\n<p>24 septembre au 6 octobre 2018 :\u00a0<a href=\"http:\/\/electro-strasbourg.eu\/blog\/portfolio\/academie-de-composition-philippe-manoury-musica-2018\/\" target=\"_blank\" rel=\"noopener noreferrer\">Acad\u00e9mie de Composition Philippe Manoury 2018<\/a> (Musica\/HEAR)<\/p>\n<p style=\"padding-left: 40px;\">Philippe Manoury et Luca Francesconi, 5 compositeurs pour les Neue Vocalsolisten, et 5 pour des pi\u00e8ces solistes et temps r\u00e9el (suivi Tom Mays). Un \u00e9tudiant HEAR Composition pour l&rsquo;oeuvre vocale (Nicolas Medero Larrosa), un \u00e9tudiant HEAR Cr\u00e9ation Electroacoustique pour l&rsquo;oeuvre temps r\u00e9el (Sergio Nunez Meneses).<\/p>\n<p style=\"padding-left: 40px;\">master classes : Philippe Manoury et Luca Francesconi<\/p>\n<h6>Atelier Hors Limites &#8211; HEAR<\/h6>\n<p>12-16 novembre 2018 \u2013\u00a0Light Wall System avec Jean Geoffroy,\u00a0Atelier Hors Limites HEAR (inter-site)<\/p>\n<ul>\n<li style=\"list-style-type: none;\">\n<ul>\n<li>page projet : <a href=\"http:\/\/espaces-sonores.hear.fr\/portfolio\/light-wall-system\/\">Light Wall System &#8211;\u00a0Atelier Hors Limites 2018<\/a><\/li>\n<\/ul>\n<\/li>\n<\/ul>\n<h6>Soir\u00e9e Cabaret<\/h6>\n<p>30 novembre 2018 \u2013 <a href=\"http:\/\/espaces-sonores.hear.fr\/portfolio\/la-nuit-de-laubette\/\" target=\"_blank\" rel=\"noopener noreferrer\">La Nuit de l&rsquo;Aubette<\/a><\/p>\n<p style=\"padding-left: 40px;\">Soir\u00e9e Cabaret organis\u00e9 par la Hear \u00e0 l\u2019Aubette 1928, Strasbourg.\u00a0Restitution de 4 projets Light Wall System choisi parmi ceux de la semaine Hors Limites : Light Wall System dirig\u00e9 par l\u2019artiste intervenant Jean Geoffroy.<\/p>\n<h6><strong>Audition semestre 1<\/strong><\/h6>\n<p>11 jan 2019 :\u00a0<a href=\"http:\/\/electro-strasbourg.eu\/blog\/audiovideo-archives\/auditions-du-11-janvier-2019\/\">Auditions du 11 janvier 2019<\/a><\/p>\n<h6><strong>Th\u00e9matique &#8211; <a href=\"http:\/\/espaces-sonores.hear.fr\/portfolio\/gestes\/\" target=\"_blank\" rel=\"noopener noreferrer\">GESTES<\/a> (Espaces Sonores)<\/strong><\/h6>\n<p>5 &#8211; 8 mars 2018 \u2013 Workshops, Concerts, Journ\u00e9e d&rsquo;\u00e9tude \u2013 HEAR Strasbourg et le Shadok<\/p>\n<p style=\"padding-left: 40px;\"><a href=\"http:\/\/espaces-sonores.hear.fr\/portfolio\/gestes\/\" target=\"_blank\" rel=\"noopener noreferrer\">GESTES<\/a> \u2013 mouvement, espace et son dans la cr\u00e9ation musicale et artistique<\/p>\n<ul>\n<li style=\"list-style-type: none;\">\n<ul>\n<li style=\"list-style-type: none;\">\n<ul>\n<li style=\"list-style-type: none;\">\n<ul>\n<li><a href=\"http:\/\/espaces-sonores.hear.fr\/portfolio\/gestes-atelier-de-creation-light-wall-system\/\">Gestes \u2013 Atelier de Cr\u00e9ation Light Wall System<\/a><\/li>\n<li><a href=\"http:\/\/espaces-sonores.hear.fr\/portfolio\/gestes-workshop-faust\/\">Gestes \u2013 Workshop Faust<\/a><\/li>\n<li><a href=\"http:\/\/espaces-sonores.hear.fr\/portfolio\/gestes-concert1\">Gestes \u2013 Concert 1<\/a><\/li>\n<li><a href=\"http:\/\/espaces-sonores.hear.fr\/portfolio\/gestes-concert-2\">Gestes \u2013 Concert 2<\/a><\/li>\n<li><a href=\"http:\/\/espaces-sonores.hear.fr\/portfolio\/gestes-journee-detude\">Gestes \u2013 Journ\u00e9e d\u2019Etude<\/a><\/li>\n<\/ul>\n<\/li>\n<\/ul>\n<\/li>\n<\/ul>\n<\/li>\n<\/ul>\n<figure id=\"attachment_3512\" aria-describedby=\"caption-attachment-3512\" style=\"width: 100px\" class=\"wp-caption aligncenter\"><a href=\"http:\/\/espaces-sonores.hear.fr\/portfolio\/gestes\/\"><img data-recalc-dims=\"1\" loading=\"lazy\" decoding=\"async\" data-attachment-id=\"3512\" data-permalink=\"http:\/\/electro-strasbourg.eu\/blog\/events\/events-2018-2019\/gestes-prog-journeedetude-thumb\/\" data-orig-file=\"https:\/\/i0.wp.com\/electro-strasbourg.eu\/blog\/wp-content\/uploads\/2020\/01\/Gestes-prog-journeedetude-thumb.jpg?fit=368%2C595\" data-orig-size=\"368,595\" data-comments-opened=\"0\" data-image-meta=\"{&quot;aperture&quot;:&quot;0&quot;,&quot;credit&quot;:&quot;&quot;,&quot;camera&quot;:&quot;&quot;,&quot;caption&quot;:&quot;&quot;,&quot;created_timestamp&quot;:&quot;0&quot;,&quot;copyright&quot;:&quot;&quot;,&quot;focal_length&quot;:&quot;0&quot;,&quot;iso&quot;:&quot;0&quot;,&quot;shutter_speed&quot;:&quot;0&quot;,&quot;title&quot;:&quot;&quot;,&quot;orientation&quot;:&quot;0&quot;}\" data-image-title=\"Gestes-prog-journeedetude-thumb\" data-image-description=\"\" data-image-caption=\"\" data-medium-file=\"https:\/\/i0.wp.com\/electro-strasbourg.eu\/blog\/wp-content\/uploads\/2020\/01\/Gestes-prog-journeedetude-thumb.jpg?fit=186%2C300\" data-large-file=\"https:\/\/i0.wp.com\/electro-strasbourg.eu\/blog\/wp-content\/uploads\/2020\/01\/Gestes-prog-journeedetude-thumb.jpg?fit=368%2C595\" class=\"wp-image-3512\" src=\"https:\/\/i0.wp.com\/electro-strasbourg.eu\/blog\/wp-content\/uploads\/2020\/01\/Gestes-prog-journeedetude-thumb.jpg?resize=100%2C162\" alt=\"\" width=\"100\" height=\"162\" srcset=\"https:\/\/i0.wp.com\/electro-strasbourg.eu\/blog\/wp-content\/uploads\/2020\/01\/Gestes-prog-journeedetude-thumb.jpg?w=368 368w, https:\/\/i0.wp.com\/electro-strasbourg.eu\/blog\/wp-content\/uploads\/2020\/01\/Gestes-prog-journeedetude-thumb.jpg?resize=186%2C300 186w\" sizes=\"auto, (max-width: 100px) 100vw, 100px\" \/><\/a><figcaption id=\"caption-attachment-3512\" class=\"wp-caption-text\">Page projet (Espaces Sonores)<\/figcaption><\/figure>\n<h6><strong>Audition semestre 2<\/strong><\/h6>\n<p>28-28 mai 2019 :\u00a0<a href=\"http:\/\/electro-strasbourg.eu\/blog\/audiovideo-archives\/auditions-du-27-28-mai-2019\/\">Auditions du 27-28 mai 2019<\/a><\/p>\n<h6>Concert \/ installations \/ studio report : ZKM Karlsruhe<\/h6>\n<p>5-6 juin 2019 \u2013 participation au Next Generation 8.0, ZKM Karlsruhe<\/p>\n<p style=\"padding-left: 40px;\">Etudiants de la HEAR et du CRR. Profs G\u00e9rard Starck, Jean-Daniel H\u00e9g\u00e9 et Tom Mays.<\/p>\n<p style=\"padding-left: 40px;\"><a href=\"http:\/\/electro-strasbourg.eu\/blog\/portfolio\/next-generation-8-0-au-zkm-a-karlsruhe\" target=\"_blank\" rel=\"noopener noreferrer\">page d&rsquo;info et photos<\/a><\/p>\n<h6><strong>Concert-Examen<\/strong><\/h6>\n<p>11 juin 2019 :\u00a0<a href=\"http:\/\/electro-strasbourg.eu\/blog\/portfolio\/journee-de-la-jeune-creation-2019\/\" target=\"_blank\" rel=\"noopener noreferrer\">Journ\u00e9e de la jeune cr\u00e9ation<\/a><\/p>\n<p style=\"padding-left: 40px;\">Examens de fin d\u2019ann\u00e9e des classes de Composition\u00a0et de<br \/>\nCr\u00e9ation et Interpr\u00e9tation Electroacoustique.<a href=\"https:\/\/i0.wp.com\/electro-strasbourg.eu\/blog\/wp-content\/uploads\/2020\/01\/2019-06-11-aff-Journ%C3%A9e-jeune-creation.jpg\"><img data-recalc-dims=\"1\" loading=\"lazy\" decoding=\"async\" data-attachment-id=\"3765\" data-permalink=\"http:\/\/electro-strasbourg.eu\/blog\/events\/events-2018-2019\/2019-06-11-aff-journee-jeune-creation\/\" data-orig-file=\"https:\/\/i0.wp.com\/electro-strasbourg.eu\/blog\/wp-content\/uploads\/2020\/01\/2019-06-11-aff-Journ%C3%A9e-jeune-creation.jpg?fit=1191%2C1684\" data-orig-size=\"1191,1684\" data-comments-opened=\"0\" data-image-meta=\"{&quot;aperture&quot;:&quot;0&quot;,&quot;credit&quot;:&quot;&quot;,&quot;camera&quot;:&quot;&quot;,&quot;caption&quot;:&quot;&quot;,&quot;created_timestamp&quot;:&quot;0&quot;,&quot;copyright&quot;:&quot;&quot;,&quot;focal_length&quot;:&quot;0&quot;,&quot;iso&quot;:&quot;0&quot;,&quot;shutter_speed&quot;:&quot;0&quot;,&quot;title&quot;:&quot;&quot;,&quot;orientation&quot;:&quot;0&quot;}\" data-image-title=\"2019-06-11 aff Journ\u00e9e jeune creation\" data-image-description=\"\" data-image-caption=\"\" data-medium-file=\"https:\/\/i0.wp.com\/electro-strasbourg.eu\/blog\/wp-content\/uploads\/2020\/01\/2019-06-11-aff-Journ%C3%A9e-jeune-creation.jpg?fit=212%2C300\" data-large-file=\"https:\/\/i0.wp.com\/electro-strasbourg.eu\/blog\/wp-content\/uploads\/2020\/01\/2019-06-11-aff-Journ%C3%A9e-jeune-creation.jpg?fit=474%2C670\" class=\"wp-image-3765 aligncenter\" src=\"https:\/\/i0.wp.com\/electro-strasbourg.eu\/blog\/wp-content\/uploads\/2020\/01\/2019-06-11-aff-Journ%C3%A9e-jeune-creation.jpg?resize=100%2C141\" alt=\"\" width=\"100\" height=\"141\" srcset=\"https:\/\/i0.wp.com\/electro-strasbourg.eu\/blog\/wp-content\/uploads\/2020\/01\/2019-06-11-aff-Journ%C3%A9e-jeune-creation.jpg?w=1191 1191w, https:\/\/i0.wp.com\/electro-strasbourg.eu\/blog\/wp-content\/uploads\/2020\/01\/2019-06-11-aff-Journ%C3%A9e-jeune-creation.jpg?resize=212%2C300 212w, https:\/\/i0.wp.com\/electro-strasbourg.eu\/blog\/wp-content\/uploads\/2020\/01\/2019-06-11-aff-Journ%C3%A9e-jeune-creation.jpg?resize=724%2C1024 724w, https:\/\/i0.wp.com\/electro-strasbourg.eu\/blog\/wp-content\/uploads\/2020\/01\/2019-06-11-aff-Journ%C3%A9e-jeune-creation.jpg?resize=768%2C1086 768w, https:\/\/i0.wp.com\/electro-strasbourg.eu\/blog\/wp-content\/uploads\/2020\/01\/2019-06-11-aff-Journ%C3%A9e-jeune-creation.jpg?resize=1086%2C1536 1086w, https:\/\/i0.wp.com\/electro-strasbourg.eu\/blog\/wp-content\/uploads\/2020\/01\/2019-06-11-aff-Journ%C3%A9e-jeune-creation.jpg?w=948 948w\" sizes=\"auto, (max-width: 100px) 100vw, 100px\" \/><\/a><\/p>\n<p>&nbsp;<\/p>\n","protected":false},"excerpt":{"rendered":"<p>Ev\u00e9nements et projets : cr\u00e9ation\u00a0et interpr\u00e9tation \u00e9lectroacoustique \/ composition mixte 2018-2019 Concert Musica \u2013 Var\u00e8se 22 septembre 2018 : Musica 2018 &#8211; Strasbourg. L&rsquo;ensemble de musique contemporaine de la HEAR joue Var\u00e8se &#8211; D\u00e9serts. Spatialisation des bandes, Guido Pedicone. Acad\u00e9mie de Composition 24 septembre au 6 octobre 2018 :\u00a0Acad\u00e9mie de Composition Philippe Manoury 2018 (Musica\/HEAR) &hellip; <a href=\"http:\/\/electro-strasbourg.eu\/blog\/events\/events-2018-2019\/\" class=\"more-link\">Continuer la lecture de <span class=\"screen-reader-text\">Events 2018-2019<\/span>  <span class=\"meta-nav\">&rarr;<\/span><\/a><\/p>\n","protected":false},"author":1,"featured_media":0,"parent":283,"menu_order":0,"comment_status":"closed","ping_status":"closed","template":"","meta":{"jetpack_post_was_ever_published":false,"footnotes":""},"class_list":["post-3091","page","type-page","status-publish","hentry"],"jetpack_shortlink":"https:\/\/wp.me\/P3WkX1-NR","jetpack_sharing_enabled":true,"_links":{"self":[{"href":"http:\/\/electro-strasbourg.eu\/blog\/wp-json\/wp\/v2\/pages\/3091","targetHints":{"allow":["GET"]}}],"collection":[{"href":"http:\/\/electro-strasbourg.eu\/blog\/wp-json\/wp\/v2\/pages"}],"about":[{"href":"http:\/\/electro-strasbourg.eu\/blog\/wp-json\/wp\/v2\/types\/page"}],"author":[{"embeddable":true,"href":"http:\/\/electro-strasbourg.eu\/blog\/wp-json\/wp\/v2\/users\/1"}],"replies":[{"embeddable":true,"href":"http:\/\/electro-strasbourg.eu\/blog\/wp-json\/wp\/v2\/comments?post=3091"}],"version-history":[{"count":14,"href":"http:\/\/electro-strasbourg.eu\/blog\/wp-json\/wp\/v2\/pages\/3091\/revisions"}],"predecessor-version":[{"id":3856,"href":"http:\/\/electro-strasbourg.eu\/blog\/wp-json\/wp\/v2\/pages\/3091\/revisions\/3856"}],"up":[{"embeddable":true,"href":"http:\/\/electro-strasbourg.eu\/blog\/wp-json\/wp\/v2\/pages\/283"}],"wp:attachment":[{"href":"http:\/\/electro-strasbourg.eu\/blog\/wp-json\/wp\/v2\/media?parent=3091"}],"curies":[{"name":"wp","href":"https:\/\/api.w.org\/{rel}","templated":true}]}}