{"id":3089,"date":"2019-01-01T19:21:12","date_gmt":"2019-01-01T18:21:12","guid":{"rendered":"http:\/\/electro-strasbourg.eu\/blog\/?page_id=3089"},"modified":"2020-01-27T05:35:55","modified_gmt":"2020-01-27T04:35:55","slug":"events-2017-2018","status":"publish","type":"page","link":"http:\/\/electro-strasbourg.eu\/blog\/events\/events-2017-2018\/","title":{"rendered":"Events 2017-2018"},"content":{"rendered":"<h3>Ev\u00e9nements et projets :<br \/>\ncr\u00e9ation\u00a0et interpr\u00e9tation \u00e9lectroacoustique \/ composition mixte<\/h3>\n<h4>2017-2018<\/h4>\n<h6><strong>Concert au festival eviMuse, Saarbrucken<\/strong><\/h6>\n<p>2 novembre 2017 \u2013 Strasbourg Electronic Ensemble invit\u00e9 au\u00a0Festival eviMus, Centre Culturel KuBa \u00e0 Saarbrucken<\/p>\n<ul>\n<li style=\"list-style-type: none;\">\n<ul>\n<li style=\"list-style-type: none;\">\n<ul>\n<li>page projet :\u00a0<a href=\"http:\/\/electro-strasbourg.eu\/blog\/portfolio\/festival-evimus-2017-a-saarbrucken\/\" target=\"_blank\" rel=\"noopener noreferrer\">Festival eviMus 2017 \u00e0 Saarbrucken<\/a><\/li>\n<\/ul>\n<\/li>\n<\/ul>\n<\/li>\n<\/ul>\n<h6>Atelier Hors Limites &#8211; HEAR<\/h6>\n<p>13-17 novembre 2017 \u2013\u00a0Song Books de John Cage,\u00a0Atelier Hors Limites HEAR (inter-site)<\/p>\n<ul>\n<li style=\"list-style-type: none;\">\n<ul>\n<li>page projet :\u00a0<a href=\"http:\/\/electro-strasbourg.eu\/blog\/portfolio\/atelier-hors-limites-2017-song-books-de-john-cage\/\" target=\"_blank\" rel=\"noopener noreferrer\">Atelier Hors Limites 2017 \u2013 Song Books de John Cage<\/a><\/li>\n<\/ul>\n<\/li>\n<\/ul>\n<h6>Rencontre d&rsquo;artiste<\/h6>\n<p>24 novembre 2017 \u2013 <a href=\"https:\/\/wp.me\/p3WkX1-W3\" target=\"_blank\" rel=\"noopener noreferrer\">artiste en r\u00e9sidence Sonic, M\u00e9ryll Ampe<\/a><\/p>\n<h6><strong>Audition semestre 1<\/strong><\/h6>\n<p>15 d\u00e9c 2017 : <a href=\"http:\/\/electro-strasbourg.eu\/blog\/audiovideo-archives\/auditions-du-15-decembre-2017\/\" target=\"_blank\" rel=\"noopener noreferrer\">Auditions Electroacoustique et mixte, semestre 1<\/a><\/p>\n<h6>Conf\u00e9rence-Concert<\/h6>\n<p>16 mars 2018 : Compositeur Garth Paine, de passage \u00e0 Strasbourg, a donn\u00e9 une conf\u00e9rence sur ses travaux actuels avec un mini concert au studio de sa pi\u00e8ce \u00ab\u00a0Music for Cymbals\u00a0\u00bb\u2026<\/p>\n<ul>\n<li style=\"list-style-type: none;\">\n<ul>\n<li>page projet :\u00a0<a href=\"http:\/\/electro-strasbourg.eu\/blog\/portfolio\/conference-concert-garth-paine\/\">Conference-Concert Garth Paine<\/a><\/li>\n<\/ul>\n<\/li>\n<\/ul>\n<h6><strong>Journ\u00e9e d&rsquo;\u00e9tude<\/strong><\/h6>\n<p>28-29 mars 2018 \u2013 Journ\u00e9e d&rsquo;\u00e9tude : Physique(s) du son<\/p>\n<ul>\n<li style=\"list-style-type: none;\">\n<ul>\n<li>workshops, conf\u00e9rences, concerts, HEAR Strasbourg<\/li>\n<li>info : voir <a href=\"http:\/\/espaces-sonores.hear.fr\/portfolio\/physiques-du-son-journees-detudes\/\" target=\"_blank\" rel=\"noopener noreferrer\">page sur le site Espaces Sonores<\/a><\/li>\n<\/ul>\n<\/li>\n<\/ul>\n<figure id=\"attachment_3410\" aria-describedby=\"caption-attachment-3410\" style=\"width: 100px\" class=\"wp-caption aligncenter\"><a href=\"http:\/\/espaces-sonores.hear.fr\/portfolio\/physiques-du-son-journees-detudes\/\"><img data-recalc-dims=\"1\" loading=\"lazy\" decoding=\"async\" data-attachment-id=\"3410\" data-permalink=\"http:\/\/electro-strasbourg.eu\/blog\/events\/events-2017-2018\/180315-programme-journeesdetudes-physiquesduson-1\/\" data-orig-file=\"https:\/\/i0.wp.com\/electro-strasbourg.eu\/blog\/wp-content\/uploads\/2020\/01\/180315-Programme-Journ%C3%A9esdetudes-Physiquesduson-1.jpg?fit=368%2C595\" data-orig-size=\"368,595\" data-comments-opened=\"0\" data-image-meta=\"{&quot;aperture&quot;:&quot;0&quot;,&quot;credit&quot;:&quot;&quot;,&quot;camera&quot;:&quot;&quot;,&quot;caption&quot;:&quot;&quot;,&quot;created_timestamp&quot;:&quot;0&quot;,&quot;copyright&quot;:&quot;&quot;,&quot;focal_length&quot;:&quot;0&quot;,&quot;iso&quot;:&quot;0&quot;,&quot;shutter_speed&quot;:&quot;0&quot;,&quot;title&quot;:&quot;&quot;,&quot;orientation&quot;:&quot;0&quot;}\" data-image-title=\"180315-Programme-Journ\u00e9esdetudes-Physique(s)duson-1\" data-image-description=\"\" data-image-caption=\"\" data-medium-file=\"https:\/\/i0.wp.com\/electro-strasbourg.eu\/blog\/wp-content\/uploads\/2020\/01\/180315-Programme-Journ%C3%A9esdetudes-Physiquesduson-1.jpg?fit=186%2C300\" data-large-file=\"https:\/\/i0.wp.com\/electro-strasbourg.eu\/blog\/wp-content\/uploads\/2020\/01\/180315-Programme-Journ%C3%A9esdetudes-Physiquesduson-1.jpg?fit=368%2C595\" class=\"wp-image-3410\" src=\"https:\/\/i0.wp.com\/electro-strasbourg.eu\/blog\/wp-content\/uploads\/2020\/01\/180315-Programme-Journ%C3%A9esdetudes-Physiquesduson-1.jpg?resize=100%2C158\" alt=\"\" width=\"100\" height=\"158\" srcset=\"https:\/\/i0.wp.com\/electro-strasbourg.eu\/blog\/wp-content\/uploads\/2020\/01\/180315-Programme-Journ%C3%A9esdetudes-Physiquesduson-1.jpg?resize=368%2C576 368w, https:\/\/i0.wp.com\/electro-strasbourg.eu\/blog\/wp-content\/uploads\/2020\/01\/180315-Programme-Journ%C3%A9esdetudes-Physiquesduson-1.jpg?zoom=2&amp;resize=100%2C158 200w, https:\/\/i0.wp.com\/electro-strasbourg.eu\/blog\/wp-content\/uploads\/2020\/01\/180315-Programme-Journ%C3%A9esdetudes-Physiquesduson-1.jpg?zoom=3&amp;resize=100%2C158 300w\" sizes=\"auto, (max-width: 100px) 100vw, 100px\" \/><\/a><figcaption id=\"caption-attachment-3410\" class=\"wp-caption-text\">page projet<\/figcaption><\/figure>\n<h6><strong>Concert<\/strong><\/h6>\n<p>17 avril 2018 : Concert Reich-Adams<\/p>\n<p style=\"padding-left: 40px;\">Suivi et r\u00e9alisation informatique musicale (RIM) pour un concert de l&rsquo;ensemble de musique contemporaine de la HEAR pour oeuvres de Steve Reich (City Life) et John Adams (Chamber Symphony)<\/p>\n<ul>\n<li style=\"list-style-type: none;\">\n<ul>\n<li>page projet :\u00a0<a href=\"http:\/\/electro-strasbourg.eu\/blog\/portfolio\/concert-reich-adams\/\" target=\"_blank\" rel=\"noopener noreferrer\">Concert Reich-Adams<\/a><\/li>\n<\/ul>\n<\/li>\n<\/ul>\n<h6>Master Class<\/h6>\n<p>17-18 mai 2018 : <a href=\"https:\/\/wp.me\/p3WkX1-BK\" target=\"_blank\" rel=\"noopener noreferrer\">Javier Torres Maldonado &#8211; compositeur<\/a><\/p>\n<p style=\"padding-left: 40px;\">Javier Torres Maldonado, compositeur Mexicain, professor de Composition Electroacoustique au Conservatoire de Parme, \u00e9tait pr\u00e9sent le 16 et le 17 mai 2018 pour donner des master classes en composition instrumentale, mixte et \u00e9lectroacoustique.<\/p>\n<h6><strong>Audition semestre 2<\/strong><\/h6>\n<p>21-22 mai 2018 : <a href=\"http:\/\/electro-strasbourg.eu\/blog\/audiovideo-archives\/3350-2\/\" target=\"_blank\" rel=\"noopener noreferrer\">Auditions Electroacoustique et mixte, semestre 2<\/a><\/p>\n<h6><strong>Concert-Examen<\/strong><\/h6>\n<p>12 juin 2018 :\u00a0<a href=\"http:\/\/electro-strasbourg.eu\/blog\/portfolio\/journee-de-la-jeune-creation-2018\/\" target=\"_blank\" rel=\"noopener noreferrer\">Journ\u00e9e de la jeune cr\u00e9ation<\/a><\/p>\n<p style=\"padding-left: 20px;\">Examens de fin d\u2019ann\u00e9e des classes de Composition\u00a0et de<br \/>\nCr\u00e9ation et Interpr\u00e9tation Electroacoustique.<\/p>\n<figure id=\"attachment_3428\" aria-describedby=\"caption-attachment-3428\" style=\"width: 100px\" class=\"wp-caption aligncenter\"><a href=\"http:\/\/electro-strasbourg.eu\/blog\/portfolio\/journee-de-la-jeune-creation-2018\/\"><img data-recalc-dims=\"1\" loading=\"lazy\" decoding=\"async\" data-attachment-id=\"3428\" data-permalink=\"http:\/\/electro-strasbourg.eu\/blog\/events\/events-2017-2018\/2018-06-12-journeejeunecreation-s\/\" data-orig-file=\"https:\/\/i0.wp.com\/electro-strasbourg.eu\/blog\/wp-content\/uploads\/2020\/01\/2018-06-12-Journeejeunecreation-s.jpg?fit=298%2C421\" data-orig-size=\"298,421\" data-comments-opened=\"0\" data-image-meta=\"{&quot;aperture&quot;:&quot;0&quot;,&quot;credit&quot;:&quot;&quot;,&quot;camera&quot;:&quot;&quot;,&quot;caption&quot;:&quot;&quot;,&quot;created_timestamp&quot;:&quot;0&quot;,&quot;copyright&quot;:&quot;&quot;,&quot;focal_length&quot;:&quot;0&quot;,&quot;iso&quot;:&quot;0&quot;,&quot;shutter_speed&quot;:&quot;0&quot;,&quot;title&quot;:&quot;&quot;,&quot;orientation&quot;:&quot;1&quot;}\" data-image-title=\"2018-06-12-Journeejeunecreation-s\" data-image-description=\"\" data-image-caption=\"\" data-medium-file=\"https:\/\/i0.wp.com\/electro-strasbourg.eu\/blog\/wp-content\/uploads\/2020\/01\/2018-06-12-Journeejeunecreation-s.jpg?fit=212%2C300\" data-large-file=\"https:\/\/i0.wp.com\/electro-strasbourg.eu\/blog\/wp-content\/uploads\/2020\/01\/2018-06-12-Journeejeunecreation-s.jpg?fit=298%2C421\" class=\"wp-image-3428\" src=\"https:\/\/i0.wp.com\/electro-strasbourg.eu\/blog\/wp-content\/uploads\/2020\/01\/2018-06-12-Journeejeunecreation-s.jpg?resize=100%2C141\" alt=\"\" width=\"100\" height=\"141\" srcset=\"https:\/\/i0.wp.com\/electro-strasbourg.eu\/blog\/wp-content\/uploads\/2020\/01\/2018-06-12-Journeejeunecreation-s.jpg?w=298 298w, https:\/\/i0.wp.com\/electro-strasbourg.eu\/blog\/wp-content\/uploads\/2020\/01\/2018-06-12-Journeejeunecreation-s.jpg?resize=212%2C300 212w\" sizes=\"auto, (max-width: 100px) 100vw, 100px\" \/><\/a><figcaption id=\"caption-attachment-3428\" class=\"wp-caption-text\">page projet<\/figcaption><\/figure>\n<p>&nbsp;<\/p>\n<h6>Master Class<\/h6>\n<p>28 juin 2018 : <a href=\"https:\/\/wp.me\/p3WkX1-ML\" target=\"_blank\" rel=\"noopener noreferrer\">Jean-Fran\u00e7ois Charles \u2013\u00a0compositeur et clarinettiste<\/a><\/p>\n<p style=\"padding-left: 40px;\">Mardi 26 juin 2018, 16h, dans la salle 156. En collaboration avec l&rsquo;ensemble Accroche Note<\/p>\n<p>&nbsp;<\/p>\n","protected":false},"excerpt":{"rendered":"<p>Ev\u00e9nements et projets : cr\u00e9ation\u00a0et interpr\u00e9tation \u00e9lectroacoustique \/ composition mixte 2017-2018 Concert au festival eviMuse, Saarbrucken 2 novembre 2017 \u2013 Strasbourg Electronic Ensemble invit\u00e9 au\u00a0Festival eviMus, Centre Culturel KuBa \u00e0 Saarbrucken page projet :\u00a0Festival eviMus 2017 \u00e0 Saarbrucken Atelier Hors Limites &#8211; HEAR 13-17 novembre 2017 \u2013\u00a0Song Books de John Cage,\u00a0Atelier Hors Limites HEAR (inter-site) &hellip; <a href=\"http:\/\/electro-strasbourg.eu\/blog\/events\/events-2017-2018\/\" class=\"more-link\">Continuer la lecture de <span class=\"screen-reader-text\">Events 2017-2018<\/span>  <span class=\"meta-nav\">&rarr;<\/span><\/a><\/p>\n","protected":false},"author":1,"featured_media":0,"parent":283,"menu_order":0,"comment_status":"closed","ping_status":"closed","template":"","meta":{"jetpack_post_was_ever_published":false,"footnotes":""},"class_list":["post-3089","page","type-page","status-publish","hentry"],"jetpack_shortlink":"https:\/\/wp.me\/P3WkX1-NP","jetpack_sharing_enabled":true,"_links":{"self":[{"href":"http:\/\/electro-strasbourg.eu\/blog\/wp-json\/wp\/v2\/pages\/3089","targetHints":{"allow":["GET"]}}],"collection":[{"href":"http:\/\/electro-strasbourg.eu\/blog\/wp-json\/wp\/v2\/pages"}],"about":[{"href":"http:\/\/electro-strasbourg.eu\/blog\/wp-json\/wp\/v2\/types\/page"}],"author":[{"embeddable":true,"href":"http:\/\/electro-strasbourg.eu\/blog\/wp-json\/wp\/v2\/users\/1"}],"replies":[{"embeddable":true,"href":"http:\/\/electro-strasbourg.eu\/blog\/wp-json\/wp\/v2\/comments?post=3089"}],"version-history":[{"count":16,"href":"http:\/\/electro-strasbourg.eu\/blog\/wp-json\/wp\/v2\/pages\/3089\/revisions"}],"predecessor-version":[{"id":3861,"href":"http:\/\/electro-strasbourg.eu\/blog\/wp-json\/wp\/v2\/pages\/3089\/revisions\/3861"}],"up":[{"embeddable":true,"href":"http:\/\/electro-strasbourg.eu\/blog\/wp-json\/wp\/v2\/pages\/283"}],"wp:attachment":[{"href":"http:\/\/electro-strasbourg.eu\/blog\/wp-json\/wp\/v2\/media?parent=3089"}],"curies":[{"name":"wp","href":"https:\/\/api.w.org\/{rel}","templated":true}]}}