{"id":297,"date":"2014-03-28T07:27:35","date_gmt":"2014-03-28T06:27:35","guid":{"rendered":"http:\/\/electro-strasbourg.eu\/blog\/?page_id=297"},"modified":"2020-01-25T17:46:16","modified_gmt":"2020-01-25T16:46:16","slug":"events-2015-2016","status":"publish","type":"page","link":"http:\/\/electro-strasbourg.eu\/blog\/events\/events-2015-2016\/","title":{"rendered":"Events 2015-2016"},"content":{"rendered":"<h3>Ev\u00e9nements et projets :<br \/>\ncr\u00e9ation\u00a0et interpr\u00e9tation \u00e9lectroacoustique \/ composition mixte<\/h3>\n<h4>2015-2016<\/h4>\n<h5>Ev\u00e9nements :<\/h5>\n<p style=\"padding-left: 30px; text-align: left;\"><strong>Journ\u00e9es de l\u2019AECME 2015<\/strong> &#8211; Chalon-sur-Sa\u00f4ne (<strong>12-13 octobre<\/strong>)<\/p>\n<p style=\"padding-left: 60px; text-align: left;\">Participation\u00a0d&rsquo;un compositeur (Javier Mu\u00f1oz) et un instrumentiste (Andres Castellani)<\/p>\n<p style=\"padding-left: 30px; text-align: left;\"><strong>S\u00e9minaire\u00a0de la HEAR<\/strong> (\u00e9cole d&rsquo;art) &#8211; \u201cIn Situ &#8211; enjeux actuels\u201d (<strong>21 octobre\u00a02015<\/strong>)<\/p>\n<p style=\"padding-left: 60px; text-align: left;\">Organis\u00e9 par G\u00e9rard Starck de l\u2019\u00e9cole d\u2019art.\u00a0Pr\u00e9sence encourag\u00e9e. S\u00e9minaires et discussions autour de l\u2019art \u201cin situ\u201d ainsi que les relations entre son, musique, espace, art visuel\/plastique. Tr\u00e8s conseill\u00e9 pour ceux qui souhaitent participer au projet \u201cEcho du lieu &#8211; suite\u201d au CEAAC en f\u00e9vrier 2016 (voir plus loin)<\/p>\n<p style=\"padding-left: 30px;\"><strong>Festival Electroacoustique \u201c<em>EviMus<\/em>\u201d<\/strong> \u00e0 Sarrebruck (<strong>6-7 novembre\u00a02015<\/strong>)<\/p>\n<p style=\"padding-left: 60px;\">Voyage en groupe \u00e0 Sarrebruck\u00a0pour deux concerts m\u00ealant oeuvres de Tom Mays et celles\u00a0d\u2019\u00e9tudiants, avec \u00e9galement\u00a0un workshop\/s\u00e9minaire.<\/p>\n<p style=\"padding-left: 30px;\"><strong><a href=\"http:\/\/www.insonic2015.org\" target=\"_blank\" rel=\"noopener noreferrer\">inSonic2015<\/a> au ZKM <\/strong>\u00e0 Karlsruhe\u00a0(<strong>27-28\u00a0novembre\u00a02015<\/strong>)<\/p>\n<p style=\"padding-left: 60px;\">Symposium,\u00a0workshops,\u00a0concerts. Un \u00e9tudiant de la HEAR\/ASM, Enrico Pedicone, a \u00e9t\u00e9 s\u00e9lectionn\u00e9\u00a0pour y jouer son oeuvre <em>RML<\/em> pour bendir et live electronic.<\/p>\n<p style=\"padding-left: 30px;\"><strong>S\u00e9minaire Luc Martinez<\/strong>, Compositeur et designer sonore (<strong>10-11 d\u00e9cembre 2015<\/strong>)<\/p>\n<p style=\"padding-left: 60px;\"><strong><em>Dialogue son-espace<\/em><\/strong><\/p>\n<p style=\"padding-left: 60px;\">S\u00e9minaires et ateliers sur les rapports entre arts plastiques, espace, musique et son, sur la technologie et le virtuel dans le monde physique et acoustique.<br \/>\nCompositeur et designer sonore, Luc Martinez explore des situations exp\u00e9rimentales o\u00f9 le son se d\u00e9place, \u00e9tonne, interagit avec son environnement. Son travail fait appel \u00e0 la cr\u00e9ation musicale et sonore, \u00e0 l\u2019\u00e9lectroacoustique, \u00e0 l\u2019acoustique fondamentale, aux techniques de diffusion sonores innovantes, \u00e0 l\u2019informatique et \u00e0 l\u2019\u00e9lectronique interactive, aux transmissions par r\u00e9seau \u00e0 large d\u00e9bit comme \u00e0 la sc\u00e9nographie et aux arts num\u00e9riques\u2026 En parall\u00e8le de sa master class, Luc Martinez fera une pr\u00e9sentation de son travail le 9 d\u00e9cembre en soir\u00e9e au Shadok.<\/p>\n<p style=\"padding-left: 30px;\"><strong>S\u00e9minaire\/Concert Martin Matalon<\/strong>, Les suite des oeuvres \u201cTraces I \u00e0 XII\u201d (<strong>jeudi 21 janvier 2016<\/strong>)<\/p>\n<p style=\"padding-left: 60px;\">Lors d\u2019un s\u00e9minaire de 14h \u00e0 17h dans l\u2019Auditorium du conservatoire, le compositeur Martin Matalon pr\u00e9sente son cycle de pi\u00e8ces pour instrument seul et \u00e9lectronique &#8211; Traces I \u00e0 XII. Suite au s\u00e9minaire, \u00e0 18h des \u00e9tudiants de l&rsquo;Acad\u00e9mie pr\u00e9senteront un concert d&rsquo;un choix parmi les \u00ab\u00a0Traces\u00a0\u00bb, ayant \u00e9t\u00e9 suivi par Martin Matalon en r\u00e9p\u00e9titions dans la matin\u00e9e.<\/p>\n<p style=\"padding-left: 30px;\"><strong>Journ\u00e9e portes ouvertes<\/strong>\u00a0&#8211; (<strong>samedi 30 avril 2016<\/strong>)<\/p>\n<p style=\"padding-left: 60px;\">Pr\u00e9sentations de la classe, notamment l\u2019\u00e9tat des travaux de \u201ccaptadanse\u201d.<\/p>\n<p style=\"padding-left: 30px;\"><strong>Concert R\u00e9sonances Electriques<\/strong>\u00a0&#8211; (<strong>jeudi 23 juin 2016<\/strong>)<\/p>\n<p style=\"padding-left: 60px;\">Concert d\u2019oeuvres choisi \u00e9lectro et mixte de fin d\u2019ann\u00e9e. Cette fois ci, pour R\u00e9sonances Electriques 3, le concert aura lieu au Shadok.<\/p>\n<p style=\"padding-left: 30px;\"><strong>Auditions fin semestre 1 et fin semestre 2<\/strong><\/p>\n<p style=\"padding-left: 60px;\">&#8211; obligatoire pour \u00e9valuations. Semestre 1, 15 janvier. Semestre 2, 20-21 Mai. Salle 30.<\/p>\n<h5>Projets de cr\u00e9ation :<\/h5>\n<p style=\"padding-left: 30px;\"><strong>Projet Danse\u00a0\u201c<em>captadanse<\/em>\u201d<\/strong>\u00a0\u2013 classes de cr\u00e9ation \u00e9lectro et composition<\/p>\n<p style=\"padding-left: 60px;\">Exp\u00e9rimentation avec syst\u00e8mes de captation de mouvement et de geste comme dispositif de composition et cr\u00e9ation musique\/son en collaboration avec des classes de danse. Projet sur 2 ans. P\u00e9riodes de pr\u00e9sentation et d\u2019essaies durant l\u2019ann\u00e9e 2015-2016 avec pr\u00e9sentation publique du projet en cours lors des journ\u00e9es portes ouvertes samedi 30 mai. 2016-2017, \u00e9laboration du projet de spectacle avec concert\/performance \u00e0 l\u2019auditorium probablement au printemps.<\/p>\n<p style=\"padding-left: 30px;\"><strong>Semaine \u201c<em>Hors Limites<\/em>\u201d\u00a0\u2013 HEAR<\/strong> (<strong>16-20 novembre<\/strong>)<\/p>\n<p style=\"padding-left: 60px;\">Ouvert \u00e0 tous les \u00e9tudiants de la HEAR, musique et art. Divers ateliers propos\u00e9 par des profs des trois sites de la HEAR. Semaine \u201cbanalis\u00e9e\u201d pour permettre aux \u00e9tudiants d\u2019y participer. Atelier <strong><em>Guardando, en regardant<\/em><\/strong>, avec Philippe Poirier, Bertrand Gauget, Yohanna N\u2019Guyen et Tom Mays autour de l\u2019id\u00e9e de l&rsquo;objet visuel et la musique.<\/p>\n<blockquote>\n<p style=\"padding-left: 60px;\">Il s\u2019agit bien d\u2019un jeu o\u00f9 l\u2019on \u00e9coute ce que l\u2019on peut <strong><em>entendre<\/em><\/strong> d\u2019un objet visuel et de son devenir sonore et musical.<\/p>\n<\/blockquote>\n<p style=\"padding-left: 60px;\">Rdv initial \u00e0 l&rsquo;entr\u00e9e du Conservatoire lundi 16 novembre \u00e0 10h.<\/p>\n<p style=\"padding-left: 30px;\"><a href=\"http:\/\/electro-strasbourg.eu\/blog\/portfolio\/echo-du-lieu2-ceaac2016\/\" target=\"_blank\" rel=\"noopener noreferrer\"><strong>Exposition\u00a0\u201c<em>Echo du lieu 2<\/em>\u201d<\/strong><\/a>\u00a0au CEAAC (<strong>18-21 f\u00e9vrier 2016<\/strong>)<\/p>\n<p style=\"padding-left: 60px;\">Collaboration entre \u00e9tudiants de la HEAR, art plastique, visuel et musique pour cr\u00e9er des oeuvres transversales pour l\u2019expo. Les \u00e9quipes vont \u00eatre constitu\u00e9es \u00e0 partir du mois d\u2019octobre \u00e0 travers \u00e9v\u00e9nements comme la journ\u00e9e d\u2019\u00e9tude Hear et la semaine hors limites. Il y aura la place pour 6 ou 7 musiciens\/compositeurs et 6 ou 7 \u00e9tudiants de l\u2019\u00e9cole d\u2019art.<br \/>\nEn amont de l\u2019exposition, et \u00e0 partir de la rentr\u00e9e 2015, nous allons identifier des cours\/ateliers ouverts \u00e0 travers les disciplines des \u00e9coles d\u2019art et de musique de la HEAR &#8211; et ceci au del\u00e0 des \u00e9tudiants qui participeront \u00e0 l\u2019expo au CEAAC. Beaucoup d\u2019\u00e9tudiants, lors de notre visite \u00e0 l\u2019\u00e9cole d\u2019art en d\u00e9cembre dernier, ont exprim\u00e9 le souhait de pouvoir assister\/suivre des cours\/ateliers \u00e0 l\u2019\u00e9cole. \u00c7a pourrait \u00eatre l\u2019occasion de faire exactement \u00e7a. Il y aura d\u2019avantage d\u2019info en octobre.<\/p>\n<p style=\"padding-left: 30px;\"><strong>Projet cin\u00e9ma\/animation\/performance temps r\u00e9el<\/strong><\/p>\n<p style=\"padding-left: 60px;\">Projet transversal HEAR art\/musique avec artiste invit\u00e9\u00a0St\u00e9phanie Cadoret. P\u00e9riodes de travail mars-avril 2016 au Shadok. Coordination\u00a0\u00a0Antoine Spindler et Oh Eun Lee.<\/p>\n<p style=\"padding-left: 60px;\">Performance &#8211; Live Cin\u00e9ma anim\u00e9, jeudi 21 avril 2016<\/p>\n<p style=\"padding-left: 60px;\"><a href=\"http:\/\/www.shadok.strasbourg.eu\/agenda\/concert-stephanie-cadoret-la-hear\/\" target=\"_blank\" rel=\"noopener noreferrer\">http:\/\/www.shadok.strasbourg.eu\/agenda\/concert-stephanie-cadoret-la-hear\/<\/a><\/p>\n<p style=\"padding-left: 30px;\"><strong>Projet musique pour pi\u00e8ce de th\u00e9\u00e2tre de la classe d\u2019Olivier Achard<\/strong><\/p>\n<p style=\"padding-left: 60px;\">Production de la pi\u00e8ce Qu\u00e9b\u00e9coise \u201cYukonstyle\u201d de Sarah Berthiaume. Cr\u00e9ation 25-26 janvier 2016. Compositions sonore de Daphn\u00e9 Hejebri et Jean-David Merhi.<\/p>\n<p style=\"padding-left: 30px;\"><strong>Projet\u00a0GMEM,\u00a0KLAP Maison pour la danse \/ Kelemenis&amp;cie<\/strong><\/p>\n<div class=\"page\" title=\"Page 1\">\n<div class=\"layoutArea\">\n<div class=\"column\">\n<p style=\"padding-left: 60px;\">Le Centre National de Cr\u00e9ation Musicale de Marseille organise un projet de r\u00e9sidence \u00ab\u00a0Carrefour artistique BOUGE\u00a0\u00bb avec compositeurs \u00e9lectroacoustique et danseurs \u2013\u00a014 au 22 mars 2016.<\/p>\n<p style=\"padding-left: 60px;\">Jean-David Merhi de\u00a0la classe de cr\u00e9ation \u00e9lectroacoustique de\u00a0l&rsquo;Acad\u00e9mie Sup\u00e9rieure de Musique a \u00e9t\u00e9 choisi pour participer \u00e0 cette r\u00e9sidence.<\/p>\n<p style=\"padding-left: 60px;\"><a href=\"http:\/\/www.kelemenis.fr\/fr\/les-festivals\/231\/de-danse-a-marseille\/248\/bouge\" target=\"_blank\" rel=\"noopener noreferrer\">http:\/\/www.kelemenis.fr\/fr\/les-festivals\/231\/de-danse-a-marseille\/248\/bouge<\/a><\/p>\n<\/div>\n<\/div>\n<\/div>\n","protected":false},"excerpt":{"rendered":"<p>Ev\u00e9nements et projets : cr\u00e9ation\u00a0et interpr\u00e9tation \u00e9lectroacoustique \/ composition mixte 2015-2016 Ev\u00e9nements : Journ\u00e9es de l\u2019AECME 2015 &#8211; Chalon-sur-Sa\u00f4ne (12-13 octobre) Participation\u00a0d&rsquo;un compositeur (Javier Mu\u00f1oz) et un instrumentiste (Andres Castellani) S\u00e9minaire\u00a0de la HEAR (\u00e9cole d&rsquo;art) &#8211; \u201cIn Situ &#8211; enjeux actuels\u201d (21 octobre\u00a02015) Organis\u00e9 par G\u00e9rard Starck de l\u2019\u00e9cole d\u2019art.\u00a0Pr\u00e9sence encourag\u00e9e. S\u00e9minaires et discussions autour &hellip; <a href=\"http:\/\/electro-strasbourg.eu\/blog\/events\/events-2015-2016\/\" class=\"more-link\">Continuer la lecture de <span class=\"screen-reader-text\">Events 2015-2016<\/span>  <span class=\"meta-nav\">&rarr;<\/span><\/a><\/p>\n","protected":false},"author":1,"featured_media":0,"parent":283,"menu_order":0,"comment_status":"closed","ping_status":"closed","template":"","meta":{"jetpack_post_was_ever_published":false,"footnotes":""},"class_list":["post-297","page","type-page","status-publish","hentry"],"jetpack_shortlink":"https:\/\/wp.me\/P3WkX1-4N","jetpack_sharing_enabled":true,"_links":{"self":[{"href":"http:\/\/electro-strasbourg.eu\/blog\/wp-json\/wp\/v2\/pages\/297","targetHints":{"allow":["GET"]}}],"collection":[{"href":"http:\/\/electro-strasbourg.eu\/blog\/wp-json\/wp\/v2\/pages"}],"about":[{"href":"http:\/\/electro-strasbourg.eu\/blog\/wp-json\/wp\/v2\/types\/page"}],"author":[{"embeddable":true,"href":"http:\/\/electro-strasbourg.eu\/blog\/wp-json\/wp\/v2\/users\/1"}],"replies":[{"embeddable":true,"href":"http:\/\/electro-strasbourg.eu\/blog\/wp-json\/wp\/v2\/comments?post=297"}],"version-history":[{"count":15,"href":"http:\/\/electro-strasbourg.eu\/blog\/wp-json\/wp\/v2\/pages\/297\/revisions"}],"predecessor-version":[{"id":3547,"href":"http:\/\/electro-strasbourg.eu\/blog\/wp-json\/wp\/v2\/pages\/297\/revisions\/3547"}],"up":[{"embeddable":true,"href":"http:\/\/electro-strasbourg.eu\/blog\/wp-json\/wp\/v2\/pages\/283"}],"wp:attachment":[{"href":"http:\/\/electro-strasbourg.eu\/blog\/wp-json\/wp\/v2\/media?parent=297"}],"curies":[{"name":"wp","href":"https:\/\/api.w.org\/{rel}","templated":true}]}}