{"id":288,"date":"2014-03-28T07:19:04","date_gmt":"2014-03-28T06:19:04","guid":{"rendered":"http:\/\/electro-strasbourg.eu\/blog\/?page_id=288"},"modified":"2020-01-25T17:44:57","modified_gmt":"2020-01-25T16:44:57","slug":"events-2013-2014","status":"publish","type":"page","link":"http:\/\/electro-strasbourg.eu\/blog\/events\/events-2013-2014\/","title":{"rendered":"Events 2013-2014"},"content":{"rendered":"<h3>Ev\u00e9nements et projets :<br \/>\ncr\u00e9ation\u00a0et interpr\u00e9tation \u00e9lectroacoustique \/ composition mixte<\/h3>\n<h4>2013-2014<\/h4>\n<p>fin juin : <em><strong>Examens d&rsquo;instruments<\/strong><\/em> \u2013 gr\u00e2ce \u00e0 divers \u00e9tudiants de Musique Mixte et des collaborations avec des classes d&rsquo;instruments, plusieurs pi\u00e8ces du r\u00e9pertoire pour instruments et \u00e9lectronique\u00a0ont \u00e9t\u00e9 jou\u00e9es lors des examens de fin d&rsquo;ann\u00e9e de\u00a0l&rsquo;Acad\u00e9mie Sup\u00e9rieure, ou lors des concerts\u00a0et r\u00e9citals \u00e9lectroacoustiques.<\/p>\n<p style=\"padding-left: 30px;\"><strong><em>Asahi<\/em><\/strong>\u00a0de\u00a0Paul M\u00e9fano \u2013 classe de hautbois<br \/>\n<strong><em>Neptune<\/em><\/strong>\u00a0de Philippe Manoury \u2013 classe de percussion<br \/>\n<strong><em style=\"line-height: 1.5;\">Trace I<\/em><\/strong><span style=\"line-height: 1.5;\">\u00a0de\u00a0<\/span><span style=\"line-height: 1.5;\">Martin Matalon \u2013 classe de violoncelle<\/span><br \/>\n<strong><em>Eclat de Ciel II<\/em>\u00a0<\/strong>de Pierre Jodlowsky \u00a0\u2013 classe de saxophone<br \/>\n<em><strong>Situations<\/strong>\u00a0<\/em>de Fran\u00e7ois Sarhan \u2013 classe\u00a0de cr\u00e9ation et interpr\u00e9tation \u00e9lectroacoustique<br \/>\n<strong><em>El Gran Cabron<\/em><\/strong>\u00a0de German Alonso \u2013 classe de saxophone<br \/>\n<strong><em>Dripping<\/em><\/strong> de Lorenzo Meo \u2013 classe de saxophone<br \/>\n<strong><em>Ancestral<\/em><\/strong>\u00a0de Thierry Alla \u2013 classe de saxophone<br \/>\n<strong><em>Sequitur<\/em><\/strong> de Karlheinz Essl \u2013 saxophone, tuba,\u00a0percussion, trompette.<br \/>\n<strong><em>Bad Touch<\/em><\/strong>\u00a0de Casey Cangelosi \u2013 classe\u00a0de cr\u00e9ation et interpr\u00e9tation \u00e9lectroacoustique<br \/>\net d&rsquo;autres&#8230;<\/p>\n<p><span style=\"line-height: 1.5;\">17\u00a0juin\u00a02014 :\u00a0<strong><em>Examen de composition<\/em><\/strong>\u00a0\u2013\u00a0oeuvres instrumentales et mixte des \u00e9tudiants en composition<\/span><span style=\"line-height: 1.5;\">, salle 30<\/span><\/p>\n<p><span style=\"line-height: 1.5;\">14 juin\u00a02014 :\u00a0<a href=\"http:\/\/electro-strasbourg.eu\/blog\/portfolio\/resonances-electriques-1-concert-etudiant\/\"><strong><em>R\u00e9sonances Electriques 1<\/em><\/strong><\/a>\u00a0\u2013\u00a0<\/span>Concert de fin d&rsquo;ann\u00e9e,\u00a0<span style=\"line-height: 1.5;\">\u00e9lectroacoustique et mixte, 13 oeuvres d&rsquo;\u00e9tudiants et du r\u00e9pertoire, salle 30<\/span><\/p>\n<p><span style=\"line-height: 1.5;\">5 juin 2014 :\u00a0<\/span><em style=\"line-height: 1.5;\"><strong>Audition\/R\u00e9cital 2<\/strong><\/em><span style=\"line-height: 1.5;\">\u00a0\u2013 \u00e9lectroacoustique et mixte, 18 oeuvres\/\u00e9tudes d&rsquo;\u00e9tudiants et du r\u00e9pertoire, salle 30<\/span><\/p>\n<p><span style=\"line-height: 1.5;\">5 juin 2014 :\u00a0<strong><em>R\u00e9cital Examen de perfectionnement<\/em><\/strong><\/span><span style=\"line-height: 1.5;\">\u00a0\u2013 r\u00e9cital mixte pour saxophone solo et \u00e9lectronique pour examen de perfectionnement, salle\u00a021<\/span><\/p>\n<p><span style=\"line-height: 1.5;\">31 mai 2014 :\u00a0<\/span><em style=\"line-height: 1.5;\"><strong>Audition\/R\u00e9cital 1<\/strong><\/em><span style=\"line-height: 1.5;\">\u00a0\u2013 \u00a0\u00e9lectroacoustique et mixte, 15 oeuvres\/\u00e9tudes\u00a0d&rsquo;\u00e9tudiants et du r\u00e9pertoire, salle 21<\/span><\/p>\n<p>27\u00a0mai 2014 :\u00a0<strong><em>Concert de Patti Cudd<\/em><\/strong>\u00a0\u2013\u00a0concert d&rsquo;oeuvres mixtes pour percussion solo et \u00e9lectronique, musicien invit\u00e9, salle 30<\/p>\n<p><span style=\"line-height: 1.5;\">2-4 mai\u00a02014 : <\/span><em style=\"line-height: 1.5;\"><strong>Espaces Sonores \u2013 TACET\/HEAR<\/strong><\/em><span style=\"line-height: 1.5;\">, Bruxelles. \u2013 participation de deux \u00e9tudiants<\/span><\/p>\n<p>15 mars 2014 : <em><strong><a title=\"photos du workshop de composition\" href=\"http:\/\/electro-strasbourg.eu\/blog\/2014\/03\/photos-du-workshop-de-composition\/\">Workshop de composition<\/a><\/strong><\/em>, salle 20 \u2013 pi\u00e8ces instrumentaux et mixtes pour choisir 3 pi\u00e8ces\u00a0pour concert Musica de jeunes compositeurs en octobre.<\/p>\n<p>13 mars 2014 : <em><strong><a title=\"photos du concert \u00ab\u00a0Electromixte\u00a0\u00bb\" href=\"http:\/\/electro-strasbourg.eu\/blog\/2014\/03\/photos-du-concert-electromixte\/\">Concert \u00ab\u00a0Electromixte\u00a0\u00bb <\/a>\u2013<\/strong><\/em>\u00a0\u00e9lectroacoustique et mixte, 14 oeuvres\/\u00e9tudes d&rsquo;\u00e9tudiants et du r\u00e9pertoire, salle 30<\/p>\n<p>1 mars 2014 : <strong><em><a title=\"[ensemble] Global Net Orchestra \u2013 call for players\" href=\"http:\/\/electro-strasbourg.eu\/blog\/2014\/02\/ensemble-global-net-orchestra-call-for-players\/\">Global Net Orchestra<\/a><\/em><\/strong>\u00a0\u2013\u00a0participation de la classe de Lutherie \/ Ensemble Electronique<\/p>\n<p>15 f\u00e9vier 2014 : <em><strong><a title=\"Portes Ouvertes samedi prochain 15 f\u00e9vrier\" href=\"http:\/\/electro-strasbourg.eu\/blog\/2014\/02\/portes-ouvertes-samedi-prochain-15-fevrier\/\">Portes Ouvertes du Conservatoire<\/a><\/strong><\/em>,\u00a0\u00a0ouverture de la salle 156 \u2013\u00a0cours, exp\u00e9rimentations, discussions et mini-concerts de compositions acousmatiques. <a title=\"Portes ouvertes \u2013 merci\" href=\"http:\/\/electro-strasbourg.eu\/blog\/2014\/02\/portes-ouvertes-merci\/\">Note de remerciement<\/a>.<\/p>\n<p>5 d\u00e9c\u00a02013 : <em><strong>Masterclasse Paul M\u00e9fano<\/strong><\/em> \u2013 collaboration avec la classe de hautbois sur la r\u00e9alisation de la pi\u00e8ce <em>Asahi<\/em> de Paul M\u00e9fano.<\/p>\n<p>&nbsp;<\/p>\n<p>&nbsp;<\/p>\n<p>&nbsp;<\/p>\n<p>&nbsp;<\/p>\n","protected":false},"excerpt":{"rendered":"<p>Ev\u00e9nements et projets : cr\u00e9ation\u00a0et interpr\u00e9tation \u00e9lectroacoustique \/ composition mixte 2013-2014 fin juin : Examens d&rsquo;instruments \u2013 gr\u00e2ce \u00e0 divers \u00e9tudiants de Musique Mixte et des collaborations avec des classes d&rsquo;instruments, plusieurs pi\u00e8ces du r\u00e9pertoire pour instruments et \u00e9lectronique\u00a0ont \u00e9t\u00e9 jou\u00e9es lors des examens de fin d&rsquo;ann\u00e9e de\u00a0l&rsquo;Acad\u00e9mie Sup\u00e9rieure, ou lors des concerts\u00a0et r\u00e9citals \u00e9lectroacoustiques. &hellip; <a href=\"http:\/\/electro-strasbourg.eu\/blog\/events\/events-2013-2014\/\" class=\"more-link\">Continuer la lecture de <span class=\"screen-reader-text\">Events 2013-2014<\/span>  <span class=\"meta-nav\">&rarr;<\/span><\/a><\/p>\n","protected":false},"author":1,"featured_media":0,"parent":283,"menu_order":0,"comment_status":"closed","ping_status":"closed","template":"","meta":{"jetpack_post_was_ever_published":false,"footnotes":""},"class_list":["post-288","page","type-page","status-publish","hentry"],"jetpack_shortlink":"https:\/\/wp.me\/P3WkX1-4E","jetpack_sharing_enabled":true,"_links":{"self":[{"href":"http:\/\/electro-strasbourg.eu\/blog\/wp-json\/wp\/v2\/pages\/288","targetHints":{"allow":["GET"]}}],"collection":[{"href":"http:\/\/electro-strasbourg.eu\/blog\/wp-json\/wp\/v2\/pages"}],"about":[{"href":"http:\/\/electro-strasbourg.eu\/blog\/wp-json\/wp\/v2\/types\/page"}],"author":[{"embeddable":true,"href":"http:\/\/electro-strasbourg.eu\/blog\/wp-json\/wp\/v2\/users\/1"}],"replies":[{"embeddable":true,"href":"http:\/\/electro-strasbourg.eu\/blog\/wp-json\/wp\/v2\/comments?post=288"}],"version-history":[{"count":18,"href":"http:\/\/electro-strasbourg.eu\/blog\/wp-json\/wp\/v2\/pages\/288\/revisions"}],"predecessor-version":[{"id":3545,"href":"http:\/\/electro-strasbourg.eu\/blog\/wp-json\/wp\/v2\/pages\/288\/revisions\/3545"}],"up":[{"embeddable":true,"href":"http:\/\/electro-strasbourg.eu\/blog\/wp-json\/wp\/v2\/pages\/283"}],"wp:attachment":[{"href":"http:\/\/electro-strasbourg.eu\/blog\/wp-json\/wp\/v2\/media?parent=288"}],"curies":[{"name":"wp","href":"https:\/\/api.w.org\/{rel}","templated":true}]}}