{"id":2335,"date":"2018-04-05T21:28:24","date_gmt":"2018-04-05T19:28:24","guid":{"rendered":"http:\/\/electro-strasbourg.eu\/blog\/?page_id=2335"},"modified":"2018-04-05T21:29:07","modified_gmt":"2018-04-05T19:29:07","slug":"acoustique-michele-castellengo-conferences-et-interviews","status":"publish","type":"page","link":"http:\/\/electro-strasbourg.eu\/blog\/ressources\/audio-video\/acoustique-michele-castellengo-conferences-et-interviews\/","title":{"rendered":"Acoustique &#8211; Mich\u00e8le Castellengo &#8211; conf\u00e9rences et interviews"},"content":{"rendered":"<h1 class=\"title style-scope ytd-video-primary-info-renderer\">EfferveSciences &#8211; Mich\u00e8le CASTELLENGO &#8211; Au c\u0153ur des sons<\/h1>\n<p><span class=\"embed-youtube\" style=\"text-align:center; display: block;\"><iframe loading=\"lazy\" class=\"youtube-player\" width=\"474\" height=\"267\" src=\"https:\/\/www.youtube.com\/embed\/MXXhCH6-_3s?version=3&#038;rel=1&#038;showsearch=0&#038;showinfo=1&#038;iv_load_policy=1&#038;fs=1&#038;hl=fr-FR&#038;autohide=2&#038;wmode=transparent\" allowfullscreen=\"true\" style=\"border:0;\" sandbox=\"allow-scripts allow-same-origin allow-popups allow-presentation allow-popups-to-escape-sandbox\"><\/iframe><\/span><\/p>\n<hr \/>\n<h2><span class=\"speakers\"><a href=\"https:\/\/lacademie.tv\/conferenciers\/michele-castellengo\">Mich\u00e8le CASTELLENGO<\/a><\/span><\/h2>\n<h2>Du piano \u00e0 l&rsquo;\u00e9coute musicale (1\/2)<\/h2>\n<p>Date : 29.03.2017 \u2014 Vid\u00e9o 69 min. \u2014 Audio 69 min.<\/p>\n<p>https:\/\/lacademie.tv\/conferences\/du-piano-a-l-ecoute-musicale-1-2<\/p>\n<p><span class=\"embed-youtube\" style=\"text-align:center; display: block;\"><iframe loading=\"lazy\" class=\"youtube-player\" width=\"474\" height=\"267\" src=\"https:\/\/www.youtube.com\/embed\/qofqhyto0aQ?version=3&#038;rel=1&#038;showsearch=0&#038;showinfo=1&#038;iv_load_policy=1&#038;fs=1&#038;hl=fr-FR&#038;autohide=2&#038;wmode=transparent\" allowfullscreen=\"true\" style=\"border:0;\" sandbox=\"allow-scripts allow-same-origin allow-popups allow-presentation allow-popups-to-escape-sandbox\"><\/iframe><\/span><\/p>\n<hr \/>\n<p>&nbsp;<\/p>\n","protected":false},"excerpt":{"rendered":"<p>EfferveSciences &#8211; Mich\u00e8le CASTELLENGO &#8211; Au c\u0153ur des sons Mich\u00e8le CASTELLENGO Du piano \u00e0 l&rsquo;\u00e9coute musicale (1\/2) Date : 29.03.2017 \u2014 Vid\u00e9o 69 min. \u2014 Audio 69 min. https:\/\/lacademie.tv\/conferences\/du-piano-a-l-ecoute-musicale-1-2 &nbsp;<\/p>\n","protected":false},"author":1,"featured_media":0,"parent":922,"menu_order":0,"comment_status":"closed","ping_status":"closed","template":"","meta":{"jetpack_post_was_ever_published":false,"footnotes":""},"class_list":["post-2335","page","type-page","status-publish","hentry"],"jetpack_shortlink":"https:\/\/wp.me\/P3WkX1-BF","jetpack_sharing_enabled":true,"_links":{"self":[{"href":"http:\/\/electro-strasbourg.eu\/blog\/wp-json\/wp\/v2\/pages\/2335","targetHints":{"allow":["GET"]}}],"collection":[{"href":"http:\/\/electro-strasbourg.eu\/blog\/wp-json\/wp\/v2\/pages"}],"about":[{"href":"http:\/\/electro-strasbourg.eu\/blog\/wp-json\/wp\/v2\/types\/page"}],"author":[{"embeddable":true,"href":"http:\/\/electro-strasbourg.eu\/blog\/wp-json\/wp\/v2\/users\/1"}],"replies":[{"embeddable":true,"href":"http:\/\/electro-strasbourg.eu\/blog\/wp-json\/wp\/v2\/comments?post=2335"}],"version-history":[{"count":1,"href":"http:\/\/electro-strasbourg.eu\/blog\/wp-json\/wp\/v2\/pages\/2335\/revisions"}],"predecessor-version":[{"id":2336,"href":"http:\/\/electro-strasbourg.eu\/blog\/wp-json\/wp\/v2\/pages\/2335\/revisions\/2336"}],"up":[{"embeddable":true,"href":"http:\/\/electro-strasbourg.eu\/blog\/wp-json\/wp\/v2\/pages\/922"}],"wp:attachment":[{"href":"http:\/\/electro-strasbourg.eu\/blog\/wp-json\/wp\/v2\/media?parent=2335"}],"curies":[{"name":"wp","href":"https:\/\/api.w.org\/{rel}","templated":true}]}}