{"id":2037,"date":"2017-05-31T18:19:57","date_gmt":"2017-05-31T16:19:57","guid":{"rendered":"http:\/\/electro-strasbourg.eu\/blog\/?page_id=2037"},"modified":"2017-06-01T09:40:39","modified_gmt":"2017-06-01T07:40:39","slug":"audition-du-13-janvier-2017","status":"publish","type":"page","link":"http:\/\/electro-strasbourg.eu\/blog\/audiovideo-archives\/audition-du-13-janvier-2017\/","title":{"rendered":"Audition du 13 janvier 2017"},"content":{"rendered":"<h1>L&rsquo;audition du 13 janvier\u00a02017<\/h1>\n<p>fin du semestre\u00a01<\/p>\n<p><span style=\"color: #ff0000;\">(Ne pas t\u00e9l\u00e9charger sauf avec la permission des auteurs et interpr\u00e8tes concern\u00e9s.)<\/span><\/p>\n<h4>Audition\u00a0le 13 janvier 2017<\/h4>\n<p>programme : <a href=\"http:\/\/electro-strasbourg.eu\/blog\/wp-content\/uploads\/2017\/05\/audition-13jan17.pdf\" target=\"_blank\" rel=\"noopener noreferrer\">audition-13jan17<\/a><\/p>\n<div class=\"wp-playlist wp-audio-playlist wp-playlist-light\">\n\t\t\t<div class=\"wp-playlist-current-item\"><\/div>\n\t\t<audio controls=\"controls\" preload=\"none\" width=\"452\"\n\t\t\t><\/audio>\n\t<div class=\"wp-playlist-next\"><\/div>\n\t<div class=\"wp-playlist-prev\"><\/div>\n\t<noscript>\n\t<ol>\n\t\t<li><a href='http:\/\/electro-strasbourg.eu\/blog\/wp-content\/uploads\/2017\/05\/170113-01-EES.mp3'>170113-01-EES<\/a><\/li><li><a href='http:\/\/electro-strasbourg.eu\/blog\/wp-content\/uploads\/2017\/05\/170113-02-Antonio.mp3'>170113-02-Antonio<\/a><\/li><li><a href='http:\/\/electro-strasbourg.eu\/blog\/wp-content\/uploads\/2017\/05\/170113-03-Marta.mp3'>170113-03-Marta<\/a><\/li><li><a href='http:\/\/electro-strasbourg.eu\/blog\/wp-content\/uploads\/2017\/05\/170113-04-C\u00e9dric.mp3'>170113-04-C\u00e9dric<\/a><\/li><li><a href='http:\/\/electro-strasbourg.eu\/blog\/wp-content\/uploads\/2017\/05\/170113-05-Salom\u00e9.mp3'>170113-05-Salom\u00e9<\/a><\/li><li><a href='http:\/\/electro-strasbourg.eu\/blog\/wp-content\/uploads\/2017\/05\/170113-06-Roman.mp3'>170113-06-Roman<\/a><\/li><li><a href='http:\/\/electro-strasbourg.eu\/blog\/wp-content\/uploads\/2017\/05\/170113-07-Cl\u00e9ment.mp3'>170113-07-Cl\u00e9ment<\/a><\/li><li><a href='http:\/\/electro-strasbourg.eu\/blog\/wp-content\/uploads\/2017\/05\/170113-08-Yuko.mp3'>170113-08-Yuko<\/a><\/li><li><a href='http:\/\/electro-strasbourg.eu\/blog\/wp-content\/uploads\/2017\/05\/170113-09-Guido.mp3'>170113-09-Guido<\/a><\/li><li><a href='http:\/\/electro-strasbourg.eu\/blog\/wp-content\/uploads\/2017\/05\/170113-10-Daphn\u00e9.mp3'>170113-10-Daphn\u00e9<\/a><\/li><li><a href='http:\/\/electro-strasbourg.eu\/blog\/wp-content\/uploads\/2017\/05\/170113-11-Gr\u00e9goire.mp3'>170113-11-Gr\u00e9goire<\/a><\/li><li><a href='http:\/\/electro-strasbourg.eu\/blog\/wp-content\/uploads\/2017\/05\/170113-12-Alexandre.mp3'>170113-12-Alexandre<\/a><\/li><li><a href='http:\/\/electro-strasbourg.eu\/blog\/wp-content\/uploads\/2017\/05\/170113-13-Rui.mp3'>170113-13-Rui<\/a><\/li><li><a href='http:\/\/electro-strasbourg.eu\/blog\/wp-content\/uploads\/2017\/05\/170113-14-Hitome.mp3'>170113-14-Hitome<\/a><\/li><li><a href='http:\/\/electro-strasbourg.eu\/blog\/wp-content\/uploads\/2017\/05\/170113-15-Sergio.mp3'>170113-15-Sergio<\/a><\/li><li><a href='http:\/\/electro-strasbourg.eu\/blog\/wp-content\/uploads\/2017\/05\/170113-16-Evan.mp3'>170113-16-Evan<\/a><\/li><li><a href='http:\/\/electro-strasbourg.eu\/blog\/wp-content\/uploads\/2017\/05\/170113-17-Camille.mp3'>170113-17-Camille<\/a><\/li><li><a href='http:\/\/electro-strasbourg.eu\/blog\/wp-content\/uploads\/2017\/05\/170113-18-Leonardo.mp3'>170113-18-Leonardo<\/a><\/li><li><a href='http:\/\/electro-strasbourg.eu\/blog\/wp-content\/uploads\/2017\/05\/170113-19-Alejandro.mp3'>170113-19-Alejandro<\/a><\/li><li><a href='http:\/\/electro-strasbourg.eu\/blog\/wp-content\/uploads\/2017\/05\/170113-20-Marie-Florentine.mp3'>170113-20-Marie-Florentine<\/a><\/li><li><a href='http:\/\/electro-strasbourg.eu\/blog\/wp-content\/uploads\/2017\/05\/170113-21-Noelia.mp3'>170113-21-Noelia<\/a><\/li><li><a href='http:\/\/electro-strasbourg.eu\/blog\/wp-content\/uploads\/2017\/05\/170113-22-Jean-David.mp3'>170113-22-Jean-David<\/a><\/li><li><a href='http:\/\/electro-strasbourg.eu\/blog\/wp-content\/uploads\/2017\/05\/170113-23-Etienne.mp3'>170113-23-Etienne<\/a><\/li>\t<\/ol>\n\t<\/noscript>\n\t<script type=\"application\/json\" class=\"wp-playlist-script\">{\"type\":\"audio\",\"tracklist\":true,\"tracknumbers\":true,\"images\":true,\"artists\":true,\"tracks\":[{\"src\":\"http:\/\/electro-strasbourg.eu\/blog\/wp-content\/uploads\/2017\/05\/170113-01-EES.mp3\",\"type\":\"audio\/mpeg\",\"title\":\"170113-01-EES\",\"caption\":\"\",\"description\":\"\\u003Ci\\u003E170113-01-EES\\u003C\/i\\u003E.\",\"meta\":{\"length_formatted\":\"4:31\"},\"image\":{\"src\":\"http:\/\/electro-strasbourg.eu\/blog\/wp-includes\/images\/media\/audio.svg\",\"width\":48,\"height\":64},\"thumb\":{\"src\":\"http:\/\/electro-strasbourg.eu\/blog\/wp-includes\/images\/media\/audio.svg\",\"width\":48,\"height\":64}},{\"src\":\"http:\/\/electro-strasbourg.eu\/blog\/wp-content\/uploads\/2017\/05\/170113-02-Antonio.mp3\",\"type\":\"audio\/mpeg\",\"title\":\"170113-02-Antonio\",\"caption\":\"\",\"description\":\"\\u003Ci\\u003E170113-02-Antonio\\u003C\/i\\u003E.\",\"meta\":{\"length_formatted\":\"4:10\"},\"image\":{\"src\":\"http:\/\/electro-strasbourg.eu\/blog\/wp-includes\/images\/media\/audio.svg\",\"width\":48,\"height\":64},\"thumb\":{\"src\":\"http:\/\/electro-strasbourg.eu\/blog\/wp-includes\/images\/media\/audio.svg\",\"width\":48,\"height\":64}},{\"src\":\"http:\/\/electro-strasbourg.eu\/blog\/wp-content\/uploads\/2017\/05\/170113-03-Marta.mp3\",\"type\":\"audio\/mpeg\",\"title\":\"170113-03-Marta\",\"caption\":\"\",\"description\":\"\\u003Ci\\u003E170113-03-Marta\\u003C\/i\\u003E.\",\"meta\":{\"length_formatted\":\"2:53\"},\"image\":{\"src\":\"http:\/\/electro-strasbourg.eu\/blog\/wp-includes\/images\/media\/audio.svg\",\"width\":48,\"height\":64},\"thumb\":{\"src\":\"http:\/\/electro-strasbourg.eu\/blog\/wp-includes\/images\/media\/audio.svg\",\"width\":48,\"height\":64}},{\"src\":\"http:\/\/electro-strasbourg.eu\/blog\/wp-content\/uploads\/2017\/05\/170113-04-C\\u00e9dric.mp3\",\"type\":\"audio\/mpeg\",\"title\":\"170113-04-C\\u00e9dric\",\"caption\":\"\",\"description\":\"\\u003Ci\\u003E170113-04-C\\u00e9dric\\u003C\/i\\u003E.\",\"meta\":{\"length_formatted\":\"2:50\"},\"image\":{\"src\":\"http:\/\/electro-strasbourg.eu\/blog\/wp-includes\/images\/media\/audio.svg\",\"width\":48,\"height\":64},\"thumb\":{\"src\":\"http:\/\/electro-strasbourg.eu\/blog\/wp-includes\/images\/media\/audio.svg\",\"width\":48,\"height\":64}},{\"src\":\"http:\/\/electro-strasbourg.eu\/blog\/wp-content\/uploads\/2017\/05\/170113-05-Salom\\u00e9.mp3\",\"type\":\"audio\/mpeg\",\"title\":\"170113-05-Salom\\u00e9\",\"caption\":\"\",\"description\":\"\\u003Ci\\u003E170113-05-Salom\\u00e9\\u003C\/i\\u003E.\",\"meta\":{\"length_formatted\":\"4:19\"},\"image\":{\"src\":\"http:\/\/electro-strasbourg.eu\/blog\/wp-includes\/images\/media\/audio.svg\",\"width\":48,\"height\":64},\"thumb\":{\"src\":\"http:\/\/electro-strasbourg.eu\/blog\/wp-includes\/images\/media\/audio.svg\",\"width\":48,\"height\":64}},{\"src\":\"http:\/\/electro-strasbourg.eu\/blog\/wp-content\/uploads\/2017\/05\/170113-06-Roman.mp3\",\"type\":\"audio\/mpeg\",\"title\":\"170113-06-Roman\",\"caption\":\"\",\"description\":\"\\u003Ci\\u003E170113-06-Roman\\u003C\/i\\u003E.\",\"meta\":{\"length_formatted\":\"3:42\"},\"image\":{\"src\":\"http:\/\/electro-strasbourg.eu\/blog\/wp-includes\/images\/media\/audio.svg\",\"width\":48,\"height\":64},\"thumb\":{\"src\":\"http:\/\/electro-strasbourg.eu\/blog\/wp-includes\/images\/media\/audio.svg\",\"width\":48,\"height\":64}},{\"src\":\"http:\/\/electro-strasbourg.eu\/blog\/wp-content\/uploads\/2017\/05\/170113-07-Cl\\u00e9ment.mp3\",\"type\":\"audio\/mpeg\",\"title\":\"170113-07-Cl\\u00e9ment\",\"caption\":\"\",\"description\":\"\\u003Ci\\u003E170113-07-Cl\\u00e9ment\\u003C\/i\\u003E.\",\"meta\":{\"length_formatted\":\"2:14\"},\"image\":{\"src\":\"http:\/\/electro-strasbourg.eu\/blog\/wp-includes\/images\/media\/audio.svg\",\"width\":48,\"height\":64},\"thumb\":{\"src\":\"http:\/\/electro-strasbourg.eu\/blog\/wp-includes\/images\/media\/audio.svg\",\"width\":48,\"height\":64}},{\"src\":\"http:\/\/electro-strasbourg.eu\/blog\/wp-content\/uploads\/2017\/05\/170113-08-Yuko.mp3\",\"type\":\"audio\/mpeg\",\"title\":\"170113-08-Yuko\",\"caption\":\"\",\"description\":\"\\u003Ci\\u003E170113-08-Yuko\\u003C\/i\\u003E.\",\"meta\":{\"length_formatted\":\"2:20\"},\"image\":{\"src\":\"http:\/\/electro-strasbourg.eu\/blog\/wp-includes\/images\/media\/audio.svg\",\"width\":48,\"height\":64},\"thumb\":{\"src\":\"http:\/\/electro-strasbourg.eu\/blog\/wp-includes\/images\/media\/audio.svg\",\"width\":48,\"height\":64}},{\"src\":\"http:\/\/electro-strasbourg.eu\/blog\/wp-content\/uploads\/2017\/05\/170113-09-Guido.mp3\",\"type\":\"audio\/mpeg\",\"title\":\"170113-09-Guido\",\"caption\":\"\",\"description\":\"\\u003Ci\\u003E170113-09-Guido\\u003C\/i\\u003E.\",\"meta\":{\"length_formatted\":\"4:53\"},\"image\":{\"src\":\"http:\/\/electro-strasbourg.eu\/blog\/wp-includes\/images\/media\/audio.svg\",\"width\":48,\"height\":64},\"thumb\":{\"src\":\"http:\/\/electro-strasbourg.eu\/blog\/wp-includes\/images\/media\/audio.svg\",\"width\":48,\"height\":64}},{\"src\":\"http:\/\/electro-strasbourg.eu\/blog\/wp-content\/uploads\/2017\/05\/170113-10-Daphn\\u00e9.mp3\",\"type\":\"audio\/mpeg\",\"title\":\"170113-10-Daphn\\u00e9\",\"caption\":\"\",\"description\":\"\\u003Ci\\u003E170113-10-Daphn\\u00e9\\u003C\/i\\u003E.\",\"meta\":{\"length_formatted\":\"4:39\"},\"image\":{\"src\":\"http:\/\/electro-strasbourg.eu\/blog\/wp-includes\/images\/media\/audio.svg\",\"width\":48,\"height\":64},\"thumb\":{\"src\":\"http:\/\/electro-strasbourg.eu\/blog\/wp-includes\/images\/media\/audio.svg\",\"width\":48,\"height\":64}},{\"src\":\"http:\/\/electro-strasbourg.eu\/blog\/wp-content\/uploads\/2017\/05\/170113-11-Gr\\u00e9goire.mp3\",\"type\":\"audio\/mpeg\",\"title\":\"170113-11-Gr\\u00e9goire\",\"caption\":\"\",\"description\":\"\\u003Ci\\u003E170113-11-Gr\\u00e9goire\\u003C\/i\\u003E.\",\"meta\":{\"length_formatted\":\"4:36\"},\"image\":{\"src\":\"http:\/\/electro-strasbourg.eu\/blog\/wp-includes\/images\/media\/audio.svg\",\"width\":48,\"height\":64},\"thumb\":{\"src\":\"http:\/\/electro-strasbourg.eu\/blog\/wp-includes\/images\/media\/audio.svg\",\"width\":48,\"height\":64}},{\"src\":\"http:\/\/electro-strasbourg.eu\/blog\/wp-content\/uploads\/2017\/05\/170113-12-Alexandre.mp3\",\"type\":\"audio\/mpeg\",\"title\":\"170113-12-Alexandre\",\"caption\":\"\",\"description\":\"\\u003Ci\\u003E170113-12-Alexandre\\u003C\/i\\u003E.\",\"meta\":{\"length_formatted\":\"3:30\"},\"image\":{\"src\":\"http:\/\/electro-strasbourg.eu\/blog\/wp-includes\/images\/media\/audio.svg\",\"width\":48,\"height\":64},\"thumb\":{\"src\":\"http:\/\/electro-strasbourg.eu\/blog\/wp-includes\/images\/media\/audio.svg\",\"width\":48,\"height\":64}},{\"src\":\"http:\/\/electro-strasbourg.eu\/blog\/wp-content\/uploads\/2017\/05\/170113-13-Rui.mp3\",\"type\":\"audio\/mpeg\",\"title\":\"170113-13-Rui\",\"caption\":\"\",\"description\":\"\\u003Ci\\u003E170113-13-Rui\\u003C\/i\\u003E.\",\"meta\":{\"length_formatted\":\"3:31\"},\"image\":{\"src\":\"http:\/\/electro-strasbourg.eu\/blog\/wp-includes\/images\/media\/audio.svg\",\"width\":48,\"height\":64},\"thumb\":{\"src\":\"http:\/\/electro-strasbourg.eu\/blog\/wp-includes\/images\/media\/audio.svg\",\"width\":48,\"height\":64}},{\"src\":\"http:\/\/electro-strasbourg.eu\/blog\/wp-content\/uploads\/2017\/05\/170113-14-Hitome.mp3\",\"type\":\"audio\/mpeg\",\"title\":\"170113-14-Hitome\",\"caption\":\"\",\"description\":\"\\u003Ci\\u003E170113-14-Hitome\\u003C\/i\\u003E.\",\"meta\":{\"length_formatted\":\"3:23\"},\"image\":{\"src\":\"http:\/\/electro-strasbourg.eu\/blog\/wp-includes\/images\/media\/audio.svg\",\"width\":48,\"height\":64},\"thumb\":{\"src\":\"http:\/\/electro-strasbourg.eu\/blog\/wp-includes\/images\/media\/audio.svg\",\"width\":48,\"height\":64}},{\"src\":\"http:\/\/electro-strasbourg.eu\/blog\/wp-content\/uploads\/2017\/05\/170113-15-Sergio.mp3\",\"type\":\"audio\/mpeg\",\"title\":\"170113-15-Sergio\",\"caption\":\"\",\"description\":\"\\u003Ci\\u003E170113-15-Sergio\\u003C\/i\\u003E.\",\"meta\":{\"length_formatted\":\"3:42\"},\"image\":{\"src\":\"http:\/\/electro-strasbourg.eu\/blog\/wp-includes\/images\/media\/audio.svg\",\"width\":48,\"height\":64},\"thumb\":{\"src\":\"http:\/\/electro-strasbourg.eu\/blog\/wp-includes\/images\/media\/audio.svg\",\"width\":48,\"height\":64}},{\"src\":\"http:\/\/electro-strasbourg.eu\/blog\/wp-content\/uploads\/2017\/05\/170113-16-Evan.mp3\",\"type\":\"audio\/mpeg\",\"title\":\"170113-16-Evan\",\"caption\":\"\",\"description\":\"\\u003Ci\\u003E170113-16-Evan\\u003C\/i\\u003E.\",\"meta\":{\"length_formatted\":\"5:04\"},\"image\":{\"src\":\"http:\/\/electro-strasbourg.eu\/blog\/wp-includes\/images\/media\/audio.svg\",\"width\":48,\"height\":64},\"thumb\":{\"src\":\"http:\/\/electro-strasbourg.eu\/blog\/wp-includes\/images\/media\/audio.svg\",\"width\":48,\"height\":64}},{\"src\":\"http:\/\/electro-strasbourg.eu\/blog\/wp-content\/uploads\/2017\/05\/170113-17-Camille.mp3\",\"type\":\"audio\/mpeg\",\"title\":\"170113-17-Camille\",\"caption\":\"\",\"description\":\"\\u003Ci\\u003E170113-17-Camille\\u003C\/i\\u003E.\",\"meta\":{\"length_formatted\":\"4:04\"},\"image\":{\"src\":\"http:\/\/electro-strasbourg.eu\/blog\/wp-includes\/images\/media\/audio.svg\",\"width\":48,\"height\":64},\"thumb\":{\"src\":\"http:\/\/electro-strasbourg.eu\/blog\/wp-includes\/images\/media\/audio.svg\",\"width\":48,\"height\":64}},{\"src\":\"http:\/\/electro-strasbourg.eu\/blog\/wp-content\/uploads\/2017\/05\/170113-18-Leonardo.mp3\",\"type\":\"audio\/mpeg\",\"title\":\"170113-18-Leonardo\",\"caption\":\"\",\"description\":\"\\u003Ci\\u003E170113-18-Leonardo\\u003C\/i\\u003E.\",\"meta\":{\"length_formatted\":\"6:21\"},\"image\":{\"src\":\"http:\/\/electro-strasbourg.eu\/blog\/wp-includes\/images\/media\/audio.svg\",\"width\":48,\"height\":64},\"thumb\":{\"src\":\"http:\/\/electro-strasbourg.eu\/blog\/wp-includes\/images\/media\/audio.svg\",\"width\":48,\"height\":64}},{\"src\":\"http:\/\/electro-strasbourg.eu\/blog\/wp-content\/uploads\/2017\/05\/170113-19-Alejandro.mp3\",\"type\":\"audio\/mpeg\",\"title\":\"170113-19-Alejandro\",\"caption\":\"\",\"description\":\"\\u003Ci\\u003E170113-19-Alejandro\\u003C\/i\\u003E.\",\"meta\":{\"length_formatted\":\"1:59\"},\"image\":{\"src\":\"http:\/\/electro-strasbourg.eu\/blog\/wp-includes\/images\/media\/audio.svg\",\"width\":48,\"height\":64},\"thumb\":{\"src\":\"http:\/\/electro-strasbourg.eu\/blog\/wp-includes\/images\/media\/audio.svg\",\"width\":48,\"height\":64}},{\"src\":\"http:\/\/electro-strasbourg.eu\/blog\/wp-content\/uploads\/2017\/05\/170113-20-Marie-Florentine.mp3\",\"type\":\"audio\/mpeg\",\"title\":\"170113-20-Marie-Florentine\",\"caption\":\"\",\"description\":\"\\u003Ci\\u003E170113-20-Marie-Florentine\\u003C\/i\\u003E.\",\"meta\":{\"length_formatted\":\"2:25\"},\"image\":{\"src\":\"http:\/\/electro-strasbourg.eu\/blog\/wp-includes\/images\/media\/audio.svg\",\"width\":48,\"height\":64},\"thumb\":{\"src\":\"http:\/\/electro-strasbourg.eu\/blog\/wp-includes\/images\/media\/audio.svg\",\"width\":48,\"height\":64}},{\"src\":\"http:\/\/electro-strasbourg.eu\/blog\/wp-content\/uploads\/2017\/05\/170113-21-Noelia.mp3\",\"type\":\"audio\/mpeg\",\"title\":\"170113-21-Noelia\",\"caption\":\"\",\"description\":\"\\u003Ci\\u003E170113-21-Noelia\\u003C\/i\\u003E.\",\"meta\":{\"length_formatted\":\"4:44\"},\"image\":{\"src\":\"http:\/\/electro-strasbourg.eu\/blog\/wp-includes\/images\/media\/audio.svg\",\"width\":48,\"height\":64},\"thumb\":{\"src\":\"http:\/\/electro-strasbourg.eu\/blog\/wp-includes\/images\/media\/audio.svg\",\"width\":48,\"height\":64}},{\"src\":\"http:\/\/electro-strasbourg.eu\/blog\/wp-content\/uploads\/2017\/05\/170113-22-Jean-David.mp3\",\"type\":\"audio\/mpeg\",\"title\":\"170113-22-Jean-David\",\"caption\":\"\",\"description\":\"\\u003Ci\\u003E170113-22-Jean-David\\u003C\/i\\u003E.\",\"meta\":{\"length_formatted\":\"7:25\"},\"image\":{\"src\":\"http:\/\/electro-strasbourg.eu\/blog\/wp-includes\/images\/media\/audio.svg\",\"width\":48,\"height\":64},\"thumb\":{\"src\":\"http:\/\/electro-strasbourg.eu\/blog\/wp-includes\/images\/media\/audio.svg\",\"width\":48,\"height\":64}},{\"src\":\"http:\/\/electro-strasbourg.eu\/blog\/wp-content\/uploads\/2017\/05\/170113-23-Etienne.mp3\",\"type\":\"audio\/mpeg\",\"title\":\"170113-23-Etienne\",\"caption\":\"\",\"description\":\"\\u003Ci\\u003E170113-23-Etienne\\u003C\/i\\u003E.\",\"meta\":{\"length_formatted\":\"5:21\"},\"image\":{\"src\":\"http:\/\/electro-strasbourg.eu\/blog\/wp-includes\/images\/media\/audio.svg\",\"width\":48,\"height\":64},\"thumb\":{\"src\":\"http:\/\/electro-strasbourg.eu\/blog\/wp-includes\/images\/media\/audio.svg\",\"width\":48,\"height\":64}}]}<\/script>\n<\/div>\n\t\n","protected":false},"excerpt":{"rendered":"<p>L&rsquo;audition du 13 janvier\u00a02017 fin du semestre\u00a01 (Ne pas t\u00e9l\u00e9charger sauf avec la permission des auteurs et interpr\u00e8tes concern\u00e9s.) Audition\u00a0le 13 janvier 2017 programme : audition-13jan17<\/p>\n","protected":false},"author":1,"featured_media":0,"parent":584,"menu_order":0,"comment_status":"closed","ping_status":"closed","template":"","meta":{"jetpack_post_was_ever_published":false,"footnotes":""},"class_list":["post-2037","page","type-page","status-publish","hentry"],"jetpack_shortlink":"https:\/\/wp.me\/P3WkX1-wR","jetpack_sharing_enabled":true,"_links":{"self":[{"href":"http:\/\/electro-strasbourg.eu\/blog\/wp-json\/wp\/v2\/pages\/2037","targetHints":{"allow":["GET"]}}],"collection":[{"href":"http:\/\/electro-strasbourg.eu\/blog\/wp-json\/wp\/v2\/pages"}],"about":[{"href":"http:\/\/electro-strasbourg.eu\/blog\/wp-json\/wp\/v2\/types\/page"}],"author":[{"embeddable":true,"href":"http:\/\/electro-strasbourg.eu\/blog\/wp-json\/wp\/v2\/users\/1"}],"replies":[{"embeddable":true,"href":"http:\/\/electro-strasbourg.eu\/blog\/wp-json\/wp\/v2\/comments?post=2037"}],"version-history":[{"count":2,"href":"http:\/\/electro-strasbourg.eu\/blog\/wp-json\/wp\/v2\/pages\/2037\/revisions"}],"predecessor-version":[{"id":2064,"href":"http:\/\/electro-strasbourg.eu\/blog\/wp-json\/wp\/v2\/pages\/2037\/revisions\/2064"}],"up":[{"embeddable":true,"href":"http:\/\/electro-strasbourg.eu\/blog\/wp-json\/wp\/v2\/pages\/584"}],"wp:attachment":[{"href":"http:\/\/electro-strasbourg.eu\/blog\/wp-json\/wp\/v2\/media?parent=2037"}],"curies":[{"name":"wp","href":"https:\/\/api.w.org\/{rel}","templated":true}]}}