{"id":201,"date":"2014-02-11T08:03:46","date_gmt":"2014-02-11T07:03:46","guid":{"rendered":"http:\/\/electro-strasbourg.eu\/blog\/?page_id=201"},"modified":"2020-09-27T16:27:30","modified_gmt":"2020-09-27T14:27:30","slug":"tapemovie-info","status":"publish","type":"page","link":"http:\/\/electro-strasbourg.eu\/blog\/ressources\/ecrits\/tapemovie-info\/","title":{"rendered":"tapemovie &#8211; info"},"content":{"rendered":"<p>Quelques liens autour de tapemovie:<\/p>\n<p><a title=\"D\u00e9marrage tapemovie\" href=\"http:\/\/electro-strasbourg.eu\/blog\/tapemovie-info\/demarrage-tapemovie\/\">D\u00e9marrage dans tapemovie<\/a>\u00a0&#8211;\u00a0 Notes prises pendant un cours de Tom Mays en d\u00e9cembre 2012<\/p>\n<p>Esquisse de doc (1.35), pas compl\u00e8tement \u00e0 jour, mais utile. (<a href=\"http:\/\/electro-strasbourg.eu\/blog\/wp-content\/uploads\/2020\/09\/tapemovie-1.35_manual.pdf\" target=\"_blank\" rel=\"noopener noreferrer\">t\u00e9l\u00e9charger<\/a>)<\/p>\n<p>M\u00e9moire de Tom Mays contenant un gros chapitre sur tapemovie. (<a title=\"memoireM2_TomMaysfinal.pdf\" href=\"http:\/\/electro-strasbourg.eu\/blog\/wp-content\/uploads\/2014\/02\/memoireM2_TomMaysfinal.pdf\" target=\"_blank\" rel=\"noopener noreferrer\">t\u00e9l\u00e9charger<\/a>)<\/p>\n<div>L&rsquo;article sur tapemovie qui est apparu dans la conf\u00e9rence\u00a0<em>Journ\u00e9es d&rsquo;informatique musicale<\/em>\u00a0(JIM) de 2010 :\u00a0<a title=\"http:\/\/jim10.afim-asso.org\/actes\/81mays.pdf\" href=\"http:\/\/jim.afim-asso.org\/jim10\/10\/actes\/81mays.pdf\" target=\"_blank\" rel=\"noopener noreferrer\">http:\/\/jim.afim-asso.org\/jim10\/10\/actes\/81mays.pdf<\/a><\/div>\n<div>\u00a0<\/div>\n\n\n<p>Site de&nbsp;<a rel=\"noreferrer noopener\" href=\"http:\/\/tapemovie.org\" target=\"_blank\">tapemovie<\/a>. (pour t\u00e9l\u00e9charger tapemovie &#8211; en forme d&rsquo;application ou bien de librairie pour Max.) \u2013 OFF LINE !<\/p>\n","protected":false},"excerpt":{"rendered":"<p>Quelques liens autour de tapemovie: D\u00e9marrage dans tapemovie\u00a0&#8211;\u00a0 Notes prises pendant un cours de Tom Mays en d\u00e9cembre 2012 Esquisse de doc (1.35), pas compl\u00e8tement \u00e0 jour, mais utile. (t\u00e9l\u00e9charger) M\u00e9moire de Tom Mays contenant un gros chapitre sur tapemovie. (t\u00e9l\u00e9charger) L&rsquo;article sur tapemovie qui est apparu dans la conf\u00e9rence\u00a0Journ\u00e9es d&rsquo;informatique musicale\u00a0(JIM) de 2010 :\u00a0http:\/\/jim.afim-asso.org\/jim10\/10\/actes\/81mays.pdf &hellip; <a href=\"http:\/\/electro-strasbourg.eu\/blog\/ressources\/ecrits\/tapemovie-info\/\" class=\"more-link\">Continuer la lecture de <span class=\"screen-reader-text\">tapemovie &#8211; info<\/span>  <span class=\"meta-nav\">&rarr;<\/span><\/a><\/p>\n","protected":false},"author":1,"featured_media":0,"parent":609,"menu_order":4,"comment_status":"closed","ping_status":"closed","template":"","meta":{"jetpack_post_was_ever_published":false,"footnotes":""},"class_list":["post-201","page","type-page","status-publish","hentry"],"jetpack_shortlink":"https:\/\/wp.me\/P3WkX1-3f","jetpack_sharing_enabled":true,"_links":{"self":[{"href":"http:\/\/electro-strasbourg.eu\/blog\/wp-json\/wp\/v2\/pages\/201","targetHints":{"allow":["GET"]}}],"collection":[{"href":"http:\/\/electro-strasbourg.eu\/blog\/wp-json\/wp\/v2\/pages"}],"about":[{"href":"http:\/\/electro-strasbourg.eu\/blog\/wp-json\/wp\/v2\/types\/page"}],"author":[{"embeddable":true,"href":"http:\/\/electro-strasbourg.eu\/blog\/wp-json\/wp\/v2\/users\/1"}],"replies":[{"embeddable":true,"href":"http:\/\/electro-strasbourg.eu\/blog\/wp-json\/wp\/v2\/comments?post=201"}],"version-history":[{"count":7,"href":"http:\/\/electro-strasbourg.eu\/blog\/wp-json\/wp\/v2\/pages\/201\/revisions"}],"predecessor-version":[{"id":4109,"href":"http:\/\/electro-strasbourg.eu\/blog\/wp-json\/wp\/v2\/pages\/201\/revisions\/4109"}],"up":[{"embeddable":true,"href":"http:\/\/electro-strasbourg.eu\/blog\/wp-json\/wp\/v2\/pages\/609"}],"wp:attachment":[{"href":"http:\/\/electro-strasbourg.eu\/blog\/wp-json\/wp\/v2\/media?parent=201"}],"curies":[{"name":"wp","href":"https:\/\/api.w.org\/{rel}","templated":true}]}}