{"id":1741,"date":"2016-08-14T18:12:09","date_gmt":"2016-08-14T16:12:09","guid":{"rendered":"http:\/\/electro-strasbourg.eu\/blog\/?page_id=1741"},"modified":"2016-08-14T18:12:09","modified_gmt":"2016-08-14T16:12:09","slug":"karlheinz-stockhausen-interviews","status":"publish","type":"page","link":"http:\/\/electro-strasbourg.eu\/blog\/ressources\/audio-video\/karlheinz-stockhausen-interviews\/","title":{"rendered":"Karlheinz Stockhausen &#8211; interviews"},"content":{"rendered":"<hr \/>\n<p>Le compositeur allemand Karlheinz Stockhausen parle de la composition et de l&rsquo;interpr\u00e9tation de la musique \u00e9lectronique dans une table ronde anim\u00e9e par Maryvonne Kendergy, avec Jean Papineau-Couture, Serge Garant et Jacques Dupirre en f\u00e9vrier 1964 (\u00e0 l&rsquo;universit\u00e9 de Montr\u00e9al).<\/p>\n<p><span class=\"embed-youtube\" style=\"text-align:center; display: block;\"><iframe loading=\"lazy\" class=\"youtube-player\" width=\"474\" height=\"267\" src=\"https:\/\/www.youtube.com\/embed\/kmEGbtltU7Q?version=3&#038;rel=1&#038;showsearch=0&#038;showinfo=1&#038;iv_load_policy=1&#038;fs=1&#038;hl=fr-FR&#038;autohide=2&#038;wmode=transparent\" allowfullscreen=\"true\" style=\"border:0;\" sandbox=\"allow-scripts allow-same-origin allow-popups allow-presentation allow-popups-to-escape-sandbox\"><\/iframe><\/span><\/p>\n<hr \/>\n<p>&nbsp;<\/p>\n","protected":false},"excerpt":{"rendered":"<p>Le compositeur allemand Karlheinz Stockhausen parle de la composition et de l&rsquo;interpr\u00e9tation de la musique \u00e9lectronique dans une table ronde anim\u00e9e par Maryvonne Kendergy, avec Jean Papineau-Couture, Serge Garant et Jacques Dupirre en f\u00e9vrier 1964 (\u00e0 l&rsquo;universit\u00e9 de Montr\u00e9al). &nbsp;<\/p>\n","protected":false},"author":1,"featured_media":0,"parent":922,"menu_order":0,"comment_status":"closed","ping_status":"closed","template":"","meta":{"jetpack_post_was_ever_published":false,"footnotes":""},"class_list":["post-1741","page","type-page","status-publish","hentry"],"jetpack_shortlink":"https:\/\/wp.me\/P3WkX1-s5","jetpack_sharing_enabled":true,"_links":{"self":[{"href":"http:\/\/electro-strasbourg.eu\/blog\/wp-json\/wp\/v2\/pages\/1741","targetHints":{"allow":["GET"]}}],"collection":[{"href":"http:\/\/electro-strasbourg.eu\/blog\/wp-json\/wp\/v2\/pages"}],"about":[{"href":"http:\/\/electro-strasbourg.eu\/blog\/wp-json\/wp\/v2\/types\/page"}],"author":[{"embeddable":true,"href":"http:\/\/electro-strasbourg.eu\/blog\/wp-json\/wp\/v2\/users\/1"}],"replies":[{"embeddable":true,"href":"http:\/\/electro-strasbourg.eu\/blog\/wp-json\/wp\/v2\/comments?post=1741"}],"version-history":[{"count":1,"href":"http:\/\/electro-strasbourg.eu\/blog\/wp-json\/wp\/v2\/pages\/1741\/revisions"}],"predecessor-version":[{"id":1742,"href":"http:\/\/electro-strasbourg.eu\/blog\/wp-json\/wp\/v2\/pages\/1741\/revisions\/1742"}],"up":[{"embeddable":true,"href":"http:\/\/electro-strasbourg.eu\/blog\/wp-json\/wp\/v2\/pages\/922"}],"wp:attachment":[{"href":"http:\/\/electro-strasbourg.eu\/blog\/wp-json\/wp\/v2\/media?parent=1741"}],"curies":[{"name":"wp","href":"https:\/\/api.w.org\/{rel}","templated":true}]}}