{"id":1660,"date":"2016-08-01T20:35:43","date_gmt":"2016-08-01T18:35:43","guid":{"rendered":"http:\/\/electro-strasbourg.eu\/blog\/?page_id=1660"},"modified":"2018-05-23T20:15:21","modified_gmt":"2018-05-23T18:15:21","slug":"jean-claude-risset-cours-conferences","status":"publish","type":"page","link":"http:\/\/electro-strasbourg.eu\/blog\/ressources\/audio-video\/jean-claude-risset-cours-conferences\/","title":{"rendered":"Jean-Claude Risset &#8211; cours &#038; conf\u00e9rences"},"content":{"rendered":"<p>Sciences et musique : interactions et m\u00e9taphores dans mes oeuvres Little Boy, Moments newtoniens et Phases<\/p>\n<p>Colloque : L&rsquo;influence des th\u00e9ories scientifiques sur le renouvellement des formes musicales dans la musique contemporaine. Coordination M\u00e1rta Grab\u00f3cz.<br \/>\nCDMC 28-19 novembre 2014, paris 19e<\/p>\n<p><span class=\"embed-youtube\" style=\"text-align:center; display: block;\"><iframe loading=\"lazy\" class=\"youtube-player\" width=\"474\" height=\"267\" src=\"https:\/\/www.youtube.com\/embed\/SC3iCtsCYOM?version=3&#038;rel=1&#038;showsearch=0&#038;showinfo=1&#038;iv_load_policy=1&#038;fs=1&#038;hl=fr-FR&#038;autohide=2&#038;wmode=transparent\" allowfullscreen=\"true\" style=\"border:0;\" sandbox=\"allow-scripts allow-same-origin allow-popups allow-presentation allow-popups-to-escape-sandbox\"><\/iframe><\/span><\/p>\n<p>&nbsp;<\/p>\n<hr \/>\n<p>Colloque Jean-Claude Risset \u2013\u00a0Interdisciplinarit\u00e9s<\/p>\n<p>2-3 mai 2018, Ircam, salle Stravinsky<\/p>\n<p>jour 1 :<\/p>\n<p><a href=\"https:\/\/medias.ircam.fr\/x2a0106\" target=\"_blank\" rel=\"noopener\">https:\/\/medias.ircam.fr\/x2a0106<\/a><\/p>\n<p>jour 2 :<\/p>\n<p><a href=\"https:\/\/medias.ircam.fr\/x04f31c\" target=\"_blank\" rel=\"noopener\">https:\/\/medias.ircam.fr\/x04f31c<\/a><\/p>\n<p>&nbsp;<\/p>\n","protected":false},"excerpt":{"rendered":"<p>Sciences et musique : interactions et m\u00e9taphores dans mes oeuvres Little Boy, Moments newtoniens et Phases Colloque : L&rsquo;influence des th\u00e9ories scientifiques sur le renouvellement des formes musicales dans la musique contemporaine. Coordination M\u00e1rta Grab\u00f3cz. CDMC 28-19 novembre 2014, paris 19e &nbsp; Colloque Jean-Claude Risset \u2013\u00a0Interdisciplinarit\u00e9s 2-3 mai 2018, Ircam, salle Stravinsky jour 1 : &hellip; <a href=\"http:\/\/electro-strasbourg.eu\/blog\/ressources\/audio-video\/jean-claude-risset-cours-conferences\/\" class=\"more-link\">Continuer la lecture de <span class=\"screen-reader-text\">Jean-Claude Risset &#8211; cours &#038; conf\u00e9rences<\/span>  <span class=\"meta-nav\">&rarr;<\/span><\/a><\/p>\n","protected":false},"author":1,"featured_media":0,"parent":922,"menu_order":0,"comment_status":"closed","ping_status":"closed","template":"","meta":{"jetpack_post_was_ever_published":false,"footnotes":""},"class_list":["post-1660","page","type-page","status-publish","hentry"],"jetpack_shortlink":"https:\/\/wp.me\/P3WkX1-qM","jetpack_sharing_enabled":true,"_links":{"self":[{"href":"http:\/\/electro-strasbourg.eu\/blog\/wp-json\/wp\/v2\/pages\/1660","targetHints":{"allow":["GET"]}}],"collection":[{"href":"http:\/\/electro-strasbourg.eu\/blog\/wp-json\/wp\/v2\/pages"}],"about":[{"href":"http:\/\/electro-strasbourg.eu\/blog\/wp-json\/wp\/v2\/types\/page"}],"author":[{"embeddable":true,"href":"http:\/\/electro-strasbourg.eu\/blog\/wp-json\/wp\/v2\/users\/1"}],"replies":[{"embeddable":true,"href":"http:\/\/electro-strasbourg.eu\/blog\/wp-json\/wp\/v2\/comments?post=1660"}],"version-history":[{"count":3,"href":"http:\/\/electro-strasbourg.eu\/blog\/wp-json\/wp\/v2\/pages\/1660\/revisions"}],"predecessor-version":[{"id":2414,"href":"http:\/\/electro-strasbourg.eu\/blog\/wp-json\/wp\/v2\/pages\/1660\/revisions\/2414"}],"up":[{"embeddable":true,"href":"http:\/\/electro-strasbourg.eu\/blog\/wp-json\/wp\/v2\/pages\/922"}],"wp:attachment":[{"href":"http:\/\/electro-strasbourg.eu\/blog\/wp-json\/wp\/v2\/media?parent=1660"}],"curies":[{"name":"wp","href":"https:\/\/api.w.org\/{rel}","templated":true}]}}