{"id":1528,"date":"2016-05-29T14:38:43","date_gmt":"2016-05-29T13:38:43","guid":{"rendered":"http:\/\/electro-strasbourg.eu\/blog\/?page_id=1528"},"modified":"2016-05-29T21:46:48","modified_gmt":"2016-05-29T20:46:48","slug":"auditions-du-20-21-mai-2016","status":"publish","type":"page","link":"http:\/\/electro-strasbourg.eu\/blog\/audiovideo-archives\/auditions-du-20-21-mai-2016\/","title":{"rendered":"Auditions du 20-21 mai 2016"},"content":{"rendered":"<h1>Les auditions du 20-21\u00a0mai 2016<\/h1>\n<p>fin du semestre\u00a02<\/p>\n<p><span style=\"color: #ff0000;\">(Ne pas t\u00e9l\u00e9charger sauf avec la permission des auteurs et interpr\u00e8tes concern\u00e9s.)<\/span><\/p>\n<h4>Audition 1 le 20 mai<\/h4>\n<p>programme : <a href=\"http:\/\/electro-strasbourg.eu\/blog\/wp-content\/uploads\/2016\/05\/auditions-20-21mai-1.pdf\" target=\"_blank\">auditions-20-21mai-1<\/a><\/p>\n<div class=\"wp-playlist wp-audio-playlist wp-playlist-light\">\n\t\t\t<div class=\"wp-playlist-current-item\"><\/div>\n\t\t<audio controls=\"controls\" preload=\"none\" width=\"452\"\n\t\t\t><\/audio>\n\t<div class=\"wp-playlist-next\"><\/div>\n\t<div class=\"wp-playlist-prev\"><\/div>\n\t<noscript>\n\t<ol>\n\t\t<li><a href='http:\/\/electro-strasbourg.eu\/blog\/wp-content\/uploads\/2016\/05\/160520_audition1-01-EES.mp3'>160520_audition1-01-EES<\/a><\/li><li><a href='http:\/\/electro-strasbourg.eu\/blog\/wp-content\/uploads\/2016\/05\/160520_audition1-02-introgroupe2.mp3'>160520_audition1-02-introgroupe2<\/a><\/li><li><a href='http:\/\/electro-strasbourg.eu\/blog\/wp-content\/uploads\/2016\/05\/160520_audition1-03-Clara.mp3'>160520_audition1-03-Clara<\/a><\/li><li><a href='http:\/\/electro-strasbourg.eu\/blog\/wp-content\/uploads\/2016\/05\/160520_audition1-04-Harmony_et_Guillaume.mp3'>160520_audition1-04-Harmony_et_Guillaume<\/a><\/li><li><a href='http:\/\/electro-strasbourg.eu\/blog\/wp-content\/uploads\/2016\/05\/160520_audition1-05-Raphael.mp3'>160520_audition1-05-Raphael<\/a><\/li><li><a href='http:\/\/electro-strasbourg.eu\/blog\/wp-content\/uploads\/2016\/05\/160520_audition1-06-introgroupe1.mp3'>160520_audition1-06-introgroupe1<\/a><\/li><li><a href='http:\/\/electro-strasbourg.eu\/blog\/wp-content\/uploads\/2016\/05\/160520_audition1-07-Simon.mp3'>160520_audition1-07-Simon<\/a><\/li><li><a href='http:\/\/electro-strasbourg.eu\/blog\/wp-content\/uploads\/2016\/05\/160520_audition1-08-Jean-Baptiste.mp3'>160520_audition1-08-Jean-Baptiste<\/a><\/li><li><a href='http:\/\/electro-strasbourg.eu\/blog\/wp-content\/uploads\/2016\/05\/160520_audition1-09-Remi.mp3'>160520_audition1-09-Remi<\/a><\/li><li><a href='http:\/\/electro-strasbourg.eu\/blog\/wp-content\/uploads\/2016\/05\/160520_audition1-10-introgroupe3.mp3'>160520_audition1-10-introgroupe3<\/a><\/li><li><a href='http:\/\/electro-strasbourg.eu\/blog\/wp-content\/uploads\/2016\/05\/160520_audition1-11-Florian.mp3'>160520_audition1-11-Florian<\/a><\/li><li><a href='http:\/\/electro-strasbourg.eu\/blog\/wp-content\/uploads\/2016\/05\/160520_audition1-12-Kanae.mp3'>160520_audition1-12-Kanae<\/a><\/li><li><a href='http:\/\/electro-strasbourg.eu\/blog\/wp-content\/uploads\/2016\/05\/160520_audition1-13-Julien_et_Marion.mp3'>160520_audition1-13-Julien_et_Marion<\/a><\/li><li><a href='http:\/\/electro-strasbourg.eu\/blog\/wp-content\/uploads\/2016\/05\/160520_audition1-14-Yui.mp3'>160520_audition1-14-Yui<\/a><\/li>\t<\/ol>\n\t<\/noscript>\n\t<script type=\"application\/json\" class=\"wp-playlist-script\">{\"type\":\"audio\",\"tracklist\":true,\"tracknumbers\":true,\"images\":true,\"artists\":true,\"tracks\":[{\"src\":\"http:\/\/electro-strasbourg.eu\/blog\/wp-content\/uploads\/2016\/05\/160520_audition1-01-EES.mp3\",\"type\":\"audio\/mpeg\",\"title\":\"160520_audition1-01-EES\",\"caption\":\"\",\"description\":\"\\u003Ci\\u003E160520_audition1-01-EES\\u003C\/i\\u003E.\",\"meta\":{\"length_formatted\":\"5:34\"},\"image\":{\"src\":\"http:\/\/electro-strasbourg.eu\/blog\/wp-includes\/images\/media\/audio.svg\",\"width\":48,\"height\":64},\"thumb\":{\"src\":\"http:\/\/electro-strasbourg.eu\/blog\/wp-includes\/images\/media\/audio.svg\",\"width\":48,\"height\":64}},{\"src\":\"http:\/\/electro-strasbourg.eu\/blog\/wp-content\/uploads\/2016\/05\/160520_audition1-02-introgroupe2.mp3\",\"type\":\"audio\/mpeg\",\"title\":\"160520_audition1-02-introgroupe2\",\"caption\":\"\",\"description\":\"\\u003Ci\\u003E160520_audition1-02-introgroupe2\\u003C\/i\\u003E.\",\"meta\":{\"length_formatted\":\"5:35\"},\"image\":{\"src\":\"http:\/\/electro-strasbourg.eu\/blog\/wp-includes\/images\/media\/audio.svg\",\"width\":48,\"height\":64},\"thumb\":{\"src\":\"http:\/\/electro-strasbourg.eu\/blog\/wp-includes\/images\/media\/audio.svg\",\"width\":48,\"height\":64}},{\"src\":\"http:\/\/electro-strasbourg.eu\/blog\/wp-content\/uploads\/2016\/05\/160520_audition1-03-Clara.mp3\",\"type\":\"audio\/mpeg\",\"title\":\"160520_audition1-03-Clara\",\"caption\":\"\",\"description\":\"\\u003Ci\\u003E160520_audition1-03-Clara\\u003C\/i\\u003E.\",\"meta\":{\"length_formatted\":\"5:46\"},\"image\":{\"src\":\"http:\/\/electro-strasbourg.eu\/blog\/wp-includes\/images\/media\/audio.svg\",\"width\":48,\"height\":64},\"thumb\":{\"src\":\"http:\/\/electro-strasbourg.eu\/blog\/wp-includes\/images\/media\/audio.svg\",\"width\":48,\"height\":64}},{\"src\":\"http:\/\/electro-strasbourg.eu\/blog\/wp-content\/uploads\/2016\/05\/160520_audition1-04-Harmony_et_Guillaume.mp3\",\"type\":\"audio\/mpeg\",\"title\":\"160520_audition1-04-Harmony_et_Guillaume\",\"caption\":\"\",\"description\":\"\\u003Ci\\u003E160520_audition1-04-Harmony_et_Guillaume\\u003C\/i\\u003E.\",\"meta\":{\"length_formatted\":\"3:36\"},\"image\":{\"src\":\"http:\/\/electro-strasbourg.eu\/blog\/wp-includes\/images\/media\/audio.svg\",\"width\":48,\"height\":64},\"thumb\":{\"src\":\"http:\/\/electro-strasbourg.eu\/blog\/wp-includes\/images\/media\/audio.svg\",\"width\":48,\"height\":64}},{\"src\":\"http:\/\/electro-strasbourg.eu\/blog\/wp-content\/uploads\/2016\/05\/160520_audition1-05-Raphael.mp3\",\"type\":\"audio\/mpeg\",\"title\":\"160520_audition1-05-Raphael\",\"caption\":\"\",\"description\":\"\\u003Ci\\u003E160520_audition1-05-Raphael\\u003C\/i\\u003E.\",\"meta\":{\"length_formatted\":\"3:17\"},\"image\":{\"src\":\"http:\/\/electro-strasbourg.eu\/blog\/wp-includes\/images\/media\/audio.svg\",\"width\":48,\"height\":64},\"thumb\":{\"src\":\"http:\/\/electro-strasbourg.eu\/blog\/wp-includes\/images\/media\/audio.svg\",\"width\":48,\"height\":64}},{\"src\":\"http:\/\/electro-strasbourg.eu\/blog\/wp-content\/uploads\/2016\/05\/160520_audition1-06-introgroupe1.mp3\",\"type\":\"audio\/mpeg\",\"title\":\"160520_audition1-06-introgroupe1\",\"caption\":\"\",\"description\":\"\\u003Ci\\u003E160520_audition1-06-introgroupe1\\u003C\/i\\u003E.\",\"meta\":{\"length_formatted\":\"5:07\"},\"image\":{\"src\":\"http:\/\/electro-strasbourg.eu\/blog\/wp-includes\/images\/media\/audio.svg\",\"width\":48,\"height\":64},\"thumb\":{\"src\":\"http:\/\/electro-strasbourg.eu\/blog\/wp-includes\/images\/media\/audio.svg\",\"width\":48,\"height\":64}},{\"src\":\"http:\/\/electro-strasbourg.eu\/blog\/wp-content\/uploads\/2016\/05\/160520_audition1-07-Simon.mp3\",\"type\":\"audio\/mpeg\",\"title\":\"160520_audition1-07-Simon\",\"caption\":\"\",\"description\":\"\\u003Ci\\u003E160520_audition1-07-Simon\\u003C\/i\\u003E.\",\"meta\":{\"length_formatted\":\"6:56\"},\"image\":{\"src\":\"http:\/\/electro-strasbourg.eu\/blog\/wp-includes\/images\/media\/audio.svg\",\"width\":48,\"height\":64},\"thumb\":{\"src\":\"http:\/\/electro-strasbourg.eu\/blog\/wp-includes\/images\/media\/audio.svg\",\"width\":48,\"height\":64}},{\"src\":\"http:\/\/electro-strasbourg.eu\/blog\/wp-content\/uploads\/2016\/05\/160520_audition1-08-Jean-Baptiste.mp3\",\"type\":\"audio\/mpeg\",\"title\":\"160520_audition1-08-Jean-Baptiste\",\"caption\":\"\",\"description\":\"\\u003Ci\\u003E160520_audition1-08-Jean-Baptiste\\u003C\/i\\u003E.\",\"meta\":{\"length_formatted\":\"3:10\"},\"image\":{\"src\":\"http:\/\/electro-strasbourg.eu\/blog\/wp-includes\/images\/media\/audio.svg\",\"width\":48,\"height\":64},\"thumb\":{\"src\":\"http:\/\/electro-strasbourg.eu\/blog\/wp-includes\/images\/media\/audio.svg\",\"width\":48,\"height\":64}},{\"src\":\"http:\/\/electro-strasbourg.eu\/blog\/wp-content\/uploads\/2016\/05\/160520_audition1-09-Remi.mp3\",\"type\":\"audio\/mpeg\",\"title\":\"160520_audition1-09-Remi\",\"caption\":\"\",\"description\":\"\\u003Ci\\u003E160520_audition1-09-Remi\\u003C\/i\\u003E.\",\"meta\":{\"length_formatted\":\"2:55\"},\"image\":{\"src\":\"http:\/\/electro-strasbourg.eu\/blog\/wp-includes\/images\/media\/audio.svg\",\"width\":48,\"height\":64},\"thumb\":{\"src\":\"http:\/\/electro-strasbourg.eu\/blog\/wp-includes\/images\/media\/audio.svg\",\"width\":48,\"height\":64}},{\"src\":\"http:\/\/electro-strasbourg.eu\/blog\/wp-content\/uploads\/2016\/05\/160520_audition1-10-introgroupe3.mp3\",\"type\":\"audio\/mpeg\",\"title\":\"160520_audition1-10-introgroupe3\",\"caption\":\"\",\"description\":\"\\u003Ci\\u003E160520_audition1-10-introgroupe3\\u003C\/i\\u003E.\",\"meta\":{\"length_formatted\":\"6:02\"},\"image\":{\"src\":\"http:\/\/electro-strasbourg.eu\/blog\/wp-includes\/images\/media\/audio.svg\",\"width\":48,\"height\":64},\"thumb\":{\"src\":\"http:\/\/electro-strasbourg.eu\/blog\/wp-includes\/images\/media\/audio.svg\",\"width\":48,\"height\":64}},{\"src\":\"http:\/\/electro-strasbourg.eu\/blog\/wp-content\/uploads\/2016\/05\/160520_audition1-11-Florian.mp3\",\"type\":\"audio\/mpeg\",\"title\":\"160520_audition1-11-Florian\",\"caption\":\"\",\"description\":\"\\u003Ci\\u003E160520_audition1-11-Florian\\u003C\/i\\u003E.\",\"meta\":{\"length_formatted\":\"3:32\"},\"image\":{\"src\":\"http:\/\/electro-strasbourg.eu\/blog\/wp-includes\/images\/media\/audio.svg\",\"width\":48,\"height\":64},\"thumb\":{\"src\":\"http:\/\/electro-strasbourg.eu\/blog\/wp-includes\/images\/media\/audio.svg\",\"width\":48,\"height\":64}},{\"src\":\"http:\/\/electro-strasbourg.eu\/blog\/wp-content\/uploads\/2016\/05\/160520_audition1-12-Kanae.mp3\",\"type\":\"audio\/mpeg\",\"title\":\"160520_audition1-12-Kanae\",\"caption\":\"\",\"description\":\"\\u003Ci\\u003E160520_audition1-12-Kanae\\u003C\/i\\u003E.\",\"meta\":{\"length_formatted\":\"2:40\"},\"image\":{\"src\":\"http:\/\/electro-strasbourg.eu\/blog\/wp-includes\/images\/media\/audio.svg\",\"width\":48,\"height\":64},\"thumb\":{\"src\":\"http:\/\/electro-strasbourg.eu\/blog\/wp-includes\/images\/media\/audio.svg\",\"width\":48,\"height\":64}},{\"src\":\"http:\/\/electro-strasbourg.eu\/blog\/wp-content\/uploads\/2016\/05\/160520_audition1-13-Julien_et_Marion.mp3\",\"type\":\"audio\/mpeg\",\"title\":\"160520_audition1-13-Julien_et_Marion\",\"caption\":\"\",\"description\":\"\\u003Ci\\u003E160520_audition1-13-Julien_et_Marion\\u003C\/i\\u003E.\",\"meta\":{\"length_formatted\":\"4:17\"},\"image\":{\"src\":\"http:\/\/electro-strasbourg.eu\/blog\/wp-includes\/images\/media\/audio.svg\",\"width\":48,\"height\":64},\"thumb\":{\"src\":\"http:\/\/electro-strasbourg.eu\/blog\/wp-includes\/images\/media\/audio.svg\",\"width\":48,\"height\":64}},{\"src\":\"http:\/\/electro-strasbourg.eu\/blog\/wp-content\/uploads\/2016\/05\/160520_audition1-14-Yui.mp3\",\"type\":\"audio\/mpeg\",\"title\":\"160520_audition1-14-Yui\",\"caption\":\"\",\"description\":\"\\u003Ci\\u003E160520_audition1-14-Yui\\u003C\/i\\u003E.\",\"meta\":{\"length_formatted\":\"3:25\"},\"image\":{\"src\":\"http:\/\/electro-strasbourg.eu\/blog\/wp-includes\/images\/media\/audio.svg\",\"width\":48,\"height\":64},\"thumb\":{\"src\":\"http:\/\/electro-strasbourg.eu\/blog\/wp-includes\/images\/media\/audio.svg\",\"width\":48,\"height\":64}}]}<\/script>\n<\/div>\n\t\n<h4>Audition 2 le 21 mai<\/h4>\n<p>programme :\u00a0<a href=\"http:\/\/electro-strasbourg.eu\/blog\/wp-content\/uploads\/2016\/05\/auditions-20-21mai-2.pdf\" target=\"_blank\">auditions-20-21mai-2<\/a><\/p>\n<div class=\"wp-playlist wp-audio-playlist wp-playlist-light\">\n\t\t\t<div class=\"wp-playlist-current-item\"><\/div>\n\t\t<audio controls=\"controls\" preload=\"none\" width=\"452\"\n\t\t\t><\/audio>\n\t<div class=\"wp-playlist-next\"><\/div>\n\t<div class=\"wp-playlist-prev\"><\/div>\n\t<noscript>\n\t<ol>\n\t\t<li><a href='http:\/\/electro-strasbourg.eu\/blog\/wp-content\/uploads\/2016\/05\/160521_audition2-01-Cedric.mp3'>160521_audition2-01-Cedric<\/a><\/li><li><a href='http:\/\/electro-strasbourg.eu\/blog\/wp-content\/uploads\/2016\/05\/160521_audition2-02-Antonio.mp3'>160521_audition2-02-Antonio<\/a><\/li><li><a href='http:\/\/electro-strasbourg.eu\/blog\/wp-content\/uploads\/2016\/05\/160521_audition2-04-Samuel_et_Robin.mp3'>160521_audition2-04-Samuel_et_Robin<\/a><\/li><li><a href='http:\/\/electro-strasbourg.eu\/blog\/wp-content\/uploads\/2016\/05\/160521_audition2-05-Daphne.mp3'>160521_audition2-05-Daphne<\/a><\/li><li><a href='http:\/\/electro-strasbourg.eu\/blog\/wp-content\/uploads\/2016\/05\/160521_audition2-06-Zoe.mp3'>160521_audition2-06-Zoe<\/a><\/li><li><a href='http:\/\/electro-strasbourg.eu\/blog\/wp-content\/uploads\/2016\/05\/160521_audition2-07-Sebastien.mp3'>160521_audition2-07-Sebastien<\/a><\/li><li><a href='http:\/\/electro-strasbourg.eu\/blog\/wp-content\/uploads\/2016\/05\/160521_audition2-08-Enrico.mp3'>160521_audition2-08-Enrico<\/a><\/li><li><a href='http:\/\/electro-strasbourg.eu\/blog\/wp-content\/uploads\/2016\/05\/160521_audition2-10-Loic.mp3'>160521_audition2-10-Loic<\/a><\/li><li><a href='http:\/\/electro-strasbourg.eu\/blog\/wp-content\/uploads\/2016\/05\/160521_audition2-11-Bastien.mp3'>160521_audition2-11-Bastien<\/a><\/li><li><a href='http:\/\/electro-strasbourg.eu\/blog\/wp-content\/uploads\/2016\/05\/160521_audition2-12-Anne.mp3'>160521_audition2-12-Anne<\/a><\/li><li><a href='http:\/\/electro-strasbourg.eu\/blog\/wp-content\/uploads\/2016\/05\/160521_audition2-13-Guido.mp3'>160521_audition2-13-Guido<\/a><\/li><li><a href='http:\/\/electro-strasbourg.eu\/blog\/wp-content\/uploads\/2016\/05\/160526_audition2-14rattrap-Emilie.mp3'>160526_audition2-14rattrap-Emilie<\/a><\/li>\t<\/ol>\n\t<\/noscript>\n\t<script type=\"application\/json\" class=\"wp-playlist-script\">{\"type\":\"audio\",\"tracklist\":true,\"tracknumbers\":true,\"images\":true,\"artists\":true,\"tracks\":[{\"src\":\"http:\/\/electro-strasbourg.eu\/blog\/wp-content\/uploads\/2016\/05\/160521_audition2-01-Cedric.mp3\",\"type\":\"audio\/mpeg\",\"title\":\"160521_audition2-01-Cedric\",\"caption\":\"\",\"description\":\"\\u003Ci\\u003E160521_audition2-01-Cedric\\u003C\/i\\u003E.\",\"meta\":{\"length_formatted\":\"2:53\"},\"image\":{\"src\":\"http:\/\/electro-strasbourg.eu\/blog\/wp-includes\/images\/media\/audio.svg\",\"width\":48,\"height\":64},\"thumb\":{\"src\":\"http:\/\/electro-strasbourg.eu\/blog\/wp-includes\/images\/media\/audio.svg\",\"width\":48,\"height\":64}},{\"src\":\"http:\/\/electro-strasbourg.eu\/blog\/wp-content\/uploads\/2016\/05\/160521_audition2-02-Antonio.mp3\",\"type\":\"audio\/mpeg\",\"title\":\"160521_audition2-02-Antonio\",\"caption\":\"\",\"description\":\"\\u003Ci\\u003E160521_audition2-02-Antonio\\u003C\/i\\u003E.\",\"meta\":{\"length_formatted\":\"3:56\"},\"image\":{\"src\":\"http:\/\/electro-strasbourg.eu\/blog\/wp-includes\/images\/media\/audio.svg\",\"width\":48,\"height\":64},\"thumb\":{\"src\":\"http:\/\/electro-strasbourg.eu\/blog\/wp-includes\/images\/media\/audio.svg\",\"width\":48,\"height\":64}},{\"src\":\"http:\/\/electro-strasbourg.eu\/blog\/wp-content\/uploads\/2016\/05\/160521_audition2-04-Samuel_et_Robin.mp3\",\"type\":\"audio\/mpeg\",\"title\":\"160521_audition2-04-Samuel_et_Robin\",\"caption\":\"\",\"description\":\"\\u003Ci\\u003E160521_audition2-04-Samuel_et_Robin\\u003C\/i\\u003E.\",\"meta\":{\"length_formatted\":\"4:08\"},\"image\":{\"src\":\"http:\/\/electro-strasbourg.eu\/blog\/wp-includes\/images\/media\/audio.svg\",\"width\":48,\"height\":64},\"thumb\":{\"src\":\"http:\/\/electro-strasbourg.eu\/blog\/wp-includes\/images\/media\/audio.svg\",\"width\":48,\"height\":64}},{\"src\":\"http:\/\/electro-strasbourg.eu\/blog\/wp-content\/uploads\/2016\/05\/160521_audition2-05-Daphne.mp3\",\"type\":\"audio\/mpeg\",\"title\":\"160521_audition2-05-Daphne\",\"caption\":\"\",\"description\":\"\\u003Ci\\u003E160521_audition2-05-Daphne\\u003C\/i\\u003E.\",\"meta\":{\"length_formatted\":\"5:22\"},\"image\":{\"src\":\"http:\/\/electro-strasbourg.eu\/blog\/wp-includes\/images\/media\/audio.svg\",\"width\":48,\"height\":64},\"thumb\":{\"src\":\"http:\/\/electro-strasbourg.eu\/blog\/wp-includes\/images\/media\/audio.svg\",\"width\":48,\"height\":64}},{\"src\":\"http:\/\/electro-strasbourg.eu\/blog\/wp-content\/uploads\/2016\/05\/160521_audition2-06-Zoe.mp3\",\"type\":\"audio\/mpeg\",\"title\":\"160521_audition2-06-Zoe\",\"caption\":\"\",\"description\":\"\\u003Ci\\u003E160521_audition2-06-Zoe\\u003C\/i\\u003E.\",\"meta\":{\"length_formatted\":\"4:20\"},\"image\":{\"src\":\"http:\/\/electro-strasbourg.eu\/blog\/wp-includes\/images\/media\/audio.svg\",\"width\":48,\"height\":64},\"thumb\":{\"src\":\"http:\/\/electro-strasbourg.eu\/blog\/wp-includes\/images\/media\/audio.svg\",\"width\":48,\"height\":64}},{\"src\":\"http:\/\/electro-strasbourg.eu\/blog\/wp-content\/uploads\/2016\/05\/160521_audition2-07-Sebastien.mp3\",\"type\":\"audio\/mpeg\",\"title\":\"160521_audition2-07-Sebastien\",\"caption\":\"\",\"description\":\"\\u003Ci\\u003E160521_audition2-07-Sebastien\\u003C\/i\\u003E.\",\"meta\":{\"length_formatted\":\"4:29\"},\"image\":{\"src\":\"http:\/\/electro-strasbourg.eu\/blog\/wp-includes\/images\/media\/audio.svg\",\"width\":48,\"height\":64},\"thumb\":{\"src\":\"http:\/\/electro-strasbourg.eu\/blog\/wp-includes\/images\/media\/audio.svg\",\"width\":48,\"height\":64}},{\"src\":\"http:\/\/electro-strasbourg.eu\/blog\/wp-content\/uploads\/2016\/05\/160521_audition2-08-Enrico.mp3\",\"type\":\"audio\/mpeg\",\"title\":\"160521_audition2-08-Enrico\",\"caption\":\"\",\"description\":\"\\u003Ci\\u003E160521_audition2-08-Enrico\\u003C\/i\\u003E.\",\"meta\":{\"length_formatted\":\"8:35\"},\"image\":{\"src\":\"http:\/\/electro-strasbourg.eu\/blog\/wp-includes\/images\/media\/audio.svg\",\"width\":48,\"height\":64},\"thumb\":{\"src\":\"http:\/\/electro-strasbourg.eu\/blog\/wp-includes\/images\/media\/audio.svg\",\"width\":48,\"height\":64}},{\"src\":\"http:\/\/electro-strasbourg.eu\/blog\/wp-content\/uploads\/2016\/05\/160521_audition2-10-Loic.mp3\",\"type\":\"audio\/mpeg\",\"title\":\"160521_audition2-10-Loic\",\"caption\":\"\",\"description\":\"\\u003Ci\\u003E160521_audition2-10-Loic\\u003C\/i\\u003E.\",\"meta\":{\"length_formatted\":\"5:48\"},\"image\":{\"src\":\"http:\/\/electro-strasbourg.eu\/blog\/wp-includes\/images\/media\/audio.svg\",\"width\":48,\"height\":64},\"thumb\":{\"src\":\"http:\/\/electro-strasbourg.eu\/blog\/wp-includes\/images\/media\/audio.svg\",\"width\":48,\"height\":64}},{\"src\":\"http:\/\/electro-strasbourg.eu\/blog\/wp-content\/uploads\/2016\/05\/160521_audition2-11-Bastien.mp3\",\"type\":\"audio\/mpeg\",\"title\":\"160521_audition2-11-Bastien\",\"caption\":\"\",\"description\":\"\\u003Ci\\u003E160521_audition2-11-Bastien\\u003C\/i\\u003E.\",\"meta\":{\"length_formatted\":\"2:19\"},\"image\":{\"src\":\"http:\/\/electro-strasbourg.eu\/blog\/wp-includes\/images\/media\/audio.svg\",\"width\":48,\"height\":64},\"thumb\":{\"src\":\"http:\/\/electro-strasbourg.eu\/blog\/wp-includes\/images\/media\/audio.svg\",\"width\":48,\"height\":64}},{\"src\":\"http:\/\/electro-strasbourg.eu\/blog\/wp-content\/uploads\/2016\/05\/160521_audition2-12-Anne.mp3\",\"type\":\"audio\/mpeg\",\"title\":\"160521_audition2-12-Anne\",\"caption\":\"\",\"description\":\"\\u003Ci\\u003E160521_audition2-12-Anne\\u003C\/i\\u003E.\",\"meta\":{\"length_formatted\":\"3:26\"},\"image\":{\"src\":\"http:\/\/electro-strasbourg.eu\/blog\/wp-includes\/images\/media\/audio.svg\",\"width\":48,\"height\":64},\"thumb\":{\"src\":\"http:\/\/electro-strasbourg.eu\/blog\/wp-includes\/images\/media\/audio.svg\",\"width\":48,\"height\":64}},{\"src\":\"http:\/\/electro-strasbourg.eu\/blog\/wp-content\/uploads\/2016\/05\/160521_audition2-13-Guido.mp3\",\"type\":\"audio\/mpeg\",\"title\":\"160521_audition2-13-Guido\",\"caption\":\"\",\"description\":\"\\u003Ci\\u003E160521_audition2-13-Guido\\u003C\/i\\u003E.\",\"meta\":{\"length_formatted\":\"6:47\"},\"image\":{\"src\":\"http:\/\/electro-strasbourg.eu\/blog\/wp-includes\/images\/media\/audio.svg\",\"width\":48,\"height\":64},\"thumb\":{\"src\":\"http:\/\/electro-strasbourg.eu\/blog\/wp-includes\/images\/media\/audio.svg\",\"width\":48,\"height\":64}},{\"src\":\"http:\/\/electro-strasbourg.eu\/blog\/wp-content\/uploads\/2016\/05\/160526_audition2-14rattrap-Emilie.mp3\",\"type\":\"audio\/mpeg\",\"title\":\"160526_audition2-14rattrap-Emilie\",\"caption\":\"\",\"description\":\"\\u003Ci\\u003E160526_audition2-14rattrap-Emilie\\u003C\/i\\u003E.\",\"meta\":{\"length_formatted\":\"3:19\"},\"image\":{\"src\":\"http:\/\/electro-strasbourg.eu\/blog\/wp-includes\/images\/media\/audio.svg\",\"width\":48,\"height\":64},\"thumb\":{\"src\":\"http:\/\/electro-strasbourg.eu\/blog\/wp-includes\/images\/media\/audio.svg\",\"width\":48,\"height\":64}}]}<\/script>\n<\/div>\n\t\n","protected":false},"excerpt":{"rendered":"<p>Les auditions du 20-21\u00a0mai 2016 fin du semestre\u00a02 (Ne pas t\u00e9l\u00e9charger sauf avec la permission des auteurs et interpr\u00e8tes concern\u00e9s.) Audition 1 le 20 mai programme : auditions-20-21mai-1 Audition 2 le 21 mai programme :\u00a0auditions-20-21mai-2<\/p>\n","protected":false},"author":1,"featured_media":0,"parent":584,"menu_order":0,"comment_status":"closed","ping_status":"closed","template":"","meta":{"jetpack_post_was_ever_published":false,"footnotes":""},"class_list":["post-1528","page","type-page","status-publish","hentry"],"jetpack_shortlink":"https:\/\/wp.me\/P3WkX1-oE","jetpack_sharing_enabled":true,"_links":{"self":[{"href":"http:\/\/electro-strasbourg.eu\/blog\/wp-json\/wp\/v2\/pages\/1528","targetHints":{"allow":["GET"]}}],"collection":[{"href":"http:\/\/electro-strasbourg.eu\/blog\/wp-json\/wp\/v2\/pages"}],"about":[{"href":"http:\/\/electro-strasbourg.eu\/blog\/wp-json\/wp\/v2\/types\/page"}],"author":[{"embeddable":true,"href":"http:\/\/electro-strasbourg.eu\/blog\/wp-json\/wp\/v2\/users\/1"}],"replies":[{"embeddable":true,"href":"http:\/\/electro-strasbourg.eu\/blog\/wp-json\/wp\/v2\/comments?post=1528"}],"version-history":[{"count":13,"href":"http:\/\/electro-strasbourg.eu\/blog\/wp-json\/wp\/v2\/pages\/1528\/revisions"}],"predecessor-version":[{"id":1605,"href":"http:\/\/electro-strasbourg.eu\/blog\/wp-json\/wp\/v2\/pages\/1528\/revisions\/1605"}],"up":[{"embeddable":true,"href":"http:\/\/electro-strasbourg.eu\/blog\/wp-json\/wp\/v2\/pages\/584"}],"wp:attachment":[{"href":"http:\/\/electro-strasbourg.eu\/blog\/wp-json\/wp\/v2\/media?parent=1528"}],"curies":[{"name":"wp","href":"https:\/\/api.w.org\/{rel}","templated":true}]}}