{"id":1316,"date":"2016-04-07T10:36:57","date_gmt":"2016-04-07T09:36:57","guid":{"rendered":"http:\/\/electro-strasbourg.eu\/blog\/?page_id=1316"},"modified":"2020-01-27T09:13:07","modified_gmt":"2020-01-27T08:13:07","slug":"events-2016-2017","status":"publish","type":"page","link":"http:\/\/electro-strasbourg.eu\/blog\/events\/events-2016-2017\/","title":{"rendered":"Events 2016-2017"},"content":{"rendered":"<h3>Ev\u00e9nements et projets :<br \/>\ncr\u00e9ation\u00a0et interpr\u00e9tation \u00e9lectroacoustique \/ composition mixte<\/h3>\n<h4>2016-2017<\/h4>\n<h5>Ev\u00e9nements :<\/h5>\n<p style=\"padding-left: 30px;\"><strong>Atelier d&rsquo;Acousmonium GRM<\/strong>, Musica 2016 &#8211; Salle de la Bourse (<strong>21-22 septembre<\/strong>)<\/p>\n<p style=\"padding-left: 60px; text-align: left;\">Un choix de compositeurs des classes de Cr\u00e9ation et Interpr\u00e9tation Electroacoustique et de Composition de l&rsquo;Acad\u00e9mie et Conservatoire de Musique vont confronter leur travail de composition\u00a0<em><a href=\"http:\/\/www.musiques-recherches.be\/fr\/acousmonium\/2014-12-04-15-43-45\" target=\"_blank\" rel=\"noopener noreferrer\">acousmatique<\/a><\/em>\u00a0au c\u00e9l\u00e8bre <em>Acousmonium<\/em> du GRM durant un atelier de projection sonore. Une pr\u00e9sentation publique (22 sept. \u00e0 18h30) en forme de d&rsquo;atelier\/concert a permis \u00e0 chacun de faire entendre sa pi\u00e8ce.<\/p>\n<p style=\"padding-left: 30px; text-align: left;\"><strong>Concert de cl\u00f4ture, Musica 2016<\/strong> &#8211; Foyer de l&rsquo;Auditorium, Cit\u00e9 de la Musique (<strong>7 \u00a0oct. 2016<\/strong>)<\/p>\n<p style=\"padding-left: 60px; text-align: left;\">Avant et apr\u00e8s le concert de eRikm et les Percussions de Strasbourg, les classes de <strong>percussion<\/strong>\u00a0ainsi que de <strong>cr\u00e9ation \u00e9lectroacoustique<\/strong> de l&rsquo;Acad\u00e9mie ont fait des \u00ab\u00a0performances\u00a0\u00bb ambiantes et \u00e9v\u00e9nementiels&#8230;<\/p>\n<p style=\"padding-left: 30px;\"><strong><a href=\"http:\/\/www.resonanceselectriques.eu\" target=\"_blank\" rel=\"noopener noreferrer\">R\u00e9sonances Electriques 2016<\/a><\/strong> &#8211; Cit\u00e9 de la Musique (<strong>8-16 novembre<\/strong>)<\/p>\n<p style=\"padding-left: 60px; text-align: left;\">Cr\u00e9ations et r\u00e9pertoire autour de l\u2019Acousmatique, la musique mixte, les dispositifs temps r\u00e9el, l\u2019art sonore, l\u2019installation, la musique visuelle, l\u2019instrument augment\u00e9, la lutherie \u00e9lectronique, le contr\u00f4le gestuel, la projection sonore, le field recording, la diffusion multiphonique\u2026<\/p>\n<p style=\"padding-left: 60px; text-align: left;\">voir:\u00a0<a href=\"http:\/\/www.resonanceselectriques.eu\" target=\"_blank\" rel=\"noopener noreferrer\">Le site de R\u00e9sonances Electriques (2016)<\/a><\/p>\n<p style=\"padding-left: 30px; text-align: left;\"><strong>Exposition d&rsquo;arts sonores : <a href=\"http:\/\/www.resonanceselectriques.eu\/portfolio\/videspartages\/\" target=\"_blank\" rel=\"noopener noreferrer\">Vides Partag\u00e9s<\/a> (8 nov &#8211; 10 d\u00e9c)<\/strong><\/p>\n<p style=\"padding-left: 60px; text-align: left;\">Le Shadok accueille Vides partag\u00e9s, exposition d\u2019arts sonores. Suivie et organis\u00e9e par les enseignants de la Haute \u00e9cole des arts du Rhin G\u00e9rard Starck, Tom Mays et Bertrand Gauguet, l\u2019exposition propose un dispositif de huit installations et une performance, s\u00e9lectionn\u00e9es suite \u00e0 un appel \u00e0 projets sollicitant les \u00e9tudiants des trois sites de la HEAR (les sites d\u2019arts plastiques de Mulhouse et de Strasbourg et l\u2019Acad\u00e9mie sup\u00e9rieure de musique de Strasbourg).<\/p>\n<p style=\"padding-left: 60px; text-align: left;\">voir: <a href=\"http:\/\/www.resonanceselectriques.eu\/portfolio\/videspartages\/\" target=\"_blank\" rel=\"noopener noreferrer\">La page de Vides Partag\u00e9s<\/a><\/p>\n<p style=\"padding-left: 30px;\"><strong>Concert<\/strong> : <a href=\"http:\/\/www.resonanceselectriques.eu\/portfolio\/jeune-creation\/\" target=\"_blank\" rel=\"noopener noreferrer\">Jeune cr\u00e9ation \u2013 \u00e9tudiants de l\u2019Acad\u00e9mie Sup\u00e9rieure de Musique<\/a>\u00a0<strong>(10 nov 2016)<\/strong><\/p>\n<p style=\"padding-left: 60px;\">Dans la continuit\u00e9 de son travail avec les classes de compositions de Philippe Manoury, Daniel D\u2019Adamo et Tom Mays, l\u2019ensemble Hanatsu Miroir proposera une restitution du travail effectu\u00e9s avec les compositeurs Etienne Haan et Jean David Mehri au printemps 2016. Entre lumi\u00e8re, performance sportive et performance picturale, la musique interagit avec diff\u00e9rentes disciplines au sein d\u2019un dispositif sc\u00e9nique et sonore immersif. En plus de leurs deux pi\u00e8ces, deux autres \u00e9tudiants, Guido Pedicone et Enrico Pedicone, joueront des pi\u00e8ces pour instruments et \u00e9lectronique, cr\u00e9\u00e9es en 2016.<\/p>\n<p style=\"padding-left: 30px;\"><strong>Auditions fin semestre 1 et fin semestre 2<\/strong><\/p>\n<p style=\"padding-left: 60px;\">\u2013 obligatoire pour \u00e9valuations. Semestre 1, 13\u00a0janvier. Semestre 2, 25-26 Mai. Salle 30.<\/p>\n<p style=\"padding-left: 30px;\"><strong>Stage<\/strong>\u00a0<a href=\"http:\/\/www.resonanceselectriques.eu\/portfolio\/stage-acousmonium-motus-1\/\" target=\"_blank\" rel=\"noopener noreferrer\">Acousmonium Motus \u2013 Jonathan Prager<\/a><\/p>\n<p style=\"padding-left: 60px;\"><strong>12-13 nov 2016<\/strong>, lors de R\u00e9sonances Electriques<\/p>\n<p style=\"padding-left: 30px;\"><strong>Masterclass<\/strong>\u00a0<a href=\"http:\/\/www.resonanceselectriques.eu\/portfolio\/captation-geste-instrumental-interaction\/\" target=\"_blank\" rel=\"noopener noreferrer\">Captation du geste instrumental et l\u2019interaction<\/a><\/p>\n<p style=\"padding-left: 60px;\"><strong>12-13 nov 2016<\/strong>, lors de <a href=\"http:\/\/www.resonanceselectriques.eu\" target=\"_blank\" rel=\"noopener noreferrer\">R\u00e9sonances Electriques<\/a><\/p>\n<p style=\"padding-left: 60px;\">Pavlos Antoniadis du GREAM et Frederic Bevilacqua de l\u2019IRCAM partage outils, techniques et exp\u00e9riences autour de la captation du geste et des liens avec la musique<\/p>\n<p style=\"padding-left: 30px;\"><strong>Masterclass Robert Normandeau<\/strong> : <a href=\"http:\/\/www.resonanceselectriques.eu\/portfolio\/spatialisation-2d-3d-sous-un-dome\/\" target=\"_blank\" rel=\"noopener noreferrer\">Spatialisation 2D et 3D sous un d\u00f4me de haut-parleurs<\/a>.<\/p>\n<p style=\"padding-left: 60px;\"><strong>13 nov 2016<\/strong>, lors de <a href=\"http:\/\/www.resonanceselectriques.eu\" target=\"_blank\" rel=\"noopener noreferrer\">R\u00e9sonances Electriques<\/a><\/p>\n<p style=\"padding-left: 60px;\">Pr\u00e9sentation des outils logiciels d\u00e9velopp\u00e9s \u00e0 l\u2019Universit\u00e9 de Montr\u00e9al pour faire de la spatialisation en mode plan avec Octogris et en 3 dimensions avec la combinaison ZirkOSC-Zirkonium (ZKM, Allemagne).<\/p>\n<p style=\"padding-left: 30px;\"><a href=\"http:\/\/www.resonanceselectriques.eu\/a-propos-jne-2016\/\" target=\"_blank\" rel=\"noopener noreferrer\">Journ\u00e9es Nationales de l&rsquo;\u00e9lectroacoustique de l&rsquo;AECME<\/a><\/p>\n<p style=\"padding-left: 60px;\"><strong>11 &#8211; 15 nov 2016<\/strong>, lors de\u00a0<a href=\"http:\/\/www.resonanceselectriques.eu\" target=\"_blank\" rel=\"noopener noreferrer\">R\u00e9sonances Electriques<\/a><\/p>\n<p style=\"padding-left: 60px;\">R\u00e9sonances Electriques est fier d\u2019accueillir les Journ\u00e9es Nationales de l\u2019Electroacoustique 2016 de l\u2019AECME \u2013 l\u2019Association des Enseignants de la Composition en Musique Electroacoustique.<\/p>\n<p style=\"padding-left: 60px;\">voir <a href=\"http:\/\/www.resonanceselectriques.eu\/programme\/\" target=\"_blank\" rel=\"noopener noreferrer\">programme R\u00e9sonances Electriques<\/a><\/p>\n<p style=\"padding-left: 30px;\"><a href=\"http:\/\/electro-strasbourg.eu\/blog\/2017\/04\/atelier-florent-colautti-au-shadok-et-au-conservatoire\/\"><strong>Atelier<\/strong>\u00a0Florent Colautti<\/a> (12 avril, 10h-18h)<\/p>\n<p style=\"padding-left: 60px;\"><strong>12 avril 2017,\u00a010h-18h<\/strong><\/p>\n<p style=\"padding-left: 60px;\">\u00ab Florent Colautti vous invite \u00e0 d\u00e9couvrir e-String, un instrument de musique \u00ab maison \u00bb \u00e0 six cordes m\u00e9talliques excit\u00e9es, sans contact, par des archets \u00e9lectromagn\u00e9tiques (e-bow) pilot\u00e9s depuis l\u2019ordinateur. \u00bb<\/p>\n<p style=\"padding-left: 30px;\"><strong><a href=\"http:\/\/electro-strasbourg.eu\/blog\/2017\/05\/workshop-geste-instrumental-et-musique-electronique\/\">Workshop :\u00a0\u00ab\u00a0Geste instrumental et musique \u00e9lectronique : \u00e9tude de cas\u00a0\u00bb<\/a><\/strong> (le mardi 30 mai de 14 \u00e0 16 heures)<\/p>\n<p style=\"padding-left: 60px;\">Workshop propos\u00e9 par Baptiste Bacot, doctorant \u00e0 L\u2019\u00c9cole des hautes \u00e9tudes en sciences sociales (EHESS) et \u00e0 l\u2019IRCAM, le mardi 30 mai de 14 \u00e0 16 heures, en salle 156, au Conservatoire.<\/p>\n<p style=\"padding-left: 60px;\">Organis\u00e9 par le GREAM, ouvert aux \u00e9tudiants de cr\u00e9ation \u00e9lectroacoustique.<\/p>\n<p style=\"padding-left: 30px;\"><a href=\"http:\/\/electro-strasbourg.eu\/blog\/2017\/06\/creation-electroacoustique-au-festival-next-generation-au-zkm-a-karlsruhe\/\" target=\"_blank\" rel=\"noopener noreferrer\"><strong>Festival Next Generation 7.0, ZKM, Karlsruhe<\/strong><\/a>\u00a0(14-18 juin 2017)<\/p>\n<ul>\n<li style=\"list-style-type: none;\">\n<ul>\n<li><strong>\u00a0\u00a0\u00a0\u00a0\u00a0\u00a0\u00a0\u00a0\u00a0\u00a0\u00a0 Concert \u2013 HEAR \/ Students of the Acad\u00e9mie Sup\u00e9rieure de Musique de Strasbourg<\/strong><\/li>\n<li><strong>\u00a0\u00a0\u00a0\u00a0\u00a0\u00a0\u00a0\u00a0\u00a0\u00a0\u00a0 Installations \u2013 HEAR \/ Art students, Strasbourg and Mulhouse<\/strong><\/li>\n<li><strong>\u00a0\u00a0\u00a0\u00a0\u00a0\u00a0\u00a0\u00a0\u00a0\u00a0\u00a0 Studio Report \u2013 Instructors of the HEAR<\/strong><\/li>\n<\/ul>\n<\/li>\n<\/ul>\n<p>&nbsp;<\/p>\n<p style=\"padding-left: 30px;\"><strong>Concert<\/strong> : <a href=\"http:\/\/electro-strasbourg.eu\/blog\/portfolio\/journee-de-la-jeune-creation-2017\/\" target=\"_blank\" rel=\"noopener noreferrer\">Journ\u00e9e de la jeune cr\u00e9ation<\/a>\u00a0<strong>(20 juin 2017)<\/strong><\/p>\n<p style=\"padding-left: 60px;\">Examens de fin d\u2019ann\u00e9e des classes de Composition\u00a0et de<br \/>\nCr\u00e9ation et Interpr\u00e9tation Electroacoustique.<\/p>\n<p style=\"padding-left: 60px;\">3 Concerts de composition instrumentale,<br \/>\n\u00e9lectroacoustique et mixte<\/p>\n<p style=\"padding-left: 60px;\">Mardi 20 juin, 2017<br \/>\n16h, 18h et 20h<br \/>\nCit\u00e9 de la Musique et de la Danse de Strasbourg \u2013 Salle d\u2019orchestre<a href=\"http:\/\/electro-strasbourg.eu\/blog\/portfolio\/journee-de-la-jeune-creation-2017\/\"><img data-recalc-dims=\"1\" loading=\"lazy\" decoding=\"async\" data-attachment-id=\"2071\" data-permalink=\"http:\/\/electro-strasbourg.eu\/blog\/portfolio\/journee-de-la-jeune-creation-2017\/2016-06-20-aff-jeune-creation-3\/\" data-orig-file=\"https:\/\/i0.wp.com\/electro-strasbourg.eu\/blog\/wp-content\/uploads\/2017\/06\/2016-06-20-Aff-jeune-cr%C3%A9ation-3.jpg?fit=1191%2C1684\" data-orig-size=\"1191,1684\" data-comments-opened=\"0\" data-image-meta=\"{&quot;aperture&quot;:&quot;0&quot;,&quot;credit&quot;:&quot;&quot;,&quot;camera&quot;:&quot;&quot;,&quot;caption&quot;:&quot;&quot;,&quot;created_timestamp&quot;:&quot;0&quot;,&quot;copyright&quot;:&quot;&quot;,&quot;focal_length&quot;:&quot;0&quot;,&quot;iso&quot;:&quot;0&quot;,&quot;shutter_speed&quot;:&quot;0&quot;,&quot;title&quot;:&quot;&quot;,&quot;orientation&quot;:&quot;0&quot;}\" data-image-title=\"2016-06-20 Aff jeune cr\u00e9ation-3\" data-image-description=\"\" data-image-caption=\"\" data-medium-file=\"https:\/\/i0.wp.com\/electro-strasbourg.eu\/blog\/wp-content\/uploads\/2017\/06\/2016-06-20-Aff-jeune-cr%C3%A9ation-3.jpg?fit=212%2C300\" data-large-file=\"https:\/\/i0.wp.com\/electro-strasbourg.eu\/blog\/wp-content\/uploads\/2017\/06\/2016-06-20-Aff-jeune-cr%C3%A9ation-3.jpg?fit=474%2C670\" class=\"aligncenter wp-image-2071\" src=\"https:\/\/i0.wp.com\/electro-strasbourg.eu\/blog\/wp-content\/uploads\/2017\/06\/2016-06-20-Aff-jeune-cr%C3%A9ation-3.jpg?resize=120%2C169\" alt=\"\" width=\"120\" height=\"169\" srcset=\"https:\/\/i0.wp.com\/electro-strasbourg.eu\/blog\/wp-content\/uploads\/2017\/06\/2016-06-20-Aff-jeune-cr%C3%A9ation-3.jpg?w=1191 1191w, https:\/\/i0.wp.com\/electro-strasbourg.eu\/blog\/wp-content\/uploads\/2017\/06\/2016-06-20-Aff-jeune-cr%C3%A9ation-3.jpg?resize=212%2C300 212w, https:\/\/i0.wp.com\/electro-strasbourg.eu\/blog\/wp-content\/uploads\/2017\/06\/2016-06-20-Aff-jeune-cr%C3%A9ation-3.jpg?resize=768%2C1086 768w, https:\/\/i0.wp.com\/electro-strasbourg.eu\/blog\/wp-content\/uploads\/2017\/06\/2016-06-20-Aff-jeune-cr%C3%A9ation-3.jpg?resize=724%2C1024 724w, https:\/\/i0.wp.com\/electro-strasbourg.eu\/blog\/wp-content\/uploads\/2017\/06\/2016-06-20-Aff-jeune-cr%C3%A9ation-3.jpg?w=948 948w\" sizes=\"auto, (max-width: 120px) 100vw, 120px\" \/><\/a><\/p>\n<p style=\"padding-left: 30px;\">\n","protected":false},"excerpt":{"rendered":"<p>Ev\u00e9nements et projets : cr\u00e9ation\u00a0et interpr\u00e9tation \u00e9lectroacoustique \/ composition mixte 2016-2017 Ev\u00e9nements : Atelier d&rsquo;Acousmonium GRM, Musica 2016 &#8211; Salle de la Bourse (21-22 septembre) Un choix de compositeurs des classes de Cr\u00e9ation et Interpr\u00e9tation Electroacoustique et de Composition de l&rsquo;Acad\u00e9mie et Conservatoire de Musique vont confronter leur travail de composition\u00a0acousmatique\u00a0au c\u00e9l\u00e8bre Acousmonium du GRM &hellip; <a href=\"http:\/\/electro-strasbourg.eu\/blog\/events\/events-2016-2017\/\" class=\"more-link\">Continuer la lecture de <span class=\"screen-reader-text\">Events 2016-2017<\/span>  <span class=\"meta-nav\">&rarr;<\/span><\/a><\/p>\n","protected":false},"author":1,"featured_media":0,"parent":283,"menu_order":0,"comment_status":"closed","ping_status":"closed","template":"","meta":{"jetpack_post_was_ever_published":false,"footnotes":""},"class_list":["post-1316","page","type-page","status-publish","hentry"],"jetpack_shortlink":"https:\/\/wp.me\/P3WkX1-le","jetpack_sharing_enabled":true,"_links":{"self":[{"href":"http:\/\/electro-strasbourg.eu\/blog\/wp-json\/wp\/v2\/pages\/1316","targetHints":{"allow":["GET"]}}],"collection":[{"href":"http:\/\/electro-strasbourg.eu\/blog\/wp-json\/wp\/v2\/pages"}],"about":[{"href":"http:\/\/electro-strasbourg.eu\/blog\/wp-json\/wp\/v2\/types\/page"}],"author":[{"embeddable":true,"href":"http:\/\/electro-strasbourg.eu\/blog\/wp-json\/wp\/v2\/users\/1"}],"replies":[{"embeddable":true,"href":"http:\/\/electro-strasbourg.eu\/blog\/wp-json\/wp\/v2\/comments?post=1316"}],"version-history":[{"count":10,"href":"http:\/\/electro-strasbourg.eu\/blog\/wp-json\/wp\/v2\/pages\/1316\/revisions"}],"predecessor-version":[{"id":3863,"href":"http:\/\/electro-strasbourg.eu\/blog\/wp-json\/wp\/v2\/pages\/1316\/revisions\/3863"}],"up":[{"embeddable":true,"href":"http:\/\/electro-strasbourg.eu\/blog\/wp-json\/wp\/v2\/pages\/283"}],"wp:attachment":[{"href":"http:\/\/electro-strasbourg.eu\/blog\/wp-json\/wp\/v2\/media?parent=1316"}],"curies":[{"name":"wp","href":"https:\/\/api.w.org\/{rel}","templated":true}]}}