{"id":1132,"date":"2016-01-11T00:10:13","date_gmt":"2016-01-10T23:10:13","guid":{"rendered":"http:\/\/electro-strasbourg.eu\/blog\/?page_id=1132"},"modified":"2016-01-11T00:54:04","modified_gmt":"2016-01-10T23:54:04","slug":"etudes-doctorales-en-france","status":"publish","type":"page","link":"http:\/\/electro-strasbourg.eu\/blog\/ressources\/etudes-doctorales-en-france\/","title":{"rendered":"Etudes doctorales en France"},"content":{"rendered":"<p>Doctorats Recherche en composition\u00a0et technologie de l&rsquo;informatique musicale en France :<\/p>\n<ul>\n<li><a href=\"#IRC\">Universit\u00e9 Paris-Sorbonne | Sorbonne Universit\u00e9s | Universit\u00e9 Pierre et Marie Curie (UPMC) | Ircam<\/a><\/li>\n<\/ul>\n<ul>\n<li><a href=\"#CICM\">C I C M : Centre de recherche Informatique et Cr\u00e9ation Musicale, Paris 8<\/a><\/li>\n<\/ul>\n<ul>\n<li><a href=\"#GREAM\">Labex GREAM &#8211; l&rsquo;Universit\u00e9 de Strasbourg <\/a><\/li>\n<\/ul>\n<ul>\n<li><a href=\"#DIV\">Divers<\/a><br \/>\n<a href=\"http:\/\/ressources.campusfrance.org\/catalogues_recherche\/recherche\/fr\/rech_musicologie_fr.pdf\" target=\"_blank\">http:\/\/ressources.campusfrance.org\/catalogues_recherche\/recherche\/fr\/rech_musicologie_fr.pdf<\/a>)<\/li>\n<\/ul>\n<p>&nbsp;<\/p>\n<p><strong><a id=\"IRC\"><\/a>Universit\u00e9 Paris-Sorbonne | Sorbonne Universit\u00e9s | Universit\u00e9 Pierre et Marie Curie (UPMC) | Ircam<\/strong><\/p>\n<p style=\"padding-left: 30px;\"><a href=\"http:\/\/www.ircam.fr\/1157.html\" target=\"_blank\">http:\/\/www.ircam.fr\/1157.html<\/a><\/p>\n<blockquote>\n<p class=\"bodytext\" style=\"padding-left: 30px;\">Le Doctorat de musique : recherche en composition est organis\u00e9 en collaboration par l&rsquo;Universit\u00e9 Paris-Sorbonne, l&rsquo;Universit\u00e9 Pierre et Marie Curie (UPMC) et l&rsquo;Ircam. Il s&rsquo;adresse \u00e0 des compositeurs de haut niveau, titulaires d&rsquo;un master (ou d&rsquo;un dipl\u00f4me \u00e9quivalent accompagn\u00e9 d&rsquo;une exp\u00e9rience significative en composition), proposant notamment des projets int\u00e9grant une\u00a0 dimension technologique dans le travail de composition et d\u00e9sireux de poursuivre une double formation de compositeurs et de chercheurs. Le dipl\u00f4me r\u00e9compense une double comp\u00e9tence de compositeurs, dont attestent les travaux de fin d&rsquo;\u00e9tudes, et de chercheur, mat\u00e9rialis\u00e9e par la soutenance d&rsquo;une th\u00e8se.<\/p>\n<p class=\"bodytext\" style=\"padding-left: 30px;\">La formation doctorale est assur\u00e9e conjointement par les trois \u00e9tablissements\u00a0; elle comprend des cours doctoraux et des s\u00e9minaires conjoints, d\u00e9livr\u00e9s par l&rsquo;Universit\u00e9 Paris-Sorbonne, l&rsquo;UPMC et l&rsquo;Ircam. La d\u00e9livrance du dipl\u00f4me, de m\u00eame, repose sur la production de travaux de cr\u00e9ation (dont le programme doit \u00eatre en rapport avec le projet de recherche) et d&rsquo;autre part la soutenance de la th\u00e8se doctorale, devant des jurys communs aux \u00e9tablissements partenaires.<\/p>\n<\/blockquote>\n<hr \/>\n<p><strong><a id=\"CICM\"><\/a>C I C M : Centre de recherche Informatique et Cr\u00e9ation Musicale<\/strong><\/p>\n<p style=\"padding-left: 30px;\"><a href=\"http:\/\/cicm.mshparisnord.org\" target=\"_blank\">http:\/\/cicm.mshparisnord.org<\/a><\/p>\n<blockquote>\n<p style=\"padding-left: 30px;\">Le CICM est une \u00e9quipe bi-localis\u00e9e entre l&rsquo;<a href=\"http:\/\/www-artweb.univ-paris8.fr\/spip.php?rubrique336\" target=\"_blank\">Universit\u00e9 Paris VIII<\/a>\u00a0et la\u00a0<a href=\"http:\/\/www.mshparisnord.org\/\" target=\"_blank\">Maison des Sciences de l&rsquo;Homme Paris Nord<\/a>. Le CICM est rattach\u00e9 \u00e0 l&rsquo;<a href=\"http:\/\/www.musique.univ-paris8.fr\/\" target=\"_blank\">\u00e9quipe d&rsquo;accueil MUSIDANSE n\u00b0 1572 \u00ab\u00a0Esth\u00e9tique, musicologie et cr\u00e9ations musicales\u00a0\u00bb<\/a>,\u00a0<a href=\"http:\/\/www.edesta.univ-paris8.fr\/\">Ecole Doctorale \u00ab\u00a0Esth\u00e9tique, Sciences et Technologies des Arts\u00a0\u00bb<\/a>\u00a0de l&rsquo;<a href=\"http:\/\/www-artweb.univ-paris8.fr\/spip.php?rubrique336\" target=\"_blank\">Universit\u00e9 de Paris VIII<\/a>.<\/p>\n<p style=\"padding-left: 30px;\">Le CICM constitue la structure fondamentale d&rsquo;accueil et de support des travaux de troisi\u00e8me cycle (doctorat) orient\u00e9s vers les nouvelles technologies, dans la discipline Musique\/Musicologie.<\/p>\n<p style=\"padding-left: 30px;\">Domaines de recherche\u00a0:<br \/>\n&#8211; Informatique musicale,<br \/>\n&#8211; Composition musicale assist\u00e9e par ordinateur,<br \/>\n&#8211; Techniques num\u00e9riques d&rsquo;\u00e9criture et d&rsquo;analyse musicale,<br \/>\n&#8211; Analyse, synth\u00e8se et traitement num\u00e9rique du son,<br \/>\n&#8211; Production d&rsquo;oeuvres,<br \/>\n&#8211; Ecriture de logiciels sp\u00e9cialis\u00e9s,<br \/>\n&#8211; Questions d&rsquo;\u00e9pist\u00e9mologie de la cr\u00e9ation musicale contemporaine, notamment li\u00e9es \u00e0 l&rsquo;utilisation des nouvelles technologies,<br \/>\n&#8211; Espaces sonores, spatialisation, visualisation, sonification, arts interactifs, environnements virtuels.<\/p>\n<\/blockquote>\n<hr \/>\n<p>&nbsp;<\/p>\n<p><strong><a id=\"GREAM\"><\/a>Labex GREAM &#8211; l&rsquo;Universit\u00e9 de Strasbourg<\/strong><\/p>\n<p style=\"padding-left: 30px;\"><a href=\"http:\/\/gream.unistra.fr\/le-gream\/\" target=\"_blank\">http:\/\/gream.unistra.fr\/le-gream\/<\/a><\/p>\n<blockquote>\n<p style=\"padding-left: 30px;\">Le projet scientifique du GREAM, Groupe de Recherches Exp\u00e9rimentales sur l\u2019Acte Musical, est fond\u00e9 sur l\u2019id\u00e9e de\u00a0<strong>penser la musique comme un acte<\/strong>\u00a0qui se r\u00e9alise dans une dimension publique, intersubjective et sociale, et dont les propri\u00e9t\u00e9s sont reconnues \u00e0 la lumi\u00e8re de comp\u00e9tences techniques et symboliques relatives \u00e0 des contextes culturels sp\u00e9cifiques. Cette perspective entend s\u2019inscrire dans le propos, propre \u00e0 la recherche musicologique des derni\u00e8res d\u00e9cennies, d\u2019\u00e9largir le cadre de la r\u00e9flexion des patrimoines de la musique \u00e9crite \u00e0 une plus vaste galaxie comprenant les traditions orales, les pratiques improvis\u00e9es, les musiques populaires et les cr\u00e9ations phonographiques, parfois strictement li\u00e9es \u00e0 une dimension multim\u00e9dia.<\/p>\n<h3 style=\"padding-left: 30px;\">Un tel objet d\u2019\u00e9tude mobilise de multiples approches compl\u00e9mentaires\u00a0:<\/h3>\n<\/blockquote>\n<ul>\n<li style=\"padding-left: 30px;\">\n<blockquote><p>l&rsquo;analyse des syst\u00e8mes de repr\u00e9sentation ou d\u2019organisation de l\u2019acte performatif, visant une meilleure d\u00e9finition du r\u00f4le que ce dernier assume dans les pratiques li\u00e9es aux diff\u00e9rents genres de musique\u00a0;<\/p><\/blockquote>\n<\/li>\n<li style=\"padding-left: 30px;\">\n<blockquote><p>l&rsquo;approfondissement des th\u00e9matiques li\u00e9es \u00e0 l&rsquo;enregistrement, et notamment la modification du statut ontologique des\u00a0\u0153uvres musicales par les techniques d&rsquo;enregistrement audio ;<\/p><\/blockquote>\n<\/li>\n<li style=\"padding-left: 30px;\">\n<blockquote><p>l\u2019examen des po\u00e9tiques et des \u00e9crits des compositeurs et des musiciens au regard des probl\u00e9matiques que les \u0153uvres posent aux interpr\u00e8tes et aux auditeurs\u00a0;<\/p><\/blockquote>\n<\/li>\n<li style=\"padding-left: 30px;\">\n<blockquote><p>l\u2019\u00e9tude des diff\u00e9rentes situations performatives relatives aux traditions orales, \u00e9crites et phonographiques ;<\/p><\/blockquote>\n<\/li>\n<li style=\"padding-left: 30px;\">\n<blockquote><p>la mod\u00e9lisation math\u00e9matique, informatique et cognitive du ph\u00e9nom\u00e8ne musical ;<\/p><\/blockquote>\n<\/li>\n<\/ul>\n<blockquote>\n<ul>\n<li style=\"padding-left: 30px;\">la question de l&rsquo;instrumental (orchestres, nouvelles lutheries, etc.) et du geste musical.<\/li>\n<\/ul>\n<\/blockquote>\n<hr \/>\n<p><a id=\"DIV\"><\/a>Divers<\/p>\n<p>voir\u00a0:\u00a0<a href=\"http:\/\/ressources.campusfrance.org\/catalogues_recherche\/recherche\/fr\/rech_musicologie_fr.pdf\" target=\"_blank\">http:\/\/ressources.campusfrance.org\/catalogues_recherche\/recherche\/fr\/rech_musicologie_fr.pdf<\/a><\/p>\n<div class=\"page\" title=\"Page 2\">\n<div class=\"section\">\n<div class=\"layoutArea\">\n<div class=\"column\">\n<p style=\"padding-left: 30px;\"><strong>Universit\u00e9 Paris-Sorbonne (Paris 4)<\/strong><br \/>\nOMF : Observatoire Musical Fran\u00e7ais (EA 206)<br \/>\n<a href=\"http:\/\/www.omf.paris-sorbonne.fr\" target=\"_blank\">http:\/\/www.omf.paris-sorbonne.fr<\/a><\/p>\n<p style=\"padding-left: 30px;\">Cette \u00e9quipe s&rsquo;int\u00e9resse \u00e0 l&rsquo;ensemble des domaines de la musicolo- gie, \u00e9tudi\u00e9 entre le entre le XIXe si\u00e8cle et la p\u00e9riode contemporaine \u2013 jazz, chanson et musiques populaires, informatique et nouvelles technologies, musique et arts plastiques, musique et soci\u00e9t\u00e9, ensei- gnement et cognition, langues musicologiques \u2013 dans leurs dimen- sions esth\u00e9tiques et th\u00e9oriques.<\/p>\n<p style=\"padding-left: 30px;\">\n<\/div>\n<div class=\"page\" title=\"Page 2\">\n<div class=\"section\">\n<div class=\"layoutArea\">\n<div class=\"column\">\n<p style=\"padding-left: 30px;\"><strong>Universit\u00e9 Pierre et Marie Curie (Paris 7)<\/strong><br \/>\nInstitut Jean Le Rond d&rsquo;Alembert (UMR 7190)<br \/>\n<a href=\"http:\/\/www.dalembert.upmc.fr\/ijlrda\/\" target=\"_blank\">http:\/\/www.dalembert.upmc.fr\/ijlrda\/<\/a><\/p>\n<p style=\"padding-left: 30px;\">L\u2019\u00e9quipe \u00ab Lutheries \u2013 Acoustique \u2013 Musique \u00bb (LAM) de l\u2019Institut traite du son et de la musique en tant qu\u2019objets culturels, abord\u00e9s du double point de vue des sciences de l\u2019ing\u00e9nieur (physique, acoustique, traitement du signal) et des sciences humaines (psychologie cognitive, linguistique).<\/p>\n<p style=\"padding-left: 30px;\">\u00c9cole Doctorale \u00ab Sciences m\u00e9caniques, acoustique et \u00e9lectronique de Paris \u00bb (ED 391) <a href=\"http:\/\/www.ed391.upmc.fr\" target=\"_blank\">http:\/\/www.ed391.upmc.fr<\/a><\/p>\n<p style=\"padding-left: 30px;\">\n<\/div>\n<\/div>\n<\/div>\n<\/div>\n<div class=\"page\" title=\"Page 2\">\n<div class=\"section\">\n<div class=\"layoutArea\">\n<div class=\"column\" style=\"padding-left: 30px;\"><strong>Universit\u00e9 Paris 8 Saint-Denis<\/strong><br \/>\nEsth\u00e9tique, musicologie et cr\u00e9ation musicale (EA 1572)<a href=\"http:\/\/www.univ-paris8.fr\" target=\"_blank\">http:\/\/www.univ-paris8.fr<\/a>&gt;Recherche&gt;Les \u00e9quipes de recherche&gt;Les \u00e9quipes d\u2019accueil (EA)<br \/>\nCette \u00e9quipe m\u00e8ne une activit\u00e9 de recherche qui \u00e9tudie la cr\u00e9ation musicale et la r\u00e9flexion sur la cr\u00e9ation, mais aussi la compr\u00e9hension des \u0153uvres musicales et des processus musicaux, la relation entre la musique et les autres secteurs artistiques.<\/div>\n<div class=\"column\" style=\"padding-left: 30px;\"><\/div>\n<div class=\"page\" title=\"Page 2\">\n<div class=\"section\">\n<div class=\"layoutArea\">\n<div class=\"column\" style=\"padding-left: 30px;\">\n<p>\u00c9cole Doctorale \u00ab Esth\u00e9tique, sciences et technologies des arts \u00bb (ED 159) http:\/\/www-edesta.univ-paris8.fr<\/p>\n<\/div>\n<\/div>\n<\/div>\n<\/div>\n<\/div>\n<\/div>\n<\/div>\n<\/div>\n<\/div>\n<\/div>\n","protected":false},"excerpt":{"rendered":"<p>Doctorats Recherche en composition\u00a0et technologie de l&rsquo;informatique musicale en France : Universit\u00e9 Paris-Sorbonne | Sorbonne Universit\u00e9s | Universit\u00e9 Pierre et Marie Curie (UPMC) | Ircam C I C M : Centre de recherche Informatique et Cr\u00e9ation Musicale, Paris 8 Labex GREAM &#8211; l&rsquo;Universit\u00e9 de Strasbourg Divers http:\/\/ressources.campusfrance.org\/catalogues_recherche\/recherche\/fr\/rech_musicologie_fr.pdf) &nbsp; Universit\u00e9 Paris-Sorbonne | Sorbonne Universit\u00e9s | Universit\u00e9 &hellip; <a href=\"http:\/\/electro-strasbourg.eu\/blog\/ressources\/etudes-doctorales-en-france\/\" class=\"more-link\">Continuer la lecture de <span class=\"screen-reader-text\">Etudes doctorales en France<\/span>  <span class=\"meta-nav\">&rarr;<\/span><\/a><\/p>\n","protected":false},"author":1,"featured_media":0,"parent":920,"menu_order":0,"comment_status":"closed","ping_status":"closed","template":"","meta":{"jetpack_post_was_ever_published":false,"footnotes":""},"class_list":["post-1132","page","type-page","status-publish","hentry"],"jetpack_shortlink":"https:\/\/wp.me\/P3WkX1-ig","jetpack_sharing_enabled":true,"_links":{"self":[{"href":"http:\/\/electro-strasbourg.eu\/blog\/wp-json\/wp\/v2\/pages\/1132","targetHints":{"allow":["GET"]}}],"collection":[{"href":"http:\/\/electro-strasbourg.eu\/blog\/wp-json\/wp\/v2\/pages"}],"about":[{"href":"http:\/\/electro-strasbourg.eu\/blog\/wp-json\/wp\/v2\/types\/page"}],"author":[{"embeddable":true,"href":"http:\/\/electro-strasbourg.eu\/blog\/wp-json\/wp\/v2\/users\/1"}],"replies":[{"embeddable":true,"href":"http:\/\/electro-strasbourg.eu\/blog\/wp-json\/wp\/v2\/comments?post=1132"}],"version-history":[{"count":7,"href":"http:\/\/electro-strasbourg.eu\/blog\/wp-json\/wp\/v2\/pages\/1132\/revisions"}],"predecessor-version":[{"id":1141,"href":"http:\/\/electro-strasbourg.eu\/blog\/wp-json\/wp\/v2\/pages\/1132\/revisions\/1141"}],"up":[{"embeddable":true,"href":"http:\/\/electro-strasbourg.eu\/blog\/wp-json\/wp\/v2\/pages\/920"}],"wp:attachment":[{"href":"http:\/\/electro-strasbourg.eu\/blog\/wp-json\/wp\/v2\/media?parent=1132"}],"curies":[{"name":"wp","href":"https:\/\/api.w.org\/{rel}","templated":true}]}}