{"id":1023,"date":"2015-11-03T21:51:27","date_gmt":"2015-11-03T20:51:27","guid":{"rendered":"http:\/\/electro-strasbourg.eu\/blog\/?page_id=1023"},"modified":"2017-08-17T19:46:33","modified_gmt":"2017-08-17T17:46:33","slug":"acoustique-et-prise-de-sons-ressources","status":"publish","type":"page","link":"http:\/\/electro-strasbourg.eu\/blog\/ressources\/acoustique-et-prise-de-sons-ressources\/","title":{"rendered":"Acoustique et Prise de Sons &#8211; ressources"},"content":{"rendered":"<h1>Infos de base &#8211; le son et la cha\u00eene \u00e9lectroacoustique<\/h1>\n<p>&nbsp;<\/p>\n<hr \/>\n<h4>Acoustique et Prise de Sons \u2013 liens vers un tr\u00e8s bon site de l&rsquo;ing\u00e9nieur son <a href=\"http:\/\/voyard.free.fr\/Plan.htm\" target=\"_blank\" rel=\"noopener\">Pierre Voyard<\/a><\/h4>\n<ul>\n<li style=\"padding-left: 30px;\"><a href=\"http:\/\/voyard.free.fr\/textes_audio\/dangers.htm\" target=\"_blank\" rel=\"noopener\">Les oreilles, Danger !<\/a><\/li>\n<li style=\"padding-left: 30px;\"><a href=\"http:\/\/voyard.free.fr\/textes_audio\/sym_asym\/sym_asym.htm\" target=\"_blank\" rel=\"noopener\">Sym\u00e9trique\/Asym\u00e9trique<\/a><\/li>\n<li style=\"padding-left: 30px;\"><a href=\"http:\/\/voyard.free.fr\/textes_audio\/modulation.htm\" target=\"_blank\" rel=\"noopener\">Modulation et Niveaux<\/a><\/li>\n<li style=\"padding-left: 30px;\"><a href=\"http:\/\/voyard.free.fr\/textes_audio\/le_microphone.htm\" target=\"_blank\" rel=\"noopener\">Les Microphones<\/a><\/li>\n<li style=\"padding-left: 30px;\"><a href=\"http:\/\/voyard.free.fr\/textes_audio\/pds_stereo.htm\">Prise de son St\u00e9r\u00e9ophonique<\/a><\/li>\n<li style=\"padding-left: 30px;\"><a href=\"http:\/\/voyard.free.fr\/textes_audio\/multi-micro.htm\" target=\"_blank\" rel=\"noopener\">Prise de son multi micros<\/a><\/li>\n<li style=\"padding-left: 30px;\"><a href=\"http:\/\/voyard.free.fr\/textes_audio\/SON_LIVE.pdf\" target=\"_blank\" rel=\"noopener\">Le SON Live (la sonorisation de concerts)<\/a><\/li>\n<li style=\"padding-left: 30px;\"><a href=\"http:\/\/voyard.free.fr\/textes_audio\/prise_de_son_1.htm\" target=\"_blank\" rel=\"noopener\">Cas particuliers de prise de sons<\/a><\/li>\n<li style=\"padding-left: 30px;\"><a href=\"http:\/\/voyard.free.fr\/textes_audio\/la_voix.htm\" target=\"_blank\" rel=\"noopener\">Reconna\u00eetre sa voix<\/a><\/li>\n<li style=\"padding-left: 30px;\"><a href=\"http:\/\/voyard.free.fr\/textes_audio\/bruitage.htm\" target=\"_blank\" rel=\"noopener\">Le Bruitage<\/a><\/li>\n<li style=\"padding-left: 30px;\"><a href=\"http:\/\/voyard.free.fr\/textes_audio\/juste_courroux.htm\" target=\"_blank\" rel=\"noopener\">Le juste courroux<\/a><\/li>\n<li style=\"padding-left: 30px;\"><a href=\"http:\/\/voyard.free.fr\/textes_audio\/num_&amp;_hifi.htm\" target=\"_blank\" rel=\"noopener\">Num\u00e9rique et HI-FI<\/a><\/li>\n<li style=\"padding-left: 30px;\"><a href=\"http:\/\/voyard.free.fr\/textes_audio\/num_&amp;_progres.htm\" target=\"_blank\" rel=\"noopener\">Num\u00e9rique et progr\u00e8s<\/a><\/li>\n<li style=\"padding-left: 30px;\"><a href=\"http:\/\/voyard.free.fr\/textes_audio\/quelle_fidelite.htm\" target=\"_blank\" rel=\"noopener\">Sons et d\u00e9gradations<\/a><\/li>\n<li style=\"padding-left: 30px;\"><a href=\"http:\/\/voyard.free.fr\/textes_audio\/mots_du_son\/degrad_calc_num.htm\" target=\"_blank\" rel=\"noopener\">Calculs num\u00e9riques et d\u00e9gradations du signal<\/a><\/li>\n<li style=\"padding-left: 30px;\"><a href=\"http:\/\/voyard.free.fr\/textes_audio\/mots_du_son\/p_d_s_exterieure.htm\" target=\"_blank\" rel=\"noopener\">Prise de son ext\u00e9rieure<\/a><\/li>\n<li style=\"padding-left: 30px;\"><a href=\"http:\/\/voyard.free.fr\/textes_audio\/mots_du_son\/normaliser.htm\" target=\"_blank\" rel=\"noopener\">Normalisation<\/a><\/li>\n<li style=\"padding-left: 30px;\"><a href=\"http:\/\/voyard.free.fr\/textes_audio\/mots_du_son\/menu_calmel.htm\" target=\"_blank\" rel=\"noopener\">DRT de A. Calmel sur le Mixage et le pre Mastering<\/a><\/li>\n<li style=\"padding-left: 30px;\"><a href=\"http:\/\/voyard.free.fr\/textes_audio\/mots_du_son\/edirol_R-1.htm\" target=\"_blank\" rel=\"noopener\">Essai du R-1 d&rsquo;Edirol<\/a><\/li>\n<\/ul>\n<hr \/>\n<h4>\u00a0Site \u00ab\u00a0Techniques du son\u00a0\u00bb de\u00a0Didier Pietquin<\/h4>\n<p><a href=\"http:\/\/www.techniquesduson.com\" target=\"_blank\" rel=\"noopener\">http:\/\/www.techniquesduson.com<\/a><\/p>\n<p style=\"padding-left: 30px;\">articles :\u00a0<a href=\"http:\/\/www.techniquesduson.com\/articles.html\" target=\"_blank\" rel=\"noopener\">http:\/\/www.techniquesduson.com\/articles.html<\/a><\/p>\n<p style=\"padding-left: 30px;\">pdf&rsquo;s \u00e0 t\u00e9l\u00e9charger :\u00a0<a href=\"http:\/\/www.techniquesduson.com\/telechargements.html\" target=\"_blank\" rel=\"noopener\">http:\/\/www.techniquesduson.com\/telechargements.html<\/a><\/p>\n<p>&nbsp;<\/p>\n","protected":false},"excerpt":{"rendered":"<p>Infos de base &#8211; le son et la cha\u00eene \u00e9lectroacoustique &nbsp; Acoustique et Prise de Sons \u2013 liens vers un tr\u00e8s bon site de l&rsquo;ing\u00e9nieur son Pierre Voyard Les oreilles, Danger ! Sym\u00e9trique\/Asym\u00e9trique Modulation et Niveaux Les Microphones Prise de son St\u00e9r\u00e9ophonique Prise de son multi micros Le SON Live (la sonorisation de concerts) Cas &hellip; <a href=\"http:\/\/electro-strasbourg.eu\/blog\/ressources\/acoustique-et-prise-de-sons-ressources\/\" class=\"more-link\">Continuer la lecture de <span class=\"screen-reader-text\">Acoustique et Prise de Sons &#8211; ressources<\/span>  <span class=\"meta-nav\">&rarr;<\/span><\/a><\/p>\n","protected":false},"author":1,"featured_media":0,"parent":920,"menu_order":0,"comment_status":"closed","ping_status":"closed","template":"","meta":{"jetpack_post_was_ever_published":false,"footnotes":""},"class_list":["post-1023","page","type-page","status-publish","hentry"],"jetpack_shortlink":"https:\/\/wp.me\/P3WkX1-gv","jetpack_sharing_enabled":true,"_links":{"self":[{"href":"http:\/\/electro-strasbourg.eu\/blog\/wp-json\/wp\/v2\/pages\/1023","targetHints":{"allow":["GET"]}}],"collection":[{"href":"http:\/\/electro-strasbourg.eu\/blog\/wp-json\/wp\/v2\/pages"}],"about":[{"href":"http:\/\/electro-strasbourg.eu\/blog\/wp-json\/wp\/v2\/types\/page"}],"author":[{"embeddable":true,"href":"http:\/\/electro-strasbourg.eu\/blog\/wp-json\/wp\/v2\/users\/1"}],"replies":[{"embeddable":true,"href":"http:\/\/electro-strasbourg.eu\/blog\/wp-json\/wp\/v2\/comments?post=1023"}],"version-history":[{"count":5,"href":"http:\/\/electro-strasbourg.eu\/blog\/wp-json\/wp\/v2\/pages\/1023\/revisions"}],"predecessor-version":[{"id":2155,"href":"http:\/\/electro-strasbourg.eu\/blog\/wp-json\/wp\/v2\/pages\/1023\/revisions\/2155"}],"up":[{"embeddable":true,"href":"http:\/\/electro-strasbourg.eu\/blog\/wp-json\/wp\/v2\/pages\/920"}],"wp:attachment":[{"href":"http:\/\/electro-strasbourg.eu\/blog\/wp-json\/wp\/v2\/media?parent=1023"}],"curies":[{"name":"wp","href":"https:\/\/api.w.org\/{rel}","templated":true}]}}